{"id":118,"date":"2022-10-03T13:35:48","date_gmt":"2022-10-03T12:35:48","guid":{"rendered":"http:\/\/fortprocess.co.uk\/seznamovaci-stranky-pro-dospele\/"},"modified":"2022-10-03T14:05:18","modified_gmt":"2022-10-03T13:05:18","slug":"seznamovaci-stranky-pro-dospele","status":"publish","type":"page","link":"https:\/\/fortprocess.co.uk\/cs\/seznamovaci-stranky-pro-dospele\/","title":{"rendered":"Seznamovac\u00ed str\u00e1nky pro dosp\u011bl\u00e9"},"content":{"rendered":"<p>Existuje n\u011bkolik v\u011bc\u00ed, kter\u00e9 je t\u0159eba m\u00edt na pam\u011bti p\u0159i pou\u017e\u00edv\u00e1n\u00ed seznamovac\u00edch web\u016f pro dosp\u011bl\u00e9. Nejprve si ujasn\u011bte, co hled\u00e1te. Seznamovac\u00ed weby pro dosp\u011bl\u00e9 jsou pln\u00e9 lid\u00ed, kte\u0159\u00ed hledaj\u00ed r\u016fzn\u00e9 v\u011bci, tak\u017ee bu\u010fte konkr\u00e9tn\u00ed o tom, co hled\u00e1te, abyste se vyhnuli nedorozum\u011bn\u00edm. Za druh\u00e9, nebojte se b\u00fdt p\u0159edem o sv\u00fdch z\u00e1m\u011brech. Zral\u00e9 seznamovac\u00ed str\u00e1nky jsou pln\u00e9 lid\u00ed, kte\u0159\u00ed jsou otev\u0159en\u00ed a up\u0159\u00edmn\u00ed o sv\u00fdch touh\u00e1ch, tak\u017ee se nebojte d\u00e1t jim v\u011bd\u011bt, co hled\u00e1te. Nakonec si ud\u011blejte \u010das a u\u017eijte si proces. Seznamovac\u00ed str\u00e1nky pro dosp\u011bl\u00e9 mohou b\u00fdt skv\u011bl\u00fdm zp\u016fsobem, jak se setkat s nov\u00fdmi lidmi a pobavit se, tak\u017ee si ud\u011blejte \u010das a u\u017eijte si z\u00e1\u017eitek.<\/p>\n<h2>Seznamka pro dosp\u011bl\u00e9 \u017eeny<\/h2>\n<p>Existuje mnoho seznamovac\u00edch web\u016f, kter\u00e9 se staraj\u00ed o r\u016fzn\u00e9 v\u011bkov\u00e9 skupiny, v\u010detn\u011b zral\u00fdch \u017een. N\u011bkter\u00e9 str\u00e1nky jsou zam\u011b\u0159eny speci\u00e1ln\u011b na zral\u00e9 \u017eeny, zat\u00edmco jin\u00e9 jsou obecn\u011bj\u0161\u00ed. Existuj\u00ed tak\u00e9 str\u00e1nky, kter\u00e9 uspokojuj\u00ed specifick\u00e9 z\u00e1jmy, jako jsou ty, kter\u00e9 se zam\u011b\u0159uj\u00ed na datov\u00e1n\u00ed pro \u010dern\u00e9 \u017eeny nebo ty, kter\u00e9 se staraj\u00ed o k\u0159es\u0165ansk\u00e9 singly. P\u0159i v\u00fdb\u011bru seznamky pro zral\u00e9 \u017eeny je d\u016fle\u017eit\u00e9 zv\u00e1\u017eit, co hled\u00e1te v partnerovi. M\u00e1te z\u00e1jem o dlouhodob\u00fd vztah nebo p\u0159\u00edle\u017eitostn\u00fd flirt? Jak\u00e9 jsou va\u0161e rozb\u00edje\u010de obchod\u016f? Jakmile v\u00edte, co hled\u00e1te, m\u016f\u017eete z\u00fa\u017eit sv\u00e9 vyhled\u00e1v\u00e1n\u00ed a naj\u00edt perfektn\u00ed m\u00edsto pro v\u00e1s.<\/p>\n<h2>Seznamte se se star\u0161\u00edmi \u017eenami na sex<\/h2>\n<p>Existuje mnoho zp\u016fsob\u016f, jak se setkat se star\u0161\u00edmi \u017eenami pro sex, ale n\u011bkter\u00e9 jsou \u00fa\u010dinn\u011bj\u0161\u00ed ne\u017e jin\u00e9. Jedn\u00edm ze zp\u016fsob\u016f, jak se s nimi setkat, je j\u00edt na m\u00edsta, kde se pravd\u011bpodobn\u011b shrom\u00e1\u017ed\u00ed, jako jsou bary nebo kluby. Dal\u0161\u00edm zp\u016fsobem je pou\u017eit\u00ed online seznamovac\u00edch web\u016f, kter\u00e9 jsou speci\u00e1ln\u011b navr\u017eeny pro lidi, aby se setkali a chodili. Nej\u00fa\u010dinn\u011bj\u0161\u00edm zp\u016fsobem, jak se setkat se star\u0161\u00edmi \u017eenami na sex, je v\u0161ak pou\u017e\u00edt profesion\u00e1ln\u00ed slu\u017ebu dohazov\u00e1n\u00ed. T\u00edmto zp\u016fsobem si m\u016f\u017eete b\u00fdt jisti, \u017ee se setk\u00e1v\u00e1te se star\u0161\u00edmi \u017eenami, kter\u00e9 se zaj\u00edmaj\u00ed o sex a kter\u00e9 jsou s v\u00e1mi tak\u00e9 kompatibiln\u00ed.<\/p>\n<p>Existuje spousta seznamovac\u00edch str\u00e1nek, kter\u00e9 se staraj\u00ed o r\u016fzn\u00e9 v\u011bkov\u00e9 skupiny, ale n\u011bkdy m\u016f\u017ee b\u00fdt t\u011b\u017ek\u00e9 naj\u00edt ten, kter\u00fd se konkr\u00e9tn\u011b star\u00e1 o star\u0161\u00ed \u017eeny. Na\u0161t\u011bst\u00ed existuj\u00ed n\u011bkter\u00e9 skv\u011bl\u00e9 mo\u017enosti speci\u00e1ln\u011b pro star\u0161\u00ed \u017eeny, kter\u00e9 hledaj\u00ed l\u00e1sku. OurTime je popul\u00e1rn\u00ed seznamka pro dosp\u011bl\u00e9 nezadan\u00e9 nad 50 let, s jednoduch\u00fdm rozhran\u00edm a spoustou skv\u011bl\u00fdch funkc\u00ed, kter\u00e9 v\u00e1m pomohou naj\u00edt perfektn\u00ed prot\u011bj\u0161ek. Dal\u0161\u00ed mo\u017enost\u00ed je SilverSingles, kter\u00e1 se konkr\u00e9tn\u011b star\u00e1 o zral\u00e9 nezadan\u00e9 nad 50 let se zam\u011b\u0159en\u00edm na pomoc p\u0159i hled\u00e1n\u00ed dlouhodob\u00fdch vztah\u016f. Oba tyto weby maj\u00ed bezplatn\u00e9 a placen\u00e9 mo\u017enosti, tak\u017ee si m\u016f\u017eete vyzkou\u0161et ka\u017ed\u00fd z nich a zjistit, kter\u00fd z nich v\u00e1m nejl\u00e9pe vyhovuje. Bez ohledu na to, jak\u00fd web si vyberete, nezapome\u0148te v\u011bnovat n\u011bjak\u00fd \u010das vypln\u011bn\u00ed sv\u00e9ho profilu a nahr\u00e1t n\u011bjak\u00e9 dobr\u00e9 obr\u00e1zky, abyste p\u0159il\u00e1kali potenci\u00e1ln\u00ed z\u00e1pasy. S trochou \u00fasil\u00ed byste m\u011bli b\u00fdt schopni naj\u00edt n\u011bkter\u00e9 skv\u011bl\u00e9 shody na kter\u00e9mkoli z t\u011bchto web\u016f.<\/p>\n<h3>Passion.com<\/h3>\n<p>Pokud hled\u00e1te seznamku pro dosp\u011bl\u00e9, kter\u00e1 v\u00e1m pom\u016f\u017ee naj\u00edt v\u00e1\u0161niv\u00e9 a kompatibiln\u00ed partnery, nehledejte nic jin\u00e9ho ne\u017e Passion.com. D\u00edky rozs\u00e1hl\u00e9 datab\u00e1zi \u010dlen\u016f, v\u00fdkonn\u00fdm vyhled\u00e1vac\u00edm n\u00e1stroj\u016fm a u\u017eivatelsky p\u0159\u00edv\u011btiv\u00e9mu rozhran\u00ed Passion.com usnad\u0148uje nalezen\u00ed n\u011bkoho, kdo sd\u00edl\u00ed va\u0161e z\u00e1jmy a touhy. Zat\u00edmco web nab\u00edz\u00ed n\u011bkter\u00e9 skv\u011bl\u00e9 funkce, jeho nedostatek bezpe\u010dnostn\u00edch prvk\u016f a z\u00e1kaznick\u00e1 podpora zt\u011b\u017euj\u00ed doporu\u010den\u00ed ka\u017ed\u00e9mu, kdo hled\u00e1 v\u00e1\u017en\u00fd vztah.<\/p>\n<h3>OnlyFlings<\/h3>\n<p>Pokud hled\u00e1te zralou seznamku, kter\u00e1 se star\u00e1 pouze o u\u017eivatele seznamovac\u00edch aplikac\u00ed, pak se budete cht\u00edt pod\u00edvat na OnlyFlings. Tato aplikace je navr\u017eena speci\u00e1ln\u011b pro lidi, kte\u0159\u00ed hledaj\u00ed flirty, p\u0159ipojen\u00ed a p\u0159\u00edle\u017eitostn\u00e1 setk\u00e1n\u00ed. Aplikace se snadno pou\u017e\u00edv\u00e1 a m\u00e1 mnoho funkc\u00ed, d\u00edky nim\u017e je skv\u011blou volbou pro dosp\u011bl\u00e9 u\u017eivatele seznamovac\u00edch str\u00e1nek. Aplikace m\u00e1 velkou u\u017eivatelskou z\u00e1kladnu, tak\u017ee nebudete m\u00edt probl\u00e9m naj\u00edt n\u011bkoho, s k\u00fdm se m\u016f\u017eete spojit. Aplikace je tak\u00e9 velmi cenov\u011b dostupn\u00e1, tak\u017ee nebudete muset utr\u00e1cet spoustu pen\u011bz, abyste ji mohli pou\u017e\u00edvat. Celkov\u011b je OnlyFlings skv\u011blou volbou pro dosp\u011bl\u00e9 u\u017eivatele seznamovac\u00edch str\u00e1nek, kte\u0159\u00ed hledaj\u00ed fling nebo p\u0159ipojen\u00ed.<\/p>\n<h3>NaughtyDate<\/h3>\n<p>NaughtyDate je seznamovac\u00ed aplikace ur\u010den\u00e1 pro lidi, kte\u0159\u00ed hledaj\u00ed zral\u00e9, dosp\u011bl\u00e9 vztahy. M\u00e1 4hv\u011bzdi\u010dkov\u00e9 hodnocen\u00ed v App Store a 3,5hv\u011bzdi\u010dkov\u00e9 hodnocen\u00ed na Google Play. Aplikace je zdarma ke sta\u017een\u00ed a pou\u017eit\u00ed, ale m\u016f\u017eete upgradovat na pr\u00e9miov\u00e9 \u010dlenstv\u00ed za $ 9.99 \/ m\u011bs\u00edc. Pr\u00e9miov\u00ed \u010dlenov\u00e9 z\u00edskaj\u00ed p\u0159\u00edstup k pokro\u010dil\u00fdm vyhled\u00e1vac\u00edm filtr\u016fm, neomezen\u00e9mu zas\u00edl\u00e1n\u00ed zpr\u00e1v a dal\u0161\u00edm funkc\u00edm.<\/p>\n<p>NaughtyDate je skv\u011bl\u00e1 volba pro lidi, kte\u0159\u00ed hledaj\u00ed zral\u00e9, dosp\u011bl\u00e9 vztahy. Aplikace se snadno pou\u017e\u00edv\u00e1 a m\u00e1 spoustu funkc\u00ed, d\u00edky nim\u017e je skv\u011blou volbou pro lidi, kte\u0159\u00ed hledaj\u00ed n\u011bco v\u00edc ne\u017e p\u0159ipojen\u00ed. Jedinou nev\u00fdhodou je, \u017ee to nen\u00ed tak popul\u00e1rn\u00ed jako n\u011bkter\u00e9 z ostatn\u00edch seznamovac\u00edch aplikac\u00ed, tak\u017ee m\u016f\u017eete m\u00edt pot\u00ed\u017ee s nalezen\u00edm shod ve va\u0161\u00ed oblasti.<\/p>\n","protected":false},"excerpt":{"rendered":"<p>Existuje n\u011bkolik v\u011bc\u00ed, kter\u00e9 je t\u0159eba m\u00edt na pam\u011bti p\u0159i pou\u017e\u00edv\u00e1n\u00ed seznamovac\u00edch web\u016f pro dosp\u011bl\u00e9. Nejprve si ujasn\u011bte, co hled\u00e1te. Seznamovac\u00ed weby pro dosp\u011bl\u00e9 jsou pln\u00e9 lid\u00ed, kte\u0159\u00ed hledaj\u00ed r\u016fzn\u00e9 v\u011bci, tak\u017ee bu\u010fte konkr\u00e9tn\u00ed o tom, co hled\u00e1te, abyste se vyhnuli nedorozum\u011bn\u00edm. Za druh\u00e9, nebojte se b\u00fdt p\u0159edem o sv\u00fdch z\u00e1m\u011brech. Zral\u00e9 seznamovac\u00ed str\u00e1nky jsou [&hellip;]<\/p>\n","protected":false},"author":1,"featured_media":0,"parent":0,"menu_order":0,"comment_status":"closed","ping_status":"closed","template":"","meta":[],"yoast_head":"<!-- This site is optimized with the Yoast SEO plugin v17.7.1 - https:\/\/yoast.com\/wordpress\/plugins\/seo\/ -->\n<title>Seznamovac\u00ed str\u00e1nky pro dosp\u011bl\u00e9 - Process Reviews<\/title>\n<meta name=\"robots\" content=\"index, follow, max-snippet:-1, max-image-preview:large, max-video-preview:-1\" \/>\n<link rel=\"canonical\" href=\"https:\/\/fortprocess.co.uk\/cs\/seznamovaci-stranky-pro-dospele\/\" \/>\n<meta property=\"og:locale\" content=\"cs_CZ\" \/>\n<meta property=\"og:type\" content=\"article\" \/>\n<meta property=\"og:title\" content=\"Seznamovac\u00ed str\u00e1nky pro dosp\u011bl\u00e9 - Process Reviews\" \/>\n<meta property=\"og:description\" content=\"Existuje n\u011bkolik v\u011bc\u00ed, kter\u00e9 je t\u0159eba m\u00edt na pam\u011bti p\u0159i pou\u017e\u00edv\u00e1n\u00ed seznamovac\u00edch web\u016f pro dosp\u011bl\u00e9. Nejprve si ujasn\u011bte, co hled\u00e1te. Seznamovac\u00ed weby pro dosp\u011bl\u00e9 jsou pln\u00e9 lid\u00ed, kte\u0159\u00ed hledaj\u00ed r\u016fzn\u00e9 v\u011bci, tak\u017ee bu\u010fte konkr\u00e9tn\u00ed o tom, co hled\u00e1te, abyste se vyhnuli nedorozum\u011bn\u00edm. Za druh\u00e9, nebojte se b\u00fdt p\u0159edem o sv\u00fdch z\u00e1m\u011brech. Zral\u00e9 seznamovac\u00ed str\u00e1nky jsou [&hellip;]\" \/>\n<meta property=\"og:url\" content=\"https:\/\/fortprocess.co.uk\/cs\/seznamovaci-stranky-pro-dospele\/\" \/>\n<meta property=\"og:site_name\" content=\"Process Reviews\" \/>\n<meta property=\"article:modified_time\" content=\"2022-10-03T13:05:18+00:00\" \/>\n<meta name=\"twitter:card\" content=\"summary_large_image\" \/>\n<meta name=\"twitter:label1\" content=\"Odhadovan\u00e1 doba \u010dten\u00ed\" \/>\n\t<meta name=\"twitter:data1\" content=\"5 minut\" \/>\n<script type=\"application\/ld+json\" class=\"yoast-schema-graph\">{\"@context\":\"https:\/\/schema.org\",\"@graph\":[{\"@type\":\"WebSite\",\"@id\":\"https:\/\/fortprocess.co.uk\/cs\/#website\",\"url\":\"https:\/\/fortprocess.co.uk\/cs\/\",\"name\":\"Process Reviews\",\"description\":\"Casual Dating\",\"potentialAction\":[{\"@type\":\"SearchAction\",\"target\":{\"@type\":\"EntryPoint\",\"urlTemplate\":\"https:\/\/fortprocess.co.uk\/cs\/?s={search_term_string}\"},\"query-input\":\"required name=search_term_string\"}],\"inLanguage\":\"cs\"},{\"@type\":\"WebPage\",\"@id\":\"https:\/\/fortprocess.co.uk\/cs\/seznamovaci-stranky-pro-dospele\/#webpage\",\"url\":\"https:\/\/fortprocess.co.uk\/cs\/seznamovaci-stranky-pro-dospele\/\",\"name\":\"Seznamovac\\u00ed str\\u00e1nky pro dosp\\u011bl\\u00e9 - Process Reviews\",\"isPartOf\":{\"@id\":\"https:\/\/fortprocess.co.uk\/cs\/#website\"},\"datePublished\":\"2022-10-03T12:35:48+00:00\",\"dateModified\":\"2022-10-03T13:05:18+00:00\",\"breadcrumb\":{\"@id\":\"https:\/\/fortprocess.co.uk\/cs\/seznamovaci-stranky-pro-dospele\/#breadcrumb\"},\"inLanguage\":\"cs\",\"potentialAction\":[{\"@type\":\"ReadAction\",\"target\":[\"https:\/\/fortprocess.co.uk\/cs\/seznamovaci-stranky-pro-dospele\/\"]}]},{\"@type\":\"BreadcrumbList\",\"@id\":\"https:\/\/fortprocess.co.uk\/cs\/seznamovaci-stranky-pro-dospele\/#breadcrumb\",\"itemListElement\":[{\"@type\":\"ListItem\",\"position\":1,\"name\":\"Home\",\"item\":\"http:\/\/fortprocess.co.uk\/cs\/\"},{\"@type\":\"ListItem\",\"position\":2,\"name\":\"Seznamovac\\u00ed str\\u00e1nky pro dosp\\u011bl\\u00e9\"}]}]}<\/script>\n<!-- \/ Yoast SEO plugin. -->","yoast_head_json":{"title":"Seznamovac\u00ed str\u00e1nky pro dosp\u011bl\u00e9 - Process Reviews","robots":{"index":"index","follow":"follow","max-snippet":"max-snippet:-1","max-image-preview":"max-image-preview:large","max-video-preview":"max-video-preview:-1"},"canonical":"https:\/\/fortprocess.co.uk\/cs\/seznamovaci-stranky-pro-dospele\/","og_locale":"cs_CZ","og_type":"article","og_title":"Seznamovac\u00ed str\u00e1nky pro dosp\u011bl\u00e9 - Process Reviews","og_description":"Existuje n\u011bkolik v\u011bc\u00ed, kter\u00e9 je t\u0159eba m\u00edt na pam\u011bti p\u0159i pou\u017e\u00edv\u00e1n\u00ed seznamovac\u00edch web\u016f pro dosp\u011bl\u00e9. Nejprve si ujasn\u011bte, co hled\u00e1te. Seznamovac\u00ed weby pro dosp\u011bl\u00e9 jsou pln\u00e9 lid\u00ed, kte\u0159\u00ed hledaj\u00ed r\u016fzn\u00e9 v\u011bci, tak\u017ee bu\u010fte konkr\u00e9tn\u00ed o tom, co hled\u00e1te, abyste se vyhnuli nedorozum\u011bn\u00edm. Za druh\u00e9, nebojte se b\u00fdt p\u0159edem o sv\u00fdch z\u00e1m\u011brech. Zral\u00e9 seznamovac\u00ed str\u00e1nky jsou [&hellip;]","og_url":"https:\/\/fortprocess.co.uk\/cs\/seznamovaci-stranky-pro-dospele\/","og_site_name":"Process Reviews","article_modified_time":"2022-10-03T13:05:18+00:00","twitter_card":"summary_large_image","twitter_misc":{"Odhadovan\u00e1 doba \u010dten\u00ed":"5 minut"},"schema":{"@context":"https:\/\/schema.org","@graph":[{"@type":"WebSite","@id":"https:\/\/fortprocess.co.uk\/cs\/#website","url":"https:\/\/fortprocess.co.uk\/cs\/","name":"Process Reviews","description":"Casual Dating","potentialAction":[{"@type":"SearchAction","target":{"@type":"EntryPoint","urlTemplate":"https:\/\/fortprocess.co.uk\/cs\/?s={search_term_string}"},"query-input":"required name=search_term_string"}],"inLanguage":"cs"},{"@type":"WebPage","@id":"https:\/\/fortprocess.co.uk\/cs\/seznamovaci-stranky-pro-dospele\/#webpage","url":"https:\/\/fortprocess.co.uk\/cs\/seznamovaci-stranky-pro-dospele\/","name":"Seznamovac\u00ed str\u00e1nky pro dosp\u011bl\u00e9 - Process Reviews","isPartOf":{"@id":"https:\/\/fortprocess.co.uk\/cs\/#website"},"datePublished":"2022-10-03T12:35:48+00:00","dateModified":"2022-10-03T13:05:18+00:00","breadcrumb":{"@id":"https:\/\/fortprocess.co.uk\/cs\/seznamovaci-stranky-pro-dospele\/#breadcrumb"},"inLanguage":"cs","potentialAction":[{"@type":"ReadAction","target":["https:\/\/fortprocess.co.uk\/cs\/seznamovaci-stranky-pro-dospele\/"]}]},{"@type":"BreadcrumbList","@id":"https:\/\/fortprocess.co.uk\/cs\/seznamovaci-stranky-pro-dospele\/#breadcrumb","itemListElement":[{"@type":"ListItem","position":1,"name":"Home","item":"http:\/\/fortprocess.co.uk\/cs\/"},{"@type":"ListItem","position":2,"name":"Seznamovac\u00ed str\u00e1nky pro dosp\u011bl\u00e9"}]}]}},"_links":{"self":[{"href":"https:\/\/fortprocess.co.uk\/cs\/wp-json\/wp\/v2\/pages\/118"}],"collection":[{"href":"https:\/\/fortprocess.co.uk\/cs\/wp-json\/wp\/v2\/pages"}],"about":[{"href":"https:\/\/fortprocess.co.uk\/cs\/wp-json\/wp\/v2\/types\/page"}],"author":[{"embeddable":true,"href":"https:\/\/fortprocess.co.uk\/cs\/wp-json\/wp\/v2\/users\/1"}],"replies":[{"embeddable":true,"href":"https:\/\/fortprocess.co.uk\/cs\/wp-json\/wp\/v2\/comments?post=118"}],"version-history":[{"count":1,"href":"https:\/\/fortprocess.co.uk\/cs\/wp-json\/wp\/v2\/pages\/118\/revisions"}],"predecessor-version":[{"id":217,"href":"https:\/\/fortprocess.co.uk\/cs\/wp-json\/wp\/v2\/pages\/118\/revisions\/217"}],"wp:attachment":[{"href":"https:\/\/fortprocess.co.uk\/cs\/wp-json\/wp\/v2\/media?parent=118"}],"curies":[{"name":"wp","href":"https:\/\/api.w.org\/{rel}","templated":true}]}}