{"id":127,"date":"2022-10-03T13:35:35","date_gmt":"2022-10-03T12:35:35","guid":{"rendered":"http:\/\/fortprocess.co.uk\/kink-seznamka\/"},"modified":"2022-10-03T14:05:18","modified_gmt":"2022-10-03T13:05:18","slug":"kink-seznamka","status":"publish","type":"page","link":"https:\/\/fortprocess.co.uk\/cs\/kink-seznamka\/","title":{"rendered":"Kink Seznamka"},"content":{"rendered":"<p>Existuje cel\u00e1 \u0159ada seznamovac\u00edch str\u00e1nek, kter\u00e9 jsou k dispozici, pokud m\u00e1te z\u00e1jem o nekonven\u010dn\u00ed vztah. Tyto str\u00e1nky se staraj\u00ed o lidi se specifick\u00fdmi feti\u0161i nebo zlomy a mohou v\u00e1m pomoci spojit se s podobn\u011b sm\u00fd\u0161lej\u00edc\u00edmi partnery. A\u0165 u\u017e hled\u00e1te vztah dom \/ sub, nebo jen p\u0159\u00edle\u017eitostn\u00e9 p\u0159ipojen\u00ed, seznamovac\u00ed str\u00e1nky kink v\u00e1m mohou pomoci naj\u00edt to, co hled\u00e1te. P\u0159ed registrac\u00ed si p\u0159e\u010dt\u011bte smluvn\u00ed podm\u00ednky webu, abyste se ujistili, \u017ee jste spokojeni s jejich postupy.<\/p>\n<p>Bondage datov\u00e1n\u00ed je typ datov\u00e1n\u00ed, kde jeden partner je omezen sexu\u00e1ln\u00edm zp\u016fsobem druh\u00fdm partnerem. To lze prov\u00e9st pomoc\u00ed pout, lana, zav\u00e1zan\u00fdch o\u010d\u00ed nebo jin\u00fdch z\u00e1dr\u017en\u00fdch syst\u00e9m\u016f. M\u016f\u017ee to b\u00fdt z\u00e1bavn\u00fd a vzru\u0161uj\u00edc\u00ed zp\u016fsob, jak p\u0159idat n\u011bjak\u00e9 ko\u0159en\u00ed do va\u0161eho sexu\u00e1ln\u00edho \u017eivota. Je v\u0161ak d\u016fle\u017eit\u00e9 se ujistit, \u017ee sv\u00e9mu partnerovi zcela d\u016fv\u011b\u0159ujete, ne\u017e vyzkou\u0161\u00edte tento typ datov\u00e1n\u00ed.<\/p>\n<h2>Seznamte se s Kinky People Vebl\u00ed\u017e m\u011b<\/h2>\n<p>Existuje spousta zp\u016fsob\u016f, jak se setkat s v\u00fdst\u0159edn\u00edmi lidmi ve va\u0161em okol\u00ed, pokud v\u00edte, kde hledat. Jedn\u00edm ze zp\u016fsob\u016f je p\u0159ipojit se k online seznamce, kter\u00e1 uspokoj\u00ed va\u0161e specifick\u00e9 z\u00e1jmy. T\u00edmto zp\u016fsobem si m\u016f\u017eete b\u00fdt jisti, \u017ee najdete lidi, kte\u0159\u00ed jsou do stejn\u00fdch v\u011bc\u00ed jako vy. Dal\u0161\u00edm zp\u016fsobem, jak se setkat s v\u00fdst\u0159edn\u00edmi lidmi, je nav\u0161t\u011bvovat m\u00edstn\u00ed BDSM akce nebo kluby. To je skv\u011bl\u00fd zp\u016fsob, jak se setkat s podobn\u011b sm\u00fd\u0161lej\u00edc\u00edmi lidmi v bezpe\u010dn\u00e9m a konsensu\u00e1ln\u00edm prost\u0159ed\u00ed. M\u016f\u017eete se tak\u00e9 pod\u00edvat na online f\u00f3ra nebo skupiny soci\u00e1ln\u00edch m\u00e9di\u00ed v\u011bnovan\u00e9 kink a BDSM. To je skv\u011bl\u00fd zp\u016fsob, jak se spojit s lidmi, kte\u0159\u00ed sd\u00edlej\u00ed va\u0161e z\u00e1jmy a z\u00edskat tipy a rady od zku\u0161en\u011bj\u0161\u00edch \u010dlen\u016f.<\/p>\n<h2>BDSM p\u0159ipojen\u00ed<\/h2>\n<p>Pokud m\u00e1te z\u00e1jem prozkoumat sv\u011bt BDSM, existuje n\u011bkolik v\u011bc\u00ed, kter\u00e9 byste m\u011bli m\u00edt na pam\u011bti p\u0159i p\u0159ipojov\u00e1n\u00ed se k partnerovi. Za prv\u00e9, komunikace je kl\u00ed\u010dov\u00e1. Ne\u017e za\u010dnete, ujist\u011bte se, \u017ee diskutujete o sv\u00fdch hranic\u00edch a limitech. Je tak\u00e9 d\u016fle\u017eit\u00e9 d\u016fv\u011b\u0159ovat sv\u00e9mu partnerovi a dob\u0159e porozum\u011bt jeho dovednostem a zku\u0161enostem.<\/p>\n<p>BDSM m\u016f\u017ee b\u00fdt skv\u011bl\u00fd zp\u016fsob, jak p\u0159idat n\u011bjak\u00e9 ko\u0159en\u00ed do va\u0161eho sexu\u00e1ln\u00edho \u017eivota, ale je d\u016fle\u017eit\u00e9 se ujistit, \u017ee to d\u011bl\u00e1te bezpe\u010dn\u011b a konsensu\u00e1ln\u011b. Pokud pr\u00e1v\u011b za\u010d\u00edn\u00e1te, je n\u011bkolik v\u011bc\u00ed, kter\u00e9 byste m\u011bli m\u00edt na pam\u011bti. Za prv\u00e9, komunikace je kl\u00ed\u010dov\u00e1. Ne\u017e za\u010dnete, ujist\u011bte se, \u017ee diskutujete o sv\u00fdch hranic\u00edch a limitech. Je tak\u00e9 d\u016fle\u017eit\u00e9 d\u016fv\u011b\u0159ovat sv\u00e9mu partnerovi a dob\u0159e porozum\u011bt jeho dovednostem a zku\u0161enostem.<\/p>\n<p>BDSM m\u016f\u017ee b\u00fdt skv\u011bl\u00fd zp\u016fsob, jak p\u0159idat n\u011bjak\u00e9 ko\u0159en\u00ed do va\u0161eho sexu\u00e1ln\u00edho \u017eivota, ale je d\u016fle\u017eit\u00e9 se ujistit, \u017ee to d\u011bl\u00e1te bezpe\u010dn\u011b a konsensu\u00e1ln\u011b. Pokud pr\u00e1v\u011b za\u010d\u00edn\u00e1te, je n\u011bkolik v\u011bc\u00ed, kter\u00e9 byste m\u011bli m\u00edt na pam\u011bti. Za prv\u00e9, komunikace je kl\u00ed\u010dov\u00e1. Ne\u017e za\u010dnete, ujist\u011bte se, \u017ee diskutujete o sv\u00fdch hranic\u00edch a limitech. Je tak\u00e9 d\u016fle\u017eit\u00e9 d\u016fv\u011b\u0159ovat sv\u00e9mu partnerovi a dob\u0159e porozum\u011bt jeho dovednostem a zku\u0161enostem.<\/p>\n<h3>St\u0159\u00edkat<\/h3>\n<p>Pokud hled\u00e1te seznamku, kter\u00e1 je v\u011bnov\u00e1na tomu, aby v\u00e1m pomohla spojit se s podobn\u011b sm\u00fd\u0161lej\u00edc\u00edmi lidmi, pak se budete cht\u00edt pod\u00edvat na Squirt. Tato str\u00e1nka byla speci\u00e1ln\u011b navr\u017eena tak, aby pomohla lidem naj\u00edt partnery pro kinkier aktivity a m\u00e1 co nab\u00eddnout.<\/p>\n<p>Prvn\u00ed v\u011bc, kterou si v\u0161imnete o Squirt je, \u017ee je velmi u\u017eivatelsky p\u0159\u00edv\u011btiv\u00fd. Rozhran\u00ed je jednoduch\u00e9 a snadno ovladateln\u00e9 a funkce vyhled\u00e1v\u00e1n\u00ed je velmi komplexn\u00ed. Partnery m\u016f\u017eete vyhled\u00e1vat podle polohy, z\u00e1jm\u016f a dokonce i sexu\u00e1ln\u00edch preferenc\u00ed.<\/p>\n<p>Jednou z nejlep\u0161\u00edch v\u011bc\u00ed na Squirt je, \u017ee je to velmi inkluzivn\u00ed m\u00edsto. Bez ohledu na to, jak\u00fd je v\u00e1\u0161 zlom, budete moci naj\u00edt n\u011bkoho, kdo je do toho na tomto webu. Existuje tak\u00e9 velk\u00e1 komunita u\u017eivatel\u016f, kte\u0159\u00ed si v\u017edy r\u00e1di pomohou a podpo\u0159\u00ed se navz\u00e1jem.<\/p>\n<p>Pokud hled\u00e1te seznamku, kter\u00e1 je bezpe\u010dn\u00e1, p\u0159\u00edjemn\u00e1 a pln\u00e1 funkc\u00ed, m\u011bli byste se ur\u010dit\u011b pod\u00edvat na Squirt.<\/p>\n<h3>NaughtyDate<\/h3>\n<p>NaughtyDate je popul\u00e1rn\u00ed seznamovac\u00ed aplikace s velkou u\u017eivatelskou z\u00e1kladnou a spoustou funkc\u00ed, kter\u00e9 udr\u017euj\u00ed v\u011bci zaj\u00edmav\u00e9. Aplikace je zdarma ke sta\u017een\u00ed a vytvo\u0159en\u00ed profilu, ale budete muset upgradovat na pr\u00e9miov\u00e9 \u010dlenstv\u00ed, abyste odemkli v\u0161echny funkce. To zahrnuje zas\u00edl\u00e1n\u00ed zpr\u00e1v, vyhled\u00e1v\u00e1n\u00ed a r\u016fzn\u00e9 aktivity souvisej\u00edc\u00ed se zlomem.<\/p>\n<p>Aplikace je dob\u0159e navr\u017een\u00e1 a snadno pou\u017eiteln\u00e1, tak\u017ee cel\u00fd z\u00e1\u017eitek z kink datov\u00e1n\u00ed je mnohem p\u0159\u00edjemn\u011bj\u0161\u00ed. A s velkou u\u017eivatelskou z\u00e1kladnou ur\u010dit\u011b najdete n\u011bkoho, kdo sd\u00edl\u00ed va\u0161e konkr\u00e9tn\u00ed zlomy a z\u00e1jmy. Tak\u017ee pokud hled\u00e1te zlomovou seznamovac\u00ed aplikaci, kter\u00e1 m\u016f\u017ee poskytnout jak kvalitu, tak mno\u017estv\u00ed, NaughtyDate rozhodn\u011b stoj\u00ed za to se pod\u00edvat.<\/p>\n<h3>TinderMeets<\/h3>\n<p>Pokud hled\u00e1te seznamku, kter\u00e1 skute\u010dn\u011b dod\u00e1v\u00e1, TinderMeets je zp\u016fsob, jak j\u00edt. M\u00edsto m\u00e1 spoustu funkc\u00ed, d\u00edky nim\u017e je hled\u00e1n\u00ed a spojen\u00ed s potenci\u00e1ln\u00edmi partnery hra\u010dkou a komunita je aktivn\u00ed i p\u0159\u00e1telsk\u00e1. A\u0165 u\u017e hled\u00e1te p\u0159\u00edle\u017eitostn\u00e9 spojen\u00ed nebo v\u00e1\u017en\u011bj\u0161\u00ed vztah, najdete to, co hled\u00e1te na TinderMeets.<\/p>\n","protected":false},"excerpt":{"rendered":"<p>Existuje cel\u00e1 \u0159ada seznamovac\u00edch str\u00e1nek, kter\u00e9 jsou k dispozici, pokud m\u00e1te z\u00e1jem o nekonven\u010dn\u00ed vztah. Tyto str\u00e1nky se staraj\u00ed o lidi se specifick\u00fdmi feti\u0161i nebo zlomy a mohou v\u00e1m pomoci spojit se s podobn\u011b sm\u00fd\u0161lej\u00edc\u00edmi partnery. A\u0165 u\u017e hled\u00e1te vztah dom \/ sub, nebo jen p\u0159\u00edle\u017eitostn\u00e9 p\u0159ipojen\u00ed, seznamovac\u00ed str\u00e1nky kink v\u00e1m mohou pomoci naj\u00edt to, [&hellip;]<\/p>\n","protected":false},"author":1,"featured_media":0,"parent":0,"menu_order":0,"comment_status":"closed","ping_status":"closed","template":"","meta":[],"yoast_head":"<!-- This site is optimized with the Yoast SEO plugin v17.7.1 - https:\/\/yoast.com\/wordpress\/plugins\/seo\/ -->\n<title>Kink Seznamka - Process Reviews<\/title>\n<meta name=\"robots\" content=\"index, follow, max-snippet:-1, max-image-preview:large, max-video-preview:-1\" \/>\n<link rel=\"canonical\" href=\"https:\/\/fortprocess.co.uk\/cs\/kink-seznamka\/\" \/>\n<meta property=\"og:locale\" content=\"cs_CZ\" \/>\n<meta property=\"og:type\" content=\"article\" \/>\n<meta property=\"og:title\" content=\"Kink Seznamka - Process Reviews\" \/>\n<meta property=\"og:description\" content=\"Existuje cel\u00e1 \u0159ada seznamovac\u00edch str\u00e1nek, kter\u00e9 jsou k dispozici, pokud m\u00e1te z\u00e1jem o nekonven\u010dn\u00ed vztah. Tyto str\u00e1nky se staraj\u00ed o lidi se specifick\u00fdmi feti\u0161i nebo zlomy a mohou v\u00e1m pomoci spojit se s podobn\u011b sm\u00fd\u0161lej\u00edc\u00edmi partnery. A\u0165 u\u017e hled\u00e1te vztah dom \/ sub, nebo jen p\u0159\u00edle\u017eitostn\u00e9 p\u0159ipojen\u00ed, seznamovac\u00ed str\u00e1nky kink v\u00e1m mohou pomoci naj\u00edt to, [&hellip;]\" \/>\n<meta property=\"og:url\" content=\"https:\/\/fortprocess.co.uk\/cs\/kink-seznamka\/\" \/>\n<meta property=\"og:site_name\" content=\"Process Reviews\" \/>\n<meta property=\"article:modified_time\" content=\"2022-10-03T13:05:18+00:00\" \/>\n<meta name=\"twitter:card\" content=\"summary_large_image\" \/>\n<meta name=\"twitter:label1\" content=\"Odhadovan\u00e1 doba \u010dten\u00ed\" \/>\n\t<meta name=\"twitter:data1\" content=\"5 minut\" \/>\n<script type=\"application\/ld+json\" class=\"yoast-schema-graph\">{\"@context\":\"https:\/\/schema.org\",\"@graph\":[{\"@type\":\"WebSite\",\"@id\":\"https:\/\/fortprocess.co.uk\/cs\/#website\",\"url\":\"https:\/\/fortprocess.co.uk\/cs\/\",\"name\":\"Process Reviews\",\"description\":\"Casual Dating\",\"potentialAction\":[{\"@type\":\"SearchAction\",\"target\":{\"@type\":\"EntryPoint\",\"urlTemplate\":\"https:\/\/fortprocess.co.uk\/cs\/?s={search_term_string}\"},\"query-input\":\"required name=search_term_string\"}],\"inLanguage\":\"cs\"},{\"@type\":\"WebPage\",\"@id\":\"https:\/\/fortprocess.co.uk\/cs\/kink-seznamka\/#webpage\",\"url\":\"https:\/\/fortprocess.co.uk\/cs\/kink-seznamka\/\",\"name\":\"Kink Seznamka - Process Reviews\",\"isPartOf\":{\"@id\":\"https:\/\/fortprocess.co.uk\/cs\/#website\"},\"datePublished\":\"2022-10-03T12:35:35+00:00\",\"dateModified\":\"2022-10-03T13:05:18+00:00\",\"breadcrumb\":{\"@id\":\"https:\/\/fortprocess.co.uk\/cs\/kink-seznamka\/#breadcrumb\"},\"inLanguage\":\"cs\",\"potentialAction\":[{\"@type\":\"ReadAction\",\"target\":[\"https:\/\/fortprocess.co.uk\/cs\/kink-seznamka\/\"]}]},{\"@type\":\"BreadcrumbList\",\"@id\":\"https:\/\/fortprocess.co.uk\/cs\/kink-seznamka\/#breadcrumb\",\"itemListElement\":[{\"@type\":\"ListItem\",\"position\":1,\"name\":\"Home\",\"item\":\"https:\/\/fortprocess.co.uk\/cs\/\"},{\"@type\":\"ListItem\",\"position\":2,\"name\":\"Kink Seznamka\"}]}]}<\/script>\n<!-- \/ Yoast SEO plugin. -->","yoast_head_json":{"title":"Kink Seznamka - Process Reviews","robots":{"index":"index","follow":"follow","max-snippet":"max-snippet:-1","max-image-preview":"max-image-preview:large","max-video-preview":"max-video-preview:-1"},"canonical":"https:\/\/fortprocess.co.uk\/cs\/kink-seznamka\/","og_locale":"cs_CZ","og_type":"article","og_title":"Kink Seznamka - Process Reviews","og_description":"Existuje cel\u00e1 \u0159ada seznamovac\u00edch str\u00e1nek, kter\u00e9 jsou k dispozici, pokud m\u00e1te z\u00e1jem o nekonven\u010dn\u00ed vztah. Tyto str\u00e1nky se staraj\u00ed o lidi se specifick\u00fdmi feti\u0161i nebo zlomy a mohou v\u00e1m pomoci spojit se s podobn\u011b sm\u00fd\u0161lej\u00edc\u00edmi partnery. A\u0165 u\u017e hled\u00e1te vztah dom \/ sub, nebo jen p\u0159\u00edle\u017eitostn\u00e9 p\u0159ipojen\u00ed, seznamovac\u00ed str\u00e1nky kink v\u00e1m mohou pomoci naj\u00edt to, [&hellip;]","og_url":"https:\/\/fortprocess.co.uk\/cs\/kink-seznamka\/","og_site_name":"Process Reviews","article_modified_time":"2022-10-03T13:05:18+00:00","twitter_card":"summary_large_image","twitter_misc":{"Odhadovan\u00e1 doba \u010dten\u00ed":"5 minut"},"schema":{"@context":"https:\/\/schema.org","@graph":[{"@type":"WebSite","@id":"https:\/\/fortprocess.co.uk\/cs\/#website","url":"https:\/\/fortprocess.co.uk\/cs\/","name":"Process Reviews","description":"Casual Dating","potentialAction":[{"@type":"SearchAction","target":{"@type":"EntryPoint","urlTemplate":"https:\/\/fortprocess.co.uk\/cs\/?s={search_term_string}"},"query-input":"required name=search_term_string"}],"inLanguage":"cs"},{"@type":"WebPage","@id":"https:\/\/fortprocess.co.uk\/cs\/kink-seznamka\/#webpage","url":"https:\/\/fortprocess.co.uk\/cs\/kink-seznamka\/","name":"Kink Seznamka - Process Reviews","isPartOf":{"@id":"https:\/\/fortprocess.co.uk\/cs\/#website"},"datePublished":"2022-10-03T12:35:35+00:00","dateModified":"2022-10-03T13:05:18+00:00","breadcrumb":{"@id":"https:\/\/fortprocess.co.uk\/cs\/kink-seznamka\/#breadcrumb"},"inLanguage":"cs","potentialAction":[{"@type":"ReadAction","target":["https:\/\/fortprocess.co.uk\/cs\/kink-seznamka\/"]}]},{"@type":"BreadcrumbList","@id":"https:\/\/fortprocess.co.uk\/cs\/kink-seznamka\/#breadcrumb","itemListElement":[{"@type":"ListItem","position":1,"name":"Home","item":"https:\/\/fortprocess.co.uk\/cs\/"},{"@type":"ListItem","position":2,"name":"Kink Seznamka"}]}]}},"_links":{"self":[{"href":"https:\/\/fortprocess.co.uk\/cs\/wp-json\/wp\/v2\/pages\/127"}],"collection":[{"href":"https:\/\/fortprocess.co.uk\/cs\/wp-json\/wp\/v2\/pages"}],"about":[{"href":"https:\/\/fortprocess.co.uk\/cs\/wp-json\/wp\/v2\/types\/page"}],"author":[{"embeddable":true,"href":"https:\/\/fortprocess.co.uk\/cs\/wp-json\/wp\/v2\/users\/1"}],"replies":[{"embeddable":true,"href":"https:\/\/fortprocess.co.uk\/cs\/wp-json\/wp\/v2\/comments?post=127"}],"version-history":[{"count":1,"href":"https:\/\/fortprocess.co.uk\/cs\/wp-json\/wp\/v2\/pages\/127\/revisions"}],"predecessor-version":[{"id":215,"href":"https:\/\/fortprocess.co.uk\/cs\/wp-json\/wp\/v2\/pages\/127\/revisions\/215"}],"wp:attachment":[{"href":"https:\/\/fortprocess.co.uk\/cs\/wp-json\/wp\/v2\/media?parent=127"}],"curies":[{"name":"wp","href":"https:\/\/api.w.org\/{rel}","templated":true}]}}