{"id":135,"date":"2022-10-03T13:34:43","date_gmt":"2022-10-03T12:34:43","guid":{"rendered":"http:\/\/fortprocess.co.uk\/mistni-fuck-stranky\/"},"modified":"2022-10-03T13:34:43","modified_gmt":"2022-10-03T12:34:43","slug":"mistni-fuck-stranky","status":"publish","type":"page","link":"https:\/\/fortprocess.co.uk\/cs\/mistni-fuck-stranky\/","title":{"rendered":"M\u00edstn\u00ed Fuck Str\u00e1nky"},"content":{"rendered":"<p>Existuje spousta m\u00edstn\u00edch kurva str\u00e1nek, kter\u00e9 v\u00e1m mohou pomoci naj\u00edt n\u011bkoho, s k\u00fdm se m\u016f\u017eete spojit ve va\u0161\u00ed oblasti. V\u0161e, co mus\u00edte ud\u011blat, je zaregistrovat si \u00fa\u010det a vytvo\u0159it si profil. Pak m\u016f\u017eete hledat \u010dleny, kte\u0159\u00ed hledaj\u00ed stejnou v\u011bc jako vy. M\u016f\u017eete jim pos\u00edlat zpr\u00e1vy, chatovat s nimi a dokonce se s nimi osobn\u011b setkat, pokud chcete. Nezapome\u0148te b\u00fdt v bezpe\u010d\u00ed a pou\u017e\u00edvat ochranu, kdy\u017e se spoj\u00edte s n\u011bk\u00fdm, koho jste potkali online.<\/p>\n<h2>Zdarma Fuck str\u00e1nky<\/h2>\n<p>Existuje spousta skv\u011bl\u00fdch bezplatn\u00fdch kurva str\u00e1nek. Mus\u00edte jen v\u011bd\u011bt, kde hledat. Nejlep\u0161\u00edm m\u00edstem pro zah\u00e1jen\u00ed vyhled\u00e1v\u00e1n\u00ed je pravd\u011bpodobn\u011b vyhled\u00e1va\u010d, jako je Google. Sta\u010d\u00ed zadat &#8222;free fuck sites&#8220; a m\u011bli byste z\u00edskat spoustu v\u00fdsledk\u016f. Jakmile najdete n\u011bkolik, kter\u00e9 vypadaj\u00ed slibn\u011b, sta\u010d\u00ed se zaregistrovat a vyzkou\u0161et je. Nen\u00ed na \u0161kodu vyzkou\u0161et n\u011bkolik r\u016fzn\u00fdch, dokud nenajdete ten, kter\u00fd je pro v\u00e1s ten prav\u00fd.<\/p>\n<h2>Zdarma Meet a Fuck str\u00e1nky<\/h2>\n<p>Na internetu je spousta bezplatn\u00fdch str\u00e1nek pro setk\u00e1n\u00ed a kurva, ale ne v\u0161echny jsou vytvo\u0159eny stejn\u011b. N\u011bkter\u00e9 z nich jsou lep\u0161\u00ed ne\u017e jin\u00e9 a n\u011bkter\u00e9 z nich jsou jen prost\u00e9 podvody. Je d\u016fle\u017eit\u00e9 prov\u00e9st sv\u016fj v\u00fdzkum p\u0159ed registrac\u00ed na n\u011bkterou z t\u011bchto str\u00e1nek, proto\u017ee nechcete ztr\u00e1cet \u010das ani pen\u00edze.<\/p>\n<p>Nejlep\u0161\u00ed bezplatn\u00e9 str\u00e1nky pro setk\u00e1n\u00ed a kurva jsou ty, kter\u00e9 skute\u010dn\u011b funguj\u00ed. Maj\u00ed velkou datab\u00e1zi potenci\u00e1ln\u00edch shod a pou\u017e\u00edvaj\u00ed r\u016fzn\u00e9 algoritmy, aby v\u00e1s spojili s n\u011bk\u00fdm, kdo je s v\u00e1mi kompatibiln\u00ed. Maj\u00ed tak\u00e9 mnoho funkc\u00ed, d\u00edky nim\u017e je z\u00e1\u017eitek p\u0159\u00edjemn\u011bj\u0161\u00ed, jako jsou chatovac\u00ed m\u00edstnosti a rychl\u00e9 zpr\u00e1vy.<\/p>\n<p>Nejhor\u0161\u00ed str\u00e1nky zdarma se setkat a kurva jsou ty, kter\u00e9 nejsou nic jin\u00e9ho ne\u017e podvody. Tyto str\u00e1nky se \u010dasto ptaj\u00ed na informace o va\u0161\u00ed kreditn\u00ed kart\u011b a pak je pou\u017eij\u00ed k tomu, aby v\u00e1m \u00fa\u010dtovaly poplatky za v\u011bci, ke kter\u00fdm jste se ani nezaregistrovali. Mohou se tak\u00e9 pokusit prodat v\u00e1m jin\u00e9 produkty, nebo se dokonce mohou pokusit p\u0159im\u011bt v\u00e1s, abyste se zaregistrovali k jejich placen\u00e9 slu\u017eb\u011b. A\u0165 tak \u010di onak, je lep\u0161\u00ed se t\u011bmto str\u00e1nk\u00e1m \u00fapln\u011b vyhnout.<\/p>\n<p>Existuje spousta lid\u00ed, kte\u0159\u00ed si mysl\u00ed, \u017ee &#8222;kurva zdarma&#8220; je skv\u011bl\u00fd zp\u016fsob, jak j\u00edt o datov\u00e1n\u00ed. I kdy\u017e tento p\u0159\u00edstup m\u00e1 ur\u010dit\u011b ur\u010dit\u00e9 v\u00fdhody, existuj\u00ed tak\u00e9 n\u011bkter\u00e9 hlavn\u00ed nev\u00fdhody. Jedn\u00edm z nejv\u011bt\u0161\u00edch probl\u00e9m\u016f s &#8222;fuck for free&#8220; je, \u017ee je to \u010dasto prost\u011b zp\u016fsob, jak lid\u00e9 mohou vyu\u017e\u00edt ostatn\u00ed. Pokud nejste opatrn\u00ed, m\u016f\u017eete se snadno ocitnout v situaci, kdy si zvyknete a vyu\u017eijete, ani\u017e byste na opl\u00e1tku n\u011bco dostali. Nav\u00edc &#8222;fuck for free&#8220; m\u016f\u017ee tak\u00e9 v\u00e9st k mnoha dramat\u016fm a konflikt\u016fm, proto\u017ee lid\u00e9 \u010dasto soupe\u0159\u00ed o pozornost stejn\u00e9 osoby. Pokud nejste p\u0159ipraveni se s t\u00edm vypo\u0159\u00e1dat, pak &#8222;kurva zdarma&#8220; pravd\u011bpodobn\u011b nen\u00ed pro v\u00e1s nejlep\u0161\u00ed p\u0159\u00edstup.<\/p>\n<h3>St\u0159\u00edbrn\u00fd tat\u00ednek<\/h3>\n<p>Pokud hled\u00e1te Silver Daddy, pak se budete cht\u00edt pod\u00edvat na Silver Daddy Dating App. Tato aplikace je skv\u011bl\u00fd zp\u016fsob, jak se spojit s ostatn\u00edmi st\u0159\u00edbrn\u00fdmi t\u00e1ty ve va\u0161\u00ed oblasti. Aplikace je zdarma ke sta\u017een\u00ed a pou\u017eit\u00ed a je snadn\u00e9 se zaregistrovat. M\u016f\u017eete si vytvo\u0159it profil, p\u0159idat fotky a za\u010d\u00edt chatovat s ostatn\u00edmi st\u0159\u00edbrn\u00fdmi t\u00e1ty ve va\u0161\u00ed oblasti. Aplikace je tak\u00e9 skv\u011bl\u00e1 pro hled\u00e1n\u00ed m\u00edstn\u00edch kurva str\u00e1nek. M\u016f\u017eete vyhled\u00e1vat weby podle um\u00edst\u011bn\u00ed a m\u016f\u017eete si tak\u00e9 p\u0159e\u010d\u00edst recenze web\u016f, ne\u017e se k nim p\u0159ipoj\u00edte. Silver Daddy Dating App je skv\u011bl\u00fd zp\u016fsob, jak se setkat se st\u0159\u00edbrn\u00fdmi t\u00e1ty ve va\u0161\u00ed oblasti.<\/p>\n<h3>Rubmapy<\/h3>\n<p>Existuje spousta m\u00edstn\u00edch kurva str\u00e1nek, ale Rubmaps je jedn\u00edm z nejlep\u0161\u00edch. Je to seznamovac\u00ed aplikace, kter\u00e1 v\u00e1m umo\u017en\u00ed naj\u00edt potenci\u00e1ln\u00ed shody ve va\u0161\u00ed oblasti a pot\u00e9 jim poslat zpr\u00e1vu, abyste nastavili \u010das a m\u00edsto, kde se setk\u00e1te. Aplikace je opravdu snadno pou\u017eiteln\u00e1 a je to skv\u011bl\u00fd zp\u016fsob, jak se setkat s nov\u00fdmi lidmi pro p\u0159\u00edle\u017eitostn\u00fd sex. Jedinou nev\u00fdhodou je, \u017ee to nen\u00ed zdarma, ale rozhodn\u011b stoj\u00ed za to.<\/p>\n<h3>Uberhorny<\/h3>\n<p>Pokud hled\u00e1te m\u00edstn\u00ed kurva str\u00e1nky, Uberhorny je skv\u011bl\u00e1 volba. Aplikace se snadno pou\u017e\u00edv\u00e1 a je zdarma se zaregistrovat. M\u016f\u017eete proch\u00e1zet profily a naj\u00edt shody ve va\u0161\u00ed oblasti. Aplikace m\u00e1 tak\u00e9 funkci chatu, tak\u017ee m\u016f\u017eete chatovat se sv\u00fdmi prot\u011bj\u0161ky. Aplikace je k dispozici pro iOS i Android.<\/p>\n","protected":false},"excerpt":{"rendered":"<p>Existuje spousta m\u00edstn\u00edch kurva str\u00e1nek, kter\u00e9 v\u00e1m mohou pomoci naj\u00edt n\u011bkoho, s k\u00fdm se m\u016f\u017eete spojit ve va\u0161\u00ed oblasti. V\u0161e, co mus\u00edte ud\u011blat, je zaregistrovat si \u00fa\u010det a vytvo\u0159it si profil. Pak m\u016f\u017eete hledat \u010dleny, kte\u0159\u00ed hledaj\u00ed stejnou v\u011bc jako vy. M\u016f\u017eete jim pos\u00edlat zpr\u00e1vy, chatovat s nimi a dokonce se s nimi osobn\u011b setkat, [&hellip;]<\/p>\n","protected":false},"author":1,"featured_media":0,"parent":0,"menu_order":0,"comment_status":"closed","ping_status":"closed","template":"","meta":[],"yoast_head":"<!-- This site is optimized with the Yoast SEO plugin v17.7.1 - https:\/\/yoast.com\/wordpress\/plugins\/seo\/ -->\n<title>M\u00edstn\u00ed Fuck Str\u00e1nky - Process Reviews<\/title>\n<meta name=\"robots\" content=\"index, follow, max-snippet:-1, max-image-preview:large, max-video-preview:-1\" \/>\n<link rel=\"canonical\" href=\"https:\/\/fortprocess.co.uk\/cs\/mistni-fuck-stranky\/\" \/>\n<meta property=\"og:locale\" content=\"cs_CZ\" \/>\n<meta property=\"og:type\" content=\"article\" \/>\n<meta property=\"og:title\" content=\"M\u00edstn\u00ed Fuck Str\u00e1nky - Process Reviews\" \/>\n<meta property=\"og:description\" content=\"Existuje spousta m\u00edstn\u00edch kurva str\u00e1nek, kter\u00e9 v\u00e1m mohou pomoci naj\u00edt n\u011bkoho, s k\u00fdm se m\u016f\u017eete spojit ve va\u0161\u00ed oblasti. V\u0161e, co mus\u00edte ud\u011blat, je zaregistrovat si \u00fa\u010det a vytvo\u0159it si profil. Pak m\u016f\u017eete hledat \u010dleny, kte\u0159\u00ed hledaj\u00ed stejnou v\u011bc jako vy. M\u016f\u017eete jim pos\u00edlat zpr\u00e1vy, chatovat s nimi a dokonce se s nimi osobn\u011b setkat, [&hellip;]\" \/>\n<meta property=\"og:url\" content=\"https:\/\/fortprocess.co.uk\/cs\/mistni-fuck-stranky\/\" \/>\n<meta property=\"og:site_name\" content=\"Process Reviews\" \/>\n<meta name=\"twitter:card\" content=\"summary_large_image\" \/>\n<meta name=\"twitter:label1\" content=\"Odhadovan\u00e1 doba \u010dten\u00ed\" \/>\n\t<meta name=\"twitter:data1\" content=\"4 minuty\" \/>\n<script type=\"application\/ld+json\" class=\"yoast-schema-graph\">{\"@context\":\"https:\/\/schema.org\",\"@graph\":[{\"@type\":\"WebSite\",\"@id\":\"https:\/\/fortprocess.co.uk\/cs\/#website\",\"url\":\"https:\/\/fortprocess.co.uk\/cs\/\",\"name\":\"Process Reviews\",\"description\":\"Casual Dating\",\"potentialAction\":[{\"@type\":\"SearchAction\",\"target\":{\"@type\":\"EntryPoint\",\"urlTemplate\":\"https:\/\/fortprocess.co.uk\/cs\/?s={search_term_string}\"},\"query-input\":\"required name=search_term_string\"}],\"inLanguage\":\"cs\"},{\"@type\":\"WebPage\",\"@id\":\"https:\/\/fortprocess.co.uk\/cs\/mistni-fuck-stranky\/#webpage\",\"url\":\"https:\/\/fortprocess.co.uk\/cs\/mistni-fuck-stranky\/\",\"name\":\"M\\u00edstn\\u00ed Fuck Str\\u00e1nky - Process Reviews\",\"isPartOf\":{\"@id\":\"https:\/\/fortprocess.co.uk\/cs\/#website\"},\"datePublished\":\"2022-10-03T12:34:43+00:00\",\"dateModified\":\"2022-10-03T12:34:43+00:00\",\"breadcrumb\":{\"@id\":\"https:\/\/fortprocess.co.uk\/cs\/mistni-fuck-stranky\/#breadcrumb\"},\"inLanguage\":\"cs\",\"potentialAction\":[{\"@type\":\"ReadAction\",\"target\":[\"https:\/\/fortprocess.co.uk\/cs\/mistni-fuck-stranky\/\"]}]},{\"@type\":\"BreadcrumbList\",\"@id\":\"https:\/\/fortprocess.co.uk\/cs\/mistni-fuck-stranky\/#breadcrumb\",\"itemListElement\":[{\"@type\":\"ListItem\",\"position\":1,\"name\":\"Home\",\"item\":\"http:\/\/fortprocess.co.uk\/cs\/\"},{\"@type\":\"ListItem\",\"position\":2,\"name\":\"M\\u00edstn\\u00ed Fuck Str\\u00e1nky\"}]}]}<\/script>\n<!-- \/ Yoast SEO plugin. -->","yoast_head_json":{"title":"M\u00edstn\u00ed Fuck Str\u00e1nky - Process Reviews","robots":{"index":"index","follow":"follow","max-snippet":"max-snippet:-1","max-image-preview":"max-image-preview:large","max-video-preview":"max-video-preview:-1"},"canonical":"https:\/\/fortprocess.co.uk\/cs\/mistni-fuck-stranky\/","og_locale":"cs_CZ","og_type":"article","og_title":"M\u00edstn\u00ed Fuck Str\u00e1nky - Process Reviews","og_description":"Existuje spousta m\u00edstn\u00edch kurva str\u00e1nek, kter\u00e9 v\u00e1m mohou pomoci naj\u00edt n\u011bkoho, s k\u00fdm se m\u016f\u017eete spojit ve va\u0161\u00ed oblasti. V\u0161e, co mus\u00edte ud\u011blat, je zaregistrovat si \u00fa\u010det a vytvo\u0159it si profil. Pak m\u016f\u017eete hledat \u010dleny, kte\u0159\u00ed hledaj\u00ed stejnou v\u011bc jako vy. M\u016f\u017eete jim pos\u00edlat zpr\u00e1vy, chatovat s nimi a dokonce se s nimi osobn\u011b setkat, [&hellip;]","og_url":"https:\/\/fortprocess.co.uk\/cs\/mistni-fuck-stranky\/","og_site_name":"Process Reviews","twitter_card":"summary_large_image","twitter_misc":{"Odhadovan\u00e1 doba \u010dten\u00ed":"4 minuty"},"schema":{"@context":"https:\/\/schema.org","@graph":[{"@type":"WebSite","@id":"https:\/\/fortprocess.co.uk\/cs\/#website","url":"https:\/\/fortprocess.co.uk\/cs\/","name":"Process Reviews","description":"Casual Dating","potentialAction":[{"@type":"SearchAction","target":{"@type":"EntryPoint","urlTemplate":"https:\/\/fortprocess.co.uk\/cs\/?s={search_term_string}"},"query-input":"required name=search_term_string"}],"inLanguage":"cs"},{"@type":"WebPage","@id":"https:\/\/fortprocess.co.uk\/cs\/mistni-fuck-stranky\/#webpage","url":"https:\/\/fortprocess.co.uk\/cs\/mistni-fuck-stranky\/","name":"M\u00edstn\u00ed Fuck Str\u00e1nky - Process Reviews","isPartOf":{"@id":"https:\/\/fortprocess.co.uk\/cs\/#website"},"datePublished":"2022-10-03T12:34:43+00:00","dateModified":"2022-10-03T12:34:43+00:00","breadcrumb":{"@id":"https:\/\/fortprocess.co.uk\/cs\/mistni-fuck-stranky\/#breadcrumb"},"inLanguage":"cs","potentialAction":[{"@type":"ReadAction","target":["https:\/\/fortprocess.co.uk\/cs\/mistni-fuck-stranky\/"]}]},{"@type":"BreadcrumbList","@id":"https:\/\/fortprocess.co.uk\/cs\/mistni-fuck-stranky\/#breadcrumb","itemListElement":[{"@type":"ListItem","position":1,"name":"Home","item":"http:\/\/fortprocess.co.uk\/cs\/"},{"@type":"ListItem","position":2,"name":"M\u00edstn\u00ed Fuck Str\u00e1nky"}]}]}},"_links":{"self":[{"href":"https:\/\/fortprocess.co.uk\/cs\/wp-json\/wp\/v2\/pages\/135"}],"collection":[{"href":"https:\/\/fortprocess.co.uk\/cs\/wp-json\/wp\/v2\/pages"}],"about":[{"href":"https:\/\/fortprocess.co.uk\/cs\/wp-json\/wp\/v2\/types\/page"}],"author":[{"embeddable":true,"href":"https:\/\/fortprocess.co.uk\/cs\/wp-json\/wp\/v2\/users\/1"}],"replies":[{"embeddable":true,"href":"https:\/\/fortprocess.co.uk\/cs\/wp-json\/wp\/v2\/comments?post=135"}],"version-history":[{"count":0,"href":"https:\/\/fortprocess.co.uk\/cs\/wp-json\/wp\/v2\/pages\/135\/revisions"}],"wp:attachment":[{"href":"https:\/\/fortprocess.co.uk\/cs\/wp-json\/wp\/v2\/media?parent=135"}],"curies":[{"name":"wp","href":"https:\/\/api.w.org\/{rel}","templated":true}]}}