{"id":139,"date":"2022-10-03T13:35:18","date_gmt":"2022-10-03T12:35:18","guid":{"rendered":"http:\/\/fortprocess.co.uk\/zdarma-mistni-seznamky\/"},"modified":"2022-10-03T13:35:18","modified_gmt":"2022-10-03T12:35:18","slug":"zdarma-mistni-seznamky","status":"publish","type":"page","link":"https:\/\/fortprocess.co.uk\/cs\/zdarma-mistni-seznamky\/","title":{"rendered":"Zdarma m\u00edstn\u00ed seznamky"},"content":{"rendered":"<p>Existuje mnoho str\u00e1nek pro p\u0159ipojen\u00ed, kter\u00e9 v\u00e1m umo\u017en\u00ed naj\u00edt m\u00edstn\u00ed singly, se kter\u00fdmi se m\u016f\u017eete p\u0159ipojit. Ne v\u0161echny tyto str\u00e1nky jsou v\u0161ak zdarma. N\u011bkter\u00e9 z nich v\u00e1m budou \u00fa\u010dtovat m\u011bs\u00ed\u010dn\u00ed poplatek, zat\u00edmco jin\u00e9 budou vy\u017eadovat, abyste zaplatili za ka\u017ed\u00e9 jednotliv\u00e9 p\u0159ipojen\u00ed.<\/p>\n<p>Pokud hled\u00e1te bezplatn\u00e9 m\u00edstn\u00ed str\u00e1nky pro p\u0159ipojen\u00ed, m\u011bli byste se ur\u010dit\u011b pod\u00edvat na n\u011bkter\u00e9 z n\u00e1sleduj\u00edc\u00edch: Tinder, Bumble, Grindr a Pure. V\u0161echny tyto str\u00e1nky jsou popul\u00e1rn\u00ed a maj\u00ed velkou u\u017eivatelskou z\u00e1kladnu, tak\u017ee ur\u010dit\u011b najdete n\u011bkoho, s k\u00fdm se m\u016f\u017eete spojit.<\/p>\n<p>M\u011bjte na pam\u011bti, \u017ee ne ka\u017ed\u00fd hled\u00e1 na t\u011bchto str\u00e1nk\u00e1ch stejnou v\u011bc. N\u011bkte\u0159\u00ed lid\u00e9 hledaj\u00ed jen p\u0159\u00edle\u017eitostn\u00fd sex, zat\u00edmco jin\u00ed hledaj\u00ed n\u011bco v\u00e1\u017en\u011bj\u0161\u00edho. Ujist\u011bte se, \u017ee m\u00e1te jasno v tom, co hled\u00e1te, ne\u017e za\u010dnete pos\u00edlat zpr\u00e1vy lidem. P\u0159ed registrac\u00ed si tak\u00e9 p\u0159e\u010dt\u011bte smluvn\u00ed podm\u00ednky ka\u017ed\u00e9ho webu. N\u011bkter\u00e9 weby vy\u017eaduj\u00ed, abyste m\u011bli 18 let, zat\u00edmco jin\u00e9 umo\u017e\u0148uj\u00ed lidem v\u0161ech v\u011bkov\u00fdch kategori\u00ed p\u0159ipojit se.<\/p>\n<p>Nakonec v\u017edy bu\u010fte opatrn\u00ed, kdy\u017e se setk\u00e1te s n\u011bk\u00fdm z webu p\u0159ipojen\u00ed. Nezapome\u0148te se setkat na ve\u0159ejn\u00e9m m\u00edst\u011b a d\u00e1t n\u011bkomu v\u011bd\u011bt, kam jdete. Nikdy neposkytujte sv\u00e9 osobn\u00ed \u00fadaje n\u011bkomu, koho jste pr\u00e1v\u011b potkali online.<\/p>\n<h2>Rande v m\u00e9m okol\u00ed<\/h2>\n<p>Seznamov\u00e1n\u00ed m\u016f\u017ee b\u00fdt skv\u011bl\u00fd zp\u016fsob, jak poznat nov\u00e9 lidi a dob\u0159e se bavit. Je v\u0161ak d\u016fle\u017eit\u00e9 si uv\u011bdomit, \u017ee datov\u00e1n\u00ed m\u016f\u017ee b\u00fdt tak\u00e9 riskantn\u00ed. Existuje n\u011bkolik v\u011bc\u00ed, kter\u00e9 je t\u0159eba m\u00edt na pam\u011bti p\u0159i datov\u00e1n\u00ed, jako je nap\u0159\u00edklad pov\u011bdom\u00ed o va\u0161\u00ed osobn\u00ed bezpe\u010dnosti a respektov\u00e1n\u00ed druh\u00e9 osoby.<\/p>\n<p>Kdy\u017e se s n\u011bk\u00fdm setk\u00e1te poprv\u00e9, je d\u016fle\u017eit\u00e9 se setkat na ve\u0159ejn\u00e9m m\u00edst\u011b a \u0159\u00edct p\u0159\u00edteli nebo rodinn\u00e9mu p\u0159\u00edslu\u0161n\u00edkovi, kde budete. Je tak\u00e9 d\u016fle\u017eit\u00e9 d\u016fv\u011b\u0159ovat sv\u00e9mu st\u0159evu; pokud se n\u011bco c\u00edt\u00ed \u0161patn\u011b, pravd\u011bpodobn\u011b to je. Ujist\u011bte se, \u017ee poslouch\u00e1te svou intuici a bu\u010fte up\u0159\u00edmn\u00ed k druh\u00e9 osob\u011b o sv\u00fdch pocitech.<\/p>\n<p>Respekt je kl\u00ed\u010dov\u00fd v ka\u017ed\u00e9m vztahu, ale je obzvl\u00e1\u0161t\u011b d\u016fle\u017eit\u00fd v datov\u00e1n\u00ed vztahu. Ujist\u011bte se, \u017ee respektujete hranice druh\u00e9 osoby a otev\u0159en\u011b a up\u0159\u00edmn\u011b komunikujete o sv\u00fdch vlastn\u00edch hranic\u00edch. Je tak\u00e9 d\u016fle\u017eit\u00e9 respektovat soukrom\u00ed toho druh\u00e9ho a m\u00edt na pam\u011bti pocity druh\u00e9 osoby.<\/p>\n<p>Seznamov\u00e1n\u00ed m\u016f\u017ee b\u00fdt skv\u011bl\u00fd zp\u016fsob, jak poznat nov\u00e9 lidi a bavit se. Je v\u0161ak d\u016fle\u017eit\u00e9 pamatovat na to, abyste byli v bezpe\u010d\u00ed a uctiv\u00ed. Dodr\u017eov\u00e1n\u00edm t\u011bchto pokyn\u016f m\u016f\u017eete pomoci zajistit, aby va\u0161e zku\u0161enost s datov\u00e1n\u00edm byla pozitivn\u00ed a p\u0159\u00edjemn\u00e1.<\/p>\n<h2>Datum ve va\u0161\u00ed oblasti<\/h2>\n<p>V m\u00e9m okol\u00ed nen\u00ed nouze o m\u00edsta, kde hledat l\u00e1sku. M\u00edstn\u00ed barov\u00e1 sc\u00e9na je v\u017edy popul\u00e1rn\u00ed volbou a existuje spousta seznamovac\u00edch aplikac\u00ed a webov\u00fdch str\u00e1nek, ze kter\u00fdch si m\u016f\u017eete vybrat. Pro ty, kte\u0159\u00ed jsou ochotni vynalo\u017eit trochu \u00fasil\u00ed, existuje tak\u00e9 mnoho komunitn\u00edch akc\u00ed a aktivit, kter\u00e9 poskytuj\u00ed p\u0159\u00edle\u017eitosti k setk\u00e1n\u00ed s nov\u00fdmi lidmi. A\u0165 u\u017e hled\u00e1te p\u0159\u00edle\u017eitostn\u00fd flirt nebo dlouhodob\u00fd vztah, ur\u010dit\u011b je tu n\u011bkdo pro v\u00e1s.<\/p>\n<p>Dnes je k dispozici mnoho seznamovac\u00edch aplikac\u00ed a m\u016f\u017ee b\u00fdt t\u011b\u017ek\u00e9 v\u011bd\u011bt, kter\u00e9 z nich jsou legitimn\u00ed. N\u011bkter\u00e9 aplikace jsou v\u00edce zam\u011b\u0159eny na p\u0159ipojen\u00ed ne\u017e na vztahy a m\u016f\u017ee b\u00fdt obt\u00ed\u017en\u00e9 ur\u010dit, kter\u00e1 je kter\u00e1. Existuje v\u0161ak n\u011bkolik kl\u00ed\u010dov\u00fdch v\u011bc\u00ed, kter\u00e9 je t\u0159eba hledat, kter\u00e9 v\u00e1m mohou pomoci identifikovat legitimn\u00ed seznamovac\u00ed aplikaci. Nejprve vyhledejte aplikaci, kter\u00e1 m\u00e1 velkou a aktivn\u00ed u\u017eivatelskou z\u00e1kladnu. To v\u00e1m pom\u016f\u017ee zajistit, \u017ee budete moci naj\u00edt potenci\u00e1ln\u00ed shody. Za druh\u00e9, pod\u00edvejte se na aplikaci, kter\u00e1 m\u00e1 pozitivn\u00ed recenze od u\u017eivatel\u016f. To v\u00e1m pom\u016f\u017ee vyhnout se podvod\u016fm nebo fale\u0161n\u00fdm profil\u016fm. Nakonec se ujist\u011bte, \u017ee je aplikace zdarma k pou\u017eit\u00ed. To v\u00e1m pom\u016f\u017ee vyhnout se skryt\u00fdm n\u00e1klad\u016fm nebo poplatk\u016fm. Podle t\u011bchto tip\u016f si m\u016f\u017eete b\u00fdt jisti, \u017ee najdete legitimn\u00ed seznamovac\u00ed aplikaci, kter\u00e1 v\u00e1m pom\u016f\u017ee naj\u00edt vztah, kter\u00fd hled\u00e1te.<\/p>\n<h3>CougarLife<\/h3>\n<p>CougarLife je jednou z p\u0159edn\u00edch bezplatn\u00fdch m\u00edstn\u00edch seznamovac\u00edch str\u00e1nek, kter\u00e1 umo\u017e\u0148uje star\u0161\u00edm \u017een\u00e1m spojit se s mlad\u0161\u00edmi mu\u017ei. M\u00edsto je ji\u017e n\u011bjakou dobu a m\u00e1 dobrou pov\u011bst. Rozhran\u00ed je u\u017eivatelsky p\u0159\u00edv\u011btiv\u00e9 a web m\u00e1 mnoho funkc\u00ed. Funkce vyhled\u00e1v\u00e1n\u00ed je dobr\u00e1 a existuje mnoho \u010dlen\u016f. M\u00edsto m\u00e1 tak\u00e9 mnoho bezpe\u010dnostn\u00edch prvk\u016f. Jedinou nev\u00fdhodou je, \u017ee web nen\u00ed zdarma a za jeho pou\u017eit\u00ed mus\u00edte zaplatit. Celkov\u011b je CougarLife dobr\u00fdm m\u00edstem, pokud hled\u00e1te bezplatnou m\u00edstn\u00ed seznamku.<\/p>\n<h3>Troud<\/h3>\n<p>Tinder je jednou z nejpopul\u00e1rn\u011bj\u0161\u00edch seznamovac\u00edch aplikac\u00ed s v\u00edce ne\u017e 10 miliony aktivn\u00edch u\u017eivatel\u016f denn\u011b. Je to skv\u011bl\u00e1 aplikace pro setk\u00e1n\u00ed s nov\u00fdmi lidmi a je zdarma k pou\u017eit\u00ed. Existuj\u00ed v\u0161ak ur\u010dit\u00e9 nev\u00fdhody. Jedn\u00edm z nich je, \u017ee to m\u016f\u017ee b\u00fdt velmi n\u00e1vykov\u00e9. Dal\u0161\u00ed je, \u017ee to nen\u00ed p\u0159\u00edli\u0161 dobr\u00e9 pro hled\u00e1n\u00ed dlouhodob\u00fdch vztah\u016f.<\/p>\n<h3>Badoo<\/h3>\n<p>Badoo je bezplatn\u00e1 m\u00edstn\u00ed seznamovac\u00ed aplikace, kter\u00e1 v\u00e1m umo\u017en\u00ed poznat nov\u00e9 lidi ve va\u0161em okol\u00ed. Aplikace m\u00e1 jednoduch\u00e9 rozhran\u00ed a snadno se pou\u017e\u00edv\u00e1. M\u016f\u017eete si vytvo\u0159it profil a p\u0159idat fotky, m\u016f\u017eete vyhledat lidi, se kter\u00fdmi m\u016f\u017eete chatovat, a p\u0159idat je do seznamu p\u0159\u00e1tel. Aplikace m\u00e1 tak\u00e9 mo\u017enost placen\u00e9ho p\u0159edplatn\u00e9ho, kter\u00e1 v\u00e1m umo\u017en\u00ed p\u0159\u00edstup k dal\u0161\u00edm funkc\u00edm, jako je neomezen\u00e9 zas\u00edl\u00e1n\u00ed zpr\u00e1v a mo\u017enost zjistit, kdo si zobrazil v\u00e1\u0161 profil. Aplikace je k dispozici pro za\u0159\u00edzen\u00ed iOS a Android.<\/p>\n","protected":false},"excerpt":{"rendered":"<p>Existuje mnoho str\u00e1nek pro p\u0159ipojen\u00ed, kter\u00e9 v\u00e1m umo\u017en\u00ed naj\u00edt m\u00edstn\u00ed singly, se kter\u00fdmi se m\u016f\u017eete p\u0159ipojit. Ne v\u0161echny tyto str\u00e1nky jsou v\u0161ak zdarma. N\u011bkter\u00e9 z nich v\u00e1m budou \u00fa\u010dtovat m\u011bs\u00ed\u010dn\u00ed poplatek, zat\u00edmco jin\u00e9 budou vy\u017eadovat, abyste zaplatili za ka\u017ed\u00e9 jednotliv\u00e9 p\u0159ipojen\u00ed. Pokud hled\u00e1te bezplatn\u00e9 m\u00edstn\u00ed str\u00e1nky pro p\u0159ipojen\u00ed, m\u011bli byste se ur\u010dit\u011b pod\u00edvat na n\u011bkter\u00e9 [&hellip;]<\/p>\n","protected":false},"author":1,"featured_media":0,"parent":0,"menu_order":0,"comment_status":"closed","ping_status":"closed","template":"","meta":[],"yoast_head":"<!-- This site is optimized with the Yoast SEO plugin v17.7.1 - https:\/\/yoast.com\/wordpress\/plugins\/seo\/ -->\n<title>Zdarma m\u00edstn\u00ed seznamky - Process Reviews<\/title>\n<meta name=\"robots\" content=\"index, follow, max-snippet:-1, max-image-preview:large, max-video-preview:-1\" \/>\n<link rel=\"canonical\" href=\"https:\/\/fortprocess.co.uk\/cs\/zdarma-mistni-seznamky\/\" \/>\n<meta property=\"og:locale\" content=\"cs_CZ\" \/>\n<meta property=\"og:type\" content=\"article\" \/>\n<meta property=\"og:title\" content=\"Zdarma m\u00edstn\u00ed seznamky - Process Reviews\" \/>\n<meta property=\"og:description\" content=\"Existuje mnoho str\u00e1nek pro p\u0159ipojen\u00ed, kter\u00e9 v\u00e1m umo\u017en\u00ed naj\u00edt m\u00edstn\u00ed singly, se kter\u00fdmi se m\u016f\u017eete p\u0159ipojit. Ne v\u0161echny tyto str\u00e1nky jsou v\u0161ak zdarma. N\u011bkter\u00e9 z nich v\u00e1m budou \u00fa\u010dtovat m\u011bs\u00ed\u010dn\u00ed poplatek, zat\u00edmco jin\u00e9 budou vy\u017eadovat, abyste zaplatili za ka\u017ed\u00e9 jednotliv\u00e9 p\u0159ipojen\u00ed. Pokud hled\u00e1te bezplatn\u00e9 m\u00edstn\u00ed str\u00e1nky pro p\u0159ipojen\u00ed, m\u011bli byste se ur\u010dit\u011b pod\u00edvat na n\u011bkter\u00e9 [&hellip;]\" \/>\n<meta property=\"og:url\" content=\"https:\/\/fortprocess.co.uk\/cs\/zdarma-mistni-seznamky\/\" \/>\n<meta property=\"og:site_name\" content=\"Process Reviews\" \/>\n<meta name=\"twitter:card\" content=\"summary_large_image\" \/>\n<meta name=\"twitter:label1\" content=\"Odhadovan\u00e1 doba \u010dten\u00ed\" \/>\n\t<meta name=\"twitter:data1\" content=\"6 minut\" \/>\n<script type=\"application\/ld+json\" class=\"yoast-schema-graph\">{\"@context\":\"https:\/\/schema.org\",\"@graph\":[{\"@type\":\"WebSite\",\"@id\":\"https:\/\/fortprocess.co.uk\/cs\/#website\",\"url\":\"https:\/\/fortprocess.co.uk\/cs\/\",\"name\":\"Process Reviews\",\"description\":\"Casual Dating\",\"potentialAction\":[{\"@type\":\"SearchAction\",\"target\":{\"@type\":\"EntryPoint\",\"urlTemplate\":\"https:\/\/fortprocess.co.uk\/cs\/?s={search_term_string}\"},\"query-input\":\"required name=search_term_string\"}],\"inLanguage\":\"cs\"},{\"@type\":\"WebPage\",\"@id\":\"https:\/\/fortprocess.co.uk\/cs\/zdarma-mistni-seznamky\/#webpage\",\"url\":\"https:\/\/fortprocess.co.uk\/cs\/zdarma-mistni-seznamky\/\",\"name\":\"Zdarma m\\u00edstn\\u00ed seznamky - Process Reviews\",\"isPartOf\":{\"@id\":\"https:\/\/fortprocess.co.uk\/cs\/#website\"},\"datePublished\":\"2022-10-03T12:35:18+00:00\",\"dateModified\":\"2022-10-03T12:35:18+00:00\",\"breadcrumb\":{\"@id\":\"https:\/\/fortprocess.co.uk\/cs\/zdarma-mistni-seznamky\/#breadcrumb\"},\"inLanguage\":\"cs\",\"potentialAction\":[{\"@type\":\"ReadAction\",\"target\":[\"https:\/\/fortprocess.co.uk\/cs\/zdarma-mistni-seznamky\/\"]}]},{\"@type\":\"BreadcrumbList\",\"@id\":\"https:\/\/fortprocess.co.uk\/cs\/zdarma-mistni-seznamky\/#breadcrumb\",\"itemListElement\":[{\"@type\":\"ListItem\",\"position\":1,\"name\":\"Home\",\"item\":\"https:\/\/fortprocess.co.uk\/cs\/\"},{\"@type\":\"ListItem\",\"position\":2,\"name\":\"Zdarma m\\u00edstn\\u00ed seznamky\"}]}]}<\/script>\n<!-- \/ Yoast SEO plugin. -->","yoast_head_json":{"title":"Zdarma m\u00edstn\u00ed seznamky - Process Reviews","robots":{"index":"index","follow":"follow","max-snippet":"max-snippet:-1","max-image-preview":"max-image-preview:large","max-video-preview":"max-video-preview:-1"},"canonical":"https:\/\/fortprocess.co.uk\/cs\/zdarma-mistni-seznamky\/","og_locale":"cs_CZ","og_type":"article","og_title":"Zdarma m\u00edstn\u00ed seznamky - Process Reviews","og_description":"Existuje mnoho str\u00e1nek pro p\u0159ipojen\u00ed, kter\u00e9 v\u00e1m umo\u017en\u00ed naj\u00edt m\u00edstn\u00ed singly, se kter\u00fdmi se m\u016f\u017eete p\u0159ipojit. Ne v\u0161echny tyto str\u00e1nky jsou v\u0161ak zdarma. N\u011bkter\u00e9 z nich v\u00e1m budou \u00fa\u010dtovat m\u011bs\u00ed\u010dn\u00ed poplatek, zat\u00edmco jin\u00e9 budou vy\u017eadovat, abyste zaplatili za ka\u017ed\u00e9 jednotliv\u00e9 p\u0159ipojen\u00ed. Pokud hled\u00e1te bezplatn\u00e9 m\u00edstn\u00ed str\u00e1nky pro p\u0159ipojen\u00ed, m\u011bli byste se ur\u010dit\u011b pod\u00edvat na n\u011bkter\u00e9 [&hellip;]","og_url":"https:\/\/fortprocess.co.uk\/cs\/zdarma-mistni-seznamky\/","og_site_name":"Process Reviews","twitter_card":"summary_large_image","twitter_misc":{"Odhadovan\u00e1 doba \u010dten\u00ed":"6 minut"},"schema":{"@context":"https:\/\/schema.org","@graph":[{"@type":"WebSite","@id":"https:\/\/fortprocess.co.uk\/cs\/#website","url":"https:\/\/fortprocess.co.uk\/cs\/","name":"Process Reviews","description":"Casual Dating","potentialAction":[{"@type":"SearchAction","target":{"@type":"EntryPoint","urlTemplate":"https:\/\/fortprocess.co.uk\/cs\/?s={search_term_string}"},"query-input":"required name=search_term_string"}],"inLanguage":"cs"},{"@type":"WebPage","@id":"https:\/\/fortprocess.co.uk\/cs\/zdarma-mistni-seznamky\/#webpage","url":"https:\/\/fortprocess.co.uk\/cs\/zdarma-mistni-seznamky\/","name":"Zdarma m\u00edstn\u00ed seznamky - Process Reviews","isPartOf":{"@id":"https:\/\/fortprocess.co.uk\/cs\/#website"},"datePublished":"2022-10-03T12:35:18+00:00","dateModified":"2022-10-03T12:35:18+00:00","breadcrumb":{"@id":"https:\/\/fortprocess.co.uk\/cs\/zdarma-mistni-seznamky\/#breadcrumb"},"inLanguage":"cs","potentialAction":[{"@type":"ReadAction","target":["https:\/\/fortprocess.co.uk\/cs\/zdarma-mistni-seznamky\/"]}]},{"@type":"BreadcrumbList","@id":"https:\/\/fortprocess.co.uk\/cs\/zdarma-mistni-seznamky\/#breadcrumb","itemListElement":[{"@type":"ListItem","position":1,"name":"Home","item":"https:\/\/fortprocess.co.uk\/cs\/"},{"@type":"ListItem","position":2,"name":"Zdarma m\u00edstn\u00ed seznamky"}]}]}},"_links":{"self":[{"href":"https:\/\/fortprocess.co.uk\/cs\/wp-json\/wp\/v2\/pages\/139"}],"collection":[{"href":"https:\/\/fortprocess.co.uk\/cs\/wp-json\/wp\/v2\/pages"}],"about":[{"href":"https:\/\/fortprocess.co.uk\/cs\/wp-json\/wp\/v2\/types\/page"}],"author":[{"embeddable":true,"href":"https:\/\/fortprocess.co.uk\/cs\/wp-json\/wp\/v2\/users\/1"}],"replies":[{"embeddable":true,"href":"https:\/\/fortprocess.co.uk\/cs\/wp-json\/wp\/v2\/comments?post=139"}],"version-history":[{"count":0,"href":"https:\/\/fortprocess.co.uk\/cs\/wp-json\/wp\/v2\/pages\/139\/revisions"}],"wp:attachment":[{"href":"https:\/\/fortprocess.co.uk\/cs\/wp-json\/wp\/v2\/media?parent=139"}],"curies":[{"name":"wp","href":"https:\/\/api.w.org\/{rel}","templated":true}]}}