{"id":152,"date":"2022-10-03T13:34:27","date_gmt":"2022-10-03T12:34:27","guid":{"rendered":"http:\/\/fortprocess.co.uk\/mistni-sexualni-aplikace\/"},"modified":"2022-10-03T13:34:27","modified_gmt":"2022-10-03T12:34:27","slug":"mistni-sexualni-aplikace","status":"publish","type":"page","link":"https:\/\/fortprocess.co.uk\/cs\/mistni-sexualni-aplikace\/","title":{"rendered":"M\u00edstn\u00ed sexu\u00e1ln\u00ed aplikace"},"content":{"rendered":"<p>Existuje n\u011bkolik m\u00edstn\u00edch sexu\u00e1ln\u00edch aplikac\u00ed, kter\u00e9 se staly popul\u00e1rn\u00edmi pro lidi, kte\u0159\u00ed se cht\u011bj\u00ed p\u0159ipojit. Jsou navr\u017eeny tak, aby v\u00e1m pomohly naj\u00edt n\u011bkoho ve va\u0161\u00ed oblasti, kdo hled\u00e1 stejnou v\u011bc, kterou jste vy, a mohou b\u00fdt skv\u011bl\u00fdm zp\u016fsobem, jak se polo\u017eit. Mus\u00edte v\u0161ak b\u00fdt opatrn\u00ed, kterou aplikaci pou\u017e\u00edv\u00e1te, proto\u017ee n\u011bkter\u00e9 z nich jsou lep\u0161\u00ed ne\u017e jin\u00e9. Nejlep\u0161\u00ed aplikace, kterou m\u016f\u017eete pou\u017e\u00edt, je ta, kter\u00e1 m\u00e1 spoustu pozitivn\u00edch recenz\u00ed a kter\u00e1 je navr\u017eena tak, aby v\u00e1m pomohla naj\u00edt n\u011bkoho, s k\u00fdm se m\u016f\u017eete rychle a snadno spojit.<\/p>\n<h2>P\u0159\u00edle\u017eitostn\u00e9 seznamov\u00e1n\u00ed<\/h2>\n<p>Nen\u00ed t\u0159eba b\u00fdt nerv\u00f3zn\u00ed z toho, \u017ee jdete na rande s n\u011bk\u00fdm, koho jste potkali online &#8211; je to p\u0159\u00edle\u017eitostn\u00e9 rand\u011bn\u00ed! Jen relaxujte a bavte se. Nejlep\u0161\u00ed v\u011bc na p\u0159\u00edle\u017eitostn\u00e9m datov\u00e1n\u00ed je, \u017ee m\u016f\u017eete vz\u00edt v\u011bci sv\u00fdm vlastn\u00edm tempem a zjistit, kam jdou. Pokud v\u011bci nefunguj\u00ed, m\u016f\u017eete j\u00edt d\u00e1l. \u017d\u00e1dn\u00e1 \u0161koda, \u017e\u00e1dn\u00fd faul.<\/p>\n<p>Nen\u00ed t\u0159eba se styd\u011bt, pokud jde o sexu\u00e1ln\u00ed datov\u00e1n\u00ed &#8211; v\u0161ichni zde hledaj\u00ed stejnou v\u011bc! Sta\u010d\u00ed si vytvo\u0159it profil, vyhledat dal\u0161\u00ed \u010dleny, kte\u0159\u00ed odpov\u00eddaj\u00ed va\u0161im krit\u00e9ri\u00edm, a za\u010d\u00edt chatovat! Mo\u017en\u00e1 jen najdete l\u00e1sku sv\u00e9ho \u017eivota!<\/p>\n<h2>Naj\u00edt sex<\/h2>\n<p>Na tuto ot\u00e1zku neexistuje \u017e\u00e1dn\u00e1 odpov\u011b\u010f &#8211; ka\u017ed\u00fd je jin\u00fd a bude m\u00edt jin\u00e9 preference, pokud jde o hled\u00e1n\u00ed sexu v kontextu datov\u00e1n\u00ed. Existuje v\u0161ak n\u011bkolik obecn\u00fdch tip\u016f, kter\u00e9 v\u00e1m mohou pomoci snadn\u011bji naj\u00edt sex. Nejprve se sna\u017ete b\u00fdt otev\u0159en\u00ed a up\u0159\u00edmn\u00ed se sv\u00fdm partnerem (partnery) o va\u0161ich sexu\u00e1ln\u00edch touh\u00e1ch a pot\u0159eb\u00e1ch &#8211; to v\u00e1m pom\u016f\u017ee ujistit se, \u017ee jste oba na stejn\u00e9 str\u00e1nce a \u017ee v\u0161ichni jsou spokojeni s t\u00edm, co se d\u011bje. Za druh\u00e9, nebojte se experimentovat a zkou\u0161et nov\u00e9 v\u011bci &#8211; je to v\u0161echno o nalezen\u00ed toho, co funguje pro v\u00e1s a va\u0161eho partnera (partnery). A kone\u010dn\u011b, komunikace je kl\u00ed\u010dov\u00e1! Ujist\u011bte se, \u017ee mluv\u00edte o jak\u00fdchkoli obav\u00e1ch nebo obav\u00e1ch, kter\u00e9 m\u00e1te p\u0159ed a b\u011bhem sexu, aby se v\u0161ichni c\u00edtili pohodln\u011b a u\u017e\u00edvali si.<\/p>\n<h3>AdultFriendFinder<\/h3>\n<p>Pokud hled\u00e1te m\u00edstn\u00ed sexu\u00e1ln\u00ed aplikaci, AdultFriendFinder je skv\u011bl\u00e1 volba. S v\u00edce ne\u017e 80 miliony \u010dlen\u016f po cel\u00e9m sv\u011bt\u011b je to jedna z nejv\u011bt\u0161\u00edch seznamovac\u00edch aplikac\u00ed v okol\u00ed. A je obzvl\u00e1\u0161t\u011b popul\u00e1rn\u00ed mezi dosp\u011bl\u00fdmi, kte\u0159\u00ed hledaj\u00ed p\u0159\u00edle\u017eitostn\u00e9 p\u0159ipojen\u00ed.<\/p>\n<p>Aplikace je zdarma ke sta\u017een\u00ed a pou\u017eit\u00ed, ale pro p\u0159\u00edstup ke v\u0161em funkc\u00edm budete pot\u0159ebovat placen\u00e9 \u010dlenstv\u00ed. To zahrnuje zas\u00edl\u00e1n\u00ed zpr\u00e1v ostatn\u00edm \u010dlen\u016fm, prohl\u00ed\u017een\u00ed jejich profil\u016f a pou\u017e\u00edv\u00e1n\u00ed funkce vyhled\u00e1v\u00e1n\u00ed v aplikaci.<\/p>\n<p>Celkov\u011b je AdultFriendFinder skv\u011blou volbou, pokud hled\u00e1te m\u00edstn\u00ed sexu\u00e1ln\u00ed aplikaci. Velk\u00e1 u\u017eivatelsk\u00e1 z\u00e1kladna znamen\u00e1, \u017ee pravd\u011bpodobn\u011b najdete n\u011bkoho, kdo je s v\u00e1mi kompatibiln\u00ed, a aplikace se snadno pou\u017e\u00edv\u00e1. Jen si uv\u011bdomte, \u017ee budete pot\u0159ebovat placen\u00e9 \u010dlenstv\u00ed, abyste z toho vyt\u011b\u017eili maximum.<\/p>\n<h3>Badoo<\/h3>\n<p>Badoo je seznamovac\u00ed aplikace, kter\u00e1 je st\u00e1le popul\u00e1rn\u011bj\u0161\u00ed mezi mlad\u00fdmi lidmi. Jedn\u00e1 se o aplikaci zalo\u017eenou na poloze, kter\u00e1 umo\u017e\u0148uje u\u017eivatel\u016fm naj\u00edt a chatovat s ostatn\u00edmi u\u017eivateli ve sv\u00e9 oblasti. Aplikace m\u00e1 tak\u00e9 funkci, kter\u00e1 umo\u017e\u0148uje u\u017eivatel\u016fm naj\u00edt a setkat se s m\u00edstn\u00edmi nezadan\u00fdmi pro p\u0159ipojen\u00ed.<\/p>\n<p>Aplikace se snadno pou\u017e\u00edv\u00e1 a m\u00e1 jednoduch\u00e9 rozhran\u00ed. Je zdarma ke sta\u017een\u00ed a pou\u017eit\u00ed. Aplikace v\u0161ak m\u00e1 n\u011bkter\u00e9 funkce, kter\u00e9 jsou k dispozici pouze pr\u00e9miov\u00fdm u\u017eivatel\u016fm. Mezi tyto funkce pat\u0159\u00ed mo\u017enost zjistit, kdo si zobrazil v\u00e1\u0161 profil, mo\u017enost zjistit, kdo ozna\u010dil va\u0161e fotky jako To se mi l\u00edb\u00ed, a mo\u017enost zjistit, kdo je pobl\u00ed\u017e.<\/p>\n<p>Aplikace je skv\u011bl\u00fd zp\u016fsob, jak se setkat s nov\u00fdmi lidmi a naj\u00edt m\u00edstn\u00ed singles pro p\u0159ipojen\u00ed. Je v\u0161ak d\u016fle\u017eit\u00e9 si uv\u011bdomit potenci\u00e1ln\u00ed rizika spojen\u00e1 s pou\u017e\u00edv\u00e1n\u00edm aplikace. Objevily se zpr\u00e1vy o fale\u0161n\u00fdch profilech a o lidech, kte\u0159\u00ed byli loveni. Existuje tak\u00e9 mo\u017enost, \u017ee u\u017eivatel\u00e9 budou pron\u00e1sledov\u00e1ni nebo obt\u011b\u017eov\u00e1ni.<\/p>\n<h3>DateMyAge<\/h3>\n<p>Pokud hled\u00e1te m\u00edstn\u00ed sexu\u00e1ln\u00ed aplikaci, DateMyAge je skv\u011bl\u00e1 volba. Aplikace se snadno pou\u017e\u00edv\u00e1 a m\u00e1 mnoho funkc\u00ed, d\u00edky nim\u017e je skv\u011blou volbou pro nalezen\u00ed p\u0159\u00edle\u017eitostn\u00e9ho setk\u00e1n\u00ed. Funkce vyhled\u00e1v\u00e1n\u00ed je velmi u\u017eivatelsky p\u0159\u00edv\u011btiv\u00e1 a m\u016f\u017eete vyhled\u00e1vat lidi podle um\u00edst\u011bn\u00ed, v\u011bku a z\u00e1jm\u016f. Syst\u00e9m zas\u00edl\u00e1n\u00ed zpr\u00e1v je tak\u00e9 velmi p\u0159\u00edmo\u010dar\u00fd a m\u016f\u017eete bez probl\u00e9m\u016f odes\u00edlat a p\u0159ij\u00edmat zpr\u00e1vy. Celkov\u011b je DateMyAge skv\u011blou volbou pro nalezen\u00ed m\u00edstn\u00ed sexu\u00e1ln\u00ed aplikace.<\/p>\n","protected":false},"excerpt":{"rendered":"<p>Existuje n\u011bkolik m\u00edstn\u00edch sexu\u00e1ln\u00edch aplikac\u00ed, kter\u00e9 se staly popul\u00e1rn\u00edmi pro lidi, kte\u0159\u00ed se cht\u011bj\u00ed p\u0159ipojit. Jsou navr\u017eeny tak, aby v\u00e1m pomohly naj\u00edt n\u011bkoho ve va\u0161\u00ed oblasti, kdo hled\u00e1 stejnou v\u011bc, kterou jste vy, a mohou b\u00fdt skv\u011bl\u00fdm zp\u016fsobem, jak se polo\u017eit. Mus\u00edte v\u0161ak b\u00fdt opatrn\u00ed, kterou aplikaci pou\u017e\u00edv\u00e1te, proto\u017ee n\u011bkter\u00e9 z nich jsou lep\u0161\u00ed ne\u017e [&hellip;]<\/p>\n","protected":false},"author":1,"featured_media":0,"parent":0,"menu_order":0,"comment_status":"closed","ping_status":"closed","template":"","meta":[],"yoast_head":"<!-- This site is optimized with the Yoast SEO plugin v17.7.1 - https:\/\/yoast.com\/wordpress\/plugins\/seo\/ -->\n<title>M\u00edstn\u00ed sexu\u00e1ln\u00ed aplikace - Process Reviews<\/title>\n<meta name=\"robots\" content=\"index, follow, max-snippet:-1, max-image-preview:large, max-video-preview:-1\" \/>\n<link rel=\"canonical\" href=\"https:\/\/fortprocess.co.uk\/cs\/mistni-sexualni-aplikace\/\" \/>\n<meta property=\"og:locale\" content=\"cs_CZ\" \/>\n<meta property=\"og:type\" content=\"article\" \/>\n<meta property=\"og:title\" content=\"M\u00edstn\u00ed sexu\u00e1ln\u00ed aplikace - Process Reviews\" \/>\n<meta property=\"og:description\" content=\"Existuje n\u011bkolik m\u00edstn\u00edch sexu\u00e1ln\u00edch aplikac\u00ed, kter\u00e9 se staly popul\u00e1rn\u00edmi pro lidi, kte\u0159\u00ed se cht\u011bj\u00ed p\u0159ipojit. Jsou navr\u017eeny tak, aby v\u00e1m pomohly naj\u00edt n\u011bkoho ve va\u0161\u00ed oblasti, kdo hled\u00e1 stejnou v\u011bc, kterou jste vy, a mohou b\u00fdt skv\u011bl\u00fdm zp\u016fsobem, jak se polo\u017eit. Mus\u00edte v\u0161ak b\u00fdt opatrn\u00ed, kterou aplikaci pou\u017e\u00edv\u00e1te, proto\u017ee n\u011bkter\u00e9 z nich jsou lep\u0161\u00ed ne\u017e [&hellip;]\" \/>\n<meta property=\"og:url\" content=\"https:\/\/fortprocess.co.uk\/cs\/mistni-sexualni-aplikace\/\" \/>\n<meta property=\"og:site_name\" content=\"Process Reviews\" \/>\n<meta name=\"twitter:card\" content=\"summary_large_image\" \/>\n<meta name=\"twitter:label1\" content=\"Odhadovan\u00e1 doba \u010dten\u00ed\" \/>\n\t<meta name=\"twitter:data1\" content=\"4 minuty\" \/>\n<script type=\"application\/ld+json\" class=\"yoast-schema-graph\">{\"@context\":\"https:\/\/schema.org\",\"@graph\":[{\"@type\":\"WebSite\",\"@id\":\"https:\/\/fortprocess.co.uk\/cs\/#website\",\"url\":\"https:\/\/fortprocess.co.uk\/cs\/\",\"name\":\"Process Reviews\",\"description\":\"Casual Dating\",\"potentialAction\":[{\"@type\":\"SearchAction\",\"target\":{\"@type\":\"EntryPoint\",\"urlTemplate\":\"https:\/\/fortprocess.co.uk\/cs\/?s={search_term_string}\"},\"query-input\":\"required name=search_term_string\"}],\"inLanguage\":\"cs\"},{\"@type\":\"WebPage\",\"@id\":\"https:\/\/fortprocess.co.uk\/cs\/mistni-sexualni-aplikace\/#webpage\",\"url\":\"https:\/\/fortprocess.co.uk\/cs\/mistni-sexualni-aplikace\/\",\"name\":\"M\\u00edstn\\u00ed sexu\\u00e1ln\\u00ed aplikace - Process Reviews\",\"isPartOf\":{\"@id\":\"https:\/\/fortprocess.co.uk\/cs\/#website\"},\"datePublished\":\"2022-10-03T12:34:27+00:00\",\"dateModified\":\"2022-10-03T12:34:27+00:00\",\"breadcrumb\":{\"@id\":\"https:\/\/fortprocess.co.uk\/cs\/mistni-sexualni-aplikace\/#breadcrumb\"},\"inLanguage\":\"cs\",\"potentialAction\":[{\"@type\":\"ReadAction\",\"target\":[\"https:\/\/fortprocess.co.uk\/cs\/mistni-sexualni-aplikace\/\"]}]},{\"@type\":\"BreadcrumbList\",\"@id\":\"https:\/\/fortprocess.co.uk\/cs\/mistni-sexualni-aplikace\/#breadcrumb\",\"itemListElement\":[{\"@type\":\"ListItem\",\"position\":1,\"name\":\"Home\",\"item\":\"http:\/\/fortprocess.co.uk\/cs\/\"},{\"@type\":\"ListItem\",\"position\":2,\"name\":\"M\\u00edstn\\u00ed sexu\\u00e1ln\\u00ed aplikace\"}]}]}<\/script>\n<!-- \/ Yoast SEO plugin. -->","yoast_head_json":{"title":"M\u00edstn\u00ed sexu\u00e1ln\u00ed aplikace - Process Reviews","robots":{"index":"index","follow":"follow","max-snippet":"max-snippet:-1","max-image-preview":"max-image-preview:large","max-video-preview":"max-video-preview:-1"},"canonical":"https:\/\/fortprocess.co.uk\/cs\/mistni-sexualni-aplikace\/","og_locale":"cs_CZ","og_type":"article","og_title":"M\u00edstn\u00ed sexu\u00e1ln\u00ed aplikace - Process Reviews","og_description":"Existuje n\u011bkolik m\u00edstn\u00edch sexu\u00e1ln\u00edch aplikac\u00ed, kter\u00e9 se staly popul\u00e1rn\u00edmi pro lidi, kte\u0159\u00ed se cht\u011bj\u00ed p\u0159ipojit. Jsou navr\u017eeny tak, aby v\u00e1m pomohly naj\u00edt n\u011bkoho ve va\u0161\u00ed oblasti, kdo hled\u00e1 stejnou v\u011bc, kterou jste vy, a mohou b\u00fdt skv\u011bl\u00fdm zp\u016fsobem, jak se polo\u017eit. Mus\u00edte v\u0161ak b\u00fdt opatrn\u00ed, kterou aplikaci pou\u017e\u00edv\u00e1te, proto\u017ee n\u011bkter\u00e9 z nich jsou lep\u0161\u00ed ne\u017e [&hellip;]","og_url":"https:\/\/fortprocess.co.uk\/cs\/mistni-sexualni-aplikace\/","og_site_name":"Process Reviews","twitter_card":"summary_large_image","twitter_misc":{"Odhadovan\u00e1 doba \u010dten\u00ed":"4 minuty"},"schema":{"@context":"https:\/\/schema.org","@graph":[{"@type":"WebSite","@id":"https:\/\/fortprocess.co.uk\/cs\/#website","url":"https:\/\/fortprocess.co.uk\/cs\/","name":"Process Reviews","description":"Casual Dating","potentialAction":[{"@type":"SearchAction","target":{"@type":"EntryPoint","urlTemplate":"https:\/\/fortprocess.co.uk\/cs\/?s={search_term_string}"},"query-input":"required name=search_term_string"}],"inLanguage":"cs"},{"@type":"WebPage","@id":"https:\/\/fortprocess.co.uk\/cs\/mistni-sexualni-aplikace\/#webpage","url":"https:\/\/fortprocess.co.uk\/cs\/mistni-sexualni-aplikace\/","name":"M\u00edstn\u00ed sexu\u00e1ln\u00ed aplikace - Process Reviews","isPartOf":{"@id":"https:\/\/fortprocess.co.uk\/cs\/#website"},"datePublished":"2022-10-03T12:34:27+00:00","dateModified":"2022-10-03T12:34:27+00:00","breadcrumb":{"@id":"https:\/\/fortprocess.co.uk\/cs\/mistni-sexualni-aplikace\/#breadcrumb"},"inLanguage":"cs","potentialAction":[{"@type":"ReadAction","target":["https:\/\/fortprocess.co.uk\/cs\/mistni-sexualni-aplikace\/"]}]},{"@type":"BreadcrumbList","@id":"https:\/\/fortprocess.co.uk\/cs\/mistni-sexualni-aplikace\/#breadcrumb","itemListElement":[{"@type":"ListItem","position":1,"name":"Home","item":"http:\/\/fortprocess.co.uk\/cs\/"},{"@type":"ListItem","position":2,"name":"M\u00edstn\u00ed sexu\u00e1ln\u00ed aplikace"}]}]}},"_links":{"self":[{"href":"https:\/\/fortprocess.co.uk\/cs\/wp-json\/wp\/v2\/pages\/152"}],"collection":[{"href":"https:\/\/fortprocess.co.uk\/cs\/wp-json\/wp\/v2\/pages"}],"about":[{"href":"https:\/\/fortprocess.co.uk\/cs\/wp-json\/wp\/v2\/types\/page"}],"author":[{"embeddable":true,"href":"https:\/\/fortprocess.co.uk\/cs\/wp-json\/wp\/v2\/users\/1"}],"replies":[{"embeddable":true,"href":"https:\/\/fortprocess.co.uk\/cs\/wp-json\/wp\/v2\/comments?post=152"}],"version-history":[{"count":0,"href":"https:\/\/fortprocess.co.uk\/cs\/wp-json\/wp\/v2\/pages\/152\/revisions"}],"wp:attachment":[{"href":"https:\/\/fortprocess.co.uk\/cs\/wp-json\/wp\/v2\/media?parent=152"}],"curies":[{"name":"wp","href":"https:\/\/api.w.org\/{rel}","templated":true}]}}