{"id":154,"date":"2022-10-03T13:34:58","date_gmt":"2022-10-03T12:34:58","guid":{"rendered":"http:\/\/fortprocess.co.uk\/divky-hledaji-sex\/"},"modified":"2022-10-03T14:05:35","modified_gmt":"2022-10-03T13:05:35","slug":"divky-hledaji-sex","status":"publish","type":"page","link":"https:\/\/fortprocess.co.uk\/cs\/divky-hledaji-sex\/","title":{"rendered":"D\u00edvky hledaj\u00ed sex"},"content":{"rendered":"<p>Nen\u00ed pochyb o tom, \u017ee d\u00edvky v\u017edy hledaj\u00ed sex. Cht\u011bj\u00ed se spojit s n\u011bk\u00fdm, s k\u00fdm se mohou dob\u0159e bavit a komu mohou d\u016fv\u011b\u0159ovat. Nen\u00ed v\u0161ak v\u017edy snadn\u00e9 naj\u00edt n\u011bkoho, komu m\u016f\u017eete d\u016fv\u011b\u0159ovat a s k\u00fdm se m\u016f\u017eete dob\u0159e bavit. N\u011bkdy m\u016f\u017ee b\u00fdt t\u011b\u017ek\u00e9 zjistit, zda se chlap jen sna\u017e\u00ed p\u0159ipojit, nebo zda s v\u00e1mi skute\u010dn\u011b chce chodit. Pokud jen hled\u00e1te h\u00e1\u010dek, pak je d\u016fle\u017eit\u00e9 b\u00fdt schopen zjistit, zda se v\u00e1s chlap jen sna\u017e\u00ed pou\u017e\u00edt. Existuje n\u011bkolik v\u011bc\u00ed, kter\u00e9 m\u016f\u017eete hledat, nap\u0159\u00edklad zda s v\u00e1mi skute\u010dn\u011b mluv\u00ed, nebo zda se v\u00e1s jen sna\u017e\u00ed dostat do postele. Pokud se v\u00e1s chlap jen sna\u017e\u00ed dostat do postele, pak pravd\u011bpodobn\u011b nestoj\u00ed za v\u00e1\u0161 \u010das. Nicm\u00e9n\u011b, pokud se o v\u00e1s chlap zaj\u00edm\u00e1 a skute\u010dn\u011b v\u00e1s chce poznat, pak rozhodn\u011b stoj\u00ed za v\u00e1\u0161 \u010das.<\/p>\n<h2>\u017deny hledaj\u00edc\u00ed sex<\/h2>\n<p>Existuje mnoho \u017een, kter\u00e9 hledaj\u00ed sex. Mohou b\u00fdt \u017eenat\u00ed nebo ve vztahu, ale jsou st\u00e1le nadr\u017een\u00ed. A neboj\u00ed se to p\u0159iznat. Hledaj\u00ed mu\u017ee, kter\u00fd dok\u00e1\u017ee uspokojit jejich pot\u0159eby. A jsou ochotni j\u00edt ven a naj\u00edt ho. Nehledaj\u00ed vztah. Hledaj\u00ed jen dobr\u00fd \u010das.<\/p>\n<p>Existuj\u00ed \u017eeny, kter\u00e9 hledaj\u00ed sex v m\u00e9m okol\u00ed po celou dobu. Nejsem si jist\u00fd pro\u010d, ale zd\u00e1 se, \u017ee poka\u017ed\u00e9, kdy\u017e jdu ven, je tu alespo\u0148 jedna \u017eena, kter\u00e1 hled\u00e1 sex. Mo\u017en\u00e1 jsou jen opravdu nadr\u017een\u00e9, nebo mo\u017en\u00e1 hledaj\u00ed l\u00e1sku. A\u0165 tak \u010di onak, je to pro m\u011b v\u017edy obrat.<\/p>\n<h2>Seznamte se s Horny Women ve va\u0161em okol\u00ed<\/h2>\n<p>Nen\u00ed t\u0159eba se styd\u011bt, pokud jde o setk\u00e1n\u00ed s nadr\u017een\u00fdmi \u017eenami ve va\u0161em okol\u00ed. M\u016f\u017eete je snadno naj\u00edt online prost\u0159ednictv\u00edm seznamovac\u00edch web\u016f nebo aplikac\u00ed. Jakmile najdete n\u011bkoho, koho zaj\u00edm\u00e1te, po\u0161lete mu zpr\u00e1vu a dejte mu v\u011bd\u011bt, co hled\u00e1te. Pokud maj\u00ed z\u00e1jem, odpov\u00ed a m\u016f\u017eete si odtamtud vz\u00edt v\u011bci. Jen se ujist\u011bte, \u017ee jste uctiv\u00ed a p\u0159edem o tom, co hled\u00e1te, abyste se vyhnuli nedorozum\u011bn\u00edm.<\/p>\n<h3>LuckyCrush<\/h3>\n<p>Pokud hled\u00e1te sex, LuckyCrush je seznamovac\u00ed aplikace pro v\u00e1s. Aplikace je navr\u017eena speci\u00e1ln\u011b pro d\u00edvky, kter\u00e9 se cht\u011bj\u00ed spojit s kluky, a je zcela zdarma k pou\u017eit\u00ed. V\u0161e, co mus\u00edte ud\u011blat, je vytvo\u0159it profil a za\u010d\u00edt p\u0159ej\u00ed\u017ed\u011bt. LuckyCrush v\u00e1m uk\u00e1\u017ee kluky ve va\u0161\u00ed oblasti, kte\u0159\u00ed hledaj\u00ed stejnou v\u011bc, kterou jste vy, a m\u016f\u017eete s nimi okam\u017eit\u011b za\u010d\u00edt chatovat. Nejlep\u0161\u00ed na tom je, \u017ee ani nemus\u00edte opustit sv\u016fj d\u016fm, abyste na\u0161li p\u0159ipojen\u00ed; to v\u0161e m\u016f\u017eete ud\u011blat z pohodl\u00ed vlastn\u00ed postele.<\/p>\n<h3>Badoo<\/h3>\n<p>Badoo je seznamovac\u00ed aplikace, kter\u00e1 je obl\u00edben\u00e1 mezi d\u00edvkami, kter\u00e9 hledaj\u00ed sex. Aplikace m\u00e1 spoustu fale\u0161n\u00fdch profil\u016f, co\u017e zt\u011b\u017euje nalezen\u00ed skute\u010dn\u00fdch d\u00edvek. Aplikace je tak\u00e9 zn\u00e1m\u00e1 svou kulturou p\u0159ipojen\u00ed, kter\u00e1 usnad\u0148uje nalezen\u00ed sexu na jednu noc. V aplikaci je v\u0161ak tak\u00e9 mnoho d\u00edvek, kter\u00e9 hledaj\u00ed v\u00e1\u017en\u00fd vztah.<\/p>\n<h3>TinderMeets<\/h3>\n<p>Pokud jste d\u00edvka hledaj\u00edc\u00ed sex, TinderMeets je seznamovac\u00ed aplikace pro v\u00e1s! S v\u00edce ne\u017e 2 miliony aktivn\u00edch u\u017eivatel\u016f je snadn\u00e9 naj\u00edt n\u011bkoho, s k\u00fdm se m\u016f\u017eete spojit. A co je na tom nejlep\u0161\u00ed? To v\u0161e m\u016f\u017eete ud\u011blat z pohodl\u00ed sv\u00e9ho domova! TinderMeets je perfektn\u00ed aplikace pro zanepr\u00e1zdn\u011bn\u00e9 \u017eeny, kter\u00e9 se cht\u011bj\u00ed polo\u017eit, ani\u017e by musely j\u00edt ven a setkat se s mu\u017ei starom\u00f3dn\u00edm zp\u016fsobem. Jednodu\u0161e si vytvo\u0159te profil, p\u0159eje\u010fte prstem doprava na n\u011bkoho, kdo se v\u00e1m l\u00edb\u00ed, a setkejte se na p\u0159ipojen\u00ed!<\/p>\n<p>Aplikace je zdarma ke sta\u017een\u00ed a pou\u017eit\u00ed a neexistuj\u00ed \u017e\u00e1dn\u00e9 skryt\u00e9 poplatky ani n\u00e1kupy v aplikaci. Tak na co je\u0161t\u011b \u010dek\u00e1te? Pus\u0165te se do chyt\u00e1n\u00ed a za\u010dn\u011bte se pokl\u00e1dat!<\/p>\n","protected":false},"excerpt":{"rendered":"<p>Nen\u00ed pochyb o tom, \u017ee d\u00edvky v\u017edy hledaj\u00ed sex. Cht\u011bj\u00ed se spojit s n\u011bk\u00fdm, s k\u00fdm se mohou dob\u0159e bavit a komu mohou d\u016fv\u011b\u0159ovat. Nen\u00ed v\u0161ak v\u017edy snadn\u00e9 naj\u00edt n\u011bkoho, komu m\u016f\u017eete d\u016fv\u011b\u0159ovat a s k\u00fdm se m\u016f\u017eete dob\u0159e bavit. N\u011bkdy m\u016f\u017ee b\u00fdt t\u011b\u017ek\u00e9 zjistit, zda se chlap jen sna\u017e\u00ed p\u0159ipojit, nebo zda s v\u00e1mi [&hellip;]<\/p>\n","protected":false},"author":1,"featured_media":0,"parent":0,"menu_order":0,"comment_status":"closed","ping_status":"closed","template":"","meta":[],"yoast_head":"<!-- This site is optimized with the Yoast SEO plugin v17.7.1 - https:\/\/yoast.com\/wordpress\/plugins\/seo\/ -->\n<title>D\u00edvky hledaj\u00ed sex - Process Reviews<\/title>\n<meta name=\"robots\" content=\"index, follow, max-snippet:-1, max-image-preview:large, max-video-preview:-1\" \/>\n<link rel=\"canonical\" href=\"https:\/\/fortprocess.co.uk\/cs\/divky-hledaji-sex\/\" \/>\n<meta property=\"og:locale\" content=\"cs_CZ\" \/>\n<meta property=\"og:type\" content=\"article\" \/>\n<meta property=\"og:title\" content=\"D\u00edvky hledaj\u00ed sex - Process Reviews\" \/>\n<meta property=\"og:description\" content=\"Nen\u00ed pochyb o tom, \u017ee d\u00edvky v\u017edy hledaj\u00ed sex. Cht\u011bj\u00ed se spojit s n\u011bk\u00fdm, s k\u00fdm se mohou dob\u0159e bavit a komu mohou d\u016fv\u011b\u0159ovat. Nen\u00ed v\u0161ak v\u017edy snadn\u00e9 naj\u00edt n\u011bkoho, komu m\u016f\u017eete d\u016fv\u011b\u0159ovat a s k\u00fdm se m\u016f\u017eete dob\u0159e bavit. N\u011bkdy m\u016f\u017ee b\u00fdt t\u011b\u017ek\u00e9 zjistit, zda se chlap jen sna\u017e\u00ed p\u0159ipojit, nebo zda s v\u00e1mi [&hellip;]\" \/>\n<meta property=\"og:url\" content=\"https:\/\/fortprocess.co.uk\/cs\/divky-hledaji-sex\/\" \/>\n<meta property=\"og:site_name\" content=\"Process Reviews\" \/>\n<meta property=\"article:modified_time\" content=\"2022-10-03T13:05:35+00:00\" \/>\n<meta name=\"twitter:card\" content=\"summary_large_image\" \/>\n<meta name=\"twitter:label1\" content=\"Odhadovan\u00e1 doba \u010dten\u00ed\" \/>\n\t<meta name=\"twitter:data1\" content=\"4 minuty\" \/>\n<script type=\"application\/ld+json\" class=\"yoast-schema-graph\">{\"@context\":\"https:\/\/schema.org\",\"@graph\":[{\"@type\":\"WebSite\",\"@id\":\"https:\/\/fortprocess.co.uk\/cs\/#website\",\"url\":\"https:\/\/fortprocess.co.uk\/cs\/\",\"name\":\"Process Reviews\",\"description\":\"Casual Dating\",\"potentialAction\":[{\"@type\":\"SearchAction\",\"target\":{\"@type\":\"EntryPoint\",\"urlTemplate\":\"https:\/\/fortprocess.co.uk\/cs\/?s={search_term_string}\"},\"query-input\":\"required name=search_term_string\"}],\"inLanguage\":\"cs\"},{\"@type\":\"WebPage\",\"@id\":\"https:\/\/fortprocess.co.uk\/cs\/divky-hledaji-sex\/#webpage\",\"url\":\"https:\/\/fortprocess.co.uk\/cs\/divky-hledaji-sex\/\",\"name\":\"D\\u00edvky hledaj\\u00ed sex - Process Reviews\",\"isPartOf\":{\"@id\":\"https:\/\/fortprocess.co.uk\/cs\/#website\"},\"datePublished\":\"2022-10-03T12:34:58+00:00\",\"dateModified\":\"2022-10-03T13:05:35+00:00\",\"breadcrumb\":{\"@id\":\"https:\/\/fortprocess.co.uk\/cs\/divky-hledaji-sex\/#breadcrumb\"},\"inLanguage\":\"cs\",\"potentialAction\":[{\"@type\":\"ReadAction\",\"target\":[\"https:\/\/fortprocess.co.uk\/cs\/divky-hledaji-sex\/\"]}]},{\"@type\":\"BreadcrumbList\",\"@id\":\"https:\/\/fortprocess.co.uk\/cs\/divky-hledaji-sex\/#breadcrumb\",\"itemListElement\":[{\"@type\":\"ListItem\",\"position\":1,\"name\":\"Home\",\"item\":\"https:\/\/fortprocess.co.uk\/cs\/\"},{\"@type\":\"ListItem\",\"position\":2,\"name\":\"D\\u00edvky hledaj\\u00ed sex\"}]}]}<\/script>\n<!-- \/ Yoast SEO plugin. -->","yoast_head_json":{"title":"D\u00edvky hledaj\u00ed sex - Process Reviews","robots":{"index":"index","follow":"follow","max-snippet":"max-snippet:-1","max-image-preview":"max-image-preview:large","max-video-preview":"max-video-preview:-1"},"canonical":"https:\/\/fortprocess.co.uk\/cs\/divky-hledaji-sex\/","og_locale":"cs_CZ","og_type":"article","og_title":"D\u00edvky hledaj\u00ed sex - Process Reviews","og_description":"Nen\u00ed pochyb o tom, \u017ee d\u00edvky v\u017edy hledaj\u00ed sex. Cht\u011bj\u00ed se spojit s n\u011bk\u00fdm, s k\u00fdm se mohou dob\u0159e bavit a komu mohou d\u016fv\u011b\u0159ovat. Nen\u00ed v\u0161ak v\u017edy snadn\u00e9 naj\u00edt n\u011bkoho, komu m\u016f\u017eete d\u016fv\u011b\u0159ovat a s k\u00fdm se m\u016f\u017eete dob\u0159e bavit. N\u011bkdy m\u016f\u017ee b\u00fdt t\u011b\u017ek\u00e9 zjistit, zda se chlap jen sna\u017e\u00ed p\u0159ipojit, nebo zda s v\u00e1mi [&hellip;]","og_url":"https:\/\/fortprocess.co.uk\/cs\/divky-hledaji-sex\/","og_site_name":"Process Reviews","article_modified_time":"2022-10-03T13:05:35+00:00","twitter_card":"summary_large_image","twitter_misc":{"Odhadovan\u00e1 doba \u010dten\u00ed":"4 minuty"},"schema":{"@context":"https:\/\/schema.org","@graph":[{"@type":"WebSite","@id":"https:\/\/fortprocess.co.uk\/cs\/#website","url":"https:\/\/fortprocess.co.uk\/cs\/","name":"Process Reviews","description":"Casual Dating","potentialAction":[{"@type":"SearchAction","target":{"@type":"EntryPoint","urlTemplate":"https:\/\/fortprocess.co.uk\/cs\/?s={search_term_string}"},"query-input":"required name=search_term_string"}],"inLanguage":"cs"},{"@type":"WebPage","@id":"https:\/\/fortprocess.co.uk\/cs\/divky-hledaji-sex\/#webpage","url":"https:\/\/fortprocess.co.uk\/cs\/divky-hledaji-sex\/","name":"D\u00edvky hledaj\u00ed sex - Process Reviews","isPartOf":{"@id":"https:\/\/fortprocess.co.uk\/cs\/#website"},"datePublished":"2022-10-03T12:34:58+00:00","dateModified":"2022-10-03T13:05:35+00:00","breadcrumb":{"@id":"https:\/\/fortprocess.co.uk\/cs\/divky-hledaji-sex\/#breadcrumb"},"inLanguage":"cs","potentialAction":[{"@type":"ReadAction","target":["https:\/\/fortprocess.co.uk\/cs\/divky-hledaji-sex\/"]}]},{"@type":"BreadcrumbList","@id":"https:\/\/fortprocess.co.uk\/cs\/divky-hledaji-sex\/#breadcrumb","itemListElement":[{"@type":"ListItem","position":1,"name":"Home","item":"https:\/\/fortprocess.co.uk\/cs\/"},{"@type":"ListItem","position":2,"name":"D\u00edvky hledaj\u00ed sex"}]}]}},"_links":{"self":[{"href":"https:\/\/fortprocess.co.uk\/cs\/wp-json\/wp\/v2\/pages\/154"}],"collection":[{"href":"https:\/\/fortprocess.co.uk\/cs\/wp-json\/wp\/v2\/pages"}],"about":[{"href":"https:\/\/fortprocess.co.uk\/cs\/wp-json\/wp\/v2\/types\/page"}],"author":[{"embeddable":true,"href":"https:\/\/fortprocess.co.uk\/cs\/wp-json\/wp\/v2\/users\/1"}],"replies":[{"embeddable":true,"href":"https:\/\/fortprocess.co.uk\/cs\/wp-json\/wp\/v2\/comments?post=154"}],"version-history":[{"count":1,"href":"https:\/\/fortprocess.co.uk\/cs\/wp-json\/wp\/v2\/pages\/154\/revisions"}],"predecessor-version":[{"id":248,"href":"https:\/\/fortprocess.co.uk\/cs\/wp-json\/wp\/v2\/pages\/154\/revisions\/248"}],"wp:attachment":[{"href":"https:\/\/fortprocess.co.uk\/cs\/wp-json\/wp\/v2\/media?parent=154"}],"curies":[{"name":"wp","href":"https:\/\/api.w.org\/{rel}","templated":true}]}}