{"id":196,"date":"2022-10-03T11:12:03","date_gmt":"2022-10-03T10:12:03","guid":{"rendered":"http:\/\/fortprocess.co.uk\/najdete-mistni-prilezitostny-sex-s-nadrzenymi-zenami\/"},"modified":"2022-10-29T13:23:31","modified_gmt":"2022-10-29T12:23:31","slug":"najdete-mistni-prilezitostny-sex-s-nadrzenymi-zenami","status":"publish","type":"page","link":"https:\/\/fortprocess.co.uk\/cs\/","title":{"rendered":"Najd\u011bte m\u00edstn\u00ed p\u0159\u00edle\u017eitostn\u00fd sex s nadr\u017een\u00fdmi \u017eenami"},"content":{"rendered":"<p>Term\u00edn &#8222;p\u0159\u00edle\u017eitostn\u00e9 rand\u011bn\u00ed&#8220; se v dne\u0161n\u00edm sv\u011bt\u011b trochu hod\u00ed. Ale co to vlastn\u011b znamen\u00e1? Je p\u0159\u00edle\u017eitostn\u00e9 rand\u011bn\u00ed dobr\u00e9 pro ka\u017ed\u00e9ho, nebo jen pro ty, kte\u0159\u00ed cht\u011bj\u00ed n\u011bco kr\u00e1tkodob\u00e9ho? Abyste zjistili, zda je pro v\u00e1s p\u0159\u00edle\u017eitostn\u00e9 datov\u00e1n\u00ed spr\u00e1vn\u00e9 nebo \u0161patn\u00e9, je d\u016fle\u017eit\u00e9 pochopit, jak tato forma datov\u00e1n\u00ed funguje.<\/p>\n<h2>Hled\u00e1n\u00ed neform\u00e1ln\u00edho sexu<\/h2>\n<p>Podle Match.com existuj\u00ed t\u0159i typy p\u0159\u00edle\u017eitostn\u00e9ho rand\u011bn\u00ed: jedna noc, p\u0159\u00e1tel\u00e9 s v\u00fdhodami a bez p\u0159ipojen\u00fdch \u0159et\u011bzc\u016f. Ka\u017ed\u00e1 z t\u011bchto forem p\u0159\u00edle\u017eitostn\u00e9ho datov\u00e1n\u00ed m\u00e1 r\u016fzn\u00e9 v\u00fdhody a nev\u00fdhody. Pod\u00edvejme se na to bl\u00ed\u017ee.<\/p>\n<p>Tento typ p\u0159\u00edle\u017eitostn\u00e9ho datov\u00e1n\u00ed je podobn\u00fd p\u0159ipojen\u00ed. N\u011bkoho potk\u00e1te, vym\u011bn\u00edte si \u010d\u00edsla a pak d\u011bl\u00e1te, co se v\u00e1m zl\u00edb\u00ed. Tento typ p\u0159\u00edle\u017eitostn\u00e9ho vztahu nen\u00ed v\u00e1\u017en\u00fd a nevy\u017eaduje mnoho z\u00e1vazku. Pokud hled\u00e1te rychl\u00fd flirt, pak by to pro v\u00e1s mohlo fungovat dob\u0159e. Pokud se v\u0161ak chcete n\u011bkomu zav\u00e1zat, pravd\u011bpodobn\u011b to nebude fungovat, proto\u017ee nejste nikomu opravdu odd\u00e1ni.<\/p>\n<p><img loading=\"lazy\" class=\"alignnone size-large wp-image-36\" src=\"http:\/\/fortprocess.co.uk\/wp-content\/uploads\/2022\/10\/find-love-1024x683.jpeg\" alt=\"\" width=\"640\" height=\"427\" srcset=\"https:\/\/fortprocess.co.uk\/wp-content\/uploads\/2022\/10\/find-love-1024x683.jpeg 1024w, https:\/\/fortprocess.co.uk\/wp-content\/uploads\/2022\/10\/find-love-300x200.jpeg 300w, https:\/\/fortprocess.co.uk\/wp-content\/uploads\/2022\/10\/find-love-768x512.jpeg 768w, https:\/\/fortprocess.co.uk\/wp-content\/uploads\/2022\/10\/find-love.jpeg 1125w\" sizes=\"(max-width: 640px) 100vw, 640px\" \/><\/p>\n<h2>Na\u0161e recenze<\/h2>\n<p>Pokud hled\u00e1te l\u00e1sku online, existuje spousta mo\u017enost\u00ed. N\u011bkte\u0159\u00ed lid\u00e9 d\u00e1vaj\u00ed p\u0159ednost pou\u017e\u00edv\u00e1n\u00ed <a href=\"http:\/\/www.sexrandki.org\">Sexrandki.org<\/a> tradi\u010dn\u00edch web\u016f, jako je Match.com nebo OkCupid, zat\u00edmco jin\u00ed se rozhodnou pro mobiln\u00ed aplikace. Sestavili jsme seznam 10 nejlep\u0161\u00edch bezplatn\u00fdch seznamovac\u00edch aplikac\u00ed, kter\u00e9 jsou dnes k dispozici.<\/p>\n<h3>Troud<\/h3>\n<p>Seznamovac\u00ed aplikace, kter\u00e1 v podstat\u011b vynalezla koncept p\u0159ej\u00ed\u017ed\u011bn\u00ed spr\u00e1vn\u00fdm a \u0161patn\u00fdm, aby na\u0161la l\u00e1sku, se p\u0159ipravuje na spu\u0161t\u011bn\u00ed sv\u00e9 nejnov\u011bj\u0161\u00ed verze. Ve st\u0159edu popul\u00e1rn\u00ed seznamovac\u00ed aplikace ozn\u00e1mila datum vyd\u00e1n\u00ed sv\u00e9 nejnov\u011bj\u0161\u00ed iterace Tinder Plus. Aktualizace p\u0159ich\u00e1z\u00ed 2. dubna a bude st\u00e1t $ 10 \/ m\u011bs\u00edc pro osoby ve v\u011bku 18 let a mlad\u0161\u00ed. Pro v\u0161echny ostatn\u00ed bude cena $ 20 \/ m\u011bs\u00edc.<\/p>\n<p>Pokud hled\u00e1te trochu v\u00edc ne\u017e jen p\u0159\u00edle\u017eitostn\u00e9 p\u0159ipojen\u00ed, jsou v upgradovan\u00e9m bal\u00ed\u010dku zahrnuty n\u011bkter\u00e9 dal\u0161\u00ed funkce. Nejprve z\u00edsk\u00e1te p\u0159\u00edstup k Tinder Discover, kter\u00fd v\u00e1m umo\u017en\u00ed proch\u00e1zet lidi na z\u00e1klad\u011b toho, v jak\u00e9m m\u011bst\u011b \u017eij\u00ed, zda jsou svobodn\u00ed nebo ve vztahu, jak jsou sta\u0159\u00ed a dokonce i jak\u00fd typ pr\u00e1ce d\u011blaj\u00ed.<\/p>\n<p>Z\u00edsk\u00e1te tak\u00e9 p\u0159\u00edstup k funkci P\u0159evinout zp\u011bt, kter\u00e1 v\u00e1m umo\u017en\u00ed vr\u00e1tit zp\u011bt p\u0159edchoz\u00ed p\u0159ejet\u00ed. Tato funkce je skv\u011bl\u00e1, pokud jste omylem p\u0159ejeli p\u0159\u00edli\u0161 mnohokr\u00e1t nebo pokud jste cht\u011bli p\u0159eto\u010dit zp\u011bt, proto\u017ee se v\u00e1m dan\u00e1 osoba nel\u00edbila.<\/p>\n<p>Krom\u011b toho z\u00edsk\u00e1te tak\u00e9 p\u0159\u00edstup k n\u011bkolika exkluzivn\u00edm funkc\u00edm, v\u010detn\u011b mo\u017enosti odes\u00edlat zpr\u00e1vy p\u0159edt\u00edm, ne\u017e se v\u00e1m n\u011bkdo l\u00edb\u00ed, a tak\u00e9 mo\u017enost blokovat u\u017eivatele.<\/p>\n<p>\u00darove\u0148 Plus obsahuje jednu posledn\u00ed v\u00fdhodu: z\u00edsk\u00e1te p\u0159\u00edstup do speci\u00e1ln\u00ed sekce, kde si m\u016f\u017eete prohl\u00e9dnout <a href=\"http:\/\/www.darmowe-sex-randki.com\">sexrandki<\/a> fotografie nezadan\u00fdch, kte\u0159\u00ed v\u00e1s ji\u017e m\u011bli r\u00e1di. Tato funkce se naz\u00fdv\u00e1 &#8222;Odm\u011bny&#8220;. V podstat\u011b, pokud se v\u00e1m n\u011bkdo l\u00edb\u00ed dost, m\u016f\u017eete mu d\u00e1t odm\u011bnu. Tyto odm\u011bny zahrnuj\u00ed v\u011bci, jako jsou samolepky, virtu\u00e1ln\u00ed d\u00e1rky a dokonce i hotovost.<\/p>\n<h3>Z\u00e1v\u011bs<\/h3>\n<p>Seznamovac\u00ed aplikace Hinge je k dispozici pouze prost\u0159ednictv\u00edm aplikac\u00ed pro iOS a Android, co\u017e je m\u00e9n\u011b u\u017eite\u010dn\u00e9 pro lidi bez smartphon\u016f. Kompromisem je, \u017ee aplikace m\u00e1 n\u011bkter\u00e9 z nejlep\u0161\u00edch profil\u016f, co\u017e \u010din\u00ed nalezen\u00ed dobr\u00e9ho z\u00e1pasu z\u00e1bavn\u011bj\u0161\u00ed, ne-li v\u017edy jednodu\u0161\u0161\u00ed.<\/p>\n<p>Krom\u011b obvykl\u00fdch z\u00e1kladn\u00edch statistik &#8211; jako je v\u011bkov\u00e9 rozmez\u00ed, pohlav\u00ed, um\u00edst\u011bn\u00ed, rodinn\u00fd stav atd. &#8211; Profily z\u00e1v\u011bs\u016f v\u00e1m pom\u00e1haj\u00ed pou\u017e\u00edvat fotografie a ps\u00e1t v\u00fdzvy a m\u016f\u017eete dokonce nahr\u00e1vat zvukov\u00e9 klipy.<\/p>\n<p>To v\u0161e usnad\u0148uje vz\u00e1jemnou komunikaci a je to v\u0161echno velmi okouzluj\u00edc\u00ed. Aplikace v\u0161ak nab\u00edz\u00ed malou sadu funkc\u00ed zdarma. M\u016f\u017eete poslat pouze 12 lajk\u016f denn\u011b a neexistuj\u00ed \u017e\u00e1dn\u00e9 placen\u00e9 mo\u017enosti, jak zjistit, kdo v\u00e1s lajkoval, d\u00e1t v\u00e1m r\u00e1d zp\u011bt nebo v\u00e1s p\u0159idat do skupin.<\/p>\n<h3>Pof<\/h3>\n<p>Bezplatn\u00e1 seznamovac\u00ed aplikace Plenty of Fish nen\u00ed p\u0159esn\u011b zn\u00e1m\u00e1 t\u00edm, \u017ee m\u00e1 jedno z nejv\u011bt\u0161\u00edch publik, ale m\u016f\u017ee se pochlubit n\u011bkter\u00fdmi docela p\u016fsobiv\u00fdmi statistikami. Ve skute\u010dnosti, podle AppData, POF m\u00e1 v\u00edce ne\u017e 50 milion\u016f sta\u017een\u00ed po cel\u00e9m sv\u011bt\u011b, co\u017e z n\u011bj \u010din\u00ed jednu z nejstahovan\u011bj\u0161\u00edch aplikac\u00ed na za\u0159\u00edzen\u00edch iOS i Android. A zat\u00edmco v\u011bt\u0161ina t\u011bchto stahov\u00e1n\u00ed prob\u00edh\u00e1 prost\u0159ednictv\u00edm App Store spole\u010dnosti Apple, spousta lid\u00ed stahuje aplikaci p\u0159\u00edmo z Obchodu Play.<\/p>\n<p>Ale co d\u011bl\u00e1 POF vy\u010dn\u00edvaj\u00edc\u00edm z davu? No, krom\u011b toho, \u017ee je zcela zdarma k pou\u017eit\u00ed, nab\u00edz\u00ed tak\u00e9 spoustu v\u00fdhod, kter\u00e9 mnoho konkurent\u016f nezahrnuje. M\u016f\u017eete nap\u0159\u00edklad pos\u00edlat neomezen\u00e9 textov\u00e9 zpr\u00e1vy komukoli, koho chcete, ani\u017e byste museli platit n\u011bco nav\u00edc, a nikdy se nebudete muset ob\u00e1vat, \u017ee na webu naraz\u00edte na n\u011bkoho jin\u00e9ho. Nav\u00edc m\u016f\u017eete ka\u017ed\u00fd den proch\u00e1zet tis\u00edce potenci\u00e1ln\u00edch z\u00e1pas\u016f a nikdy za to nebudete muset platit desetn\u00edk.<\/p>\n<h3>Utk\u00e1n\u00ed<\/h3>\n<p>Aplikace Match je jednou z nejpopul\u00e1rn\u011bj\u0161\u00edch seznamovac\u00edch platforem v okol\u00ed. S v\u00edce ne\u017e 60 miliony aktivn\u00edch u\u017eivatel\u016f m\u011bs\u00ed\u010dn\u011b je Match jednou ze star\u0161\u00edch seznamovac\u00edch aplikac\u00ed v okol\u00ed. Jeho bezplatn\u00e1 verze umo\u017e\u0148uje u\u017eivatel\u016fm proch\u00e1zet profily, pos\u00edlat mrknut\u00ed a \u017e\u00e1dosti o z\u00e1pasy a prohl\u00ed\u017eet z\u00e1pasy, ale neexistuj\u00ed \u017e\u00e1dn\u00e9 mo\u017enosti chatu, prohl\u00ed\u017een\u00ed fotografi\u00ed nebo dokonce odes\u00edl\u00e1n\u00ed d\u00e1rk\u016f.<\/p>\n<p>Chcete-li skute\u010dn\u011b komunikovat s k\u00fdmkoli v r\u00e1mci Match, mus\u00edte zaplatit a\u017e do stupn\u011b Match Plus, kter\u00fd stoj\u00ed $ 35 za m\u011bs\u00edc po dobu t\u0159\u00ed m\u011bs\u00edc\u016f, $ 45 za m\u011bs\u00edc po dobu \u010dty\u0159 m\u011bs\u00edc\u016f nebo $ 60 za m\u011bs\u00edc po dobu \u0161esti m\u011bs\u00edc\u016f. Pokud chcete pokra\u010dovat po \u0161esti m\u011bs\u00edc\u00edch, budete platit 35 dolar\u016f m\u011bs\u00ed\u010dn\u011b za ka\u017ed\u00fdch dal\u0161\u00edch \u0161est m\u011bs\u00edc\u016f.<\/p>\n<p>Pokud hled\u00e1te n\u011bco levn\u011bj\u0161\u00edho, Match nab\u00edz\u00ed zku\u0161ebn\u00ed \u010dlenstv\u00ed za pouh\u00fdch 1,99 $. To v\u00e1m umo\u017en\u00ed p\u0159\u00edstup k bezplatn\u00e9 i placen\u00e9 verzi Match, co\u017e v\u00e1m umo\u017en\u00ed vyzkou\u0161et si to, ani\u017e byste se k n\u011b\u010demu zav\u00e1zali.<\/p>\n<h3>Zmaten\u00e9 chov\u00e1n\u00ed<\/h3>\n<p>Pokud hled\u00e1te dobr\u00fd zp\u016fsob, jak se s n\u011bk\u00fdm setkat, m\u00e1me pro v\u00e1s n\u011bkolik novinek: existuje spousta mo\u017enost\u00ed. Ale jedna aplikace stoj\u00ed nad ostatn\u00edmi. Bumble je seznamovac\u00ed aplikace, d\u00edky kter\u00e9 je hled\u00e1n\u00ed l\u00e1sky snadn\u011bj\u0161\u00ed ne\u017e kdy jindy. A zat\u00edmco existuje mnoho seznamovac\u00edch aplikac\u00ed, to, co odli\u0161uje Bumble, je jeho d\u016fraz na bezpe\u010dnost. Kdy\u017e se zaregistrujete, obdr\u017e\u00edte ov\u011b\u0159ovac\u00ed k\u00f3d prost\u0159ednictv\u00edm textov\u00e9 zpr\u00e1vy. T\u00edm zajist\u00edte, \u017ee k va\u0161emu \u00fa\u010dtu nebude m\u00edt p\u0159\u00edstup nikdo jin\u00fd. Po ov\u011b\u0159en\u00ed m\u016f\u017eete za\u010d\u00edt hledat potenci\u00e1ln\u00ed data. Pokud p\u0159ejedete prstem doprava na n\u011b\u010d\u00ed profil, uvid\u00edte jeho \u017eivotopis a fotky. Odtud se m\u016f\u017eete rozhodnout chatovat p\u0159\u00edmo s nimi nebo pokra\u010dovat v prohl\u00ed\u017een\u00ed. Chcete-li odeslat zpr\u00e1vu, jednodu\u0161e klepn\u011bte na tla\u010d\u00edtko &#8222;napsat nyn\u00ed&#8220;. Po naps\u00e1n\u00ed zpr\u00e1vy se m\u016f\u017eete rozhodnout, zda ji chcete odeslat. Pokud tak u\u010din\u00edte, obdr\u017e\u00edte ozn\u00e1men\u00ed s ozn\u00e1men\u00edm, zda byla va\u0161e zpr\u00e1va p\u0159ijata. Chcete-li, aby v\u011bci byly zaj\u00edmav\u00e9, Bumble v\u00e1m umo\u017e\u0148uje kl\u00e1st ot\u00e1zky b\u011bhem konverzac\u00ed. Pokud byste rad\u011bji jen proch\u00e1zeli bez zas\u00edl\u00e1n\u00ed zpr\u00e1v komukoli, m\u016f\u017eete to ud\u011blat tak\u00e9. Jednodu\u0161e otev\u0159ete aplikaci a p\u0159ejd\u011bte dol\u016f k zobrazen\u00ed profil\u016f. Existuje n\u011bkolik filtr\u016f, kter\u00e9 m\u016f\u017eete pou\u017e\u00edt, v\u010detn\u011b polohy, v\u011bkov\u00e9ho rozmez\u00ed a rodinn\u00e9ho stavu. Zat\u00edmco Bumble nen\u00ed dokonal\u00fd, rozhodn\u011b stoj\u00ed za to se pod\u00edvat, zda hled\u00e1te rychl\u00e9 rande nebo dokonce dlouhodob\u00e9ho partnera.<\/p>\n<h2>Seri\u00f3zn\u00ed Seznamovac\u00ed aplikace<\/h2>\n<p>Existuje spousta d\u016fvod\u016f, pro\u010d lid\u00e9 chod\u00ed na online seznamky. N\u011bkte\u0159\u00ed cht\u011bj\u00ed naj\u00edt n\u011bkoho zvl\u00e1\u0161tn\u00edho; jin\u00ed se prost\u011b cht\u011bj\u00ed setkat s nov\u00fdmi lidmi. A zat\u00edmco n\u011bkter\u00e9 str\u00e1nky vy\u017eaduj\u00ed poplatek, existuje spousta mo\u017enost\u00ed, kter\u00e9 v\u00e1m umo\u017en\u00ed proch\u00e1zet profily zdarma. Zde je p\u011bt na\u0161ich obl\u00edben\u00fdch.<\/p>\n<h3>eHarmony<\/h3>\n<p>Pokud hled\u00e1te dlouhodob\u00fd vztah, eHarmony mo\u017en\u00e1 stoj\u00ed za to se pod\u00edvat. M\u016f\u017eete se zaregistrovat zdarma a zjistit, co se nejl\u00e9pe hod\u00ed. Jakmile tak u\u010din\u00edte, dokon\u010den\u00ed profilu trv\u00e1 p\u0159ibli\u017en\u011b 30 minut. Pot\u00e9 m\u016f\u017eete zdarma pos\u00edlat zpr\u00e1vy na potenci\u00e1ln\u00ed data. Pokud se rozhodnete upgradovat na placen\u00e9 \u010dlenstv\u00ed, m\u016f\u017eete se \u010dleny chatovat zdarma.<\/p>\n<h3>OkCupid<\/h3>\n<p>Pro ty, kte\u0159\u00ed cht\u011bj\u00ed n\u011bco neform\u00e1ln\u00edho, okCupid je skv\u011bl\u00e1 volba. M\u016f\u017eete proch\u00e1zet zdarma, ale nebudete moci nikoho kontaktovat, pokud nezaplat\u00edte za pr\u00e9miov\u00e9 \u010dlenstv\u00ed. Pr\u00e9miov\u00ed \u010dlenov\u00e9 si mohou prohl\u00ed\u017eet fotografie \u010dlen\u016f, pos\u00edlat si navz\u00e1jem zpr\u00e1vy a sledovat, jak jsou kompatibiln\u00ed.<\/p>\n<h3>Badoo<\/h3>\n<p>Badoo je jednou z nejstar\u0161\u00edch seznamovac\u00edch aplikac\u00ed v okol\u00ed, kter\u00e1 byla spu\u0161t\u011bna ji\u017e v roce 2005. Dnes se m\u016f\u017ee pochlubit v\u00edce ne\u017e 200 miliony aktivn\u00edch m\u011bs\u00ed\u010dn\u00edch u\u017eivatel\u016f ve 190 zem\u00edch. Nastaven\u00ed je tak\u00e9 docela snadn\u00e9 &#8211; sta\u010d\u00ed se p\u0159ihl\u00e1sit pomoc\u00ed Facebooku a za\u010d\u00edt p\u0159ej\u00ed\u017ed\u011bt. Shody m\u016f\u017eete filtrovat na z\u00e1klad\u011b v\u011bku, lokality a rodinn\u00e9ho stavu. Existuj\u00ed dokonce i speci\u00e1ln\u00ed akce, kter\u00fdch se m\u016f\u017eete z\u00fa\u010dastnit, abyste se setkali s nov\u00fdmi lidmi.<\/p>\n","protected":false},"excerpt":{"rendered":"<p>Term\u00edn &#8222;p\u0159\u00edle\u017eitostn\u00e9 rand\u011bn\u00ed&#8220; se v dne\u0161n\u00edm sv\u011bt\u011b trochu hod\u00ed. Ale co to vlastn\u011b znamen\u00e1? Je p\u0159\u00edle\u017eitostn\u00e9 rand\u011bn\u00ed dobr\u00e9 pro ka\u017ed\u00e9ho, nebo jen pro ty, kte\u0159\u00ed cht\u011bj\u00ed n\u011bco kr\u00e1tkodob\u00e9ho? Abyste zjistili, zda je pro v\u00e1s p\u0159\u00edle\u017eitostn\u00e9 datov\u00e1n\u00ed spr\u00e1vn\u00e9 nebo \u0161patn\u00e9, je d\u016fle\u017eit\u00e9 pochopit, jak tato forma datov\u00e1n\u00ed funguje. Hled\u00e1n\u00ed neform\u00e1ln\u00edho sexu Podle Match.com existuj\u00ed t\u0159i typy [&hellip;]<\/p>\n","protected":false},"author":1,"featured_media":102,"parent":0,"menu_order":0,"comment_status":"closed","ping_status":"closed","template":"","meta":[],"yoast_head":"<!-- This site is optimized with the Yoast SEO plugin v17.7.1 - https:\/\/yoast.com\/wordpress\/plugins\/seo\/ -->\n<title>Najd\u011bte m\u00edstn\u00ed p\u0159\u00edle\u017eitostn\u00fd sex s nadr\u017een\u00fdmi \u017eenami - Process Reviews<\/title>\n<meta name=\"robots\" content=\"index, follow, max-snippet:-1, max-image-preview:large, max-video-preview:-1\" \/>\n<link rel=\"canonical\" href=\"https:\/\/fortprocess.co.uk\/cs\/\" \/>\n<meta property=\"og:locale\" content=\"cs_CZ\" \/>\n<meta property=\"og:type\" content=\"article\" \/>\n<meta property=\"og:title\" content=\"Najd\u011bte m\u00edstn\u00ed p\u0159\u00edle\u017eitostn\u00fd sex s nadr\u017een\u00fdmi \u017eenami - Process Reviews\" \/>\n<meta property=\"og:description\" content=\"Term\u00edn &#8222;p\u0159\u00edle\u017eitostn\u00e9 rand\u011bn\u00ed&#8220; se v dne\u0161n\u00edm sv\u011bt\u011b trochu hod\u00ed. Ale co to vlastn\u011b znamen\u00e1? Je p\u0159\u00edle\u017eitostn\u00e9 rand\u011bn\u00ed dobr\u00e9 pro ka\u017ed\u00e9ho, nebo jen pro ty, kte\u0159\u00ed cht\u011bj\u00ed n\u011bco kr\u00e1tkodob\u00e9ho? Abyste zjistili, zda je pro v\u00e1s p\u0159\u00edle\u017eitostn\u00e9 datov\u00e1n\u00ed spr\u00e1vn\u00e9 nebo \u0161patn\u00e9, je d\u016fle\u017eit\u00e9 pochopit, jak tato forma datov\u00e1n\u00ed funguje. Hled\u00e1n\u00ed neform\u00e1ln\u00edho sexu Podle Match.com existuj\u00ed t\u0159i typy [&hellip;]\" \/>\n<meta property=\"og:url\" content=\"https:\/\/fortprocess.co.uk\/cs\/\" \/>\n<meta property=\"og:site_name\" content=\"Process Reviews\" \/>\n<meta property=\"article:modified_time\" content=\"2022-10-29T12:23:31+00:00\" \/>\n<meta property=\"og:image\" content=\"https:\/\/fortprocess.co.uk\/wp-content\/uploads\/2022\/10\/meet-for-dates.jpeg\" \/>\n\t<meta property=\"og:image:width\" content=\"2262\" \/>\n\t<meta property=\"og:image:height\" content=\"1500\" \/>\n<meta name=\"twitter:card\" content=\"summary_large_image\" \/>\n<meta name=\"twitter:label1\" content=\"Odhadovan\u00e1 doba \u010dten\u00ed\" \/>\n\t<meta name=\"twitter:data1\" content=\"9 minut\" \/>\n<script type=\"application\/ld+json\" class=\"yoast-schema-graph\">{\"@context\":\"https:\/\/schema.org\",\"@graph\":[{\"@type\":\"WebSite\",\"@id\":\"https:\/\/fortprocess.co.uk\/cs\/#website\",\"url\":\"https:\/\/fortprocess.co.uk\/cs\/\",\"name\":\"Process Reviews\",\"description\":\"Casual Dating\",\"potentialAction\":[{\"@type\":\"SearchAction\",\"target\":{\"@type\":\"EntryPoint\",\"urlTemplate\":\"https:\/\/fortprocess.co.uk\/cs\/?s={search_term_string}\"},\"query-input\":\"required name=search_term_string\"}],\"inLanguage\":\"cs\"},{\"@type\":\"ImageObject\",\"@id\":\"https:\/\/fortprocess.co.uk\/cs\/#primaryimage\",\"inLanguage\":\"cs\",\"url\":\"https:\/\/fortprocess.co.uk\/wp-content\/uploads\/2022\/10\/meet-for-dates.jpeg\",\"contentUrl\":\"https:\/\/fortprocess.co.uk\/wp-content\/uploads\/2022\/10\/meet-for-dates.jpeg\",\"width\":2262,\"height\":1500},{\"@type\":\"WebPage\",\"@id\":\"https:\/\/fortprocess.co.uk\/cs\/#webpage\",\"url\":\"https:\/\/fortprocess.co.uk\/cs\/\",\"name\":\"Najd\\u011bte m\\u00edstn\\u00ed p\\u0159\\u00edle\\u017eitostn\\u00fd sex s nadr\\u017een\\u00fdmi \\u017eenami - Process Reviews\",\"isPartOf\":{\"@id\":\"https:\/\/fortprocess.co.uk\/cs\/#website\"},\"primaryImageOfPage\":{\"@id\":\"https:\/\/fortprocess.co.uk\/cs\/#primaryimage\"},\"datePublished\":\"2022-10-03T10:12:03+00:00\",\"dateModified\":\"2022-10-29T12:23:31+00:00\",\"breadcrumb\":{\"@id\":\"https:\/\/fortprocess.co.uk\/cs\/#breadcrumb\"},\"inLanguage\":\"cs\",\"potentialAction\":[{\"@type\":\"ReadAction\",\"target\":[\"https:\/\/fortprocess.co.uk\/cs\/\"]}]},{\"@type\":\"BreadcrumbList\",\"@id\":\"https:\/\/fortprocess.co.uk\/cs\/#breadcrumb\",\"itemListElement\":[{\"@type\":\"ListItem\",\"position\":1,\"name\":\"Home\",\"item\":\"https:\/\/fortprocess.co.uk\/cs\/\"},{\"@type\":\"ListItem\",\"position\":2,\"name\":\"Najd\\u011bte m\\u00edstn\\u00ed p\\u0159\\u00edle\\u017eitostn\\u00fd sex s nadr\\u017een\\u00fdmi \\u017eenami\"}]}]}<\/script>\n<!-- \/ Yoast SEO plugin. -->","yoast_head_json":{"title":"Najd\u011bte m\u00edstn\u00ed p\u0159\u00edle\u017eitostn\u00fd sex s nadr\u017een\u00fdmi \u017eenami - Process Reviews","robots":{"index":"index","follow":"follow","max-snippet":"max-snippet:-1","max-image-preview":"max-image-preview:large","max-video-preview":"max-video-preview:-1"},"canonical":"https:\/\/fortprocess.co.uk\/cs\/","og_locale":"cs_CZ","og_type":"article","og_title":"Najd\u011bte m\u00edstn\u00ed p\u0159\u00edle\u017eitostn\u00fd sex s nadr\u017een\u00fdmi \u017eenami - Process Reviews","og_description":"Term\u00edn &#8222;p\u0159\u00edle\u017eitostn\u00e9 rand\u011bn\u00ed&#8220; se v dne\u0161n\u00edm sv\u011bt\u011b trochu hod\u00ed. Ale co to vlastn\u011b znamen\u00e1? Je p\u0159\u00edle\u017eitostn\u00e9 rand\u011bn\u00ed dobr\u00e9 pro ka\u017ed\u00e9ho, nebo jen pro ty, kte\u0159\u00ed cht\u011bj\u00ed n\u011bco kr\u00e1tkodob\u00e9ho? Abyste zjistili, zda je pro v\u00e1s p\u0159\u00edle\u017eitostn\u00e9 datov\u00e1n\u00ed spr\u00e1vn\u00e9 nebo \u0161patn\u00e9, je d\u016fle\u017eit\u00e9 pochopit, jak tato forma datov\u00e1n\u00ed funguje. Hled\u00e1n\u00ed neform\u00e1ln\u00edho sexu Podle Match.com existuj\u00ed t\u0159i typy [&hellip;]","og_url":"https:\/\/fortprocess.co.uk\/cs\/","og_site_name":"Process Reviews","article_modified_time":"2022-10-29T12:23:31+00:00","og_image":[{"width":2262,"height":1500,"url":"https:\/\/fortprocess.co.uk\/wp-content\/uploads\/2022\/10\/meet-for-dates.jpeg","type":"image\/jpeg"}],"twitter_card":"summary_large_image","twitter_misc":{"Odhadovan\u00e1 doba \u010dten\u00ed":"9 minut"},"schema":{"@context":"https:\/\/schema.org","@graph":[{"@type":"WebSite","@id":"https:\/\/fortprocess.co.uk\/cs\/#website","url":"https:\/\/fortprocess.co.uk\/cs\/","name":"Process Reviews","description":"Casual Dating","potentialAction":[{"@type":"SearchAction","target":{"@type":"EntryPoint","urlTemplate":"https:\/\/fortprocess.co.uk\/cs\/?s={search_term_string}"},"query-input":"required name=search_term_string"}],"inLanguage":"cs"},{"@type":"ImageObject","@id":"https:\/\/fortprocess.co.uk\/cs\/#primaryimage","inLanguage":"cs","url":"https:\/\/fortprocess.co.uk\/wp-content\/uploads\/2022\/10\/meet-for-dates.jpeg","contentUrl":"https:\/\/fortprocess.co.uk\/wp-content\/uploads\/2022\/10\/meet-for-dates.jpeg","width":2262,"height":1500},{"@type":"WebPage","@id":"https:\/\/fortprocess.co.uk\/cs\/#webpage","url":"https:\/\/fortprocess.co.uk\/cs\/","name":"Najd\u011bte m\u00edstn\u00ed p\u0159\u00edle\u017eitostn\u00fd sex s nadr\u017een\u00fdmi \u017eenami - Process Reviews","isPartOf":{"@id":"https:\/\/fortprocess.co.uk\/cs\/#website"},"primaryImageOfPage":{"@id":"https:\/\/fortprocess.co.uk\/cs\/#primaryimage"},"datePublished":"2022-10-03T10:12:03+00:00","dateModified":"2022-10-29T12:23:31+00:00","breadcrumb":{"@id":"https:\/\/fortprocess.co.uk\/cs\/#breadcrumb"},"inLanguage":"cs","potentialAction":[{"@type":"ReadAction","target":["https:\/\/fortprocess.co.uk\/cs\/"]}]},{"@type":"BreadcrumbList","@id":"https:\/\/fortprocess.co.uk\/cs\/#breadcrumb","itemListElement":[{"@type":"ListItem","position":1,"name":"Home","item":"https:\/\/fortprocess.co.uk\/cs\/"},{"@type":"ListItem","position":2,"name":"Najd\u011bte m\u00edstn\u00ed p\u0159\u00edle\u017eitostn\u00fd sex s nadr\u017een\u00fdmi \u017eenami"}]}]}},"_links":{"self":[{"href":"https:\/\/fortprocess.co.uk\/cs\/wp-json\/wp\/v2\/pages\/196"}],"collection":[{"href":"https:\/\/fortprocess.co.uk\/cs\/wp-json\/wp\/v2\/pages"}],"about":[{"href":"https:\/\/fortprocess.co.uk\/cs\/wp-json\/wp\/v2\/types\/page"}],"author":[{"embeddable":true,"href":"https:\/\/fortprocess.co.uk\/cs\/wp-json\/wp\/v2\/users\/1"}],"replies":[{"embeddable":true,"href":"https:\/\/fortprocess.co.uk\/cs\/wp-json\/wp\/v2\/comments?post=196"}],"version-history":[{"count":1,"href":"https:\/\/fortprocess.co.uk\/cs\/wp-json\/wp\/v2\/pages\/196\/revisions"}],"predecessor-version":[{"id":310,"href":"https:\/\/fortprocess.co.uk\/cs\/wp-json\/wp\/v2\/pages\/196\/revisions\/310"}],"wp:featuredmedia":[{"embeddable":true,"href":"https:\/\/fortprocess.co.uk\/cs\/wp-json\/wp\/v2\/media\/102"}],"wp:attachment":[{"href":"https:\/\/fortprocess.co.uk\/cs\/wp-json\/wp\/v2\/media?parent=196"}],"curies":[{"name":"wp","href":"https:\/\/api.w.org\/{rel}","templated":true}]}}