{"id":128,"date":"2022-10-03T13:35:48","date_gmt":"2022-10-03T12:35:48","guid":{"rendered":"http:\/\/fortprocess.co.uk\/ausgereifte-dating-sites\/"},"modified":"2022-10-03T14:05:18","modified_gmt":"2022-10-03T13:05:18","slug":"ausgereifte-dating-sites","status":"publish","type":"page","link":"https:\/\/fortprocess.co.uk\/de\/ausgereifte-dating-sites\/","title":{"rendered":"Ausgereifte Dating-Sites"},"content":{"rendered":"<p>Es gibt ein paar Dinge, die Sie beachten sollten, wenn Sie ausgereifte Dating-Sites verwenden. Erstens, seien Sie sich dar\u00fcber im Klaren, wonach Sie suchen. Reife Dating-Sites sind voll von Menschen, die nach verschiedenen Dingen suchen, also seien Sie genau dar\u00fcber, wonach Sie suchen, um Missverst\u00e4ndnisse zu vermeiden. Zweitens, haben Sie keine Angst, offen \u00fcber Ihre Absichten zu sein. Reife Dating-Sites sind voll von Menschen, die offen und ehrlich \u00fcber ihre W\u00fcnsche sind, also haben Sie keine Angst, sie wissen zu lassen, wonach Sie suchen. Nehmen Sie sich schlie\u00dflich Zeit und genie\u00dfen Sie den Prozess. Reife Dating-Sites k\u00f6nnen eine gro\u00dfartige M\u00f6glichkeit sein, neue Leute kennenzulernen und Spa\u00df zu haben, also nehmen Sie sich Zeit und genie\u00dfen Sie die Erfahrung.<\/p>\n<h2>Reife Frauen Dating-Site<\/h2>\n<p>Es gibt viele Dating-Sites, die sich an verschiedene Altersgruppen richten, einschlie\u00dflich reifer Frauen. Einige Websites richten sich speziell an reife Frauen, w\u00e4hrend andere allgemeiner sind. Es gibt auch Websites, die auf bestimmte Interessen eingehen, z. B. solche, die sich auf das Dating f\u00fcr schwarze Frauen konzentrieren, oder solche, die sich an christliche Singles richten. Bei der Auswahl einer reifen Frauen-Dating-Site ist es wichtig zu \u00fcberlegen, wonach Sie bei einem Partner suchen. Sind Sie an einer langfristigen Beziehung oder einem gelegentlichen Seitensprung interessiert? Was sind Ihre Deal Breaker? Sobald Sie wissen, wonach Sie suchen, k\u00f6nnen Sie Ihre Suche eingrenzen, um die perfekte Website f\u00fcr Sie zu finden.<\/p>\n<h2>Treffen Sie \u00e4ltere Frauen f\u00fcr Sex<\/h2>\n<p>Es gibt viele M\u00f6glichkeiten, \u00e4ltere Frauen f\u00fcr Sex zu treffen, aber einige sind effektiver als andere. Eine M\u00f6glichkeit, sie zu treffen, besteht darin, an Orte zu gehen, an denen sie sich wahrscheinlich versammeln werden, wie Bars oder Clubs. Eine andere M\u00f6glichkeit besteht darin, Online-Dating-Sites zu verwenden, die speziell f\u00fcr Personen entwickelt wurden, um sich zu treffen und zu verabreden. Der effektivste Weg, \u00e4ltere Frauen f\u00fcr Sex zu treffen, ist jedoch die Nutzung eines professionellen Partnervermittlungsdienstes. Auf diese Weise k\u00f6nnen Sie sicher sein, dass Sie \u00e4ltere Frauen treffen, die sich f\u00fcr Sex interessieren und die auch mit Ihnen kompatibel sind.<\/p>\n<p>Es gibt viele Dating-Sites f\u00fcr verschiedene Altersgruppen, aber manchmal kann es schwierig sein, eine zu finden, die speziell auf \u00e4ltere Frauen ausgerichtet ist. Gl\u00fccklicherweise gibt es einige gro\u00dfartige Optionen speziell f\u00fcr \u00e4ltere Frauen, die nach Liebe suchen. OurTime ist eine beliebte Dating-Site f\u00fcr reife Singles \u00fcber 50, mit einer einfachen Benutzeroberfl\u00e4che und vielen gro\u00dfartigen Funktionen, die Ihnen helfen, Ihre perfekte \u00dcbereinstimmung zu finden. Eine weitere Option ist SilverSingles, die sich speziell an reife Singles \u00fcber 50 richtet und sich darauf konzentriert, ihnen zu helfen, langfristige Beziehungen zu finden. Beide Seiten haben kostenlose und kostenpflichtige Optionen, so dass Sie jede einzelne ausprobieren und sehen k\u00f6nnen, welche f\u00fcr Sie am besten funktioniert. F\u00fcr welche Website Sie sich auch entscheiden, nehmen Sie sich etwas Zeit, um Ihr Profil auszuf\u00fcllen und einige gute Bilder hochzuladen, um potenzielle \u00dcbereinstimmungen anzuziehen. Mit ein wenig M\u00fche sollten Sie in der Lage sein, einige gro\u00dfartige \u00dcbereinstimmungen auf einer dieser Websites zu finden.<\/p>\n<h3>Passion.com<\/h3>\n<p>Wenn Sie nach einer ausgereiften Dating-Site suchen, die Ihnen helfen kann, leidenschaftliche, kompatible Partner zu finden, suchen Sie nicht weiter als Passion.com. Mit seiner umfangreichen Mitgliederdatenbank, den leistungsstarken Suchwerkzeugen und der benutzerfreundlichen Oberfl\u00e4che macht Passion.com es einfach, jemanden zu finden, der Ihre Interessen und W\u00fcnsche teilt. W\u00e4hrend die Website einige gro\u00dfartige Funktionen bietet, ist es aufgrund ihrer fehlenden Sicherheitsfunktionen und des Kundensupports schwierig, sie jedem zu empfehlen, der eine ernsthafte Beziehung sucht.<\/p>\n<h3>OnlyFlings<\/h3>\n<p>Wenn Sie nach einer ausgereiften Dating-Site suchen, die sich an Benutzer von Onlyfling-Dating-Apps richtet, sollten Sie sich OnlyFlings ansehen. Diese App wurde speziell f\u00fcr Menschen entwickelt, die nach Seitenspr\u00fcngen, Verbindungen und zuf\u00e4lligen Begegnungen suchen. Die App ist einfach zu bedienen und verf\u00fcgt \u00fcber viele Funktionen, die sie zu einer guten Wahl f\u00fcr \u00e4ltere Dating-Site-Benutzer machen. Die App hat eine gro\u00dfe Benutzerbasis, so dass Sie keine Probleme haben werden, jemanden zu finden, mit dem Sie sich verbinden k\u00f6nnen. Die App ist auch sehr erschwinglich, so dass Sie nicht viel Geld ausgeben m\u00fcssen, um sie zu benutzen. Insgesamt ist OnlyFlings eine gute Wahl f\u00fcr reife Dating-Site-Nutzer, die nach einem Fling oder Hookup suchen.<\/p>\n<h3>NaughtyDate<\/h3>\n<p>NaughtyDate ist eine Dating-App f\u00fcr Menschen, die nach reifen, erwachsenen Beziehungen suchen. Es hat eine 4-Sterne-Bewertung im App Store und eine 3,5-Sterne-Bewertung bei Google Play. Die App kann kostenlos heruntergeladen und verwendet werden, aber Sie k\u00f6nnen ein Upgrade auf eine Premium-Mitgliedschaft f\u00fcr $ 9.99 \/ Monat durchf\u00fchren. Premium-Mitglieder erhalten Zugriff auf erweiterte Suchfilter, unbegrenzte Nachrichten und andere Funktionen.<\/p>\n<p>NaughtyDate ist eine gro\u00dfartige Option f\u00fcr Menschen, die nach reifen, erwachsenen Beziehungen suchen. Die App ist einfach zu bedienen und verf\u00fcgt \u00fcber viele Funktionen, die sie zu einer guten Wahl f\u00fcr Menschen machen, die nach etwas mehr als einem Anschluss suchen. Der einzige Nachteil ist, dass es nicht so beliebt ist wie einige der anderen Dating-Apps da drau\u00dfen, so dass Sie m\u00f6glicherweise Schwierigkeiten haben, \u00dcbereinstimmungen in Ihrer N\u00e4he zu finden.<\/p>\n","protected":false},"excerpt":{"rendered":"<p>Es gibt ein paar Dinge, die Sie beachten sollten, wenn Sie ausgereifte Dating-Sites verwenden. Erstens, seien Sie sich dar\u00fcber im Klaren, wonach Sie suchen. Reife Dating-Sites sind voll von Menschen, die nach verschiedenen Dingen suchen, also seien Sie genau dar\u00fcber, wonach Sie suchen, um Missverst\u00e4ndnisse zu vermeiden. Zweitens, haben Sie keine Angst, offen \u00fcber Ihre [&hellip;]<\/p>\n","protected":false},"author":1,"featured_media":0,"parent":0,"menu_order":0,"comment_status":"closed","ping_status":"closed","template":"","meta":[],"yoast_head":"<!-- This site is optimized with the Yoast SEO plugin v17.7.1 - https:\/\/yoast.com\/wordpress\/plugins\/seo\/ -->\n<title>Ausgereifte Dating-Sites - Process Reviews<\/title>\n<meta name=\"robots\" content=\"index, follow, max-snippet:-1, max-image-preview:large, max-video-preview:-1\" \/>\n<link rel=\"canonical\" href=\"https:\/\/fortprocess.co.uk\/de\/ausgereifte-dating-sites\/\" \/>\n<meta property=\"og:locale\" content=\"de_DE\" \/>\n<meta property=\"og:type\" content=\"article\" \/>\n<meta property=\"og:title\" content=\"Ausgereifte Dating-Sites - Process Reviews\" \/>\n<meta property=\"og:description\" content=\"Es gibt ein paar Dinge, die Sie beachten sollten, wenn Sie ausgereifte Dating-Sites verwenden. Erstens, seien Sie sich dar\u00fcber im Klaren, wonach Sie suchen. Reife Dating-Sites sind voll von Menschen, die nach verschiedenen Dingen suchen, also seien Sie genau dar\u00fcber, wonach Sie suchen, um Missverst\u00e4ndnisse zu vermeiden. Zweitens, haben Sie keine Angst, offen \u00fcber Ihre [&hellip;]\" \/>\n<meta property=\"og:url\" content=\"https:\/\/fortprocess.co.uk\/de\/ausgereifte-dating-sites\/\" \/>\n<meta property=\"og:site_name\" content=\"Process Reviews\" \/>\n<meta property=\"article:modified_time\" content=\"2022-10-03T13:05:18+00:00\" \/>\n<meta name=\"twitter:card\" content=\"summary_large_image\" \/>\n<meta name=\"twitter:label1\" content=\"Gesch\u00e4tzte Lesezeit\" \/>\n\t<meta name=\"twitter:data1\" content=\"4 minutes\" \/>\n<script type=\"application\/ld+json\" class=\"yoast-schema-graph\">{\"@context\":\"https:\/\/schema.org\",\"@graph\":[{\"@type\":\"WebSite\",\"@id\":\"https:\/\/fortprocess.co.uk\/de\/#website\",\"url\":\"https:\/\/fortprocess.co.uk\/de\/\",\"name\":\"Process Reviews\",\"description\":\"Casual Dating\",\"potentialAction\":[{\"@type\":\"SearchAction\",\"target\":{\"@type\":\"EntryPoint\",\"urlTemplate\":\"https:\/\/fortprocess.co.uk\/de\/?s={search_term_string}\"},\"query-input\":\"required name=search_term_string\"}],\"inLanguage\":\"de-DE\"},{\"@type\":\"WebPage\",\"@id\":\"https:\/\/fortprocess.co.uk\/de\/ausgereifte-dating-sites\/#webpage\",\"url\":\"https:\/\/fortprocess.co.uk\/de\/ausgereifte-dating-sites\/\",\"name\":\"Ausgereifte Dating-Sites - Process Reviews\",\"isPartOf\":{\"@id\":\"https:\/\/fortprocess.co.uk\/de\/#website\"},\"datePublished\":\"2022-10-03T12:35:48+00:00\",\"dateModified\":\"2022-10-03T13:05:18+00:00\",\"breadcrumb\":{\"@id\":\"https:\/\/fortprocess.co.uk\/de\/ausgereifte-dating-sites\/#breadcrumb\"},\"inLanguage\":\"de-DE\",\"potentialAction\":[{\"@type\":\"ReadAction\",\"target\":[\"https:\/\/fortprocess.co.uk\/de\/ausgereifte-dating-sites\/\"]}]},{\"@type\":\"BreadcrumbList\",\"@id\":\"https:\/\/fortprocess.co.uk\/de\/ausgereifte-dating-sites\/#breadcrumb\",\"itemListElement\":[{\"@type\":\"ListItem\",\"position\":1,\"name\":\"Home\",\"item\":\"http:\/\/fortprocess.co.uk\/de\/\"},{\"@type\":\"ListItem\",\"position\":2,\"name\":\"Ausgereifte Dating-Sites\"}]}]}<\/script>\n<!-- \/ Yoast SEO plugin. -->","yoast_head_json":{"title":"Ausgereifte Dating-Sites - Process Reviews","robots":{"index":"index","follow":"follow","max-snippet":"max-snippet:-1","max-image-preview":"max-image-preview:large","max-video-preview":"max-video-preview:-1"},"canonical":"https:\/\/fortprocess.co.uk\/de\/ausgereifte-dating-sites\/","og_locale":"de_DE","og_type":"article","og_title":"Ausgereifte Dating-Sites - Process Reviews","og_description":"Es gibt ein paar Dinge, die Sie beachten sollten, wenn Sie ausgereifte Dating-Sites verwenden. Erstens, seien Sie sich dar\u00fcber im Klaren, wonach Sie suchen. Reife Dating-Sites sind voll von Menschen, die nach verschiedenen Dingen suchen, also seien Sie genau dar\u00fcber, wonach Sie suchen, um Missverst\u00e4ndnisse zu vermeiden. Zweitens, haben Sie keine Angst, offen \u00fcber Ihre [&hellip;]","og_url":"https:\/\/fortprocess.co.uk\/de\/ausgereifte-dating-sites\/","og_site_name":"Process Reviews","article_modified_time":"2022-10-03T13:05:18+00:00","twitter_card":"summary_large_image","twitter_misc":{"Gesch\u00e4tzte Lesezeit":"4 minutes"},"schema":{"@context":"https:\/\/schema.org","@graph":[{"@type":"WebSite","@id":"https:\/\/fortprocess.co.uk\/de\/#website","url":"https:\/\/fortprocess.co.uk\/de\/","name":"Process Reviews","description":"Casual Dating","potentialAction":[{"@type":"SearchAction","target":{"@type":"EntryPoint","urlTemplate":"https:\/\/fortprocess.co.uk\/de\/?s={search_term_string}"},"query-input":"required name=search_term_string"}],"inLanguage":"de-DE"},{"@type":"WebPage","@id":"https:\/\/fortprocess.co.uk\/de\/ausgereifte-dating-sites\/#webpage","url":"https:\/\/fortprocess.co.uk\/de\/ausgereifte-dating-sites\/","name":"Ausgereifte Dating-Sites - Process Reviews","isPartOf":{"@id":"https:\/\/fortprocess.co.uk\/de\/#website"},"datePublished":"2022-10-03T12:35:48+00:00","dateModified":"2022-10-03T13:05:18+00:00","breadcrumb":{"@id":"https:\/\/fortprocess.co.uk\/de\/ausgereifte-dating-sites\/#breadcrumb"},"inLanguage":"de-DE","potentialAction":[{"@type":"ReadAction","target":["https:\/\/fortprocess.co.uk\/de\/ausgereifte-dating-sites\/"]}]},{"@type":"BreadcrumbList","@id":"https:\/\/fortprocess.co.uk\/de\/ausgereifte-dating-sites\/#breadcrumb","itemListElement":[{"@type":"ListItem","position":1,"name":"Home","item":"http:\/\/fortprocess.co.uk\/de\/"},{"@type":"ListItem","position":2,"name":"Ausgereifte Dating-Sites"}]}]}},"_links":{"self":[{"href":"https:\/\/fortprocess.co.uk\/de\/wp-json\/wp\/v2\/pages\/128"}],"collection":[{"href":"https:\/\/fortprocess.co.uk\/de\/wp-json\/wp\/v2\/pages"}],"about":[{"href":"https:\/\/fortprocess.co.uk\/de\/wp-json\/wp\/v2\/types\/page"}],"author":[{"embeddable":true,"href":"https:\/\/fortprocess.co.uk\/de\/wp-json\/wp\/v2\/users\/1"}],"replies":[{"embeddable":true,"href":"https:\/\/fortprocess.co.uk\/de\/wp-json\/wp\/v2\/comments?post=128"}],"version-history":[{"count":1,"href":"https:\/\/fortprocess.co.uk\/de\/wp-json\/wp\/v2\/pages\/128\/revisions"}],"predecessor-version":[{"id":223,"href":"https:\/\/fortprocess.co.uk\/de\/wp-json\/wp\/v2\/pages\/128\/revisions\/223"}],"wp:attachment":[{"href":"https:\/\/fortprocess.co.uk\/de\/wp-json\/wp\/v2\/media?parent=128"}],"curies":[{"name":"wp","href":"https:\/\/api.w.org\/{rel}","templated":true}]}}