{"id":151,"date":"2022-10-03T13:34:43","date_gmt":"2022-10-03T12:34:43","guid":{"rendered":"http:\/\/fortprocess.co.uk\/lokale-fickseiten\/"},"modified":"2022-10-03T13:34:43","modified_gmt":"2022-10-03T12:34:43","slug":"lokale-fickseiten","status":"publish","type":"page","link":"https:\/\/fortprocess.co.uk\/de\/lokale-fickseiten\/","title":{"rendered":"Lokale Fickseiten"},"content":{"rendered":"<p>Es gibt viele lokale Fickseiten, die Ihnen helfen k\u00f6nnen, jemanden zu finden, mit dem Sie sich in Ihrer N\u00e4he treffen k\u00f6nnen. Alles, was Sie tun m\u00fcssen, ist, sich f\u00fcr ein Konto anzumelden und ein Profil zu erstellen. Dann k\u00f6nnen Sie nach Mitgliedern suchen, die das Gleiche suchen wie Sie. Sie k\u00f6nnen ihnen eine Nachricht senden, mit ihnen chatten und sich sogar pers\u00f6nlich mit ihnen treffen, wenn Sie m\u00f6chten. Denken Sie daran, sicher zu sein und Schutz zu verwenden, wenn Sie sich mit jemandem verbinden, den Sie online getroffen haben.<\/p>\n<h2>Kostenlose Fuck Sites<\/h2>\n<p>Es gibt viele tolle kostenlose Fickseiten da drau\u00dfen. Sie m\u00fcssen nur wissen, wo Sie suchen m\u00fcssen. Der beste Ort, um Ihre Suche zu starten, ist wahrscheinlich eine Suchmaschine wie Google. Geben Sie einfach &#8220;free fuck sites&#8221; ein und Sie sollten eine Reihe von Ergebnissen erhalten. Sobald Sie ein paar gefunden haben, die vielversprechend aussehen, melden Sie sich einfach an und probieren Sie sie aus. Es schadet nicht, ein paar verschiedene auszuprobieren, bis Sie diejenige gefunden haben, die f\u00fcr Sie richtig ist.<\/p>\n<h2>Kostenlose Meet and Fuck Seiten<\/h2>\n<p>Es gibt viele kostenlose Meet-and-Fuck-Sites im Internet, aber nicht alle von ihnen sind gleich. Einige von ihnen sind besser als andere, und einige von ihnen sind nur einfache Betr\u00fcgereien. Es ist wichtig, dass Sie Ihre Nachforschungen anstellen, bevor Sie sich f\u00fcr eine dieser Websites anmelden, da Sie weder Ihre Zeit noch Ihr Geld verschwenden m\u00f6chten.<\/p>\n<p>Die besten kostenlosen Meet-and-Fuck-Sites sind diejenigen, die tats\u00e4chlich funktionieren. Sie verf\u00fcgen \u00fcber eine gro\u00dfe Datenbank potenzieller \u00dcbereinstimmungen und verwenden eine Vielzahl von Algorithmen, um Sie mit jemandem abzugleichen, der mit Ihnen kompatibel ist. Sie haben auch viele Funktionen, die die Erfahrung angenehmer machen, wie Chatrooms und Instant Messaging.<\/p>\n<p>Die schlimmsten kostenlosen Meet-and-Fuck-Sites sind diejenigen, die nichts anderes als Betr\u00fcgereien sind. Diese Websites werden oft nach Ihren Kreditkarteninformationen fragen und sie dann verwenden, um Ihnen Dinge in Rechnung zu stellen, f\u00fcr die Sie sich nicht einmal angemeldet haben. Sie k\u00f6nnten auch versuchen, Ihnen andere Produkte zu verkaufen, oder sie k\u00f6nnten sogar versuchen, Sie dazu zu bringen, sich f\u00fcr ihren kostenpflichtigen Service anzumelden. So oder so, Sie sind besser dran, diese Websites ganz zu vermeiden.<\/p>\n<p>Es gibt viele Leute da drau\u00dfen, die denken, dass &#8220;Fick umsonst&#8221; eine gro\u00dfartige M\u00f6glichkeit ist, sich zu verabreden. W\u00e4hrend es definitiv einige Vorteile f\u00fcr diesen Ansatz gibt, gibt es auch einige gro\u00dfe Nachteile. Eines der gr\u00f6\u00dften Probleme mit &#8220;fuck for free&#8221; ist, dass es oft einfach eine M\u00f6glichkeit f\u00fcr Menschen ist, andere auszunutzen. Wenn Sie nicht vorsichtig sind, k\u00f6nnten Sie sich leicht in einer Situation befinden, in der Sie sich daran gew\u00f6hnen und ausgenutzt werden, ohne jemals wirklich etwas daf\u00fcr zu bekommen. Dar\u00fcber hinaus kann &#8220;fuck for free&#8221; auch zu viel Drama und Konflikten f\u00fchren, da die Leute oft um die Aufmerksamkeit derselben Person wetteifern. Wenn Sie nicht bereit sind, damit umzugehen, dann ist &#8220;fuck for free&#8221; wahrscheinlich nicht der beste Ansatz f\u00fcr Sie.<\/p>\n<h3>Silberner Papa<\/h3>\n<p>Wenn Sie nach einem Silver Daddy suchen, sollten Sie sich die Silver Daddy Dating App ansehen. Diese App ist eine gro\u00dfartige M\u00f6glichkeit, sich mit anderen Silver Daddies in Ihrer N\u00e4he zu verbinden. Die App kann kostenlos heruntergeladen und verwendet werden, und es ist einfach, sich anzumelden. Sie k\u00f6nnen ein Profil erstellen, Fotos hinzuf\u00fcgen und mit anderen Silver Daddies in Ihrer N\u00e4he chatten. Die App eignet sich auch hervorragend, um lokale Fickseiten zu finden. Sie k\u00f6nnen nach Websites nach Standort suchen, und Sie k\u00f6nnen auch Bewertungen von Websites lesen, bevor Sie ihnen beitreten. Silver Daddy Dating App ist eine gro\u00dfartige M\u00f6glichkeit, Silver Daddies in Ihrer N\u00e4he zu treffen.<\/p>\n<h3>Rubkarten<\/h3>\n<p>Es gibt viele lokale Fickseiten da drau\u00dfen, aber Rubmaps ist eine der besten. Es ist eine Dating-App, mit der Sie potenzielle \u00dcbereinstimmungen in Ihrer N\u00e4he finden und ihnen dann eine Nachricht senden k\u00f6nnen, um eine Zeit und einen Ort f\u00fcr ein Treffen einzurichten. Die App ist wirklich einfach zu bedienen und es ist eine gro\u00dfartige M\u00f6glichkeit, neue Leute f\u00fcr Gelegenheitssex kennenzulernen. Der einzige Nachteil ist, dass es nicht kostenlos ist, aber es ist definitiv den Preis wert.<\/p>\n<h3>\u00dcbergeil<\/h3>\n<p>Wenn Sie nach einer lokalen Fickseite suchen, ist Uberhorny eine gro\u00dfartige Option. Die App ist einfach zu bedienen und es ist kostenlos, sich anzumelden. Sie k\u00f6nnen Profile durchsuchen und \u00dcbereinstimmungen in Ihrer N\u00e4he finden. Die App verf\u00fcgt auch \u00fcber eine Chat-Funktion, mit der Sie mit Ihren Matches chatten k\u00f6nnen. Die App ist sowohl f\u00fcr iOS als auch f\u00fcr Android verf\u00fcgbar.<\/p>\n","protected":false},"excerpt":{"rendered":"<p>Es gibt viele lokale Fickseiten, die Ihnen helfen k\u00f6nnen, jemanden zu finden, mit dem Sie sich in Ihrer N\u00e4he treffen k\u00f6nnen. Alles, was Sie tun m\u00fcssen, ist, sich f\u00fcr ein Konto anzumelden und ein Profil zu erstellen. Dann k\u00f6nnen Sie nach Mitgliedern suchen, die das Gleiche suchen wie Sie. Sie k\u00f6nnen ihnen eine Nachricht senden, [&hellip;]<\/p>\n","protected":false},"author":1,"featured_media":0,"parent":0,"menu_order":0,"comment_status":"closed","ping_status":"closed","template":"","meta":[],"yoast_head":"<!-- This site is optimized with the Yoast SEO plugin v17.7.1 - https:\/\/yoast.com\/wordpress\/plugins\/seo\/ -->\n<title>Lokale Fickseiten - Process Reviews<\/title>\n<meta name=\"robots\" content=\"index, follow, max-snippet:-1, max-image-preview:large, max-video-preview:-1\" \/>\n<link rel=\"canonical\" href=\"https:\/\/fortprocess.co.uk\/de\/lokale-fickseiten\/\" \/>\n<meta property=\"og:locale\" content=\"de_DE\" \/>\n<meta property=\"og:type\" content=\"article\" \/>\n<meta property=\"og:title\" content=\"Lokale Fickseiten - Process Reviews\" \/>\n<meta property=\"og:description\" content=\"Es gibt viele lokale Fickseiten, die Ihnen helfen k\u00f6nnen, jemanden zu finden, mit dem Sie sich in Ihrer N\u00e4he treffen k\u00f6nnen. Alles, was Sie tun m\u00fcssen, ist, sich f\u00fcr ein Konto anzumelden und ein Profil zu erstellen. Dann k\u00f6nnen Sie nach Mitgliedern suchen, die das Gleiche suchen wie Sie. Sie k\u00f6nnen ihnen eine Nachricht senden, [&hellip;]\" \/>\n<meta property=\"og:url\" content=\"https:\/\/fortprocess.co.uk\/de\/lokale-fickseiten\/\" \/>\n<meta property=\"og:site_name\" content=\"Process Reviews\" \/>\n<meta name=\"twitter:card\" content=\"summary_large_image\" \/>\n<meta name=\"twitter:label1\" content=\"Gesch\u00e4tzte Lesezeit\" \/>\n\t<meta name=\"twitter:data1\" content=\"4 minutes\" \/>\n<script type=\"application\/ld+json\" class=\"yoast-schema-graph\">{\"@context\":\"https:\/\/schema.org\",\"@graph\":[{\"@type\":\"WebSite\",\"@id\":\"https:\/\/fortprocess.co.uk\/de\/#website\",\"url\":\"https:\/\/fortprocess.co.uk\/de\/\",\"name\":\"Process Reviews\",\"description\":\"Casual Dating\",\"potentialAction\":[{\"@type\":\"SearchAction\",\"target\":{\"@type\":\"EntryPoint\",\"urlTemplate\":\"https:\/\/fortprocess.co.uk\/de\/?s={search_term_string}\"},\"query-input\":\"required name=search_term_string\"}],\"inLanguage\":\"de-DE\"},{\"@type\":\"WebPage\",\"@id\":\"https:\/\/fortprocess.co.uk\/de\/lokale-fickseiten\/#webpage\",\"url\":\"https:\/\/fortprocess.co.uk\/de\/lokale-fickseiten\/\",\"name\":\"Lokale Fickseiten - Process Reviews\",\"isPartOf\":{\"@id\":\"https:\/\/fortprocess.co.uk\/de\/#website\"},\"datePublished\":\"2022-10-03T12:34:43+00:00\",\"dateModified\":\"2022-10-03T12:34:43+00:00\",\"breadcrumb\":{\"@id\":\"https:\/\/fortprocess.co.uk\/de\/lokale-fickseiten\/#breadcrumb\"},\"inLanguage\":\"de-DE\",\"potentialAction\":[{\"@type\":\"ReadAction\",\"target\":[\"https:\/\/fortprocess.co.uk\/de\/lokale-fickseiten\/\"]}]},{\"@type\":\"BreadcrumbList\",\"@id\":\"https:\/\/fortprocess.co.uk\/de\/lokale-fickseiten\/#breadcrumb\",\"itemListElement\":[{\"@type\":\"ListItem\",\"position\":1,\"name\":\"Home\",\"item\":\"https:\/\/fortprocess.co.uk\/de\/\"},{\"@type\":\"ListItem\",\"position\":2,\"name\":\"Lokale Fickseiten\"}]}]}<\/script>\n<!-- \/ Yoast SEO plugin. -->","yoast_head_json":{"title":"Lokale Fickseiten - Process Reviews","robots":{"index":"index","follow":"follow","max-snippet":"max-snippet:-1","max-image-preview":"max-image-preview:large","max-video-preview":"max-video-preview:-1"},"canonical":"https:\/\/fortprocess.co.uk\/de\/lokale-fickseiten\/","og_locale":"de_DE","og_type":"article","og_title":"Lokale Fickseiten - Process Reviews","og_description":"Es gibt viele lokale Fickseiten, die Ihnen helfen k\u00f6nnen, jemanden zu finden, mit dem Sie sich in Ihrer N\u00e4he treffen k\u00f6nnen. Alles, was Sie tun m\u00fcssen, ist, sich f\u00fcr ein Konto anzumelden und ein Profil zu erstellen. Dann k\u00f6nnen Sie nach Mitgliedern suchen, die das Gleiche suchen wie Sie. Sie k\u00f6nnen ihnen eine Nachricht senden, [&hellip;]","og_url":"https:\/\/fortprocess.co.uk\/de\/lokale-fickseiten\/","og_site_name":"Process Reviews","twitter_card":"summary_large_image","twitter_misc":{"Gesch\u00e4tzte Lesezeit":"4 minutes"},"schema":{"@context":"https:\/\/schema.org","@graph":[{"@type":"WebSite","@id":"https:\/\/fortprocess.co.uk\/de\/#website","url":"https:\/\/fortprocess.co.uk\/de\/","name":"Process Reviews","description":"Casual Dating","potentialAction":[{"@type":"SearchAction","target":{"@type":"EntryPoint","urlTemplate":"https:\/\/fortprocess.co.uk\/de\/?s={search_term_string}"},"query-input":"required name=search_term_string"}],"inLanguage":"de-DE"},{"@type":"WebPage","@id":"https:\/\/fortprocess.co.uk\/de\/lokale-fickseiten\/#webpage","url":"https:\/\/fortprocess.co.uk\/de\/lokale-fickseiten\/","name":"Lokale Fickseiten - Process Reviews","isPartOf":{"@id":"https:\/\/fortprocess.co.uk\/de\/#website"},"datePublished":"2022-10-03T12:34:43+00:00","dateModified":"2022-10-03T12:34:43+00:00","breadcrumb":{"@id":"https:\/\/fortprocess.co.uk\/de\/lokale-fickseiten\/#breadcrumb"},"inLanguage":"de-DE","potentialAction":[{"@type":"ReadAction","target":["https:\/\/fortprocess.co.uk\/de\/lokale-fickseiten\/"]}]},{"@type":"BreadcrumbList","@id":"https:\/\/fortprocess.co.uk\/de\/lokale-fickseiten\/#breadcrumb","itemListElement":[{"@type":"ListItem","position":1,"name":"Home","item":"https:\/\/fortprocess.co.uk\/de\/"},{"@type":"ListItem","position":2,"name":"Lokale Fickseiten"}]}]}},"_links":{"self":[{"href":"https:\/\/fortprocess.co.uk\/de\/wp-json\/wp\/v2\/pages\/151"}],"collection":[{"href":"https:\/\/fortprocess.co.uk\/de\/wp-json\/wp\/v2\/pages"}],"about":[{"href":"https:\/\/fortprocess.co.uk\/de\/wp-json\/wp\/v2\/types\/page"}],"author":[{"embeddable":true,"href":"https:\/\/fortprocess.co.uk\/de\/wp-json\/wp\/v2\/users\/1"}],"replies":[{"embeddable":true,"href":"https:\/\/fortprocess.co.uk\/de\/wp-json\/wp\/v2\/comments?post=151"}],"version-history":[{"count":0,"href":"https:\/\/fortprocess.co.uk\/de\/wp-json\/wp\/v2\/pages\/151\/revisions"}],"wp:attachment":[{"href":"https:\/\/fortprocess.co.uk\/de\/wp-json\/wp\/v2\/media?parent=151"}],"curies":[{"name":"wp","href":"https:\/\/api.w.org\/{rel}","templated":true}]}}