{"id":160,"date":"2022-10-03T13:34:27","date_gmt":"2022-10-03T12:34:27","guid":{"rendered":"http:\/\/fortprocess.co.uk\/lokale-sex-apps\/"},"modified":"2022-10-03T13:34:27","modified_gmt":"2022-10-03T12:34:27","slug":"lokale-sex-apps","status":"publish","type":"page","link":"https:\/\/fortprocess.co.uk\/de\/lokale-sex-apps\/","title":{"rendered":"Lokale Sex-Apps"},"content":{"rendered":"<p>Es gibt ein paar lokale Sex-Apps, die f\u00fcr Leute, die sich anschlie\u00dfen wollen, popul\u00e4r geworden sind. Sie sollen Ihnen helfen, jemanden in Ihrer N\u00e4he zu finden, der nach dem Gleichen sucht, was Sie sind, und sie k\u00f6nnen eine gro\u00dfartige M\u00f6glichkeit sein, sich zu legen. Sie m\u00fcssen jedoch vorsichtig sein, welche App Sie verwenden, da einige von ihnen besser sind als andere. Die beste App ist eine, die viele positive Bewertungen hat und die Ihnen helfen soll, jemanden zu finden, mit dem Sie sich schnell und einfach verbinden k\u00f6nnen.<\/p>\n<h2>Casual Dating<\/h2>\n<p>Es gibt keinen Grund, nerv\u00f6s zu sein, wenn Sie mit jemandem ausgehen, den Sie online getroffen haben &#8211; es ist zwangloses Dating! Entspannen Sie sich einfach und haben Sie Spa\u00df. Das Beste an Casual Dating ist, dass Sie die Dinge in Ihrem eigenen Tempo nehmen und sehen k\u00f6nnen, wohin sie gehen. Wenn die Dinge nicht funktionieren, k\u00f6nnen Sie einfach weitermachen. Kein Schaden, kein Foul.<\/p>\n<p>Es gibt keinen Grund, sch\u00fcchtern zu sein, wenn es um Sex-Dating geht &#8211; jeder hier sucht nach dem Gleichen! Erstellen Sie einfach ein Profil, suchen Sie nach anderen Mitgliedern, die Ihren Kriterien entsprechen, und beginnen Sie zu chatten! Vielleicht findest du gerade die Liebe deines Lebens!<\/p>\n<h2>Sex finden<\/h2>\n<p>Es gibt keine einzige Antwort auf diese Frage &#8211; jeder ist anders und wird unterschiedliche Vorlieben haben, wenn es darum geht, Sex im Kontext von Dating zu finden. Es gibt jedoch ein paar allgemeine Tipps, die n\u00fctzlich sein k\u00f6nnen, um Ihnen zu helfen, Sex leichter zu finden. Versuchen Sie zun\u00e4chst, offen und ehrlich mit Ihren Partnern \u00fcber Ihre sexuellen W\u00fcnsche und Bed\u00fcrfnisse zu sein &#8211; dies wird dazu beitragen, dass Sie beide auf der gleichen Seite sind und dass sich jeder mit dem, was passiert, wohl f\u00fchlt. Zweitens, haben Sie keine Angst, zu experimentieren und neue Dinge auszuprobieren &#8211; es geht darum, herauszufinden, was f\u00fcr Sie und Ihre Partner funktioniert. Schlie\u00dflich ist Kommunikation der Schl\u00fcssel! Stellen Sie sicher, dass Sie vor und w\u00e4hrend des Sex \u00fcber alle Bedenken oder Sorgen sprechen, die Sie haben, damit sich alle wohl f\u00fchlen und Spa\u00df haben.<\/p>\n<h3>AdultFriendFinder<\/h3>\n<p>Wenn Sie nach einer lokalen Sex-App suchen, ist AdultFriendFinder eine gro\u00dfartige Option. Mit \u00fcber 80 Millionen Mitgliedern weltweit ist es eine der gr\u00f6\u00dften Dating-Apps. Und es ist besonders beliebt bei Erwachsenen, die nach l\u00e4ssigen Verbindungen suchen.<\/p>\n<p>Die App kann kostenlos heruntergeladen und verwendet werden, aber Sie ben\u00f6tigen eine kostenpflichtige Mitgliedschaft, um auf alle Funktionen zugreifen zu k\u00f6nnen. Dazu geh\u00f6ren Nachrichten an andere Mitglieder, das Anzeigen ihrer Profile und die Verwendung der Suchfunktion der App.<\/p>\n<p>Insgesamt ist AdultFriendFinder eine gro\u00dfartige Option, wenn Sie nach einer lokalen Sex-App suchen. Die gro\u00dfe Benutzerbasis bedeutet, dass Sie wahrscheinlich jemanden finden, der mit Ihnen kompatibel ist, und die App ist einfach zu bedienen. Seien Sie sich nur bewusst, dass Sie eine kostenpflichtige Mitgliedschaft ben\u00f6tigen, um das Beste daraus zu machen.<\/p>\n<h3>Badoo<\/h3>\n<p>Badoo ist eine Dating-App, die bei jungen Menschen immer beliebter wird. Es ist eine standortbasierte App, mit der Benutzer andere Benutzer in ihrer N\u00e4he finden und mit ihnen chatten k\u00f6nnen. Die App verf\u00fcgt auch \u00fcber eine Funktion, mit der Benutzer lokale Singles f\u00fcr Anschl\u00fcsse finden und treffen k\u00f6nnen.<\/p>\n<p>Die App ist einfach zu bedienen und hat eine einfache Benutzeroberfl\u00e4che. Es kann kostenlos heruntergeladen und verwendet werden. Die App verf\u00fcgt jedoch \u00fcber einige Funktionen, die nur Premium-Benutzern zur Verf\u00fcgung stehen. Zu diesen Funktionen geh\u00f6ren die M\u00f6glichkeit zu sehen, wer Ihr Profil angesehen hat, die M\u00f6glichkeit zu sehen, wer Ihre Fotos mit &#8220;Gef\u00e4llt mir&#8221; markiert hat, und die M\u00f6glichkeit, zu sehen, wer sich in der N\u00e4he befindet.<\/p>\n<p>Die App ist eine gro\u00dfartige M\u00f6glichkeit, neue Leute kennenzulernen und lokale Singles f\u00fcr Hookups zu finden. Es ist jedoch wichtig, sich der potenziellen Risiken bewusst zu sein, die mit der Verwendung der App verbunden sind. Es gab Berichte \u00fcber gef\u00e4lschte Profile und \u00fcber Menschen, die gefischt wurden. Es besteht auch die M\u00f6glichkeit, dass Benutzer verfolgt oder bel\u00e4stigt werden.<\/p>\n<h3>DateMyAge<\/h3>\n<p>Wenn Sie nach einer lokalen Sex-App suchen, ist DateMyAge eine gro\u00dfartige Option. Die App ist einfach zu bedienen und verf\u00fcgt \u00fcber viele Funktionen, die sie zu einer guten Wahl machen, um eine zuf\u00e4llige Begegnung zu finden. Die Suchfunktion ist sehr benutzerfreundlich und Sie k\u00f6nnen nach Personen nach Standort, Alter und Interessen suchen. Das Messaging-System ist auch sehr einfach, und Sie k\u00f6nnen Nachrichten ohne Probleme senden und empfangen. Insgesamt ist DateMyAge eine gro\u00dfartige Option, um eine lokale Sex-App zu finden.<\/p>\n","protected":false},"excerpt":{"rendered":"<p>Es gibt ein paar lokale Sex-Apps, die f\u00fcr Leute, die sich anschlie\u00dfen wollen, popul\u00e4r geworden sind. Sie sollen Ihnen helfen, jemanden in Ihrer N\u00e4he zu finden, der nach dem Gleichen sucht, was Sie sind, und sie k\u00f6nnen eine gro\u00dfartige M\u00f6glichkeit sein, sich zu legen. Sie m\u00fcssen jedoch vorsichtig sein, welche App Sie verwenden, da einige [&hellip;]<\/p>\n","protected":false},"author":1,"featured_media":0,"parent":0,"menu_order":0,"comment_status":"closed","ping_status":"closed","template":"","meta":[],"yoast_head":"<!-- This site is optimized with the Yoast SEO plugin v17.7.1 - https:\/\/yoast.com\/wordpress\/plugins\/seo\/ -->\n<title>Lokale Sex-Apps - Process Reviews<\/title>\n<meta name=\"robots\" content=\"index, follow, max-snippet:-1, max-image-preview:large, max-video-preview:-1\" \/>\n<link rel=\"canonical\" href=\"https:\/\/fortprocess.co.uk\/de\/lokale-sex-apps\/\" \/>\n<meta property=\"og:locale\" content=\"de_DE\" \/>\n<meta property=\"og:type\" content=\"article\" \/>\n<meta property=\"og:title\" content=\"Lokale Sex-Apps - Process Reviews\" \/>\n<meta property=\"og:description\" content=\"Es gibt ein paar lokale Sex-Apps, die f\u00fcr Leute, die sich anschlie\u00dfen wollen, popul\u00e4r geworden sind. Sie sollen Ihnen helfen, jemanden in Ihrer N\u00e4he zu finden, der nach dem Gleichen sucht, was Sie sind, und sie k\u00f6nnen eine gro\u00dfartige M\u00f6glichkeit sein, sich zu legen. Sie m\u00fcssen jedoch vorsichtig sein, welche App Sie verwenden, da einige [&hellip;]\" \/>\n<meta property=\"og:url\" content=\"https:\/\/fortprocess.co.uk\/de\/lokale-sex-apps\/\" \/>\n<meta property=\"og:site_name\" content=\"Process Reviews\" \/>\n<meta name=\"twitter:card\" content=\"summary_large_image\" \/>\n<meta name=\"twitter:label1\" content=\"Gesch\u00e4tzte Lesezeit\" \/>\n\t<meta name=\"twitter:data1\" content=\"4 minutes\" \/>\n<script type=\"application\/ld+json\" class=\"yoast-schema-graph\">{\"@context\":\"https:\/\/schema.org\",\"@graph\":[{\"@type\":\"WebSite\",\"@id\":\"https:\/\/fortprocess.co.uk\/de\/#website\",\"url\":\"https:\/\/fortprocess.co.uk\/de\/\",\"name\":\"Process Reviews\",\"description\":\"Casual Dating\",\"potentialAction\":[{\"@type\":\"SearchAction\",\"target\":{\"@type\":\"EntryPoint\",\"urlTemplate\":\"https:\/\/fortprocess.co.uk\/de\/?s={search_term_string}\"},\"query-input\":\"required name=search_term_string\"}],\"inLanguage\":\"de-DE\"},{\"@type\":\"WebPage\",\"@id\":\"https:\/\/fortprocess.co.uk\/de\/lokale-sex-apps\/#webpage\",\"url\":\"https:\/\/fortprocess.co.uk\/de\/lokale-sex-apps\/\",\"name\":\"Lokale Sex-Apps - Process Reviews\",\"isPartOf\":{\"@id\":\"https:\/\/fortprocess.co.uk\/de\/#website\"},\"datePublished\":\"2022-10-03T12:34:27+00:00\",\"dateModified\":\"2022-10-03T12:34:27+00:00\",\"breadcrumb\":{\"@id\":\"https:\/\/fortprocess.co.uk\/de\/lokale-sex-apps\/#breadcrumb\"},\"inLanguage\":\"de-DE\",\"potentialAction\":[{\"@type\":\"ReadAction\",\"target\":[\"https:\/\/fortprocess.co.uk\/de\/lokale-sex-apps\/\"]}]},{\"@type\":\"BreadcrumbList\",\"@id\":\"https:\/\/fortprocess.co.uk\/de\/lokale-sex-apps\/#breadcrumb\",\"itemListElement\":[{\"@type\":\"ListItem\",\"position\":1,\"name\":\"Home\",\"item\":\"https:\/\/fortprocess.co.uk\/de\/\"},{\"@type\":\"ListItem\",\"position\":2,\"name\":\"Lokale Sex-Apps\"}]}]}<\/script>\n<!-- \/ Yoast SEO plugin. -->","yoast_head_json":{"title":"Lokale Sex-Apps - Process Reviews","robots":{"index":"index","follow":"follow","max-snippet":"max-snippet:-1","max-image-preview":"max-image-preview:large","max-video-preview":"max-video-preview:-1"},"canonical":"https:\/\/fortprocess.co.uk\/de\/lokale-sex-apps\/","og_locale":"de_DE","og_type":"article","og_title":"Lokale Sex-Apps - Process Reviews","og_description":"Es gibt ein paar lokale Sex-Apps, die f\u00fcr Leute, die sich anschlie\u00dfen wollen, popul\u00e4r geworden sind. Sie sollen Ihnen helfen, jemanden in Ihrer N\u00e4he zu finden, der nach dem Gleichen sucht, was Sie sind, und sie k\u00f6nnen eine gro\u00dfartige M\u00f6glichkeit sein, sich zu legen. Sie m\u00fcssen jedoch vorsichtig sein, welche App Sie verwenden, da einige [&hellip;]","og_url":"https:\/\/fortprocess.co.uk\/de\/lokale-sex-apps\/","og_site_name":"Process Reviews","twitter_card":"summary_large_image","twitter_misc":{"Gesch\u00e4tzte Lesezeit":"4 minutes"},"schema":{"@context":"https:\/\/schema.org","@graph":[{"@type":"WebSite","@id":"https:\/\/fortprocess.co.uk\/de\/#website","url":"https:\/\/fortprocess.co.uk\/de\/","name":"Process Reviews","description":"Casual Dating","potentialAction":[{"@type":"SearchAction","target":{"@type":"EntryPoint","urlTemplate":"https:\/\/fortprocess.co.uk\/de\/?s={search_term_string}"},"query-input":"required name=search_term_string"}],"inLanguage":"de-DE"},{"@type":"WebPage","@id":"https:\/\/fortprocess.co.uk\/de\/lokale-sex-apps\/#webpage","url":"https:\/\/fortprocess.co.uk\/de\/lokale-sex-apps\/","name":"Lokale Sex-Apps - Process Reviews","isPartOf":{"@id":"https:\/\/fortprocess.co.uk\/de\/#website"},"datePublished":"2022-10-03T12:34:27+00:00","dateModified":"2022-10-03T12:34:27+00:00","breadcrumb":{"@id":"https:\/\/fortprocess.co.uk\/de\/lokale-sex-apps\/#breadcrumb"},"inLanguage":"de-DE","potentialAction":[{"@type":"ReadAction","target":["https:\/\/fortprocess.co.uk\/de\/lokale-sex-apps\/"]}]},{"@type":"BreadcrumbList","@id":"https:\/\/fortprocess.co.uk\/de\/lokale-sex-apps\/#breadcrumb","itemListElement":[{"@type":"ListItem","position":1,"name":"Home","item":"https:\/\/fortprocess.co.uk\/de\/"},{"@type":"ListItem","position":2,"name":"Lokale Sex-Apps"}]}]}},"_links":{"self":[{"href":"https:\/\/fortprocess.co.uk\/de\/wp-json\/wp\/v2\/pages\/160"}],"collection":[{"href":"https:\/\/fortprocess.co.uk\/de\/wp-json\/wp\/v2\/pages"}],"about":[{"href":"https:\/\/fortprocess.co.uk\/de\/wp-json\/wp\/v2\/types\/page"}],"author":[{"embeddable":true,"href":"https:\/\/fortprocess.co.uk\/de\/wp-json\/wp\/v2\/users\/1"}],"replies":[{"embeddable":true,"href":"https:\/\/fortprocess.co.uk\/de\/wp-json\/wp\/v2\/comments?post=160"}],"version-history":[{"count":0,"href":"https:\/\/fortprocess.co.uk\/de\/wp-json\/wp\/v2\/pages\/160\/revisions"}],"wp:attachment":[{"href":"https:\/\/fortprocess.co.uk\/de\/wp-json\/wp\/v2\/media?parent=160"}],"curies":[{"name":"wp","href":"https:\/\/api.w.org\/{rel}","templated":true}]}}