{"id":190,"date":"2022-10-03T11:12:03","date_gmt":"2022-10-03T10:12:03","guid":{"rendered":"http:\/\/fortprocess.co.uk\/finden-sie-lokalen-gelegenheitssex-mit-geilen-frauen\/"},"modified":"2022-10-11T15:52:15","modified_gmt":"2022-10-11T14:52:15","slug":"finden-sie-lokalen-gelegenheitssex-mit-geilen-frauen","status":"publish","type":"page","link":"https:\/\/fortprocess.co.uk\/de\/","title":{"rendered":"Finden Sie lokalen Gelegenheitssex mit geilen Frauen"},"content":{"rendered":"<p>Der Begriff &#8220;Casual Dating&#8221; wird in unserer heutigen Welt ziemlich oft herumgeworfen. Aber was bedeutet das eigentlich? Ist Casual Dating gut f\u00fcr alle oder nur f\u00fcr diejenigen, die etwas kurzfristiges wollen? Um herauszufinden, ob Casual Dating f\u00fcr Sie richtig oder falsch ist, ist es wichtig zu verstehen, wie diese Form des Datings funktioniert.<\/p>\n<h2>Gelegenheitssex finden<\/h2>\n<p>Laut Match.com gibt es drei Arten von zwanglosem Dating: One-Night-Stands, Freunde mit Vorteilen und ohne Bedingungen. Jede dieser Formen des Casual Dating hat unterschiedliche Vor- und Nachteile. Werfen wir einen genaueren Blick darauf.<\/p>\n<p>Diese Art von Casual Dating \u00e4hnelt dem Anschlie\u00dfen. Du triffst jemanden, tauschst Nummern aus und dann machst du, worauf du Lust hast, zusammen zu tun. Diese Art von lockerer Beziehung ist nicht ernst und erfordert nicht viel Engagement. Wenn Sie nach einem schnellen Seitensprung suchen, dann k\u00f6nnte dies gut f\u00fcr Sie funktionieren. Wenn Sie sich jedoch an jemanden binden m\u00f6chten, wird dies wahrscheinlich nicht funktionieren, da Sie sich nicht wirklich f\u00fcr jemanden engagieren.<\/p>\n<p><img loading=\"lazy\" class=\"alignnone size-large wp-image-36\" src=\"http:\/\/fortprocess.co.uk\/wp-content\/uploads\/2022\/10\/find-love-1024x683.jpeg\" alt=\"\" width=\"640\" height=\"427\" srcset=\"https:\/\/fortprocess.co.uk\/wp-content\/uploads\/2022\/10\/find-love-1024x683.jpeg 1024w, https:\/\/fortprocess.co.uk\/wp-content\/uploads\/2022\/10\/find-love-300x200.jpeg 300w, https:\/\/fortprocess.co.uk\/wp-content\/uploads\/2022\/10\/find-love-768x512.jpeg 768w, https:\/\/fortprocess.co.uk\/wp-content\/uploads\/2022\/10\/find-love.jpeg 1125w\" sizes=\"(max-width: 640px) 100vw, 640px\" \/><\/p>\n<h2>Unsere Bewertungen<\/h2>\n<p>Wenn Sie online nach Liebe suchen, gibt es viele M\u00f6glichkeiten. Einige Leute bevorzugen es, traditionelle Websites wie Match.com oder OkCupid und <a href=\"http:\/\/www.sexdating-at.com\">www.sexdating-at.com<\/a> zu verwenden, w\u00e4hrend andere sich f\u00fcr mobile Apps entscheiden. Wir haben eine Liste von 10 der besten kostenlosen Dating-Apps zusammengestellt, die heute verf\u00fcgbar sind.<\/p>\n<h3>Zunder<\/h3>\n<p>Die Dating-App, die im Grunde das Konzept erfunden hat, richtig und falsch zu wischen, um Liebe zu finden, bereitet sich darauf vor, ihre neueste Version zu starten. Am Mittwoch gab die beliebte Dating-App das Ver\u00f6ffentlichungsdatum f\u00fcr ihre neueste Iteration, Tinder Plus, bekannt. Das Update kommt am 2. April und kostet $ 10 \/ Monat f\u00fcr Personen im Alter von 18 Jahren und j\u00fcnger. F\u00fcr alle anderen wird der Preis $ 20 \/ Monat sein.<\/p>\n<p>Wenn Sie nach etwas mehr als nur einem gelegentlichen Anschluss suchen, gibt es einige zus\u00e4tzliche Funktionen, die im aktualisierten Paket enthalten sind. Zun\u00e4chst einmal erhalten Sie Zugriff auf Tinder Discover, mit dem Sie Personen durchsuchen k\u00f6nnen, je nachdem, in welcher Stadt sie leben, ob sie Single oder in einer Beziehung sind, wie alt sie sind und sogar welche Art von Job sie machen.<\/p>\n<p>Sie erhalten auch Zugriff auf Rewind, mit dem Sie Ihre vorherigen Swipes r\u00fcckg\u00e4ngig machen k\u00f6nnen. Diese Funktion ist gro\u00dfartig und <a href=\"https:\/\/www.pornchatsites.net\/de\/\">Pornchatsites.net\/de<\/a>, wenn Sie versehentlich zu oft gewischt haben oder wenn Sie zur\u00fcckspulen wollten, weil Sie die Person nicht mochten.<\/p>\n<p>Dar\u00fcber hinaus erhalten Sie Zugriff auf einige exklusive Funktionen, darunter die M\u00f6glichkeit, Nachrichten zu senden, bevor Sie jemanden m\u00f6gen, sowie die M\u00f6glichkeit, Benutzer zu blockieren.<\/p>\n<p>Es gibt einen letzten Vorteil, der in der Plus-Stufe enthalten ist: Sie erhalten Zugriff auf einen speziellen Bereich, in dem Sie Fotos von Singles anzeigen k\u00f6nnen, die Sie bereits gemocht haben. Diese Funktion wird als &#8220;Belohnungen&#8221; bezeichnet. Grunds\u00e4tzlich, wenn Sie jemanden genug m\u00f6gen, k\u00f6nnen Sie ihm eine Belohnung geben. Zu diesen Belohnungen geh\u00f6ren Dinge wie Aufkleber, virtuelle Geschenke und sogar Bargeld.<\/p>\n<h3>Scharnier<\/h3>\n<p>Die Dating-App Hinge ist nur \u00fcber iOS- und Android-Apps verf\u00fcgbar, was sie f\u00fcr Menschen ohne Smartphone weniger n\u00fctzlich macht. Der Kompromiss ist, dass die App einige der besten Profile hat, was das Finden einer guten \u00dcbereinstimmung mehr Spa\u00df macht, wenn nicht sogar immer einfacher.<\/p>\n<p>Abgesehen von den \u00fcblichen grundlegenden Statistiken &#8211; wie Altersgruppe, Geschlecht, Standort, Beziehungsstatus usw. &#8211; ermutigen Sie Scharnierprofile, Fotos zu verwenden und Eingabeaufforderungen zu schreiben, und Sie k\u00f6nnen sogar Audioclips aufnehmen.<\/p>\n<p>All dies macht es einfach, miteinander zu kommunizieren, und es ist alles sehr charmant auf <a href=\"http:\/\/www.sexseiten-at.com\">www.sexseiten-at.com<\/a>. Aber die App bietet eine kleine Reihe von Funktionen kostenlos. Sie k\u00f6nnen nur 12 Likes pro Tag senden, und es gibt keine kostenpflichtigen Optionen, um zu sehen, wer Sie gemocht hat, Sie wieder zu m\u00f6gen oder Sie zu Gruppen hinzuzuf\u00fcgen.<\/p>\n<h3>Pof<\/h3>\n<p>Die kostenlose Dating-App Plenty of Fish ist nicht gerade daf\u00fcr bekannt, eines der gr\u00f6\u00dften Zielgruppen zu haben, aber sie bietet einige ziemlich beeindruckende Statistiken. Laut AppData hat POF weltweit \u00fcber 50 Millionen Downloads und ist damit eine der am h\u00e4ufigsten heruntergeladenen Apps auf iOS- und Android-Ger\u00e4ten. Und w\u00e4hrend die Mehrheit dieser Downloads \u00fcber den App Store von Apple stattfindet, laden viele Leute die App auch direkt aus dem Play Store herunter.<\/p>\n<p>Aber was hebt POF von der Masse ab? Nun, neben der Tatsache, dass es v\u00f6llig kostenlos zu verwenden ist, bietet es auch viele Vorteile, die viele Konkurrenten nicht enthalten. Zum Beispiel k\u00f6nnen Sie unbegrenzt Textnachrichten an jeden senden, den Sie m\u00f6chten, ohne etwas extra zu bezahlen, und Sie m\u00fcssen sich auch keine Sorgen machen, dass Sie auf der Website auf die Exen eines anderen sto\u00dfen. Au\u00dferdem k\u00f6nnen Sie jeden Tag Tausende von potenziellen \u00dcbereinstimmungen durchsuchen, und Sie m\u00fcssen nie einen Cent daf\u00fcr bezahlen.<\/p>\n<h3>Streichholz<\/h3>\n<p>Die Match-App ist eine der beliebtesten Dating-Plattformen. Mit \u00fcber 60 Millionen monatlich aktiven Nutzern ist Match eine der \u00e4lteren Dating-Apps. Die kostenlose Version erm\u00f6glicht es Benutzern, Profile zu durchsuchen, Winks und Match-Anfragen zu senden und \u00dcbereinstimmungen anzuzeigen, aber es gibt keine Optionen zum Chatten, Anzeigen von Fotos oder sogar zum Senden von Geschenken.<\/p>\n<p>Um wirklich mit jemandem innerhalb von Match zu kommunizieren, m\u00fcssen Sie f\u00fcr die Aufwertung von Match Plus bezahlen, was 35 US-Dollar pro Monat f\u00fcr drei Monate, 45 US-Dollar pro Monat f\u00fcr vier Monate oder 60 US-Dollar pro Monat f\u00fcr sechs Monate kostet. Wenn Sie l\u00e4nger als sechs Monate weitermachen m\u00f6chten, zahlen Sie $ 35 pro Monat f\u00fcr jedes weitere halbe Monat.<\/p>\n<p>Wenn Sie nach etwas g\u00fcnstigerem suchen, bietet Match eine Probemitgliedschaft f\u00fcr nur 1,99 US-Dollar an. Auf diese Weise haben Sie Zugriff auf die kostenlose und kostenpflichtige Version von Match, sodass Sie es ausprobieren k\u00f6nnen, ohne sich auf etwas festlegen zu m\u00fcssen.<\/p>\n<h3>Wichtigtuer<\/h3>\n<p>Wenn Sie nach einer guten M\u00f6glichkeit suchen, jemanden zu treffen, haben wir einige Neuigkeiten f\u00fcr Sie: Es gibt viele M\u00f6glichkeiten da drau\u00dfen. Aber eine App steht \u00fcber dem Rest. Bumble ist eine Dating-App, die es einfacher denn je macht, Liebe zu finden. Und w\u00e4hrend es viele Dating-Apps gibt, ist das, was Bumble auszeichnet, seine Betonung der Sicherheit. Wenn Sie sich anmelden, erhalten Sie einen Best\u00e4tigungscode per SMS. Dadurch wird sichergestellt, dass niemand anderes auf Ihr Konto zugreifen kann. Nach der \u00dcberpr\u00fcfung k\u00f6nnen Sie mit der Suche nach potenziellen Daten beginnen. Wenn du auf dem Profil einer Person nach rechts wischst, siehst du ihre Biografie und Fotos. Von dort aus k\u00f6nnen Sie w\u00e4hlen, ob Sie direkt mit ihnen chatten oder weiter surfen m\u00f6chten. Wenn Sie eine Nachricht senden m\u00f6chten, tippen Sie einfach auf die Schaltfl\u00e4che &#8220;Jetzt schreiben&#8221;. Nachdem Sie Ihre Nachricht geschrieben haben, k\u00f6nnen Sie entscheiden, ob Sie sie senden m\u00f6chten oder nicht. Wenn Sie dies tun, erhalten Sie eine Benachrichtigung, die Sie dar\u00fcber informiert, ob Ihre Nachricht empfangen wurde oder nicht. Um die Dinge interessant zu halten, k\u00f6nnen Sie mit Bumble w\u00e4hrend der Gespr\u00e4che Fragen stellen. Wenn Sie lieber nur surfen m\u00f6chten, ohne jemanden zu benachrichtigen, k\u00f6nnen Sie das auch tun. \u00d6ffnen Sie einfach die App und scrollen Sie nach unten, um Profile anzuzeigen. Es gibt mehrere Filter, die Sie anwenden k\u00f6nnen, einschlie\u00dflich Standort, Altersgruppe und Beziehungsstatus. W\u00e4hrend Bumble nicht perfekt ist, lohnt es sich auf jeden Fall, wenn Sie nach einem schnellen Date oder sogar einem langfristigen Partner suchen.<\/p>\n<h2>Seri\u00f6se Dating-Apps<\/h2>\n<p>Es gibt viele Gr\u00fcnde, warum Menschen auf Online-Dating-Sites gehen. Einige wollen jemanden Besonderen finden; andere wollen einfach nur neue Leute kennenlernen. Und w\u00e4hrend einige Websites eine Geb\u00fchr verlangen, gibt es Tonnen von Optionen, mit denen Sie Profile kostenlos durchsuchen k\u00f6nnen. Hier sind f\u00fcnf unserer Favoriten.<\/p>\n<h3>eHarmony<\/h3>\n<p>Wenn Sie nach einer langfristigen Beziehung suchen, k\u00f6nnte eHarmony einen Besuch wert sein. Sie k\u00f6nnen sich kostenlos anmelden und sehen, welche Matches am besten passen. Sobald Sie dies getan haben, dauert es etwa 30 Minuten, um Ihr Profil zu vervollst\u00e4ndigen. Danach k\u00f6nnen Sie kostenlos Nachrichten an potenzielle Termine senden. Wenn Sie sich f\u00fcr ein Upgrade auf eine kostenpflichtige Mitgliedschaft entscheiden, k\u00f6nnen Sie kostenlos mit Mitgliedern chatten.<\/p>\n<h3>OkCupid<\/h3>\n<p>F\u00fcr diejenigen, die etwas L\u00e4ssiges wollen, ist OkCupid eine gro\u00dfartige Option. Sie k\u00f6nnen kostenlos st\u00f6bern, aber Sie k\u00f6nnen niemanden kontaktieren, es sei denn, Sie zahlen f\u00fcr die Premium-Mitgliedschaft. Premium-Mitglieder k\u00f6nnen Mitgliederfotos anzeigen, sich gegenseitig Nachrichten senden und sehen, wie kompatibel sie sind.<\/p>\n<h3>Badoo<\/h3>\n<p>Badoo ist eine der \u00e4ltesten Dating-Apps und wurde bereits 2005 auf den Markt gebracht. Heute verf\u00fcgt es \u00fcber mehr als 200 Millionen aktive monatliche Nutzer in 190 L\u00e4ndern. Es ist auch ziemlich einfach einzurichten &#8211; melden Sie sich einfach bei Facebook an und beginnen Sie mit dem Wischen. Sie k\u00f6nnen \u00dcbereinstimmungen basierend auf Alter, Standort und Beziehungsstatus filtern. Es gibt sogar spezielle Veranstaltungen, an denen Sie teilnehmen k\u00f6nnen, um neue Leute kennenzulernen.<\/p>\n","protected":false},"excerpt":{"rendered":"<p>Der Begriff &#8220;Casual Dating&#8221; wird in unserer heutigen Welt ziemlich oft herumgeworfen. Aber was bedeutet das eigentlich? Ist Casual Dating gut f\u00fcr alle oder nur f\u00fcr diejenigen, die etwas kurzfristiges wollen? Um herauszufinden, ob Casual Dating f\u00fcr Sie richtig oder falsch ist, ist es wichtig zu verstehen, wie diese Form des Datings funktioniert. Gelegenheitssex finden [&hellip;]<\/p>\n","protected":false},"author":1,"featured_media":105,"parent":0,"menu_order":0,"comment_status":"closed","ping_status":"closed","template":"","meta":[],"yoast_head":"<!-- This site is optimized with the Yoast SEO plugin v17.7.1 - https:\/\/yoast.com\/wordpress\/plugins\/seo\/ -->\n<title>Finden Sie lokalen Gelegenheitssex mit geilen Frauen - Process Reviews<\/title>\n<meta name=\"robots\" content=\"index, follow, max-snippet:-1, max-image-preview:large, max-video-preview:-1\" \/>\n<link rel=\"canonical\" href=\"https:\/\/fortprocess.co.uk\/de\/\" \/>\n<meta property=\"og:locale\" content=\"de_DE\" \/>\n<meta property=\"og:type\" content=\"article\" \/>\n<meta property=\"og:title\" content=\"Finden Sie lokalen Gelegenheitssex mit geilen Frauen - Process Reviews\" \/>\n<meta property=\"og:description\" content=\"Der Begriff &#8220;Casual Dating&#8221; wird in unserer heutigen Welt ziemlich oft herumgeworfen. Aber was bedeutet das eigentlich? Ist Casual Dating gut f\u00fcr alle oder nur f\u00fcr diejenigen, die etwas kurzfristiges wollen? Um herauszufinden, ob Casual Dating f\u00fcr Sie richtig oder falsch ist, ist es wichtig zu verstehen, wie diese Form des Datings funktioniert. Gelegenheitssex finden [&hellip;]\" \/>\n<meta property=\"og:url\" content=\"https:\/\/fortprocess.co.uk\/de\/\" \/>\n<meta property=\"og:site_name\" content=\"Process Reviews\" \/>\n<meta property=\"article:modified_time\" content=\"2022-10-11T14:52:15+00:00\" \/>\n<meta property=\"og:image\" content=\"http:\/\/fortprocess.co.uk\/wp-content\/uploads\/2022\/10\/meet-for-dates.jpeg\" \/>\n\t<meta property=\"og:image:width\" content=\"2262\" \/>\n\t<meta property=\"og:image:height\" content=\"1500\" \/>\n<meta name=\"twitter:card\" content=\"summary_large_image\" \/>\n<meta name=\"twitter:label1\" content=\"Gesch\u00e4tzte Lesezeit\" \/>\n\t<meta name=\"twitter:data1\" content=\"7 minutes\" \/>\n<script type=\"application\/ld+json\" class=\"yoast-schema-graph\">{\"@context\":\"https:\/\/schema.org\",\"@graph\":[{\"@type\":\"WebSite\",\"@id\":\"https:\/\/fortprocess.co.uk\/de\/#website\",\"url\":\"https:\/\/fortprocess.co.uk\/de\/\",\"name\":\"Process Reviews\",\"description\":\"Casual Dating\",\"potentialAction\":[{\"@type\":\"SearchAction\",\"target\":{\"@type\":\"EntryPoint\",\"urlTemplate\":\"https:\/\/fortprocess.co.uk\/de\/?s={search_term_string}\"},\"query-input\":\"required name=search_term_string\"}],\"inLanguage\":\"de-DE\"},{\"@type\":\"ImageObject\",\"@id\":\"https:\/\/fortprocess.co.uk\/de\/#primaryimage\",\"inLanguage\":\"de-DE\",\"url\":\"https:\/\/fortprocess.co.uk\/wp-content\/uploads\/2022\/10\/meet-for-dates.jpeg\",\"contentUrl\":\"https:\/\/fortprocess.co.uk\/wp-content\/uploads\/2022\/10\/meet-for-dates.jpeg\",\"width\":2262,\"height\":1500},{\"@type\":\"WebPage\",\"@id\":\"https:\/\/fortprocess.co.uk\/de\/#webpage\",\"url\":\"https:\/\/fortprocess.co.uk\/de\/\",\"name\":\"Finden Sie lokalen Gelegenheitssex mit geilen Frauen - Process Reviews\",\"isPartOf\":{\"@id\":\"https:\/\/fortprocess.co.uk\/de\/#website\"},\"primaryImageOfPage\":{\"@id\":\"https:\/\/fortprocess.co.uk\/de\/#primaryimage\"},\"datePublished\":\"2022-10-03T10:12:03+00:00\",\"dateModified\":\"2022-10-11T14:52:15+00:00\",\"breadcrumb\":{\"@id\":\"https:\/\/fortprocess.co.uk\/de\/#breadcrumb\"},\"inLanguage\":\"de-DE\",\"potentialAction\":[{\"@type\":\"ReadAction\",\"target\":[\"https:\/\/fortprocess.co.uk\/de\/\"]}]},{\"@type\":\"BreadcrumbList\",\"@id\":\"https:\/\/fortprocess.co.uk\/de\/#breadcrumb\",\"itemListElement\":[{\"@type\":\"ListItem\",\"position\":1,\"name\":\"Home\",\"item\":\"http:\/\/fortprocess.co.uk\/de\/\"},{\"@type\":\"ListItem\",\"position\":2,\"name\":\"Finden Sie lokalen Gelegenheitssex mit geilen Frauen\"}]}]}<\/script>\n<!-- \/ Yoast SEO plugin. -->","yoast_head_json":{"title":"Finden Sie lokalen Gelegenheitssex mit geilen Frauen - Process Reviews","robots":{"index":"index","follow":"follow","max-snippet":"max-snippet:-1","max-image-preview":"max-image-preview:large","max-video-preview":"max-video-preview:-1"},"canonical":"https:\/\/fortprocess.co.uk\/de\/","og_locale":"de_DE","og_type":"article","og_title":"Finden Sie lokalen Gelegenheitssex mit geilen Frauen - Process Reviews","og_description":"Der Begriff &#8220;Casual Dating&#8221; wird in unserer heutigen Welt ziemlich oft herumgeworfen. Aber was bedeutet das eigentlich? Ist Casual Dating gut f\u00fcr alle oder nur f\u00fcr diejenigen, die etwas kurzfristiges wollen? Um herauszufinden, ob Casual Dating f\u00fcr Sie richtig oder falsch ist, ist es wichtig zu verstehen, wie diese Form des Datings funktioniert. Gelegenheitssex finden [&hellip;]","og_url":"https:\/\/fortprocess.co.uk\/de\/","og_site_name":"Process Reviews","article_modified_time":"2022-10-11T14:52:15+00:00","og_image":[{"width":2262,"height":1500,"url":"http:\/\/fortprocess.co.uk\/wp-content\/uploads\/2022\/10\/meet-for-dates.jpeg","type":"image\/jpeg"}],"twitter_card":"summary_large_image","twitter_misc":{"Gesch\u00e4tzte Lesezeit":"7 minutes"},"schema":{"@context":"https:\/\/schema.org","@graph":[{"@type":"WebSite","@id":"https:\/\/fortprocess.co.uk\/de\/#website","url":"https:\/\/fortprocess.co.uk\/de\/","name":"Process Reviews","description":"Casual Dating","potentialAction":[{"@type":"SearchAction","target":{"@type":"EntryPoint","urlTemplate":"https:\/\/fortprocess.co.uk\/de\/?s={search_term_string}"},"query-input":"required name=search_term_string"}],"inLanguage":"de-DE"},{"@type":"ImageObject","@id":"https:\/\/fortprocess.co.uk\/de\/#primaryimage","inLanguage":"de-DE","url":"https:\/\/fortprocess.co.uk\/wp-content\/uploads\/2022\/10\/meet-for-dates.jpeg","contentUrl":"https:\/\/fortprocess.co.uk\/wp-content\/uploads\/2022\/10\/meet-for-dates.jpeg","width":2262,"height":1500},{"@type":"WebPage","@id":"https:\/\/fortprocess.co.uk\/de\/#webpage","url":"https:\/\/fortprocess.co.uk\/de\/","name":"Finden Sie lokalen Gelegenheitssex mit geilen Frauen - Process Reviews","isPartOf":{"@id":"https:\/\/fortprocess.co.uk\/de\/#website"},"primaryImageOfPage":{"@id":"https:\/\/fortprocess.co.uk\/de\/#primaryimage"},"datePublished":"2022-10-03T10:12:03+00:00","dateModified":"2022-10-11T14:52:15+00:00","breadcrumb":{"@id":"https:\/\/fortprocess.co.uk\/de\/#breadcrumb"},"inLanguage":"de-DE","potentialAction":[{"@type":"ReadAction","target":["https:\/\/fortprocess.co.uk\/de\/"]}]},{"@type":"BreadcrumbList","@id":"https:\/\/fortprocess.co.uk\/de\/#breadcrumb","itemListElement":[{"@type":"ListItem","position":1,"name":"Home","item":"http:\/\/fortprocess.co.uk\/de\/"},{"@type":"ListItem","position":2,"name":"Finden Sie lokalen Gelegenheitssex mit geilen Frauen"}]}]}},"_links":{"self":[{"href":"https:\/\/fortprocess.co.uk\/de\/wp-json\/wp\/v2\/pages\/190"}],"collection":[{"href":"https:\/\/fortprocess.co.uk\/de\/wp-json\/wp\/v2\/pages"}],"about":[{"href":"https:\/\/fortprocess.co.uk\/de\/wp-json\/wp\/v2\/types\/page"}],"author":[{"embeddable":true,"href":"https:\/\/fortprocess.co.uk\/de\/wp-json\/wp\/v2\/users\/1"}],"replies":[{"embeddable":true,"href":"https:\/\/fortprocess.co.uk\/de\/wp-json\/wp\/v2\/comments?post=190"}],"version-history":[{"count":2,"href":"https:\/\/fortprocess.co.uk\/de\/wp-json\/wp\/v2\/pages\/190\/revisions"}],"predecessor-version":[{"id":291,"href":"https:\/\/fortprocess.co.uk\/de\/wp-json\/wp\/v2\/pages\/190\/revisions\/291"}],"wp:featuredmedia":[{"embeddable":true,"href":"https:\/\/fortprocess.co.uk\/de\/wp-json\/wp\/v2\/media\/105"}],"wp:attachment":[{"href":"https:\/\/fortprocess.co.uk\/de\/wp-json\/wp\/v2\/media?parent=190"}],"curies":[{"name":"wp","href":"https:\/\/api.w.org\/{rel}","templated":true}]}}