{"id":121,"date":"2022-10-03T13:35:48","date_gmt":"2022-10-03T12:35:48","guid":{"rendered":"http:\/\/fortprocess.co.uk\/sitios-de-citas-maduros\/"},"modified":"2023-02-03T15:47:50","modified_gmt":"2023-02-03T15:47:50","slug":"sitios-de-citas-maduros","status":"publish","type":"page","link":"https:\/\/fortprocess.co.uk\/es\/sitios-de-citas-maduros\/","title":{"rendered":"Sitios de citas maduros"},"content":{"rendered":"<p>Hay algunas cosas a tener en cuenta al usar sitios de citas maduros. Primero, ten claro lo que est\u00e1s buscando. Los sitios de citas maduros est\u00e1n llenos de personas que buscan cosas diferentes, as\u00ed que sea espec\u00edfico sobre lo que est\u00e1 buscando para evitar malentendidos. En segundo lugar, no tengas miedo de ser sincero sobre tus intenciones. Los sitios de citas maduros est\u00e1n llenos de personas que son abiertas y honestas sobre sus deseos, as\u00ed que no tengas miedo de hacerles saber lo que est\u00e1s buscando. Finalmente, t\u00f3mese su tiempo y disfrute del proceso. Los sitios de citas maduros pueden ser una excelente manera de conocer gente nueva y divertirse, as\u00ed que t\u00f3mese su tiempo y disfrute de la experiencia.<\/p>\n<h2>Sitio de citas para mujeres maduras<\/h2>\n<p>Hay muchos sitios de citas que atienden a diferentes grupos de <a href=\"https:\/\/www.citas-con-mujeres.com\/juegos-de-sexo-gratis-no-te-registras\/\">juegos de sexo gratis<\/a>, incluidas las mujeres maduras. Algunos sitios est\u00e1n dirigidos espec\u00edficamente a mujeres maduras, mientras que otros son m\u00e1s generales. Tambi\u00e9n hay sitios que atienden a intereses espec\u00edficos, como los que se centran en las citas para mujeres negras o los que atienden a solteros cristianos. Al elegir un sitio de citas para mujeres maduras, es importante considerar lo que est\u00e1 buscando en una pareja. \u00bfEst\u00e1s interesado en una relaci\u00f3n a largo plazo o una aventura casual? \u00bfCu\u00e1les son sus factores decisivos? Una vez que sepa lo que est\u00e1 buscando, puede reducir su b\u00fasqueda para encontrar el sitio perfecto para usted.<\/p>\n<h2>Conoce a mujeres mayores para tener sexo<\/h2>\n<p>Hay muchas maneras de conocer a mujeres mayores para tener relaciones sexuales, pero algunas son m\u00e1s efectivas que otras. Una forma de conocerlos es ir a lugares donde es probable que se congreguen, como bares o clubes. Otra forma es usar sitios de citas en l\u00ednea, que est\u00e1n dise\u00f1ados espec\u00edficamente para que las personas se conozcan y salgan. Sin embargo, la forma m\u00e1s efectiva de conocer a mujeres mayores para tener relaciones sexuales es utilizar un servicio profesional de emparejamiento. De esta manera, puede estar seguro de que est\u00e1 conociendo a mujeres mayores que est\u00e1n interesadas en el sexo y que tambi\u00e9n son compatibles con usted.<\/p>\n<p>Hay muchos sitios de citas que atienden a varios grupos de edad, pero a veces puede ser dif\u00edcil encontrar uno que atienda espec\u00edficamente a las mujeres mayores. Afortunadamente, hay algunas excelentes opciones espec\u00edficamente para mujeres mayores que buscan amor. OurTime es un sitio de citas popular para solteros maduros mayores de 50 a\u00f1os, con una interfaz simple y muchas caracter\u00edsticas <a href=\"https:\/\/www.chats-de-sexo.com\/paginas-para-follar-gratis\/\">p\u00e1ginas para follar<\/a> excelentes para ayudarlo a encontrar su pareja perfecta. Otra opci\u00f3n es SilverSingles, que atiende espec\u00edficamente a solteros maduros mayores de 50 a\u00f1os con un enfoque en ayudarlos a encontrar relaciones a largo plazo. Ambos sitios tienen opciones gratuitas y de pago, por lo que puede probar cada uno y ver cu\u00e1l funciona mejor para usted. Cualquiera que sea el sitio que elija, aseg\u00farese de tomarse un tiempo para completar su perfil y cargar algunas buenas im\u00e1genes para atraer posibles coincidencias. Con un poco de esfuerzo, deber\u00eda poder encontrar algunas coincidencias excelentes en cualquiera de estos sitios.<\/p>\n<h3>Passion.com<\/h3>\n<p>Si est\u00e1 buscando un sitio de citas maduro que pueda ayudarlo a encontrar parejas apasionadas y compatibles, no busque m\u00e1s all\u00e1 de Passion.com. Con su extensa base de datos de miembros, poderosas herramientas de b\u00fasqueda e interfaz f\u00e1cil de usar, Passion.com facilita la b\u00fasqueda de alguien que comparta sus intereses y deseos. Si bien el sitio ofrece algunas caracter\u00edsticas excelentes, su falta de caracter\u00edsticas de seguridad y atenci\u00f3n al cliente hacen que sea dif\u00edcil de recomendar a cualquiera que busque una relaci\u00f3n seria.<\/p>\n<h3>OnlyFlings<\/h3>\n<p>Si est\u00e1 buscando un sitio de citas maduro que atienda a los usuarios de aplicaciones de citas onlyfling, entonces querr\u00e1 consultar OnlyFlings. Esta aplicaci\u00f3n est\u00e1 dise\u00f1ada espec\u00edficamente para personas que buscan aventuras, encuentros y encuentros casuales. La aplicaci\u00f3n es f\u00e1cil de usar y tiene muchas caracter\u00edsticas que la convierten en una excelente opci\u00f3n para los usuarios maduros del sitio de citas. La aplicaci\u00f3n tiene una gran base de usuarios, por lo que no tendr\u00e1 problemas para encontrar a alguien con quien conectarse. La aplicaci\u00f3n tambi\u00e9n es muy asequible, por lo que no tendr\u00e1 que gastar mucho dinero para usarla. En general, OnlyFlings es una gran opci\u00f3n para los usuarios maduros del sitio de citas que buscan una aventura o conexi\u00f3n.<\/p>\n<h3>Fecha traviesa<\/h3>\n<p>NaughtyDate es una aplicaci\u00f3n de citas dise\u00f1ada para personas que buscan relaciones maduras y adultas. Tiene una calificaci\u00f3n de 4 estrellas en la App Store y una calificaci\u00f3n de 3.5 estrellas en Google Play. La aplicaci\u00f3n se puede descargar y usar de forma gratuita, pero puede actualizar a una membres\u00eda premium por $ 9.99 \/ mes. Los miembros Premium tienen acceso a filtros de b\u00fasqueda avanzada, mensajer\u00eda ilimitada y otras funciones.<\/p>\n<p>NaughtyDate es una gran opci\u00f3n para las personas que buscan relaciones maduras y adultas. La aplicaci\u00f3n es f\u00e1cil de usar y tiene muchas caracter\u00edsticas que la convierten en una excelente opci\u00f3n para las personas que buscan algo m\u00e1s que una conexi\u00f3n. El \u00fanico inconveniente es que no es tan popular como algunas de las otras aplicaciones de citas que existen, por lo que es posible que tenga problemas para encontrar coincidencias en su \u00e1rea.<\/p>\n","protected":false},"excerpt":{"rendered":"<p>Hay algunas cosas a tener en cuenta al usar sitios de citas maduros. Primero, ten claro lo que est\u00e1s buscando. Los sitios de citas maduros est\u00e1n llenos de personas que buscan cosas diferentes, as\u00ed que sea espec\u00edfico sobre lo que est\u00e1 buscando para evitar malentendidos. En segundo lugar, no tengas miedo de ser sincero sobre [&hellip;]<\/p>\n","protected":false},"author":1,"featured_media":0,"parent":0,"menu_order":0,"comment_status":"closed","ping_status":"closed","template":"","meta":[],"yoast_head":"<!-- This site is optimized with the Yoast SEO plugin v17.7.1 - https:\/\/yoast.com\/wordpress\/plugins\/seo\/ -->\n<title>Sitios de citas maduros - Process Reviews<\/title>\n<meta name=\"robots\" content=\"index, follow, max-snippet:-1, max-image-preview:large, max-video-preview:-1\" \/>\n<link rel=\"canonical\" href=\"https:\/\/fortprocess.co.uk\/es\/sitios-de-citas-maduros\/\" \/>\n<meta property=\"og:locale\" content=\"es_ES\" \/>\n<meta property=\"og:type\" content=\"article\" \/>\n<meta property=\"og:title\" content=\"Sitios de citas maduros - Process Reviews\" \/>\n<meta property=\"og:description\" content=\"Hay algunas cosas a tener en cuenta al usar sitios de citas maduros. Primero, ten claro lo que est\u00e1s buscando. Los sitios de citas maduros est\u00e1n llenos de personas que buscan cosas diferentes, as\u00ed que sea espec\u00edfico sobre lo que est\u00e1 buscando para evitar malentendidos. En segundo lugar, no tengas miedo de ser sincero sobre [&hellip;]\" \/>\n<meta property=\"og:url\" content=\"https:\/\/fortprocess.co.uk\/es\/sitios-de-citas-maduros\/\" \/>\n<meta property=\"og:site_name\" content=\"Process Reviews\" \/>\n<meta property=\"article:modified_time\" content=\"2023-02-03T15:47:50+00:00\" \/>\n<meta name=\"twitter:card\" content=\"summary_large_image\" \/>\n<meta name=\"twitter:label1\" content=\"Tiempo de lectura\" \/>\n\t<meta name=\"twitter:data1\" content=\"5 minutos\" \/>\n<script type=\"application\/ld+json\" class=\"yoast-schema-graph\">{\"@context\":\"https:\/\/schema.org\",\"@graph\":[{\"@type\":\"WebSite\",\"@id\":\"https:\/\/fortprocess.co.uk\/es\/#website\",\"url\":\"https:\/\/fortprocess.co.uk\/es\/\",\"name\":\"Process Reviews\",\"description\":\"Casual Dating\",\"potentialAction\":[{\"@type\":\"SearchAction\",\"target\":{\"@type\":\"EntryPoint\",\"urlTemplate\":\"https:\/\/fortprocess.co.uk\/es\/?s={search_term_string}\"},\"query-input\":\"required name=search_term_string\"}],\"inLanguage\":\"es\"},{\"@type\":\"WebPage\",\"@id\":\"https:\/\/fortprocess.co.uk\/es\/sitios-de-citas-maduros\/#webpage\",\"url\":\"https:\/\/fortprocess.co.uk\/es\/sitios-de-citas-maduros\/\",\"name\":\"Sitios de citas maduros - Process Reviews\",\"isPartOf\":{\"@id\":\"https:\/\/fortprocess.co.uk\/es\/#website\"},\"datePublished\":\"2022-10-03T12:35:48+00:00\",\"dateModified\":\"2023-02-03T15:47:50+00:00\",\"breadcrumb\":{\"@id\":\"https:\/\/fortprocess.co.uk\/es\/sitios-de-citas-maduros\/#breadcrumb\"},\"inLanguage\":\"es\",\"potentialAction\":[{\"@type\":\"ReadAction\",\"target\":[\"https:\/\/fortprocess.co.uk\/es\/sitios-de-citas-maduros\/\"]}]},{\"@type\":\"BreadcrumbList\",\"@id\":\"https:\/\/fortprocess.co.uk\/es\/sitios-de-citas-maduros\/#breadcrumb\",\"itemListElement\":[{\"@type\":\"ListItem\",\"position\":1,\"name\":\"Home\",\"item\":\"http:\/\/fortprocess.co.uk\/es\/\"},{\"@type\":\"ListItem\",\"position\":2,\"name\":\"Sitios de citas maduros\"}]}]}<\/script>\n<!-- \/ Yoast SEO plugin. -->","yoast_head_json":{"title":"Sitios de citas maduros - Process Reviews","robots":{"index":"index","follow":"follow","max-snippet":"max-snippet:-1","max-image-preview":"max-image-preview:large","max-video-preview":"max-video-preview:-1"},"canonical":"https:\/\/fortprocess.co.uk\/es\/sitios-de-citas-maduros\/","og_locale":"es_ES","og_type":"article","og_title":"Sitios de citas maduros - Process Reviews","og_description":"Hay algunas cosas a tener en cuenta al usar sitios de citas maduros. Primero, ten claro lo que est\u00e1s buscando. Los sitios de citas maduros est\u00e1n llenos de personas que buscan cosas diferentes, as\u00ed que sea espec\u00edfico sobre lo que est\u00e1 buscando para evitar malentendidos. En segundo lugar, no tengas miedo de ser sincero sobre [&hellip;]","og_url":"https:\/\/fortprocess.co.uk\/es\/sitios-de-citas-maduros\/","og_site_name":"Process Reviews","article_modified_time":"2023-02-03T15:47:50+00:00","twitter_card":"summary_large_image","twitter_misc":{"Tiempo de lectura":"5 minutos"},"schema":{"@context":"https:\/\/schema.org","@graph":[{"@type":"WebSite","@id":"https:\/\/fortprocess.co.uk\/es\/#website","url":"https:\/\/fortprocess.co.uk\/es\/","name":"Process Reviews","description":"Casual Dating","potentialAction":[{"@type":"SearchAction","target":{"@type":"EntryPoint","urlTemplate":"https:\/\/fortprocess.co.uk\/es\/?s={search_term_string}"},"query-input":"required name=search_term_string"}],"inLanguage":"es"},{"@type":"WebPage","@id":"https:\/\/fortprocess.co.uk\/es\/sitios-de-citas-maduros\/#webpage","url":"https:\/\/fortprocess.co.uk\/es\/sitios-de-citas-maduros\/","name":"Sitios de citas maduros - Process Reviews","isPartOf":{"@id":"https:\/\/fortprocess.co.uk\/es\/#website"},"datePublished":"2022-10-03T12:35:48+00:00","dateModified":"2023-02-03T15:47:50+00:00","breadcrumb":{"@id":"https:\/\/fortprocess.co.uk\/es\/sitios-de-citas-maduros\/#breadcrumb"},"inLanguage":"es","potentialAction":[{"@type":"ReadAction","target":["https:\/\/fortprocess.co.uk\/es\/sitios-de-citas-maduros\/"]}]},{"@type":"BreadcrumbList","@id":"https:\/\/fortprocess.co.uk\/es\/sitios-de-citas-maduros\/#breadcrumb","itemListElement":[{"@type":"ListItem","position":1,"name":"Home","item":"http:\/\/fortprocess.co.uk\/es\/"},{"@type":"ListItem","position":2,"name":"Sitios de citas maduros"}]}]}},"_links":{"self":[{"href":"https:\/\/fortprocess.co.uk\/es\/wp-json\/wp\/v2\/pages\/121"}],"collection":[{"href":"https:\/\/fortprocess.co.uk\/es\/wp-json\/wp\/v2\/pages"}],"about":[{"href":"https:\/\/fortprocess.co.uk\/es\/wp-json\/wp\/v2\/types\/page"}],"author":[{"embeddable":true,"href":"https:\/\/fortprocess.co.uk\/es\/wp-json\/wp\/v2\/users\/1"}],"replies":[{"embeddable":true,"href":"https:\/\/fortprocess.co.uk\/es\/wp-json\/wp\/v2\/comments?post=121"}],"version-history":[{"count":2,"href":"https:\/\/fortprocess.co.uk\/es\/wp-json\/wp\/v2\/pages\/121\/revisions"}],"predecessor-version":[{"id":384,"href":"https:\/\/fortprocess.co.uk\/es\/wp-json\/wp\/v2\/pages\/121\/revisions\/384"}],"wp:attachment":[{"href":"https:\/\/fortprocess.co.uk\/es\/wp-json\/wp\/v2\/media?parent=121"}],"curies":[{"name":"wp","href":"https:\/\/api.w.org\/{rel}","templated":true}]}}