{"id":133,"date":"2022-10-03T13:34:58","date_gmt":"2022-10-03T12:34:58","guid":{"rendered":"http:\/\/fortprocess.co.uk\/chicas-que-buscan-sexo\/"},"modified":"2022-10-03T14:05:07","modified_gmt":"2022-10-03T13:05:07","slug":"chicas-que-buscan-sexo","status":"publish","type":"page","link":"https:\/\/fortprocess.co.uk\/es\/chicas-que-buscan-sexo\/","title":{"rendered":"Chicas que buscan sexo"},"content":{"rendered":"<p>No hay duda de que las chicas siempre est\u00e1n buscando sexo. Quieren conectarse con alguien con quien puedan pasar un buen rato y en quien puedan confiar. Sin embargo, no siempre es f\u00e1cil encontrar a alguien en quien puedas confiar y con quien puedas pasar un buen rato. A veces, puede ser dif\u00edcil saber si un chico solo est\u00e1 buscando conectarse o si realmente quiere salir contigo. Si solo est\u00e1s buscando una conexi\u00f3n, entonces es importante poder saber si un chico solo est\u00e1 tratando de usarte. Hay algunas cosas que puedes buscar, como si realmente te est\u00e1 hablando o no, o si solo est\u00e1 tratando de meterte en la cama. Si un chico solo est\u00e1 tratando de meterte en la cama, entonces probablemente no valga la pena tu tiempo. Sin embargo, si un chico est\u00e1 interesado en ti y realmente quiere conocerte, entonces definitivamente vale la pena tu tiempo.<\/p>\n<h2>Mujeres que buscan sexo<\/h2>\n<p>Hay muchas mujeres por ah\u00ed que est\u00e1n buscando sexo. Pueden estar casados o en una relaci\u00f3n, pero todav\u00eda est\u00e1n cachondos. Y no tienen miedo de admitirlo. Est\u00e1n buscando un hombre que pueda satisfacer sus necesidades. Y est\u00e1n dispuestos a salir a buscarlo. No est\u00e1n buscando una relaci\u00f3n. Solo est\u00e1n buscando pasar un buen rato.<\/p>\n<p>Hay mujeres que buscan sexo cerca de m\u00ed todo el tiempo. No estoy seguro de por qu\u00e9, pero parece que cada vez que salgo, hay al menos una mujer que est\u00e1 buscando sexo. Tal vez son realmente cachondos, o tal vez est\u00e1n buscando el amor. De cualquier manera, siempre es un giro para m\u00ed.<\/p>\n<h2>Conoce a mujeres cachondas cerca de ti<\/h2>\n<p>No hay necesidad de ser t\u00edmido cuando se trata de conocer mujeres cachondas cerca de ti. Puede encontrarlos f\u00e1cilmente en l\u00ednea a trav\u00e9s de sitios de citas o aplicaciones. Una vez que haya encontrado a alguien que le interese, simplemente env\u00edele un mensaje y h\u00e1gales saber lo que est\u00e1 buscando. Si est\u00e1n interesados, responder\u00e1n y puedes tomar cosas de all\u00ed. Solo aseg\u00farese de ser respetuoso y directo sobre lo que est\u00e1 buscando para evitar malentendidos.<\/p>\n<h3>LuckyCrush<\/h3>\n<p>Si est\u00e1s buscando sexo, LuckyCrush es la aplicaci\u00f3n de citas para ti. La aplicaci\u00f3n est\u00e1 dise\u00f1ada espec\u00edficamente para chicas que quieren conectarse con chicos, y es de uso absolutamente gratuito. Todo lo que necesita hacer es crear un perfil y comenzar a deslizar. LuckyCrush les mostrar\u00e1 a ustedes en su \u00e1rea que est\u00e1n buscando lo mismo que ustedes, y pueden comenzar a chatear con ellos de inmediato. La mejor parte es que ni siquiera necesitas salir de tu casa para encontrar una conexi\u00f3n; puedes hacerlo todo desde la comodidad de tu propia cama.<\/p>\n<h3>Badoo<\/h3>\n<p>Badoo es una aplicaci\u00f3n de citas que es popular entre las chicas que buscan sexo. La aplicaci\u00f3n tiene muchos perfiles falsos, lo que dificulta encontrar chicas reales. La aplicaci\u00f3n tambi\u00e9n es conocida por su cultura de conexi\u00f3n, lo que facilita la b\u00fasqueda de una aventura de una noche. Sin embargo, tambi\u00e9n hay muchas chicas en la aplicaci\u00f3n que buscan una relaci\u00f3n seria.<\/p>\n<h3>TinderMeets<\/h3>\n<p>Si eres una chica que busca sexo, \u00a1TinderMeets es la aplicaci\u00f3n de citas para ti! Con m\u00e1s de 2 millones de usuarios activos, es f\u00e1cil encontrar a alguien con quien conectarse. \u00bfLa mejor parte? \u00a1Puedes hacerlo todo desde la comodidad de tu propia casa! TinderMeets es la aplicaci\u00f3n perfecta para mujeres ocupadas que quieren acostarse sin tener que salir y conocer chicos a la antigua usanza. \u00a1Simplemente crea un perfil, desliza el dedo hacia la derecha sobre alguien que te guste y re\u00fanete para una conexi\u00f3n!<\/p>\n<p>La aplicaci\u00f3n se puede descargar y usar de forma gratuita, y no hay tarifas ocultas ni compras en la aplicaci\u00f3n. Entonces, \u00bfa qu\u00e9 est\u00e1s esperando? \u00a1Empieza a deslizar y empieza a colocarte!<\/p>\n","protected":false},"excerpt":{"rendered":"<p>No hay duda de que las chicas siempre est\u00e1n buscando sexo. Quieren conectarse con alguien con quien puedan pasar un buen rato y en quien puedan confiar. Sin embargo, no siempre es f\u00e1cil encontrar a alguien en quien puedas confiar y con quien puedas pasar un buen rato. A veces, puede ser dif\u00edcil saber si [&hellip;]<\/p>\n","protected":false},"author":1,"featured_media":0,"parent":0,"menu_order":0,"comment_status":"closed","ping_status":"closed","template":"","meta":[],"yoast_head":"<!-- This site is optimized with the Yoast SEO plugin v17.7.1 - https:\/\/yoast.com\/wordpress\/plugins\/seo\/ -->\n<title>Chicas que buscan sexo - Process Reviews<\/title>\n<meta name=\"robots\" content=\"index, follow, max-snippet:-1, max-image-preview:large, max-video-preview:-1\" \/>\n<link rel=\"canonical\" href=\"https:\/\/fortprocess.co.uk\/es\/chicas-que-buscan-sexo\/\" \/>\n<meta property=\"og:locale\" content=\"es_ES\" \/>\n<meta property=\"og:type\" content=\"article\" \/>\n<meta property=\"og:title\" content=\"Chicas que buscan sexo - Process Reviews\" \/>\n<meta property=\"og:description\" content=\"No hay duda de que las chicas siempre est\u00e1n buscando sexo. Quieren conectarse con alguien con quien puedan pasar un buen rato y en quien puedan confiar. Sin embargo, no siempre es f\u00e1cil encontrar a alguien en quien puedas confiar y con quien puedas pasar un buen rato. A veces, puede ser dif\u00edcil saber si [&hellip;]\" \/>\n<meta property=\"og:url\" content=\"https:\/\/fortprocess.co.uk\/es\/chicas-que-buscan-sexo\/\" \/>\n<meta property=\"og:site_name\" content=\"Process Reviews\" \/>\n<meta property=\"article:modified_time\" content=\"2022-10-03T13:05:07+00:00\" \/>\n<meta name=\"twitter:card\" content=\"summary_large_image\" \/>\n<meta name=\"twitter:label1\" content=\"Tiempo de lectura\" \/>\n\t<meta name=\"twitter:data1\" content=\"3 minutos\" \/>\n<script type=\"application\/ld+json\" class=\"yoast-schema-graph\">{\"@context\":\"https:\/\/schema.org\",\"@graph\":[{\"@type\":\"WebSite\",\"@id\":\"https:\/\/fortprocess.co.uk\/es\/#website\",\"url\":\"https:\/\/fortprocess.co.uk\/es\/\",\"name\":\"Process Reviews\",\"description\":\"Casual Dating\",\"potentialAction\":[{\"@type\":\"SearchAction\",\"target\":{\"@type\":\"EntryPoint\",\"urlTemplate\":\"https:\/\/fortprocess.co.uk\/es\/?s={search_term_string}\"},\"query-input\":\"required name=search_term_string\"}],\"inLanguage\":\"es\"},{\"@type\":\"WebPage\",\"@id\":\"https:\/\/fortprocess.co.uk\/es\/chicas-que-buscan-sexo\/#webpage\",\"url\":\"https:\/\/fortprocess.co.uk\/es\/chicas-que-buscan-sexo\/\",\"name\":\"Chicas que buscan sexo - Process Reviews\",\"isPartOf\":{\"@id\":\"https:\/\/fortprocess.co.uk\/es\/#website\"},\"datePublished\":\"2022-10-03T12:34:58+00:00\",\"dateModified\":\"2022-10-03T13:05:07+00:00\",\"breadcrumb\":{\"@id\":\"https:\/\/fortprocess.co.uk\/es\/chicas-que-buscan-sexo\/#breadcrumb\"},\"inLanguage\":\"es\",\"potentialAction\":[{\"@type\":\"ReadAction\",\"target\":[\"https:\/\/fortprocess.co.uk\/es\/chicas-que-buscan-sexo\/\"]}]},{\"@type\":\"BreadcrumbList\",\"@id\":\"https:\/\/fortprocess.co.uk\/es\/chicas-que-buscan-sexo\/#breadcrumb\",\"itemListElement\":[{\"@type\":\"ListItem\",\"position\":1,\"name\":\"Home\",\"item\":\"http:\/\/fortprocess.co.uk\/es\/\"},{\"@type\":\"ListItem\",\"position\":2,\"name\":\"Chicas que buscan sexo\"}]}]}<\/script>\n<!-- \/ Yoast SEO plugin. -->","yoast_head_json":{"title":"Chicas que buscan sexo - Process Reviews","robots":{"index":"index","follow":"follow","max-snippet":"max-snippet:-1","max-image-preview":"max-image-preview:large","max-video-preview":"max-video-preview:-1"},"canonical":"https:\/\/fortprocess.co.uk\/es\/chicas-que-buscan-sexo\/","og_locale":"es_ES","og_type":"article","og_title":"Chicas que buscan sexo - Process Reviews","og_description":"No hay duda de que las chicas siempre est\u00e1n buscando sexo. Quieren conectarse con alguien con quien puedan pasar un buen rato y en quien puedan confiar. Sin embargo, no siempre es f\u00e1cil encontrar a alguien en quien puedas confiar y con quien puedas pasar un buen rato. A veces, puede ser dif\u00edcil saber si [&hellip;]","og_url":"https:\/\/fortprocess.co.uk\/es\/chicas-que-buscan-sexo\/","og_site_name":"Process Reviews","article_modified_time":"2022-10-03T13:05:07+00:00","twitter_card":"summary_large_image","twitter_misc":{"Tiempo de lectura":"3 minutos"},"schema":{"@context":"https:\/\/schema.org","@graph":[{"@type":"WebSite","@id":"https:\/\/fortprocess.co.uk\/es\/#website","url":"https:\/\/fortprocess.co.uk\/es\/","name":"Process Reviews","description":"Casual Dating","potentialAction":[{"@type":"SearchAction","target":{"@type":"EntryPoint","urlTemplate":"https:\/\/fortprocess.co.uk\/es\/?s={search_term_string}"},"query-input":"required name=search_term_string"}],"inLanguage":"es"},{"@type":"WebPage","@id":"https:\/\/fortprocess.co.uk\/es\/chicas-que-buscan-sexo\/#webpage","url":"https:\/\/fortprocess.co.uk\/es\/chicas-que-buscan-sexo\/","name":"Chicas que buscan sexo - Process Reviews","isPartOf":{"@id":"https:\/\/fortprocess.co.uk\/es\/#website"},"datePublished":"2022-10-03T12:34:58+00:00","dateModified":"2022-10-03T13:05:07+00:00","breadcrumb":{"@id":"https:\/\/fortprocess.co.uk\/es\/chicas-que-buscan-sexo\/#breadcrumb"},"inLanguage":"es","potentialAction":[{"@type":"ReadAction","target":["https:\/\/fortprocess.co.uk\/es\/chicas-que-buscan-sexo\/"]}]},{"@type":"BreadcrumbList","@id":"https:\/\/fortprocess.co.uk\/es\/chicas-que-buscan-sexo\/#breadcrumb","itemListElement":[{"@type":"ListItem","position":1,"name":"Home","item":"http:\/\/fortprocess.co.uk\/es\/"},{"@type":"ListItem","position":2,"name":"Chicas que buscan sexo"}]}]}},"_links":{"self":[{"href":"https:\/\/fortprocess.co.uk\/es\/wp-json\/wp\/v2\/pages\/133"}],"collection":[{"href":"https:\/\/fortprocess.co.uk\/es\/wp-json\/wp\/v2\/pages"}],"about":[{"href":"https:\/\/fortprocess.co.uk\/es\/wp-json\/wp\/v2\/types\/page"}],"author":[{"embeddable":true,"href":"https:\/\/fortprocess.co.uk\/es\/wp-json\/wp\/v2\/users\/1"}],"replies":[{"embeddable":true,"href":"https:\/\/fortprocess.co.uk\/es\/wp-json\/wp\/v2\/comments?post=133"}],"version-history":[{"count":1,"href":"https:\/\/fortprocess.co.uk\/es\/wp-json\/wp\/v2\/pages\/133\/revisions"}],"predecessor-version":[{"id":206,"href":"https:\/\/fortprocess.co.uk\/es\/wp-json\/wp\/v2\/pages\/133\/revisions\/206"}],"wp:attachment":[{"href":"https:\/\/fortprocess.co.uk\/es\/wp-json\/wp\/v2\/media?parent=133"}],"curies":[{"name":"wp","href":"https:\/\/api.w.org\/{rel}","templated":true}]}}