{"id":153,"date":"2022-10-03T13:35:35","date_gmt":"2022-10-03T12:35:35","guid":{"rendered":"http:\/\/fortprocess.co.uk\/sitios-de-citas-kink\/"},"modified":"2022-10-03T14:04:52","modified_gmt":"2022-10-03T13:04:52","slug":"sitios-de-citas-kink","status":"publish","type":"page","link":"https:\/\/fortprocess.co.uk\/es\/sitios-de-citas-kink\/","title":{"rendered":"Sitios de citas Kink"},"content":{"rendered":"<p>Hay una variedad de sitios de citas torcedoras disponibles si est\u00e1 interesado en buscar una relaci\u00f3n m\u00e1s poco convencional. Estos sitios atienden a personas con fetiches o torceduras espec\u00edficas, y pueden ayudarlo a conectarse con socios de ideas afines. Ya sea que est\u00e9 buscando una relaci\u00f3n dom \/ sub, o simplemente una conexi\u00f3n casual, los sitios de citas kink pueden ayudarlo a encontrar lo que est\u00e1 buscando. Aseg\u00farese de leer los t\u00e9rminos y condiciones del sitio antes de registrarse, para asegurarse de que se sienta c\u00f3modo con sus pr\u00e1cticas.<\/p>\n<p>Las citas de esclavitud son un tipo de citas en las que una pareja es restringida de manera sexual por la otra pareja. Esto se puede hacer usando esposas, cuerdas, vendas en los ojos u otras restricciones. Puede ser una forma divertida y emocionante de agregar algo de sabor a su vida sexual. Sin embargo, es importante asegurarse de confiar completamente en su pareja antes de probar este tipo de citas.<\/p>\n<h2>Conoce a Kinky People cerca de m\u00ed<\/h2>\n<p>Hay muchas maneras de conocer gente pervertida cerca de ti si sabes d\u00f3nde buscar. Una forma es unirse a un sitio de citas en l\u00ednea que satisfaga sus intereses espec\u00edficos. De esta manera, puede estar seguro de encontrar personas que est\u00e9n en las mismas cosas que usted. Otra forma de conocer gente pervertida es asistir a eventos o clubes locales de BDSM. Esta es una excelente manera de conocer a personas de ideas afines en un entorno seguro y consensuado. Tambi\u00e9n puede consultar foros en l\u00ednea o grupos de redes sociales dedicados a kink y BDSM. Esta es una excelente manera de conectarse con personas que comparten sus intereses y obtener consejos y sugerencias de miembros m\u00e1s experimentados.<\/p>\n<h2>Conexi\u00f3n BDSM<\/h2>\n<p>Si est\u00e1 interesado en explorar el mundo del BDSM, hay algunas cosas que debe tener en cuenta al conectarse con un compa\u00f1ero. En primer lugar, la comunicaci\u00f3n es clave. Aseg\u00farese de discutir sus l\u00edmites y l\u00edmites antes de comenzar. Tambi\u00e9n es importante confiar en su pareja y tener una buena comprensi\u00f3n de sus habilidades y experiencia.<\/p>\n<p>BDSM puede ser una excelente manera de agregar algo de sabor a su vida sexual, pero es importante asegurarse de que lo est\u00e1 haciendo de manera segura y consensuada. Si reci\u00e9n est\u00e1 comenzando, hay algunas cosas que debe tener en cuenta. En primer lugar, la comunicaci\u00f3n es clave. Aseg\u00farese de discutir sus l\u00edmites y l\u00edmites antes de comenzar. Tambi\u00e9n es importante confiar en su pareja y tener una buena comprensi\u00f3n de sus habilidades y experiencia.<\/p>\n<p>BDSM puede ser una excelente manera de agregar algo de sabor a su vida sexual, pero es importante asegurarse de que lo est\u00e1 haciendo de manera segura y consensuada. Si reci\u00e9n est\u00e1 comenzando, hay algunas cosas que debe tener en cuenta. En primer lugar, la comunicaci\u00f3n es clave. Aseg\u00farese de discutir sus l\u00edmites y l\u00edmites antes de comenzar. Tambi\u00e9n es importante confiar en su pareja y tener una buena comprensi\u00f3n de sus habilidades y experiencia.<\/p>\n<h3>Chorro<\/h3>\n<p>Si est\u00e1 buscando un sitio de citas kink que se dedique a ayudarlo a conectarse con personas de ideas afines, entonces querr\u00e1 consultar Squirt. Este sitio ha sido dise\u00f1ado espec\u00edficamente para ayudar a las personas a encontrar socios para actividades m\u00e1s pervertidas, y tiene mucho que ofrecer.<\/p>\n<p>Lo primero que notar\u00e1 sobre Squirt es que es muy f\u00e1cil de usar. La interfaz es simple y f\u00e1cil de navegar, y la funci\u00f3n de b\u00fasqueda es muy completa. Puede buscar parejas por ubicaci\u00f3n, intereses e incluso preferencias sexuales.<\/p>\n<p>Una de las mejores cosas de Squirt es que es un sitio muy inclusivo. No importa cu\u00e1l sea su torcedura, podr\u00e1 encontrar a alguien que est\u00e9 interesado en este sitio. Tambi\u00e9n hay una gran comunidad de usuarios que siempre est\u00e1n felices de ayudarse y apoyarse mutuamente.<\/p>\n<p>Si est\u00e1 buscando un sitio de citas kink que sea seguro, acogedor y lleno de caracter\u00edsticas, entonces definitivamente deber\u00eda consultar Squirt.<\/p>\n<h3>Fecha traviesa<\/h3>\n<p>NaughtyDate es una popular aplicaci\u00f3n de citas con una gran base de usuarios y muchas caracter\u00edsticas para mantener las cosas interesantes. La aplicaci\u00f3n se puede descargar y crear un perfil de forma gratuita, pero deber\u00e1 actualizar a una membres\u00eda premium para desbloquear todas las funciones. Esto incluye mensajer\u00eda, b\u00fasqueda y varias actividades relacionadas con la torcedura.<\/p>\n<p>La aplicaci\u00f3n est\u00e1 bien dise\u00f1ada y es f\u00e1cil de usar, lo que hace que toda la experiencia de citas kink sea mucho m\u00e1s agradable. Y con una gran base de usuarios, seguramente encontrar\u00e1 a alguien que comparta sus problemas e intereses espec\u00edficos. Entonces, si est\u00e1 buscando una aplicaci\u00f3n de citas torcida que pueda ofrecer calidad y cantidad, definitivamente vale la pena echarle un vistazo a NaughtyDate.<\/p>\n<h3>TinderMeets<\/h3>\n<p>Si est\u00e1 buscando un sitio de citas torcido que realmente cumpla, TinderMeets es el camino a seguir. El sitio tiene un mont\u00f3n de caracter\u00edsticas que hacen que encontrar y conectarse con socios potenciales sea muy f\u00e1cil, y la comunidad es activa y amigable. Ya sea que est\u00e9 buscando una conexi\u00f3n casual o una relaci\u00f3n m\u00e1s seria, encontrar\u00e1 lo que est\u00e1 buscando en TinderMeets.<\/p>\n","protected":false},"excerpt":{"rendered":"<p>Hay una variedad de sitios de citas torcedoras disponibles si est\u00e1 interesado en buscar una relaci\u00f3n m\u00e1s poco convencional. Estos sitios atienden a personas con fetiches o torceduras espec\u00edficas, y pueden ayudarlo a conectarse con socios de ideas afines. Ya sea que est\u00e9 buscando una relaci\u00f3n dom \/ sub, o simplemente una conexi\u00f3n casual, los [&hellip;]<\/p>\n","protected":false},"author":1,"featured_media":0,"parent":0,"menu_order":0,"comment_status":"closed","ping_status":"closed","template":"","meta":[],"yoast_head":"<!-- This site is optimized with the Yoast SEO plugin v17.7.1 - https:\/\/yoast.com\/wordpress\/plugins\/seo\/ -->\n<title>Sitios de citas Kink - Process Reviews<\/title>\n<meta name=\"robots\" content=\"index, follow, max-snippet:-1, max-image-preview:large, max-video-preview:-1\" \/>\n<link rel=\"canonical\" href=\"https:\/\/fortprocess.co.uk\/es\/sitios-de-citas-kink\/\" \/>\n<meta property=\"og:locale\" content=\"es_ES\" \/>\n<meta property=\"og:type\" content=\"article\" \/>\n<meta property=\"og:title\" content=\"Sitios de citas Kink - Process Reviews\" \/>\n<meta property=\"og:description\" content=\"Hay una variedad de sitios de citas torcedoras disponibles si est\u00e1 interesado en buscar una relaci\u00f3n m\u00e1s poco convencional. Estos sitios atienden a personas con fetiches o torceduras espec\u00edficas, y pueden ayudarlo a conectarse con socios de ideas afines. Ya sea que est\u00e9 buscando una relaci\u00f3n dom \/ sub, o simplemente una conexi\u00f3n casual, los [&hellip;]\" \/>\n<meta property=\"og:url\" content=\"https:\/\/fortprocess.co.uk\/es\/sitios-de-citas-kink\/\" \/>\n<meta property=\"og:site_name\" content=\"Process Reviews\" \/>\n<meta property=\"article:modified_time\" content=\"2022-10-03T13:04:52+00:00\" \/>\n<meta name=\"twitter:card\" content=\"summary_large_image\" \/>\n<meta name=\"twitter:label1\" content=\"Tiempo de lectura\" \/>\n\t<meta name=\"twitter:data1\" content=\"5 minutos\" \/>\n<script type=\"application\/ld+json\" class=\"yoast-schema-graph\">{\"@context\":\"https:\/\/schema.org\",\"@graph\":[{\"@type\":\"WebSite\",\"@id\":\"https:\/\/fortprocess.co.uk\/es\/#website\",\"url\":\"https:\/\/fortprocess.co.uk\/es\/\",\"name\":\"Process Reviews\",\"description\":\"Casual Dating\",\"potentialAction\":[{\"@type\":\"SearchAction\",\"target\":{\"@type\":\"EntryPoint\",\"urlTemplate\":\"https:\/\/fortprocess.co.uk\/es\/?s={search_term_string}\"},\"query-input\":\"required name=search_term_string\"}],\"inLanguage\":\"es\"},{\"@type\":\"WebPage\",\"@id\":\"https:\/\/fortprocess.co.uk\/es\/sitios-de-citas-kink\/#webpage\",\"url\":\"https:\/\/fortprocess.co.uk\/es\/sitios-de-citas-kink\/\",\"name\":\"Sitios de citas Kink - Process Reviews\",\"isPartOf\":{\"@id\":\"https:\/\/fortprocess.co.uk\/es\/#website\"},\"datePublished\":\"2022-10-03T12:35:35+00:00\",\"dateModified\":\"2022-10-03T13:04:52+00:00\",\"breadcrumb\":{\"@id\":\"https:\/\/fortprocess.co.uk\/es\/sitios-de-citas-kink\/#breadcrumb\"},\"inLanguage\":\"es\",\"potentialAction\":[{\"@type\":\"ReadAction\",\"target\":[\"https:\/\/fortprocess.co.uk\/es\/sitios-de-citas-kink\/\"]}]},{\"@type\":\"BreadcrumbList\",\"@id\":\"https:\/\/fortprocess.co.uk\/es\/sitios-de-citas-kink\/#breadcrumb\",\"itemListElement\":[{\"@type\":\"ListItem\",\"position\":1,\"name\":\"Home\",\"item\":\"https:\/\/fortprocess.co.uk\/es\/\"},{\"@type\":\"ListItem\",\"position\":2,\"name\":\"Sitios de citas Kink\"}]}]}<\/script>\n<!-- \/ Yoast SEO plugin. -->","yoast_head_json":{"title":"Sitios de citas Kink - Process Reviews","robots":{"index":"index","follow":"follow","max-snippet":"max-snippet:-1","max-image-preview":"max-image-preview:large","max-video-preview":"max-video-preview:-1"},"canonical":"https:\/\/fortprocess.co.uk\/es\/sitios-de-citas-kink\/","og_locale":"es_ES","og_type":"article","og_title":"Sitios de citas Kink - Process Reviews","og_description":"Hay una variedad de sitios de citas torcedoras disponibles si est\u00e1 interesado en buscar una relaci\u00f3n m\u00e1s poco convencional. Estos sitios atienden a personas con fetiches o torceduras espec\u00edficas, y pueden ayudarlo a conectarse con socios de ideas afines. Ya sea que est\u00e9 buscando una relaci\u00f3n dom \/ sub, o simplemente una conexi\u00f3n casual, los [&hellip;]","og_url":"https:\/\/fortprocess.co.uk\/es\/sitios-de-citas-kink\/","og_site_name":"Process Reviews","article_modified_time":"2022-10-03T13:04:52+00:00","twitter_card":"summary_large_image","twitter_misc":{"Tiempo de lectura":"5 minutos"},"schema":{"@context":"https:\/\/schema.org","@graph":[{"@type":"WebSite","@id":"https:\/\/fortprocess.co.uk\/es\/#website","url":"https:\/\/fortprocess.co.uk\/es\/","name":"Process Reviews","description":"Casual Dating","potentialAction":[{"@type":"SearchAction","target":{"@type":"EntryPoint","urlTemplate":"https:\/\/fortprocess.co.uk\/es\/?s={search_term_string}"},"query-input":"required name=search_term_string"}],"inLanguage":"es"},{"@type":"WebPage","@id":"https:\/\/fortprocess.co.uk\/es\/sitios-de-citas-kink\/#webpage","url":"https:\/\/fortprocess.co.uk\/es\/sitios-de-citas-kink\/","name":"Sitios de citas Kink - Process Reviews","isPartOf":{"@id":"https:\/\/fortprocess.co.uk\/es\/#website"},"datePublished":"2022-10-03T12:35:35+00:00","dateModified":"2022-10-03T13:04:52+00:00","breadcrumb":{"@id":"https:\/\/fortprocess.co.uk\/es\/sitios-de-citas-kink\/#breadcrumb"},"inLanguage":"es","potentialAction":[{"@type":"ReadAction","target":["https:\/\/fortprocess.co.uk\/es\/sitios-de-citas-kink\/"]}]},{"@type":"BreadcrumbList","@id":"https:\/\/fortprocess.co.uk\/es\/sitios-de-citas-kink\/#breadcrumb","itemListElement":[{"@type":"ListItem","position":1,"name":"Home","item":"https:\/\/fortprocess.co.uk\/es\/"},{"@type":"ListItem","position":2,"name":"Sitios de citas Kink"}]}]}},"_links":{"self":[{"href":"https:\/\/fortprocess.co.uk\/es\/wp-json\/wp\/v2\/pages\/153"}],"collection":[{"href":"https:\/\/fortprocess.co.uk\/es\/wp-json\/wp\/v2\/pages"}],"about":[{"href":"https:\/\/fortprocess.co.uk\/es\/wp-json\/wp\/v2\/types\/page"}],"author":[{"embeddable":true,"href":"https:\/\/fortprocess.co.uk\/es\/wp-json\/wp\/v2\/users\/1"}],"replies":[{"embeddable":true,"href":"https:\/\/fortprocess.co.uk\/es\/wp-json\/wp\/v2\/comments?post=153"}],"version-history":[{"count":1,"href":"https:\/\/fortprocess.co.uk\/es\/wp-json\/wp\/v2\/pages\/153\/revisions"}],"predecessor-version":[{"id":201,"href":"https:\/\/fortprocess.co.uk\/es\/wp-json\/wp\/v2\/pages\/153\/revisions\/201"}],"wp:attachment":[{"href":"https:\/\/fortprocess.co.uk\/es\/wp-json\/wp\/v2\/media?parent=153"}],"curies":[{"name":"wp","href":"https:\/\/api.w.org\/{rel}","templated":true}]}}