{"id":159,"date":"2022-10-03T13:34:43","date_gmt":"2022-10-03T12:34:43","guid":{"rendered":"http:\/\/fortprocess.co.uk\/sitios-locales-de-fuck\/"},"modified":"2022-10-03T13:34:43","modified_gmt":"2022-10-03T12:34:43","slug":"sitios-locales-de-fuck","status":"publish","type":"page","link":"https:\/\/fortprocess.co.uk\/es\/sitios-locales-de-fuck\/","title":{"rendered":"Sitios locales de fuck"},"content":{"rendered":"<p>Hay muchos sitios de mierda locales que pueden ayudarlo a encontrar a alguien con quien conectarse en su \u00e1rea. Todo lo que necesita hacer es registrarse para obtener una cuenta y crear un perfil. Luego puede buscar miembros que est\u00e9n buscando lo mismo que usted. Puede enviarles un mensaje, chatear con ellos e incluso reunirse con ellos en persona si lo desea. Solo recuerde estar seguro y usar protecci\u00f3n cuando se conecte con alguien que conoci\u00f3 en l\u00ednea.<\/p>\n<h2>Sitios de fuck gratis<\/h2>\n<p>Hay muchos sitios de mierda gratuitos por ah\u00ed. Solo tienes que saber d\u00f3nde buscar. El mejor lugar para comenzar su b\u00fasqueda es probablemente un motor de b\u00fasqueda como Google. Simplemente escriba \u00absitios de mierda gratis\u00bb y deber\u00eda obtener un mont\u00f3n de resultados. Una vez que encuentre algunos que parezcan prometedores, simplemente reg\u00edstrese y pru\u00e9belos. No hay nada de malo en probar algunos diferentes hasta que encuentres el que sea adecuado para ti.<\/p>\n<h2>Sitios gratuitos de Meet and Fuck<\/h2>\n<p>Hay muchos sitios gratuitos de meet and fuck en Internet, pero no todos son iguales. Algunos de ellos son mejores que otros, y algunos de ellos son simplemente estafas. Es importante hacer su investigaci\u00f3n antes de registrarse en cualquiera de estos sitios, porque no desea perder su tiempo o su dinero.<\/p>\n<p>Los mejores sitios gratuitos de meet and fuck son los que realmente funcionan. Tienen una gran base de datos de posibles coincidencias, y utilizan una variedad de algoritmos para emparejarlo con alguien que sea compatible con usted. Tambi\u00e9n tienen muchas caracter\u00edsticas que hacen que la experiencia sea m\u00e1s agradable, como salas de chat y mensajer\u00eda instant\u00e1nea.<\/p>\n<p>Los peores sitios gratuitos de meet and fuck son los que no son m\u00e1s que estafas. Estos sitios a menudo le pedir\u00e1n la informaci\u00f3n de su tarjeta de cr\u00e9dito, y luego la usar\u00e1n para cobrarle por cosas para las que ni siquiera se registr\u00f3. Tambi\u00e9n pueden intentar venderle otros productos, o incluso pueden intentar que se registre en su servicio pago. De cualquier manera, es mejor que evite estos sitios por completo.<\/p>\n<p>Hay mucha gente por ah\u00ed que piensa que \u00abfollar gratis\u00bb es una excelente manera de salir. Si bien definitivamente hay algunos beneficios en este enfoque, tambi\u00e9n hay algunos inconvenientes importantes. Uno de los mayores problemas con \u00abfuck for free\u00bb es que a menudo es simplemente una forma para que las personas se aprovechen de los dem\u00e1s. Si no tiene cuidado, podr\u00eda encontrarse f\u00e1cilmente en una situaci\u00f3n en la que se est\u00e1 acostumbrando y aprovechando, sin obtener nada a cambio. Adem\u00e1s, \u00abfollar gratis\u00bb tambi\u00e9n puede llevar a mucho drama y conflicto, ya que las personas a menudo compiten por la atenci\u00f3n de la misma persona. Si no est\u00e1s preparado para lidiar con eso, entonces \u00abfollar gratis\u00bb probablemente no sea el mejor enfoque para ti.<\/p>\n<h3>Pap\u00e1 plateado<\/h3>\n<p>Si est\u00e1 buscando un Silver Daddy, entonces querr\u00e1 consultar la aplicaci\u00f3n de citas Silver Daddy. Esta aplicaci\u00f3n es una excelente manera de conectarse con otros pap\u00e1s plateados en su \u00e1rea. La aplicaci\u00f3n se puede descargar y usar de forma gratuita, y es f\u00e1cil registrarse. Puede crear un perfil, agregar fotos y comenzar a chatear con otros pap\u00e1s plateados en su \u00e1rea. La aplicaci\u00f3n tambi\u00e9n es ideal para encontrar sitios locales de mierda. Puede buscar sitios por ubicaci\u00f3n, y tambi\u00e9n puede leer rese\u00f1as de sitios antes de unirse a ellos. La aplicaci\u00f3n de citas Silver Daddy es una excelente manera de conocer a los pap\u00e1s plateados en su \u00e1rea.<\/p>\n<h3>Mapas de rublos<\/h3>\n<p>Hay muchos sitios de mierda locales por ah\u00ed, pero Rubmaps es uno de los mejores. Es una aplicaci\u00f3n de citas que le permite encontrar posibles coincidencias en su \u00e1rea y luego enviarles un mensaje para establecer una hora y un lugar para reunirse. La aplicaci\u00f3n es realmente f\u00e1cil de usar y es una excelente manera de conocer gente nueva para el sexo casual. El \u00fanico inconveniente es que no es gratis, pero definitivamente vale la pena el precio.<\/p>\n<h3>Uberhorny<\/h3>\n<p>Si est\u00e1s buscando un sitio de mierda local, Uberhorny es una gran opci\u00f3n. La aplicaci\u00f3n es f\u00e1cil de usar y es gratis registrarse. Puede navegar por los perfiles y encontrar coincidencias en su \u00e1rea. La aplicaci\u00f3n tambi\u00e9n tiene una funci\u00f3n de chat, para que puedas chatear con tus parejas. La aplicaci\u00f3n est\u00e1 disponible tanto para iOS como para Android.<\/p>\n","protected":false},"excerpt":{"rendered":"<p>Hay muchos sitios de mierda locales que pueden ayudarlo a encontrar a alguien con quien conectarse en su \u00e1rea. Todo lo que necesita hacer es registrarse para obtener una cuenta y crear un perfil. Luego puede buscar miembros que est\u00e9n buscando lo mismo que usted. Puede enviarles un mensaje, chatear con ellos e incluso reunirse [&hellip;]<\/p>\n","protected":false},"author":1,"featured_media":0,"parent":0,"menu_order":0,"comment_status":"closed","ping_status":"closed","template":"","meta":[],"yoast_head":"<!-- This site is optimized with the Yoast SEO plugin v17.7.1 - https:\/\/yoast.com\/wordpress\/plugins\/seo\/ -->\n<title>Sitios locales de fuck - Process Reviews<\/title>\n<meta name=\"robots\" content=\"index, follow, max-snippet:-1, max-image-preview:large, max-video-preview:-1\" \/>\n<link rel=\"canonical\" href=\"https:\/\/fortprocess.co.uk\/es\/sitios-locales-de-fuck\/\" \/>\n<meta property=\"og:locale\" content=\"es_ES\" \/>\n<meta property=\"og:type\" content=\"article\" \/>\n<meta property=\"og:title\" content=\"Sitios locales de fuck - Process Reviews\" \/>\n<meta property=\"og:description\" content=\"Hay muchos sitios de mierda locales que pueden ayudarlo a encontrar a alguien con quien conectarse en su \u00e1rea. Todo lo que necesita hacer es registrarse para obtener una cuenta y crear un perfil. Luego puede buscar miembros que est\u00e9n buscando lo mismo que usted. Puede enviarles un mensaje, chatear con ellos e incluso reunirse [&hellip;]\" \/>\n<meta property=\"og:url\" content=\"https:\/\/fortprocess.co.uk\/es\/sitios-locales-de-fuck\/\" \/>\n<meta property=\"og:site_name\" content=\"Process Reviews\" \/>\n<meta name=\"twitter:card\" content=\"summary_large_image\" \/>\n<meta name=\"twitter:label1\" content=\"Tiempo de lectura\" \/>\n\t<meta name=\"twitter:data1\" content=\"4 minutos\" \/>\n<script type=\"application\/ld+json\" class=\"yoast-schema-graph\">{\"@context\":\"https:\/\/schema.org\",\"@graph\":[{\"@type\":\"WebSite\",\"@id\":\"https:\/\/fortprocess.co.uk\/es\/#website\",\"url\":\"https:\/\/fortprocess.co.uk\/es\/\",\"name\":\"Process Reviews\",\"description\":\"Casual Dating\",\"potentialAction\":[{\"@type\":\"SearchAction\",\"target\":{\"@type\":\"EntryPoint\",\"urlTemplate\":\"https:\/\/fortprocess.co.uk\/es\/?s={search_term_string}\"},\"query-input\":\"required name=search_term_string\"}],\"inLanguage\":\"es\"},{\"@type\":\"WebPage\",\"@id\":\"https:\/\/fortprocess.co.uk\/es\/sitios-locales-de-fuck\/#webpage\",\"url\":\"https:\/\/fortprocess.co.uk\/es\/sitios-locales-de-fuck\/\",\"name\":\"Sitios locales de fuck - Process Reviews\",\"isPartOf\":{\"@id\":\"https:\/\/fortprocess.co.uk\/es\/#website\"},\"datePublished\":\"2022-10-03T12:34:43+00:00\",\"dateModified\":\"2022-10-03T12:34:43+00:00\",\"breadcrumb\":{\"@id\":\"https:\/\/fortprocess.co.uk\/es\/sitios-locales-de-fuck\/#breadcrumb\"},\"inLanguage\":\"es\",\"potentialAction\":[{\"@type\":\"ReadAction\",\"target\":[\"https:\/\/fortprocess.co.uk\/es\/sitios-locales-de-fuck\/\"]}]},{\"@type\":\"BreadcrumbList\",\"@id\":\"https:\/\/fortprocess.co.uk\/es\/sitios-locales-de-fuck\/#breadcrumb\",\"itemListElement\":[{\"@type\":\"ListItem\",\"position\":1,\"name\":\"Home\",\"item\":\"https:\/\/fortprocess.co.uk\/es\/\"},{\"@type\":\"ListItem\",\"position\":2,\"name\":\"Sitios locales de fuck\"}]}]}<\/script>\n<!-- \/ Yoast SEO plugin. -->","yoast_head_json":{"title":"Sitios locales de fuck - Process Reviews","robots":{"index":"index","follow":"follow","max-snippet":"max-snippet:-1","max-image-preview":"max-image-preview:large","max-video-preview":"max-video-preview:-1"},"canonical":"https:\/\/fortprocess.co.uk\/es\/sitios-locales-de-fuck\/","og_locale":"es_ES","og_type":"article","og_title":"Sitios locales de fuck - Process Reviews","og_description":"Hay muchos sitios de mierda locales que pueden ayudarlo a encontrar a alguien con quien conectarse en su \u00e1rea. Todo lo que necesita hacer es registrarse para obtener una cuenta y crear un perfil. Luego puede buscar miembros que est\u00e9n buscando lo mismo que usted. Puede enviarles un mensaje, chatear con ellos e incluso reunirse [&hellip;]","og_url":"https:\/\/fortprocess.co.uk\/es\/sitios-locales-de-fuck\/","og_site_name":"Process Reviews","twitter_card":"summary_large_image","twitter_misc":{"Tiempo de lectura":"4 minutos"},"schema":{"@context":"https:\/\/schema.org","@graph":[{"@type":"WebSite","@id":"https:\/\/fortprocess.co.uk\/es\/#website","url":"https:\/\/fortprocess.co.uk\/es\/","name":"Process Reviews","description":"Casual Dating","potentialAction":[{"@type":"SearchAction","target":{"@type":"EntryPoint","urlTemplate":"https:\/\/fortprocess.co.uk\/es\/?s={search_term_string}"},"query-input":"required name=search_term_string"}],"inLanguage":"es"},{"@type":"WebPage","@id":"https:\/\/fortprocess.co.uk\/es\/sitios-locales-de-fuck\/#webpage","url":"https:\/\/fortprocess.co.uk\/es\/sitios-locales-de-fuck\/","name":"Sitios locales de fuck - Process Reviews","isPartOf":{"@id":"https:\/\/fortprocess.co.uk\/es\/#website"},"datePublished":"2022-10-03T12:34:43+00:00","dateModified":"2022-10-03T12:34:43+00:00","breadcrumb":{"@id":"https:\/\/fortprocess.co.uk\/es\/sitios-locales-de-fuck\/#breadcrumb"},"inLanguage":"es","potentialAction":[{"@type":"ReadAction","target":["https:\/\/fortprocess.co.uk\/es\/sitios-locales-de-fuck\/"]}]},{"@type":"BreadcrumbList","@id":"https:\/\/fortprocess.co.uk\/es\/sitios-locales-de-fuck\/#breadcrumb","itemListElement":[{"@type":"ListItem","position":1,"name":"Home","item":"https:\/\/fortprocess.co.uk\/es\/"},{"@type":"ListItem","position":2,"name":"Sitios locales de fuck"}]}]}},"_links":{"self":[{"href":"https:\/\/fortprocess.co.uk\/es\/wp-json\/wp\/v2\/pages\/159"}],"collection":[{"href":"https:\/\/fortprocess.co.uk\/es\/wp-json\/wp\/v2\/pages"}],"about":[{"href":"https:\/\/fortprocess.co.uk\/es\/wp-json\/wp\/v2\/types\/page"}],"author":[{"embeddable":true,"href":"https:\/\/fortprocess.co.uk\/es\/wp-json\/wp\/v2\/users\/1"}],"replies":[{"embeddable":true,"href":"https:\/\/fortprocess.co.uk\/es\/wp-json\/wp\/v2\/comments?post=159"}],"version-history":[{"count":0,"href":"https:\/\/fortprocess.co.uk\/es\/wp-json\/wp\/v2\/pages\/159\/revisions"}],"wp:attachment":[{"href":"https:\/\/fortprocess.co.uk\/es\/wp-json\/wp\/v2\/media?parent=159"}],"curies":[{"name":"wp","href":"https:\/\/api.w.org\/{rel}","templated":true}]}}