{"id":164,"date":"2022-10-03T13:34:27","date_gmt":"2022-10-03T12:34:27","guid":{"rendered":"http:\/\/fortprocess.co.uk\/aplicaciones-de-sexo-locales\/"},"modified":"2022-10-03T13:34:27","modified_gmt":"2022-10-03T12:34:27","slug":"aplicaciones-de-sexo-locales","status":"publish","type":"page","link":"https:\/\/fortprocess.co.uk\/es\/aplicaciones-de-sexo-locales\/","title":{"rendered":"Aplicaciones de sexo locales"},"content":{"rendered":"<p>Hay algunas aplicaciones de sexo locales que se han vuelto populares para las personas que desean conectarse. Est\u00e1n dise\u00f1ados para ayudarlo a encontrar a alguien en su \u00e1rea que est\u00e9 buscando lo mismo que usted, y pueden ser una excelente manera de colocarse. Sin embargo, debe tener cuidado con la aplicaci\u00f3n que usa, porque algunas de ellas son mejores que otras. La mejor aplicaci\u00f3n para usar es una que tiene muchas cr\u00edticas positivas, y que est\u00e1 dise\u00f1ada para ayudarlo a encontrar a alguien con quien conectarse r\u00e1pida y f\u00e1cilmente.<\/p>\n<h2>Citas casuales<\/h2>\n<p>No hay necesidad de estar nervioso por ir a una cita con alguien que conociste en l\u00ednea, \u00a1son citas casuales! Solo rel\u00e1jate y divi\u00e9rtete. Lo mejor de las citas casuales es que puedes tomar las cosas a tu propio ritmo y ver a d\u00f3nde van. Si las cosas no funcionan, entonces puedes seguir adelante. Sin da\u00f1o, sin falta.<\/p>\n<p>No hay necesidad de ser t\u00edmido cuando se trata de citas sexuales: \u00a1todos aqu\u00ed est\u00e1n buscando lo mismo! \u00a1Simplemente cree un perfil, busque otros miembros que coincidan con sus criterios y comience a chatear! \u00a1Es posible que encuentres al amor de tu vida!<\/p>\n<h2>Encuentra sexo<\/h2>\n<p>No hay una respuesta \u00fanica a esta pregunta: cada persona es diferente y tendr\u00e1 diferentes preferencias cuando se trata de encontrar sexo en el contexto de las citas. Sin embargo, hay algunos consejos generales que pueden ser \u00fatiles para ayudarlo a encontrar relaciones sexuales m\u00e1s f\u00e1cilmente. Primero, trate de ser abierto y honesto con su(s) pareja(s) sobre sus deseos y necesidades sexuales, esto ayudar\u00e1 a asegurarse de que ambos est\u00e9n en la misma p\u00e1gina y que todos se sientan c\u00f3modos con lo que est\u00e1 sucediendo. En segundo lugar, no tenga miedo de experimentar y probar cosas nuevas, se trata de encontrar lo que funciona para usted y su(s) pareja(s). Por \u00faltimo, \u00a1la comunicaci\u00f3n es clave! Aseg\u00farese de hablar sobre cualquier inquietud o preocupaci\u00f3n que tenga antes y durante el sexo, para que todos se sientan c\u00f3modos y disfruten.<\/p>\n<h3>AdultFriendFinder<\/h3>\n<p>Si est\u00e1 buscando una aplicaci\u00f3n de sexo local, AdultFriendFinder es una excelente opci\u00f3n. Con m\u00e1s de 80 millones de miembros en todo el mundo, es una de las aplicaciones de citas m\u00e1s grandes que existen. Y es especialmente popular entre los adultos que buscan conexiones casuales.<\/p>\n<p>La aplicaci\u00f3n se puede descargar y usar de forma gratuita, pero necesitar\u00e1 una membres\u00eda paga para acceder a todas las funciones. Esto incluye enviar mensajes a otros miembros, ver sus perfiles y usar la funci\u00f3n de b\u00fasqueda de la aplicaci\u00f3n.<\/p>\n<p>En general, AdultFriendFinder es una gran opci\u00f3n si est\u00e1 buscando una aplicaci\u00f3n de sexo local. La gran base de usuarios significa que es probable que encuentres a alguien que sea compatible contigo, y la aplicaci\u00f3n es f\u00e1cil de usar. Solo tenga en cuenta que necesitar\u00e1 una membres\u00eda paga para aprovecharla al m\u00e1ximo.<\/p>\n<h3>Badoo<\/h3>\n<p>Badoo es una aplicaci\u00f3n de citas que se est\u00e1 volviendo cada vez m\u00e1s popular entre los j\u00f3venes. Es una aplicaci\u00f3n basada en la ubicaci\u00f3n que permite a los usuarios encontrar y chatear con otros usuarios en su \u00e1rea. La aplicaci\u00f3n tambi\u00e9n tiene una funci\u00f3n que permite a los usuarios encontrar y reunirse con solteros locales para conexiones.<\/p>\n<p>La aplicaci\u00f3n es f\u00e1cil de usar y tiene una interfaz simple. Es gratis para descargar y usar. Sin embargo, la aplicaci\u00f3n tiene algunas caracter\u00edsticas que solo est\u00e1n disponibles para usuarios premium. Estas caracter\u00edsticas incluyen la capacidad de ver qui\u00e9n ha visto su perfil, la capacidad de ver a qui\u00e9n le han gustado sus fotos y la capacidad de ver qui\u00e9n est\u00e1 cerca.<\/p>\n<p>La aplicaci\u00f3n es una excelente manera de conocer gente nueva y encontrar solteros locales para las conexiones. Sin embargo, es importante ser consciente de los riesgos potenciales asociados con el uso de la aplicaci\u00f3n. Ha habido informes de perfiles falsos y de personas que son pescadas con gatos. Tambi\u00e9n existe la posibilidad de que los usuarios sean acosados o acosados.<\/p>\n<h3>DateMyAge<\/h3>\n<p>Si est\u00e1 buscando una aplicaci\u00f3n de sexo local, DateMyAge es una excelente opci\u00f3n. La aplicaci\u00f3n es f\u00e1cil de usar y tiene muchas caracter\u00edsticas que la convierten en una excelente opci\u00f3n para encontrar un encuentro casual. La funci\u00f3n de b\u00fasqueda es muy f\u00e1cil de usar, y puede buscar personas por ubicaci\u00f3n, edad e intereses. El sistema de mensajer\u00eda tambi\u00e9n es muy sencillo, y puede enviar y recibir mensajes sin ning\u00fan problema. En general, DateMyAge es una gran opci\u00f3n para encontrar una aplicaci\u00f3n de sexo local.<\/p>\n","protected":false},"excerpt":{"rendered":"<p>Hay algunas aplicaciones de sexo locales que se han vuelto populares para las personas que desean conectarse. Est\u00e1n dise\u00f1ados para ayudarlo a encontrar a alguien en su \u00e1rea que est\u00e9 buscando lo mismo que usted, y pueden ser una excelente manera de colocarse. Sin embargo, debe tener cuidado con la aplicaci\u00f3n que usa, porque algunas [&hellip;]<\/p>\n","protected":false},"author":1,"featured_media":0,"parent":0,"menu_order":0,"comment_status":"closed","ping_status":"closed","template":"","meta":[],"yoast_head":"<!-- This site is optimized with the Yoast SEO plugin v17.7.1 - https:\/\/yoast.com\/wordpress\/plugins\/seo\/ -->\n<title>Aplicaciones de sexo locales - Process Reviews<\/title>\n<meta name=\"robots\" content=\"index, follow, max-snippet:-1, max-image-preview:large, max-video-preview:-1\" \/>\n<link rel=\"canonical\" href=\"https:\/\/fortprocess.co.uk\/es\/aplicaciones-de-sexo-locales\/\" \/>\n<meta property=\"og:locale\" content=\"es_ES\" \/>\n<meta property=\"og:type\" content=\"article\" \/>\n<meta property=\"og:title\" content=\"Aplicaciones de sexo locales - Process Reviews\" \/>\n<meta property=\"og:description\" content=\"Hay algunas aplicaciones de sexo locales que se han vuelto populares para las personas que desean conectarse. Est\u00e1n dise\u00f1ados para ayudarlo a encontrar a alguien en su \u00e1rea que est\u00e9 buscando lo mismo que usted, y pueden ser una excelente manera de colocarse. Sin embargo, debe tener cuidado con la aplicaci\u00f3n que usa, porque algunas [&hellip;]\" \/>\n<meta property=\"og:url\" content=\"https:\/\/fortprocess.co.uk\/es\/aplicaciones-de-sexo-locales\/\" \/>\n<meta property=\"og:site_name\" content=\"Process Reviews\" \/>\n<meta name=\"twitter:card\" content=\"summary_large_image\" \/>\n<meta name=\"twitter:label1\" content=\"Tiempo de lectura\" \/>\n\t<meta name=\"twitter:data1\" content=\"4 minutos\" \/>\n<script type=\"application\/ld+json\" class=\"yoast-schema-graph\">{\"@context\":\"https:\/\/schema.org\",\"@graph\":[{\"@type\":\"WebSite\",\"@id\":\"https:\/\/fortprocess.co.uk\/es\/#website\",\"url\":\"https:\/\/fortprocess.co.uk\/es\/\",\"name\":\"Process Reviews\",\"description\":\"Casual Dating\",\"potentialAction\":[{\"@type\":\"SearchAction\",\"target\":{\"@type\":\"EntryPoint\",\"urlTemplate\":\"https:\/\/fortprocess.co.uk\/es\/?s={search_term_string}\"},\"query-input\":\"required name=search_term_string\"}],\"inLanguage\":\"es\"},{\"@type\":\"WebPage\",\"@id\":\"https:\/\/fortprocess.co.uk\/es\/aplicaciones-de-sexo-locales\/#webpage\",\"url\":\"https:\/\/fortprocess.co.uk\/es\/aplicaciones-de-sexo-locales\/\",\"name\":\"Aplicaciones de sexo locales - Process Reviews\",\"isPartOf\":{\"@id\":\"https:\/\/fortprocess.co.uk\/es\/#website\"},\"datePublished\":\"2022-10-03T12:34:27+00:00\",\"dateModified\":\"2022-10-03T12:34:27+00:00\",\"breadcrumb\":{\"@id\":\"https:\/\/fortprocess.co.uk\/es\/aplicaciones-de-sexo-locales\/#breadcrumb\"},\"inLanguage\":\"es\",\"potentialAction\":[{\"@type\":\"ReadAction\",\"target\":[\"https:\/\/fortprocess.co.uk\/es\/aplicaciones-de-sexo-locales\/\"]}]},{\"@type\":\"BreadcrumbList\",\"@id\":\"https:\/\/fortprocess.co.uk\/es\/aplicaciones-de-sexo-locales\/#breadcrumb\",\"itemListElement\":[{\"@type\":\"ListItem\",\"position\":1,\"name\":\"Home\",\"item\":\"https:\/\/fortprocess.co.uk\/es\/\"},{\"@type\":\"ListItem\",\"position\":2,\"name\":\"Aplicaciones de sexo locales\"}]}]}<\/script>\n<!-- \/ Yoast SEO plugin. -->","yoast_head_json":{"title":"Aplicaciones de sexo locales - Process Reviews","robots":{"index":"index","follow":"follow","max-snippet":"max-snippet:-1","max-image-preview":"max-image-preview:large","max-video-preview":"max-video-preview:-1"},"canonical":"https:\/\/fortprocess.co.uk\/es\/aplicaciones-de-sexo-locales\/","og_locale":"es_ES","og_type":"article","og_title":"Aplicaciones de sexo locales - Process Reviews","og_description":"Hay algunas aplicaciones de sexo locales que se han vuelto populares para las personas que desean conectarse. Est\u00e1n dise\u00f1ados para ayudarlo a encontrar a alguien en su \u00e1rea que est\u00e9 buscando lo mismo que usted, y pueden ser una excelente manera de colocarse. Sin embargo, debe tener cuidado con la aplicaci\u00f3n que usa, porque algunas [&hellip;]","og_url":"https:\/\/fortprocess.co.uk\/es\/aplicaciones-de-sexo-locales\/","og_site_name":"Process Reviews","twitter_card":"summary_large_image","twitter_misc":{"Tiempo de lectura":"4 minutos"},"schema":{"@context":"https:\/\/schema.org","@graph":[{"@type":"WebSite","@id":"https:\/\/fortprocess.co.uk\/es\/#website","url":"https:\/\/fortprocess.co.uk\/es\/","name":"Process Reviews","description":"Casual Dating","potentialAction":[{"@type":"SearchAction","target":{"@type":"EntryPoint","urlTemplate":"https:\/\/fortprocess.co.uk\/es\/?s={search_term_string}"},"query-input":"required name=search_term_string"}],"inLanguage":"es"},{"@type":"WebPage","@id":"https:\/\/fortprocess.co.uk\/es\/aplicaciones-de-sexo-locales\/#webpage","url":"https:\/\/fortprocess.co.uk\/es\/aplicaciones-de-sexo-locales\/","name":"Aplicaciones de sexo locales - Process Reviews","isPartOf":{"@id":"https:\/\/fortprocess.co.uk\/es\/#website"},"datePublished":"2022-10-03T12:34:27+00:00","dateModified":"2022-10-03T12:34:27+00:00","breadcrumb":{"@id":"https:\/\/fortprocess.co.uk\/es\/aplicaciones-de-sexo-locales\/#breadcrumb"},"inLanguage":"es","potentialAction":[{"@type":"ReadAction","target":["https:\/\/fortprocess.co.uk\/es\/aplicaciones-de-sexo-locales\/"]}]},{"@type":"BreadcrumbList","@id":"https:\/\/fortprocess.co.uk\/es\/aplicaciones-de-sexo-locales\/#breadcrumb","itemListElement":[{"@type":"ListItem","position":1,"name":"Home","item":"https:\/\/fortprocess.co.uk\/es\/"},{"@type":"ListItem","position":2,"name":"Aplicaciones de sexo locales"}]}]}},"_links":{"self":[{"href":"https:\/\/fortprocess.co.uk\/es\/wp-json\/wp\/v2\/pages\/164"}],"collection":[{"href":"https:\/\/fortprocess.co.uk\/es\/wp-json\/wp\/v2\/pages"}],"about":[{"href":"https:\/\/fortprocess.co.uk\/es\/wp-json\/wp\/v2\/types\/page"}],"author":[{"embeddable":true,"href":"https:\/\/fortprocess.co.uk\/es\/wp-json\/wp\/v2\/users\/1"}],"replies":[{"embeddable":true,"href":"https:\/\/fortprocess.co.uk\/es\/wp-json\/wp\/v2\/comments?post=164"}],"version-history":[{"count":0,"href":"https:\/\/fortprocess.co.uk\/es\/wp-json\/wp\/v2\/pages\/164\/revisions"}],"wp:attachment":[{"href":"https:\/\/fortprocess.co.uk\/es\/wp-json\/wp\/v2\/media?parent=164"}],"curies":[{"name":"wp","href":"https:\/\/api.w.org\/{rel}","templated":true}]}}