{"id":176,"date":"2022-10-03T11:12:03","date_gmt":"2022-10-03T10:12:03","guid":{"rendered":"http:\/\/fortprocess.co.uk\/encuentra-sexo-casual-local-con-mujeres-cachondas\/"},"modified":"2022-10-29T13:22:04","modified_gmt":"2022-10-29T12:22:04","slug":"encuentra-sexo-casual-local-con-mujeres-cachondas","status":"publish","type":"page","link":"https:\/\/fortprocess.co.uk\/es\/","title":{"rendered":"Encuentra sexo casual local con mujeres cachondas"},"content":{"rendered":"<p>El t\u00e9rmino \u00abcitas casuales\u00bb se usa bastante en nuestro mundo de hoy. Pero, \u00bfqu\u00e9 significa realmente? \u00bfLas citas casuales son buenas para todos o solo para aquellos que quieren algo a corto plazo? Para averiguar si las citas casuales son correctas o incorrectas para usted, es importante comprender c\u00f3mo funciona esta forma de citas.<\/p>\n<h2>Encontrar sexo casual<\/h2>\n<p>Seg\u00fan Match.com, hay tres tipos de citas casuales: aventuras de una noche, amigos con beneficios y sin condiciones. Cada una de estas formas de citas casuales tiene diferentes ventajas y desventajas. Echemos un vistazo m\u00e1s de cerca.<\/p>\n<p>Este tipo de citas casuales es similar a conectarse <a href=\"https:\/\/www.paginas-de-contactos.net\/\">mejores paginas de contacto<\/a>. Conoces a alguien, intercambias n\u00fameros y luego haces lo que te apetece hacer juntos. Este tipo de relaci\u00f3n casual no es seria y no requiere mucho compromiso. Si est\u00e1 buscando una aventura r\u00e1pida, entonces esto podr\u00eda funcionar bien para usted. Sin embargo, si quieres comprometerte con alguien, esto probablemente no funcionar\u00e1 porque no est\u00e1s realmente comprometido con nadie.<\/p>\n<p><img loading=\"lazy\" class=\"alignnone size-large wp-image-36\" src=\"http:\/\/fortprocess.co.uk\/wp-content\/uploads\/2022\/10\/find-love-1024x683.jpeg\" alt=\"\" width=\"640\" height=\"427\" srcset=\"https:\/\/fortprocess.co.uk\/wp-content\/uploads\/2022\/10\/find-love-1024x683.jpeg 1024w, https:\/\/fortprocess.co.uk\/wp-content\/uploads\/2022\/10\/find-love-300x200.jpeg 300w, https:\/\/fortprocess.co.uk\/wp-content\/uploads\/2022\/10\/find-love-768x512.jpeg 768w, https:\/\/fortprocess.co.uk\/wp-content\/uploads\/2022\/10\/find-love.jpeg 1125w\" sizes=\"(max-width: 640px) 100vw, 640px\" \/><\/p>\n<h2>Nuestras Rese\u00f1as<\/h2>\n<p>Si est\u00e1s buscando amor en l\u00ednea, hay muchas opciones por ah\u00ed. Algunas personas prefieren usar sitios tradicionales <a href=\"http:\/\/www.sites-de-sexo.com\">Sites-de-Sexo.com<\/a> como Match.com u OkCupid, mientras que otras optan por aplicaciones m\u00f3viles. Hemos reunido una lista de 10 de las mejores aplicaciones de citas gratuitas disponibles en la actualidad.<\/p>\n<h3>Yesca<\/h3>\n<p>La aplicaci\u00f3n de citas que b\u00e1sicamente invent\u00f3 el concepto de deslizar el dedo hacia el bien y el mal para encontrar el amor se est\u00e1 preparando para lanzar su \u00faltima versi\u00f3n. El mi\u00e9rcoles, la popular aplicaci\u00f3n de citas anunci\u00f3 la fecha de lanzamiento de su nueva iteraci\u00f3n, Tinder Plus. La actualizaci\u00f3n llegar\u00e1 el 2 de abril y costar\u00e1 $ 10 \/ mes para los menores de 18 a\u00f1os. Para todos los dem\u00e1s, el precio ser\u00e1 de $ 20 \/ mes.<\/p>\n<p>Si est\u00e1 buscando un poco m\u00e1s que una conexi\u00f3n casual, hay algunas caracter\u00edsticas adicionales incluidas en el paquete actualizado. En primer lugar, tendr\u00e1s acceso a Tinder Discover, que te permite navegar por las personas en funci\u00f3n de la ciudad en la que viven, si est\u00e1n solteros o en una relaci\u00f3n, qu\u00e9 edad tienen e incluso qu\u00e9 tipo de trabajo hacen.<\/p>\n<p>Tambi\u00e9n tendr\u00e1s acceso a Rewind, que te permite deshacer tus deslizamientos anteriores <a href=\"https:\/\/www.citas-gratis.com\">citas sexo gratis<\/a>. Esta funci\u00f3n es excelente si accidentalmente deslizaste demasiados veces o si quer\u00edas rebobinar porque no te gustaba la persona.<\/p>\n<p>Adem\u00e1s, tambi\u00e9n tendr\u00e1 acceso a algunas funciones exclusivas, incluida la opci\u00f3n de enviar mensajes antes de que le guste a alguien, as\u00ed como la capacidad de bloquear usuarios.<\/p>\n<p>Hay una ventaja final incluida en el nivel Plus: tendr\u00e1s acceso a una secci\u00f3n especial donde puedes ver fotos de solteros a los que ya les has gustado. Esta funci\u00f3n se llama \u00abRecompensas\u00bb. B\u00e1sicamente, si te gusta alguien lo suficiente, puedes darle una recompensa. Estas recompensas incluyen cosas como pegatinas, regalos virtuales e incluso dinero en efectivo.<\/p>\n<h3>Bisagra<\/h3>\n<p>La aplicaci\u00f3n de citas Hinge solo est\u00e1 disponible a trav\u00e9s de aplicaciones iOS y Android, lo que la hace menos \u00fatil para las personas <a href=\"http:\/\/www.encontros-para-sexo.com\">Encontros-Para-Sexo.com<\/a> sin tel\u00e9fonos inteligentes. La desventaja es que la aplicaci\u00f3n tiene algunos de los mejores perfiles, lo que hace que encontrar una buena pareja sea m\u00e1s divertido, si no siempre m\u00e1s f\u00e1cil.<\/p>\n<p>Adem\u00e1s de las estad\u00edsticas b\u00e1sicas habituales, como el rango de edad, el g\u00e9nero, la ubicaci\u00f3n, el estado de la relaci\u00f3n, etc., los perfiles de bisagra lo alientan a usar fotos y escribir indicaciones, e incluso puede grabar clips de audio.<\/p>\n<p>Todo esto hace que sea f\u00e1cil comunicarse entre s\u00ed, y todo es muy encantador. Pero la aplicaci\u00f3n ofrece un peque\u00f1o conjunto de caracter\u00edsticas de forma gratuita. Solo puedes enviar 12 me gusta por d\u00eda, y no hay opciones de pago para ver a qui\u00e9n le gustaste, te ha gustado o agregarte a grupos.<\/p>\n<h3>Pof<\/h3>\n<p>La aplicaci\u00f3n de citas gratuita Plenty of Fish no es exactamente conocida por tener una de las audiencias m\u00e1s grandes que existen, pero cuenta con algunas estad\u00edsticas bastante impresionantes. De hecho, seg\u00fan AppData, POF tiene m\u00e1s de 50 millones de descargas en todo el mundo, lo que la convierte en una de las aplicaciones m\u00e1s descargadas tanto en dispositivos iOS como Android. Y aunque la mayor\u00eda de esas descargas se realizan a trav\u00e9s de la App Store de Apple, muchas personas tambi\u00e9n est\u00e1n descargando la aplicaci\u00f3n directamente desde Play Store.<\/p>\n<p>Pero, \u00bfqu\u00e9 hace que POF se destaque entre la multitud? Bueno, adem\u00e1s del hecho de que es completamente gratuito de usar, tambi\u00e9n ofrece muchas ventajas que muchos competidores no incluyen. Por ejemplo, puede enviar mensajes de texto ilimitados a cualquier persona que desee sin pagar nada extra, y nunca tendr\u00e1 que preocuparse por encontrarse con los ex de otra persona en el sitio. Adem\u00e1s, puede navegar a trav\u00e9s de miles de posibles coincidencias todos los d\u00edas, y nunca tendr\u00e1 que pagar un centavo para hacerlo.<\/p>\n<h3>Cerilla<\/h3>\n<p>La aplicaci\u00f3n Match es una de las plataformas de citas m\u00e1s populares. Con m\u00e1s de 60 millones de usuarios <a href=\"https:\/\/www.sites-de-encontros.com\">site de encontros sexo<\/a> activos mensuales, Match es una de las aplicaciones de citas m\u00e1s antiguas que existen. Su versi\u00f3n gratuita permite a los usuarios navegar por perfiles, enviar gui\u00f1os y solicitudes de coincidencias, y ver coincidencias, pero no hay opciones para chatear, ver fotos o incluso enviar regalos.<\/p>\n<p>Para comunicarse realmente con cualquier persona dentro de Match, debe pagar hasta la calificaci\u00f3n de Match Plus, que cuesta $ 35 por mes durante tres meses, $ 45 por mes durante cuatro meses o $ 60 por mes durante seis meses. Si desea continuar m\u00e1s all\u00e1 de los seis meses, pagar\u00e1 $ 35 por mes por cada seis meses adicionales.<\/p>\n<p>Si est\u00e1 buscando algo m\u00e1s barato, Match ofrece una membres\u00eda de prueba por solo $ 1.99. Esto le da acceso a las versiones gratuitas y de pago de Match, lo que le permite probarlo sin comprometerse con nada.<\/p>\n<h3>Bumble<\/h3>\n<p>Si est\u00e1s buscando una buena manera de conocer a alguien, tenemos algunas noticias para ti: hay muchas opciones por ah\u00ed. Pero una aplicaci\u00f3n est\u00e1 por encima del resto. Bumble es una aplicaci\u00f3n de citas que hace que encontrar el amor sea m\u00e1s f\u00e1cil que nunca. Y aunque hay muchas aplicaciones de citas por ah\u00ed, lo que distingue a Bumble es su \u00e9nfasis en la seguridad. Cuando te registres, recibir\u00e1s un c\u00f3digo de verificaci\u00f3n por mensaje de texto. Esto garantiza que nadie m\u00e1s pueda acceder a su cuenta. Una vez verificado, puede comenzar a buscar posibles fechas. Si deslizas el dedo hacia la derecha en el perfil de alguien, ver\u00e1s su biograf\u00eda y fotos. A partir de ah\u00ed, puede elegir chatear directamente con ellos o continuar navegando. Si desea enviar un mensaje, simplemente toque el bot\u00f3n \u00abescribir ahora\u00bb. Despu\u00e9s de escribir su mensaje, puede decidir si lo env\u00eda o no. Si lo haces, recibir\u00e1s una notificaci\u00f3n que te informar\u00e1 si se recibi\u00f3 o no tu mensaje. Para mantener las cosas interesantes, Bumble te permite hacer preguntas durante las conversaciones. Si prefieres simplemente navegar sin enviar mensajes a nadie, tambi\u00e9n puedes hacerlo. Simplemente abra la aplicaci\u00f3n y despl\u00e1cese hacia abajo para ver los perfiles. Hay varios filtros que puede aplicar, incluida la ubicaci\u00f3n, el rango de edad y el estado de la relaci\u00f3n. Si bien Bumble no es perfecto, definitivamente vale la pena echarle un vistazo si est\u00e1 buscando una cita r\u00e1pida o incluso una pareja a largo plazo.<\/p>\n<h2>Aplicaciones de citas serias<\/h2>\n<p>Hay muchas razones por las que las personas van a los sitios de citas en l\u00ednea. Algunos quieren encontrar a alguien especial; otros solo quieren conocer gente nueva. Y aunque algunos sitios requieren una tarifa, hay toneladas de opciones que le permiten navegar por los perfiles de forma gratuita. Aqu\u00ed hay cinco de nuestros favoritos.<\/p>\n<h3>eHarmony<\/h3>\n<p>Si est\u00e1 buscando una relaci\u00f3n a largo plazo, vale la pena echarle un vistazo a eHarmony. Puede registrarse de forma gratuita y ver qu\u00e9 coincidencias son las mejores. Una vez que lo haga, tarda unos 30 minutos en completar su perfil. Despu\u00e9s de eso, puede enviar mensajes a fechas potenciales de forma gratuita. Si decide actualizar a una membres\u00eda paga, puede chatear con los miembros de forma gratuita.<\/p>\n<h3>OkCupid<\/h3>\n<p>Para aquellos que quieren algo casual, OkCupid es una gran opci\u00f3n. Puede navegar de forma gratuita, pero no podr\u00e1 contactar a nadie a menos que pague por la membres\u00eda premium. Los miembros Premium pueden ver las fotos de los miembros, enviarse mensajes entre s\u00ed y ver qu\u00e9 tan compatibles son.<\/p>\n<h3>Badoo<\/h3>\n<p>Badoo es una de las aplicaciones de citas m\u00e1s antiguas, ya que se lanz\u00f3 en 2005. Hoy cuenta con m\u00e1s de 200 millones de usuarios activos mensuales en 190 pa\u00edses. Tambi\u00e9n es bastante f\u00e1cil de configurar: simplemente inicie sesi\u00f3n con Facebook y comience a deslizar. Puede filtrar las coincidencias seg\u00fan la edad, la ubicaci\u00f3n y el estado de la relaci\u00f3n. Incluso hay eventos especiales a los que puedes asistir para conocer gente nueva.<\/p>\n","protected":false},"excerpt":{"rendered":"<p>El t\u00e9rmino \u00abcitas casuales\u00bb se usa bastante en nuestro mundo de hoy. Pero, \u00bfqu\u00e9 significa realmente? \u00bfLas citas casuales son buenas para todos o solo para aquellos que quieren algo a corto plazo? Para averiguar si las citas casuales son correctas o incorrectas para usted, es importante comprender c\u00f3mo funciona esta forma de citas. Encontrar [&hellip;]<\/p>\n","protected":false},"author":1,"featured_media":108,"parent":0,"menu_order":0,"comment_status":"closed","ping_status":"closed","template":"","meta":[],"yoast_head":"<!-- This site is optimized with the Yoast SEO plugin v17.7.1 - https:\/\/yoast.com\/wordpress\/plugins\/seo\/ -->\n<title>Encuentra sexo casual local con mujeres cachondas - Process Reviews<\/title>\n<meta name=\"robots\" content=\"index, follow, max-snippet:-1, max-image-preview:large, max-video-preview:-1\" \/>\n<link rel=\"canonical\" href=\"https:\/\/fortprocess.co.uk\/es\/\" \/>\n<meta property=\"og:locale\" content=\"es_ES\" \/>\n<meta property=\"og:type\" content=\"article\" \/>\n<meta property=\"og:title\" content=\"Encuentra sexo casual local con mujeres cachondas - Process Reviews\" \/>\n<meta property=\"og:description\" content=\"El t\u00e9rmino \u00abcitas casuales\u00bb se usa bastante en nuestro mundo de hoy. Pero, \u00bfqu\u00e9 significa realmente? \u00bfLas citas casuales son buenas para todos o solo para aquellos que quieren algo a corto plazo? Para averiguar si las citas casuales son correctas o incorrectas para usted, es importante comprender c\u00f3mo funciona esta forma de citas. Encontrar [&hellip;]\" \/>\n<meta property=\"og:url\" content=\"https:\/\/fortprocess.co.uk\/es\/\" \/>\n<meta property=\"og:site_name\" content=\"Process Reviews\" \/>\n<meta property=\"article:modified_time\" content=\"2022-10-29T12:22:04+00:00\" \/>\n<meta property=\"og:image\" content=\"https:\/\/fortprocess.co.uk\/wp-content\/uploads\/2022\/10\/meet-for-dates.jpeg\" \/>\n\t<meta property=\"og:image:width\" content=\"2262\" \/>\n\t<meta property=\"og:image:height\" content=\"1500\" \/>\n<meta name=\"twitter:card\" content=\"summary_large_image\" \/>\n<meta name=\"twitter:label1\" content=\"Tiempo de lectura\" \/>\n\t<meta name=\"twitter:data1\" content=\"8 minutos\" \/>\n<script type=\"application\/ld+json\" class=\"yoast-schema-graph\">{\"@context\":\"https:\/\/schema.org\",\"@graph\":[{\"@type\":\"WebSite\",\"@id\":\"https:\/\/fortprocess.co.uk\/es\/#website\",\"url\":\"https:\/\/fortprocess.co.uk\/es\/\",\"name\":\"Process Reviews\",\"description\":\"Casual Dating\",\"potentialAction\":[{\"@type\":\"SearchAction\",\"target\":{\"@type\":\"EntryPoint\",\"urlTemplate\":\"https:\/\/fortprocess.co.uk\/es\/?s={search_term_string}\"},\"query-input\":\"required name=search_term_string\"}],\"inLanguage\":\"es\"},{\"@type\":\"ImageObject\",\"@id\":\"https:\/\/fortprocess.co.uk\/es\/#primaryimage\",\"inLanguage\":\"es\",\"url\":\"https:\/\/fortprocess.co.uk\/wp-content\/uploads\/2022\/10\/meet-for-dates.jpeg\",\"contentUrl\":\"https:\/\/fortprocess.co.uk\/wp-content\/uploads\/2022\/10\/meet-for-dates.jpeg\",\"width\":2262,\"height\":1500},{\"@type\":\"WebPage\",\"@id\":\"https:\/\/fortprocess.co.uk\/es\/#webpage\",\"url\":\"https:\/\/fortprocess.co.uk\/es\/\",\"name\":\"Encuentra sexo casual local con mujeres cachondas - Process Reviews\",\"isPartOf\":{\"@id\":\"https:\/\/fortprocess.co.uk\/es\/#website\"},\"primaryImageOfPage\":{\"@id\":\"https:\/\/fortprocess.co.uk\/es\/#primaryimage\"},\"datePublished\":\"2022-10-03T10:12:03+00:00\",\"dateModified\":\"2022-10-29T12:22:04+00:00\",\"breadcrumb\":{\"@id\":\"https:\/\/fortprocess.co.uk\/es\/#breadcrumb\"},\"inLanguage\":\"es\",\"potentialAction\":[{\"@type\":\"ReadAction\",\"target\":[\"https:\/\/fortprocess.co.uk\/es\/\"]}]},{\"@type\":\"BreadcrumbList\",\"@id\":\"https:\/\/fortprocess.co.uk\/es\/#breadcrumb\",\"itemListElement\":[{\"@type\":\"ListItem\",\"position\":1,\"name\":\"Home\",\"item\":\"https:\/\/fortprocess.co.uk\/es\/\"},{\"@type\":\"ListItem\",\"position\":2,\"name\":\"Encuentra sexo casual local con mujeres cachondas\"}]}]}<\/script>\n<!-- \/ Yoast SEO plugin. -->","yoast_head_json":{"title":"Encuentra sexo casual local con mujeres cachondas - Process Reviews","robots":{"index":"index","follow":"follow","max-snippet":"max-snippet:-1","max-image-preview":"max-image-preview:large","max-video-preview":"max-video-preview:-1"},"canonical":"https:\/\/fortprocess.co.uk\/es\/","og_locale":"es_ES","og_type":"article","og_title":"Encuentra sexo casual local con mujeres cachondas - Process Reviews","og_description":"El t\u00e9rmino \u00abcitas casuales\u00bb se usa bastante en nuestro mundo de hoy. Pero, \u00bfqu\u00e9 significa realmente? \u00bfLas citas casuales son buenas para todos o solo para aquellos que quieren algo a corto plazo? Para averiguar si las citas casuales son correctas o incorrectas para usted, es importante comprender c\u00f3mo funciona esta forma de citas. Encontrar [&hellip;]","og_url":"https:\/\/fortprocess.co.uk\/es\/","og_site_name":"Process Reviews","article_modified_time":"2022-10-29T12:22:04+00:00","og_image":[{"width":2262,"height":1500,"url":"https:\/\/fortprocess.co.uk\/wp-content\/uploads\/2022\/10\/meet-for-dates.jpeg","type":"image\/jpeg"}],"twitter_card":"summary_large_image","twitter_misc":{"Tiempo de lectura":"8 minutos"},"schema":{"@context":"https:\/\/schema.org","@graph":[{"@type":"WebSite","@id":"https:\/\/fortprocess.co.uk\/es\/#website","url":"https:\/\/fortprocess.co.uk\/es\/","name":"Process Reviews","description":"Casual Dating","potentialAction":[{"@type":"SearchAction","target":{"@type":"EntryPoint","urlTemplate":"https:\/\/fortprocess.co.uk\/es\/?s={search_term_string}"},"query-input":"required name=search_term_string"}],"inLanguage":"es"},{"@type":"ImageObject","@id":"https:\/\/fortprocess.co.uk\/es\/#primaryimage","inLanguage":"es","url":"https:\/\/fortprocess.co.uk\/wp-content\/uploads\/2022\/10\/meet-for-dates.jpeg","contentUrl":"https:\/\/fortprocess.co.uk\/wp-content\/uploads\/2022\/10\/meet-for-dates.jpeg","width":2262,"height":1500},{"@type":"WebPage","@id":"https:\/\/fortprocess.co.uk\/es\/#webpage","url":"https:\/\/fortprocess.co.uk\/es\/","name":"Encuentra sexo casual local con mujeres cachondas - Process Reviews","isPartOf":{"@id":"https:\/\/fortprocess.co.uk\/es\/#website"},"primaryImageOfPage":{"@id":"https:\/\/fortprocess.co.uk\/es\/#primaryimage"},"datePublished":"2022-10-03T10:12:03+00:00","dateModified":"2022-10-29T12:22:04+00:00","breadcrumb":{"@id":"https:\/\/fortprocess.co.uk\/es\/#breadcrumb"},"inLanguage":"es","potentialAction":[{"@type":"ReadAction","target":["https:\/\/fortprocess.co.uk\/es\/"]}]},{"@type":"BreadcrumbList","@id":"https:\/\/fortprocess.co.uk\/es\/#breadcrumb","itemListElement":[{"@type":"ListItem","position":1,"name":"Home","item":"https:\/\/fortprocess.co.uk\/es\/"},{"@type":"ListItem","position":2,"name":"Encuentra sexo casual local con mujeres cachondas"}]}]}},"_links":{"self":[{"href":"https:\/\/fortprocess.co.uk\/es\/wp-json\/wp\/v2\/pages\/176"}],"collection":[{"href":"https:\/\/fortprocess.co.uk\/es\/wp-json\/wp\/v2\/pages"}],"about":[{"href":"https:\/\/fortprocess.co.uk\/es\/wp-json\/wp\/v2\/types\/page"}],"author":[{"embeddable":true,"href":"https:\/\/fortprocess.co.uk\/es\/wp-json\/wp\/v2\/users\/1"}],"replies":[{"embeddable":true,"href":"https:\/\/fortprocess.co.uk\/es\/wp-json\/wp\/v2\/comments?post=176"}],"version-history":[{"count":2,"href":"https:\/\/fortprocess.co.uk\/es\/wp-json\/wp\/v2\/pages\/176\/revisions"}],"predecessor-version":[{"id":309,"href":"https:\/\/fortprocess.co.uk\/es\/wp-json\/wp\/v2\/pages\/176\/revisions\/309"}],"wp:featuredmedia":[{"embeddable":true,"href":"https:\/\/fortprocess.co.uk\/es\/wp-json\/wp\/v2\/media\/108"}],"wp:attachment":[{"href":"https:\/\/fortprocess.co.uk\/es\/wp-json\/wp\/v2\/media?parent=176"}],"curies":[{"name":"wp","href":"https:\/\/api.w.org\/{rel}","templated":true}]}}