{"id":123,"date":"2022-10-03T13:34:58","date_gmt":"2022-10-03T12:34:58","guid":{"rendered":"http:\/\/fortprocess.co.uk\/filles-a-la-recherche-de-sexe\/"},"modified":"2022-10-03T13:34:58","modified_gmt":"2022-10-03T12:34:58","slug":"filles-a-la-recherche-de-sexe","status":"publish","type":"page","link":"https:\/\/fortprocess.co.uk\/fr\/filles-a-la-recherche-de-sexe\/","title":{"rendered":"Filles \u00e0 la recherche de sexe"},"content":{"rendered":"<p>Il ne fait aucun doute que les filles sont toujours \u00e0 la recherche de sexe. Ils veulent se connecter avec quelqu\u2019un avec qui ils peuvent passer un bon moment et en qui ils peuvent avoir confiance. Cependant, il n\u2019est pas toujours facile de trouver quelqu\u2019un en qui vous pouvez avoir confiance et avec qui vous pouvez passer un bon moment. Parfois, il peut \u00eatre difficile de dire si un gars cherche juste \u00e0 se connecter ou s\u2019il veut vraiment sortir avec vous. Si vous cherchez juste une connexion, alors il est important de pouvoir dire si un gars essaie juste de vous utiliser. Il y a quelques choses que vous pouvez rechercher, comme s\u2019il vous parle ou non, ou s\u2019il essaie simplement de vous mettre au lit. Si un gars essaie juste de vous mettre au lit, alors il ne vaut probablement pas votre temps. Cependant, si un gars s\u2019int\u00e9resse \u00e0 vous et veut vraiment apprendre \u00e0 vous conna\u00eetre, alors il vaut vraiment votre temps.<\/p>\n<h2>Femmes \u00e0 la recherche de sexe<\/h2>\n<p>Il y a beaucoup de femmes qui recherchent le sexe. Ils peuvent \u00eatre mari\u00e9s ou en couple, mais ils sont toujours excit\u00e9s. Et, ils n\u2019ont pas peur de l\u2019admettre. Ils sont \u00e0 la recherche d\u2019un homme qui peut satisfaire leurs besoins. Et, ils sont pr\u00eats \u00e0 sortir et \u00e0 le trouver. Ils ne cherchent pas une relation. Ils sont juste \u00e0 la recherche d\u2019un bon moment.<\/p>\n<p>Il y a des femmes qui cherchent du sexe pr\u00e8s de moi tout le temps. Je ne sais pas pourquoi, mais il semble que chaque fois que je sors, il y a au moins une femme qui cherche du sexe. Peut-\u00eatre qu\u2019ils sont vraiment excit\u00e9s, ou peut-\u00eatre qu\u2019ils cherchent l\u2019amour. Quoi qu\u2019il en soit, c\u2019est toujours un tournant pour moi.<\/p>\n<h2>Rencontrez des femmes excit\u00e9es pr\u00e8s de chez vous<\/h2>\n<p>Il n\u2019est pas n\u00e9cessaire d\u2019\u00eatre timide quand il s\u2019agit de rencontrer des femmes excit\u00e9es pr\u00e8s de chez vous. Vous pouvez les trouver facilement en ligne via des sites de rencontres ou des applications. Une fois que vous avez trouv\u00e9 quelqu\u2019un qui vous int\u00e9resse, envoyez-lui simplement un message et faites-lui savoir ce que vous cherchez. S\u2019ils sont int\u00e9ress\u00e9s, ils r\u00e9pondront et vous pourrez prendre les choses \u00e0 partir de l\u00e0. Assurez-vous simplement d\u2019\u00eatre respectueux et franc sur ce que vous recherchez pour \u00e9viter tout malentendu.<\/p>\n<h3>LuckyCrush<\/h3>\n<p>Si vous recherchez du sexe, LuckyCrush est l\u2019application de rencontres qu\u2019il vous faut. L\u2019application est con\u00e7ue sp\u00e9cifiquement pour les filles qui veulent se connecter avec des gars, et son utilisation est absolument gratuite. Tout ce que vous avez \u00e0 faire est de cr\u00e9er un profil et de commencer \u00e0 glisser. LuckyCrush vous montrera les gars de votre r\u00e9gion qui recherchent la m\u00eame chose que vous, et vous pouvez commencer \u00e0 discuter avec eux imm\u00e9diatement. La meilleure partie est que vous n\u2019avez m\u00eame pas besoin de quitter votre maison pour trouver un branchement; vous pouvez tout faire dans le confort de votre propre lit.<\/p>\n<h3>Badoo<\/h3>\n<p>Badoo est une application de rencontres populaire parmi les filles \u00e0 la recherche de sexe. L\u2019application a beaucoup de faux profils, ce qui rend difficile de trouver de vraies filles. L\u2019application est \u00e9galement connue pour sa culture de connexion, ce qui facilite la recherche d\u2019une aventure d\u2019un soir. Cependant, il y a aussi beaucoup de filles sur l\u2019application qui recherchent une relation s\u00e9rieuse.<\/p>\n<h3>TinderMeets<\/h3>\n<p>Si vous \u00eates une fille \u00e0 la recherche de sexe, TinderMeets est l\u2019application de rencontres pour vous! Avec plus de 2 millions d\u2019utilisateurs actifs, il est facile de trouver quelqu\u2019un avec qui se connecter. La meilleure partie ? Vous pouvez tout faire dans le confort de votre propre maison! TinderMeets est l\u2019application parfaite pour les femmes occup\u00e9es qui veulent se faire poser sans avoir \u00e0 sortir et \u00e0 rencontrer des gars \u00e0 l\u2019ancienne. Cr\u00e9ez simplement un profil, balayez vers la droite sur quelqu\u2019un que vous aimez et rencontrez-vous pour une connexion!<\/p>\n<p>L\u2019application est gratuite \u00e0 t\u00e9l\u00e9charger et \u00e0 utiliser, et il n\u2019y a pas de frais cach\u00e9s ou d\u2019achats int\u00e9gr\u00e9s. Alors, qu\u2019attendez-vous? Faites glisser et commencez \u00e0 vous faire poser!<\/p>\n","protected":false},"excerpt":{"rendered":"<p>Il ne fait aucun doute que les filles sont toujours \u00e0 la recherche de sexe. Ils veulent se connecter avec quelqu\u2019un avec qui ils peuvent passer un bon moment et en qui ils peuvent avoir confiance. Cependant, il n\u2019est pas toujours facile de trouver quelqu\u2019un en qui vous pouvez avoir confiance et avec qui vous [&hellip;]<\/p>\n","protected":false},"author":1,"featured_media":0,"parent":0,"menu_order":0,"comment_status":"closed","ping_status":"closed","template":"","meta":[],"yoast_head":"<!-- This site is optimized with the Yoast SEO plugin v17.7.1 - https:\/\/yoast.com\/wordpress\/plugins\/seo\/ -->\n<title>Filles \u00e0 la recherche de sexe - Process Reviews<\/title>\n<meta name=\"robots\" content=\"index, follow, max-snippet:-1, max-image-preview:large, max-video-preview:-1\" \/>\n<link rel=\"canonical\" href=\"https:\/\/fortprocess.co.uk\/fr\/filles-a-la-recherche-de-sexe\/\" \/>\n<meta property=\"og:locale\" content=\"fr_FR\" \/>\n<meta property=\"og:type\" content=\"article\" \/>\n<meta property=\"og:title\" content=\"Filles \u00e0 la recherche de sexe - Process Reviews\" \/>\n<meta property=\"og:description\" content=\"Il ne fait aucun doute que les filles sont toujours \u00e0 la recherche de sexe. Ils veulent se connecter avec quelqu\u2019un avec qui ils peuvent passer un bon moment et en qui ils peuvent avoir confiance. Cependant, il n\u2019est pas toujours facile de trouver quelqu\u2019un en qui vous pouvez avoir confiance et avec qui vous [&hellip;]\" \/>\n<meta property=\"og:url\" content=\"https:\/\/fortprocess.co.uk\/fr\/filles-a-la-recherche-de-sexe\/\" \/>\n<meta property=\"og:site_name\" content=\"Process Reviews\" \/>\n<meta name=\"twitter:card\" content=\"summary_large_image\" \/>\n<meta name=\"twitter:label1\" content=\"Dur\u00e9e de lecture estim\u00e9e\" \/>\n\t<meta name=\"twitter:data1\" content=\"4 minutes\" \/>\n<script type=\"application\/ld+json\" class=\"yoast-schema-graph\">{\"@context\":\"https:\/\/schema.org\",\"@graph\":[{\"@type\":\"WebSite\",\"@id\":\"https:\/\/fortprocess.co.uk\/fr\/#website\",\"url\":\"https:\/\/fortprocess.co.uk\/fr\/\",\"name\":\"Process Reviews\",\"description\":\"Casual Dating\",\"potentialAction\":[{\"@type\":\"SearchAction\",\"target\":{\"@type\":\"EntryPoint\",\"urlTemplate\":\"https:\/\/fortprocess.co.uk\/fr\/?s={search_term_string}\"},\"query-input\":\"required name=search_term_string\"}],\"inLanguage\":\"fr-FR\"},{\"@type\":\"WebPage\",\"@id\":\"https:\/\/fortprocess.co.uk\/fr\/filles-a-la-recherche-de-sexe\/#webpage\",\"url\":\"https:\/\/fortprocess.co.uk\/fr\/filles-a-la-recherche-de-sexe\/\",\"name\":\"Filles \\u00e0 la recherche de sexe - Process Reviews\",\"isPartOf\":{\"@id\":\"https:\/\/fortprocess.co.uk\/fr\/#website\"},\"datePublished\":\"2022-10-03T12:34:58+00:00\",\"dateModified\":\"2022-10-03T12:34:58+00:00\",\"breadcrumb\":{\"@id\":\"https:\/\/fortprocess.co.uk\/fr\/filles-a-la-recherche-de-sexe\/#breadcrumb\"},\"inLanguage\":\"fr-FR\",\"potentialAction\":[{\"@type\":\"ReadAction\",\"target\":[\"https:\/\/fortprocess.co.uk\/fr\/filles-a-la-recherche-de-sexe\/\"]}]},{\"@type\":\"BreadcrumbList\",\"@id\":\"https:\/\/fortprocess.co.uk\/fr\/filles-a-la-recherche-de-sexe\/#breadcrumb\",\"itemListElement\":[{\"@type\":\"ListItem\",\"position\":1,\"name\":\"Home\",\"item\":\"http:\/\/fortprocess.co.uk\/fr\/\"},{\"@type\":\"ListItem\",\"position\":2,\"name\":\"Filles \\u00e0 la recherche de sexe\"}]}]}<\/script>\n<!-- \/ Yoast SEO plugin. -->","yoast_head_json":{"title":"Filles \u00e0 la recherche de sexe - Process Reviews","robots":{"index":"index","follow":"follow","max-snippet":"max-snippet:-1","max-image-preview":"max-image-preview:large","max-video-preview":"max-video-preview:-1"},"canonical":"https:\/\/fortprocess.co.uk\/fr\/filles-a-la-recherche-de-sexe\/","og_locale":"fr_FR","og_type":"article","og_title":"Filles \u00e0 la recherche de sexe - Process Reviews","og_description":"Il ne fait aucun doute que les filles sont toujours \u00e0 la recherche de sexe. Ils veulent se connecter avec quelqu\u2019un avec qui ils peuvent passer un bon moment et en qui ils peuvent avoir confiance. Cependant, il n\u2019est pas toujours facile de trouver quelqu\u2019un en qui vous pouvez avoir confiance et avec qui vous [&hellip;]","og_url":"https:\/\/fortprocess.co.uk\/fr\/filles-a-la-recherche-de-sexe\/","og_site_name":"Process Reviews","twitter_card":"summary_large_image","twitter_misc":{"Dur\u00e9e de lecture estim\u00e9e":"4 minutes"},"schema":{"@context":"https:\/\/schema.org","@graph":[{"@type":"WebSite","@id":"https:\/\/fortprocess.co.uk\/fr\/#website","url":"https:\/\/fortprocess.co.uk\/fr\/","name":"Process Reviews","description":"Casual Dating","potentialAction":[{"@type":"SearchAction","target":{"@type":"EntryPoint","urlTemplate":"https:\/\/fortprocess.co.uk\/fr\/?s={search_term_string}"},"query-input":"required name=search_term_string"}],"inLanguage":"fr-FR"},{"@type":"WebPage","@id":"https:\/\/fortprocess.co.uk\/fr\/filles-a-la-recherche-de-sexe\/#webpage","url":"https:\/\/fortprocess.co.uk\/fr\/filles-a-la-recherche-de-sexe\/","name":"Filles \u00e0 la recherche de sexe - Process Reviews","isPartOf":{"@id":"https:\/\/fortprocess.co.uk\/fr\/#website"},"datePublished":"2022-10-03T12:34:58+00:00","dateModified":"2022-10-03T12:34:58+00:00","breadcrumb":{"@id":"https:\/\/fortprocess.co.uk\/fr\/filles-a-la-recherche-de-sexe\/#breadcrumb"},"inLanguage":"fr-FR","potentialAction":[{"@type":"ReadAction","target":["https:\/\/fortprocess.co.uk\/fr\/filles-a-la-recherche-de-sexe\/"]}]},{"@type":"BreadcrumbList","@id":"https:\/\/fortprocess.co.uk\/fr\/filles-a-la-recherche-de-sexe\/#breadcrumb","itemListElement":[{"@type":"ListItem","position":1,"name":"Home","item":"http:\/\/fortprocess.co.uk\/fr\/"},{"@type":"ListItem","position":2,"name":"Filles \u00e0 la recherche de sexe"}]}]}},"_links":{"self":[{"href":"https:\/\/fortprocess.co.uk\/fr\/wp-json\/wp\/v2\/pages\/123"}],"collection":[{"href":"https:\/\/fortprocess.co.uk\/fr\/wp-json\/wp\/v2\/pages"}],"about":[{"href":"https:\/\/fortprocess.co.uk\/fr\/wp-json\/wp\/v2\/types\/page"}],"author":[{"embeddable":true,"href":"https:\/\/fortprocess.co.uk\/fr\/wp-json\/wp\/v2\/users\/1"}],"replies":[{"embeddable":true,"href":"https:\/\/fortprocess.co.uk\/fr\/wp-json\/wp\/v2\/comments?post=123"}],"version-history":[{"count":0,"href":"https:\/\/fortprocess.co.uk\/fr\/wp-json\/wp\/v2\/pages\/123\/revisions"}],"wp:attachment":[{"href":"https:\/\/fortprocess.co.uk\/fr\/wp-json\/wp\/v2\/media?parent=123"}],"curies":[{"name":"wp","href":"https:\/\/api.w.org\/{rel}","templated":true}]}}