{"id":125,"date":"2022-10-03T13:35:48","date_gmt":"2022-10-03T12:35:48","guid":{"rendered":"http:\/\/fortprocess.co.uk\/sites-de-rencontres-matures\/"},"modified":"2022-10-03T14:05:18","modified_gmt":"2022-10-03T13:05:18","slug":"sites-de-rencontres-matures","status":"publish","type":"page","link":"https:\/\/fortprocess.co.uk\/fr\/sites-de-rencontres-matures\/","title":{"rendered":"Sites de rencontres matures"},"content":{"rendered":"<p>Il y a quelques choses \u00e0 garder \u00e0 l\u2019esprit lors de l\u2019utilisation de sites de rencontres matures. Tout d\u2019abord, soyez clair sur ce que vous recherchez. Les sites de rencontres matures sont pleins de gens qui recherchent des choses diff\u00e9rentes, alors soyez pr\u00e9cis sur ce que vous recherchez pour \u00e9viter tout malentendu. Deuxi\u00e8mement, n\u2019ayez pas peur d\u2019\u00eatre franc au sujet de vos intentions. Les sites de rencontres matures sont pleins de gens qui sont ouverts et honn\u00eates sur leurs d\u00e9sirs, alors n\u2019ayez pas peur de leur faire savoir ce que vous recherchez. Enfin, prenez votre temps et profitez du processus. Les sites de rencontres matures peuvent \u00eatre un excellent moyen de rencontrer de nouvelles personnes et de s\u2019amuser, alors prenez votre temps et profitez de l\u2019exp\u00e9rience.<\/p>\n<h2>Site de rencontre pour femmes matures<\/h2>\n<p>Il existe de nombreux sites de rencontres qui s\u2019adressent \u00e0 diff\u00e9rents groupes d\u2019\u00e2ge, y compris les femmes matures. Certains sites sont sp\u00e9cifiquement destin\u00e9s aux femmes matures, tandis que d\u2019autres sont plus g\u00e9n\u00e9raux. Il existe \u00e9galement des sites qui r\u00e9pondent \u00e0 des int\u00e9r\u00eats sp\u00e9cifiques, tels que ceux qui se concentrent sur les rencontres pour les femmes noires ou ceux qui s\u2019adressent aux c\u00e9libataires chr\u00e9tiens. Lors du choix d\u2019un site de rencontre pour femmes matures, il est important de consid\u00e9rer ce que vous recherchez chez un partenaire. \u00cates-vous int\u00e9ress\u00e9 par une relation \u00e0 long terme ou une aventure occasionnelle? Quels sont vos facteurs de rupture ? Une fois que vous savez ce que vous cherchez, vous pouvez affiner votre recherche pour trouver le site parfait pour vous.<\/p>\n<h2>Rencontrez des femmes \u00e2g\u00e9es pour le sexe<\/h2>\n<p>Il existe de nombreuses fa\u00e7ons de rencontrer des femmes \u00e2g\u00e9es pour le sexe, mais certaines sont plus efficaces que d\u2019autres. Une fa\u00e7on de les rencontrer est d\u2019aller dans des endroits o\u00f9 ils sont susceptibles de se rassembler, comme des bars ou des clubs. Une autre fa\u00e7on est d\u2019utiliser des sites de rencontres en ligne, qui sont sp\u00e9cialement con\u00e7us pour que les gens se rencontrent et sortent ensemble. Cependant, le moyen le plus efficace de rencontrer des femmes \u00e2g\u00e9es pour le sexe est d\u2019utiliser un service de jumelage professionnel. De cette fa\u00e7on, vous pouvez \u00eatre s\u00fbr que vous rencontrez des femmes plus \u00e2g\u00e9es qui s\u2019int\u00e9ressent au sexe et qui sont \u00e9galement compatibles avec vous.<\/p>\n<p>Il existe de nombreux sites de rencontres destin\u00e9s \u00e0 diff\u00e9rents groupes d\u2019\u00e2ge, mais il peut parfois \u00eatre difficile d\u2019en trouver un qui s\u2019adresse sp\u00e9cifiquement aux femmes plus \u00e2g\u00e9es. Heureusement, il existe d\u2019excellentes options sp\u00e9cifiquement pour les femmes \u00e2g\u00e9es \u00e0 la recherche d\u2019amour. OurTime est un site de rencontre populaire pour les c\u00e9libataires matures de plus de 50 ans, avec une interface simple et de nombreuses fonctionnalit\u00e9s pour vous aider \u00e0 trouver votre partenaire parfait. Une autre option est SilverSingles, qui s\u2019adresse sp\u00e9cifiquement aux c\u00e9libataires matures de plus de 50 ans en mettant l\u2019accent sur leur aide \u00e0 trouver des relations \u00e0 long terme. Ces deux sites ont des options gratuites et payantes, vous pouvez donc essayer chacun d\u2019eux et voir lequel vous convient le mieux. Quel que soit le site que vous choisissez, assurez-vous de prendre le temps de remplir votre profil et de t\u00e9l\u00e9charger de bonnes photos pour attirer des correspondances potentielles. Avec un peu d\u2019effort, vous devriez \u00eatre en mesure de trouver d\u2019excellentes correspondances sur l\u2019un ou l\u2019autre de ces sites.<\/p>\n<h3>Passion.com<\/h3>\n<p>Si vous \u00eates \u00e0 la recherche d\u2019un site de rencontre mature qui peut vous aider \u00e0 trouver des partenaires passionn\u00e9s et compatibles, ne cherchez pas plus loin que Passion.com. Avec sa vaste base de donn\u00e9es de membres, ses puissants outils de recherche et son interface conviviale, Passion.com facilite la recherche de quelqu\u2019un qui partage vos int\u00e9r\u00eats et vos d\u00e9sirs. Bien que le site offre d\u2019excellentes fonctionnalit\u00e9s, son manque de fonctionnalit\u00e9s de s\u00e9curit\u00e9 et de support client le rend difficile \u00e0 recommander \u00e0 toute personne \u00e0 la recherche d\u2019une relation s\u00e9rieuse.<\/p>\n<h3>OnlyFlings<\/h3>\n<p>Si vous recherchez un site de rencontre mature qui s\u2019adresse aux utilisateurs d\u2019applications de rencontres uniquement, vous voudrez consulter OnlyFlings. Cette application est con\u00e7ue sp\u00e9cifiquement pour les personnes qui recherchent des aventures, des rencontres et des rencontres occasionnelles. L\u2019application est facile \u00e0 utiliser et poss\u00e8de de nombreuses fonctionnalit\u00e9s qui en font un excellent choix pour les utilisateurs de sites de rencontres matures. L\u2019application a une grande base d\u2019utilisateurs, vous n\u2019aurez donc aucun mal \u00e0 trouver quelqu\u2019un avec qui vous connecter. L\u2019application est \u00e9galement tr\u00e8s abordable, vous n\u2019aurez donc pas \u00e0 d\u00e9penser beaucoup d\u2019argent pour l\u2019utiliser. Dans l\u2019ensemble, OnlyFlings est un excellent choix pour les utilisateurs de sites de rencontres matures qui recherchent une aventure ou une connexion.<\/p>\n<h3>NaughtyDate<\/h3>\n<p>NaughtyDate est une application de rencontres con\u00e7ue pour les personnes qui recherchent des relations matures et adultes. Il a une note de 4 \u00e9toiles sur l\u2019App Store et une note de 3,5 \u00e9toiles sur Google Play. L\u2019application est gratuite \u00e0 t\u00e9l\u00e9charger et \u00e0 utiliser, mais vous pouvez passer \u00e0 un abonnement premium pour 9,99 $ \/ mois. Les membres Premium ont acc\u00e8s \u00e0 des filtres de recherche avanc\u00e9s, \u00e0 une messagerie illimit\u00e9e et \u00e0 d\u2019autres fonctionnalit\u00e9s.<\/p>\n<p>NaughtyDate est une excellente option pour les personnes qui recherchent des relations matures et adultes. L\u2019application est facile \u00e0 utiliser et poss\u00e8de de nombreuses fonctionnalit\u00e9s qui en font un excellent choix pour les personnes qui recherchent quelque chose de plus qu\u2019une connexion. Le seul inconv\u00e9nient est qu\u2019il n\u2019est pas aussi populaire que certaines des autres applications de rencontres, vous pourriez donc avoir du mal \u00e0 trouver des correspondances dans votre r\u00e9gion.<\/p>\n","protected":false},"excerpt":{"rendered":"<p>Il y a quelques choses \u00e0 garder \u00e0 l\u2019esprit lors de l\u2019utilisation de sites de rencontres matures. Tout d\u2019abord, soyez clair sur ce que vous recherchez. Les sites de rencontres matures sont pleins de gens qui recherchent des choses diff\u00e9rentes, alors soyez pr\u00e9cis sur ce que vous recherchez pour \u00e9viter tout malentendu. Deuxi\u00e8mement, n\u2019ayez pas [&hellip;]<\/p>\n","protected":false},"author":1,"featured_media":0,"parent":0,"menu_order":0,"comment_status":"closed","ping_status":"closed","template":"","meta":[],"yoast_head":"<!-- This site is optimized with the Yoast SEO plugin v17.7.1 - https:\/\/yoast.com\/wordpress\/plugins\/seo\/ -->\n<title>Sites de rencontres matures - Process Reviews<\/title>\n<meta name=\"robots\" content=\"index, follow, max-snippet:-1, max-image-preview:large, max-video-preview:-1\" \/>\n<link rel=\"canonical\" href=\"https:\/\/fortprocess.co.uk\/fr\/sites-de-rencontres-matures\/\" \/>\n<meta property=\"og:locale\" content=\"fr_FR\" \/>\n<meta property=\"og:type\" content=\"article\" \/>\n<meta property=\"og:title\" content=\"Sites de rencontres matures - Process Reviews\" \/>\n<meta property=\"og:description\" content=\"Il y a quelques choses \u00e0 garder \u00e0 l\u2019esprit lors de l\u2019utilisation de sites de rencontres matures. Tout d\u2019abord, soyez clair sur ce que vous recherchez. Les sites de rencontres matures sont pleins de gens qui recherchent des choses diff\u00e9rentes, alors soyez pr\u00e9cis sur ce que vous recherchez pour \u00e9viter tout malentendu. Deuxi\u00e8mement, n\u2019ayez pas [&hellip;]\" \/>\n<meta property=\"og:url\" content=\"https:\/\/fortprocess.co.uk\/fr\/sites-de-rencontres-matures\/\" \/>\n<meta property=\"og:site_name\" content=\"Process Reviews\" \/>\n<meta property=\"article:modified_time\" content=\"2022-10-03T13:05:18+00:00\" \/>\n<meta name=\"twitter:card\" content=\"summary_large_image\" \/>\n<meta name=\"twitter:label1\" content=\"Dur\u00e9e de lecture estim\u00e9e\" \/>\n\t<meta name=\"twitter:data1\" content=\"5 minutes\" \/>\n<script type=\"application\/ld+json\" class=\"yoast-schema-graph\">{\"@context\":\"https:\/\/schema.org\",\"@graph\":[{\"@type\":\"WebSite\",\"@id\":\"https:\/\/fortprocess.co.uk\/fr\/#website\",\"url\":\"https:\/\/fortprocess.co.uk\/fr\/\",\"name\":\"Process Reviews\",\"description\":\"Casual Dating\",\"potentialAction\":[{\"@type\":\"SearchAction\",\"target\":{\"@type\":\"EntryPoint\",\"urlTemplate\":\"https:\/\/fortprocess.co.uk\/fr\/?s={search_term_string}\"},\"query-input\":\"required name=search_term_string\"}],\"inLanguage\":\"fr-FR\"},{\"@type\":\"WebPage\",\"@id\":\"https:\/\/fortprocess.co.uk\/fr\/sites-de-rencontres-matures\/#webpage\",\"url\":\"https:\/\/fortprocess.co.uk\/fr\/sites-de-rencontres-matures\/\",\"name\":\"Sites de rencontres matures - Process Reviews\",\"isPartOf\":{\"@id\":\"https:\/\/fortprocess.co.uk\/fr\/#website\"},\"datePublished\":\"2022-10-03T12:35:48+00:00\",\"dateModified\":\"2022-10-03T13:05:18+00:00\",\"breadcrumb\":{\"@id\":\"https:\/\/fortprocess.co.uk\/fr\/sites-de-rencontres-matures\/#breadcrumb\"},\"inLanguage\":\"fr-FR\",\"potentialAction\":[{\"@type\":\"ReadAction\",\"target\":[\"https:\/\/fortprocess.co.uk\/fr\/sites-de-rencontres-matures\/\"]}]},{\"@type\":\"BreadcrumbList\",\"@id\":\"https:\/\/fortprocess.co.uk\/fr\/sites-de-rencontres-matures\/#breadcrumb\",\"itemListElement\":[{\"@type\":\"ListItem\",\"position\":1,\"name\":\"Home\",\"item\":\"http:\/\/fortprocess.co.uk\/fr\/\"},{\"@type\":\"ListItem\",\"position\":2,\"name\":\"Sites de rencontres matures\"}]}]}<\/script>\n<!-- \/ Yoast SEO plugin. -->","yoast_head_json":{"title":"Sites de rencontres matures - Process Reviews","robots":{"index":"index","follow":"follow","max-snippet":"max-snippet:-1","max-image-preview":"max-image-preview:large","max-video-preview":"max-video-preview:-1"},"canonical":"https:\/\/fortprocess.co.uk\/fr\/sites-de-rencontres-matures\/","og_locale":"fr_FR","og_type":"article","og_title":"Sites de rencontres matures - Process Reviews","og_description":"Il y a quelques choses \u00e0 garder \u00e0 l\u2019esprit lors de l\u2019utilisation de sites de rencontres matures. Tout d\u2019abord, soyez clair sur ce que vous recherchez. Les sites de rencontres matures sont pleins de gens qui recherchent des choses diff\u00e9rentes, alors soyez pr\u00e9cis sur ce que vous recherchez pour \u00e9viter tout malentendu. Deuxi\u00e8mement, n\u2019ayez pas [&hellip;]","og_url":"https:\/\/fortprocess.co.uk\/fr\/sites-de-rencontres-matures\/","og_site_name":"Process Reviews","article_modified_time":"2022-10-03T13:05:18+00:00","twitter_card":"summary_large_image","twitter_misc":{"Dur\u00e9e de lecture estim\u00e9e":"5 minutes"},"schema":{"@context":"https:\/\/schema.org","@graph":[{"@type":"WebSite","@id":"https:\/\/fortprocess.co.uk\/fr\/#website","url":"https:\/\/fortprocess.co.uk\/fr\/","name":"Process Reviews","description":"Casual Dating","potentialAction":[{"@type":"SearchAction","target":{"@type":"EntryPoint","urlTemplate":"https:\/\/fortprocess.co.uk\/fr\/?s={search_term_string}"},"query-input":"required name=search_term_string"}],"inLanguage":"fr-FR"},{"@type":"WebPage","@id":"https:\/\/fortprocess.co.uk\/fr\/sites-de-rencontres-matures\/#webpage","url":"https:\/\/fortprocess.co.uk\/fr\/sites-de-rencontres-matures\/","name":"Sites de rencontres matures - Process Reviews","isPartOf":{"@id":"https:\/\/fortprocess.co.uk\/fr\/#website"},"datePublished":"2022-10-03T12:35:48+00:00","dateModified":"2022-10-03T13:05:18+00:00","breadcrumb":{"@id":"https:\/\/fortprocess.co.uk\/fr\/sites-de-rencontres-matures\/#breadcrumb"},"inLanguage":"fr-FR","potentialAction":[{"@type":"ReadAction","target":["https:\/\/fortprocess.co.uk\/fr\/sites-de-rencontres-matures\/"]}]},{"@type":"BreadcrumbList","@id":"https:\/\/fortprocess.co.uk\/fr\/sites-de-rencontres-matures\/#breadcrumb","itemListElement":[{"@type":"ListItem","position":1,"name":"Home","item":"http:\/\/fortprocess.co.uk\/fr\/"},{"@type":"ListItem","position":2,"name":"Sites de rencontres matures"}]}]}},"_links":{"self":[{"href":"https:\/\/fortprocess.co.uk\/fr\/wp-json\/wp\/v2\/pages\/125"}],"collection":[{"href":"https:\/\/fortprocess.co.uk\/fr\/wp-json\/wp\/v2\/pages"}],"about":[{"href":"https:\/\/fortprocess.co.uk\/fr\/wp-json\/wp\/v2\/types\/page"}],"author":[{"embeddable":true,"href":"https:\/\/fortprocess.co.uk\/fr\/wp-json\/wp\/v2\/users\/1"}],"replies":[{"embeddable":true,"href":"https:\/\/fortprocess.co.uk\/fr\/wp-json\/wp\/v2\/comments?post=125"}],"version-history":[{"count":1,"href":"https:\/\/fortprocess.co.uk\/fr\/wp-json\/wp\/v2\/pages\/125\/revisions"}],"predecessor-version":[{"id":221,"href":"https:\/\/fortprocess.co.uk\/fr\/wp-json\/wp\/v2\/pages\/125\/revisions\/221"}],"wp:attachment":[{"href":"https:\/\/fortprocess.co.uk\/fr\/wp-json\/wp\/v2\/media?parent=125"}],"curies":[{"name":"wp","href":"https:\/\/api.w.org\/{rel}","templated":true}]}}