{"id":137,"date":"2022-10-03T13:34:43","date_gmt":"2022-10-03T12:34:43","guid":{"rendered":"http:\/\/fortprocess.co.uk\/sites-de-baise-locaux\/"},"modified":"2022-10-03T13:34:43","modified_gmt":"2022-10-03T12:34:43","slug":"sites-de-baise-locaux","status":"publish","type":"page","link":"https:\/\/fortprocess.co.uk\/fr\/sites-de-baise-locaux\/","title":{"rendered":"Sites de baise locaux"},"content":{"rendered":"<p>Il existe de nombreux sites de baise locaux qui peuvent vous aider \u00e0 trouver quelqu\u2019un avec qui vous connecter dans votre r\u00e9gion. Tout ce que vous avez \u00e0 faire est de cr\u00e9er un compte et de cr\u00e9er un profil. Ensuite, vous pouvez rechercher des membres qui recherchent la m\u00eame chose que vous. Vous pouvez leur envoyer un message, discuter avec eux et m\u00eame les rencontrer en personne si vous le souhaitez. N\u2019oubliez pas d\u2019\u00eatre en s\u00e9curit\u00e9 et d\u2019utiliser une protection lorsque vous vous connectez avec quelqu\u2019un que vous avez rencontr\u00e9 en ligne.<\/p>\n<h2>Sites de baise gratuits<\/h2>\n<p>Il y a beaucoup d\u2019excellents sites de baise gratuits l\u00e0-bas. Il suffit de savoir o\u00f9 chercher. Le meilleur endroit pour commencer votre recherche est probablement un moteur de recherche comme Google. Il suffit de taper \u00ab&nbsp;sites de baise gratuits&nbsp;\u00bb et vous devriez obtenir un tas de r\u00e9sultats. Une fois que vous en avez trouv\u00e9 quelques-uns qui semblent prometteurs, inscrivez-vous et essayez-les. Il n\u2019y a aucun mal \u00e0 en essayer quelques-uns diff\u00e9rents jusqu\u2019\u00e0 ce que vous trouviez celui qui vous convient.<\/p>\n<h2>Sites de rencontre et de baise gratuits<\/h2>\n<p>Il existe de nombreux sites de rencontre et de baise gratuits sur Internet, mais tous ne sont pas cr\u00e9\u00e9s \u00e9gaux. Certains d\u2019entre eux sont meilleurs que d\u2019autres, et certains d\u2019entre eux ne sont que de simples escroqueries. Il est important de faire vos recherches avant de vous inscrire \u00e0 l\u2019un de ces sites, car vous ne voulez pas perdre votre temps ou votre argent.<\/p>\n<p>Les meilleurs sites de rencontre et de baise gratuits sont ceux qui fonctionnent r\u00e9ellement. Ils ont une grande base de donn\u00e9es de correspondances potentielles, et ils utilisent une vari\u00e9t\u00e9 d\u2019algorithmes pour vous mettre en relation avec quelqu\u2019un qui est compatible avec vous. Ils ont \u00e9galement beaucoup de fonctionnalit\u00e9s qui rendent l\u2019exp\u00e9rience plus agr\u00e9able, telles que les salles de chat et la messagerie instantan\u00e9e.<\/p>\n<p>Les pires sites de rencontre et de baise gratuits sont ceux qui ne sont rien de plus que des escroqueries. Ces sites vous demanderont souvent les informations de votre carte de cr\u00e9dit, puis ils les utiliseront pour vous facturer des choses auxquelles vous ne vous \u00eates m\u00eame pas inscrit. Ils peuvent \u00e9galement essayer de vous vendre d\u2019autres produits, ou ils peuvent m\u00eame essayer de vous faire vous inscrire \u00e0 leur service payant. Quoi qu\u2019il en soit, vous feriez mieux d\u2019\u00e9viter compl\u00e8tement ces sites.<\/p>\n<p>Il y a beaucoup de gens qui pensent que \u00ab&nbsp;baiser gratuitement&nbsp;\u00bb est un excellent moyen de sortir avec quelqu\u2019un. Bien qu\u2019il y ait certainement des avantages \u00e0 cette approche, il y a aussi des inconv\u00e9nients majeurs. L\u2019un des plus gros probl\u00e8mes avec \u00ab&nbsp;fuck for free&nbsp;\u00bb est que c\u2019est souvent simplement un moyen pour les gens de profiter des autres. Si vous ne faites pas attention, vous pourriez facilement vous retrouver dans une situation o\u00f9 vous vous habituez et profitez-en, sans jamais vraiment obtenir quoi que ce soit en retour. De plus, \u00ab&nbsp;baiser gratuitement&nbsp;\u00bb peut \u00e9galement conduire \u00e0 beaucoup de drames et de conflits, car les gens se disputent souvent l\u2019attention de la m\u00eame personne. Si vous n\u2019\u00eates pas pr\u00eat \u00e0 faire face \u00e0 cela, alors \u00ab&nbsp;fuck for free&nbsp;\u00bb n\u2019est probablement pas la meilleure approche pour vous.<\/p>\n<h3>Papa d\u2019argent<\/h3>\n<p>Si vous recherchez un Silver Daddy, vous voudrez consulter l\u2019application silver daddy dating. Cette application est un excellent moyen de se connecter avec d\u2019autres papas argent\u00e9s de votre r\u00e9gion. L\u2019application est gratuite \u00e0 t\u00e9l\u00e9charger et \u00e0 utiliser, et il est facile de s\u2019inscrire. Vous pouvez cr\u00e9er un profil, ajouter des photos et commencer \u00e0 discuter avec d\u2019autres papas argent\u00e9s de votre r\u00e9gion. L\u2019application est \u00e9galement id\u00e9ale pour trouver des sites de baise locaux. Vous pouvez rechercher des sites par emplacement, et vous pouvez \u00e9galement lire les critiques de sites avant de les rejoindre. Silver Daddy Dating App est un excellent moyen de rencontrer des papas argent\u00e9s dans votre r\u00e9gion.<\/p>\n<h3>Rubmaps<\/h3>\n<p>Il y a beaucoup de sites de baise locaux, mais Rubmaps est l\u2019un des meilleurs. C\u2019est une application de rencontres qui vous permet de trouver des correspondances potentielles dans votre r\u00e9gion, puis de leur envoyer un message pour d\u00e9finir un moment et un lieu de rencontre. L\u2019application est vraiment facile \u00e0 utiliser et c\u2019est un excellent moyen de rencontrer de nouvelles personnes pour le sexe occasionnel. Le seul inconv\u00e9nient est que ce n\u2019est pas gratuit, mais cela vaut vraiment le prix.<\/p>\n<h3>Uberhorny<\/h3>\n<p>Si vous cherchez un site de baise local, Uberhorny est une excellente option. L\u2019application est facile \u00e0 utiliser et l\u2019inscription est gratuite. Vous pouvez parcourir les profils et trouver des correspondances dans votre r\u00e9gion. L\u2019application dispose \u00e9galement d\u2019une fonction de chat, de sorte que vous pouvez discuter avec vos matchs. L\u2019application est disponible pour iOS et Android.<\/p>\n","protected":false},"excerpt":{"rendered":"<p>Il existe de nombreux sites de baise locaux qui peuvent vous aider \u00e0 trouver quelqu\u2019un avec qui vous connecter dans votre r\u00e9gion. Tout ce que vous avez \u00e0 faire est de cr\u00e9er un compte et de cr\u00e9er un profil. Ensuite, vous pouvez rechercher des membres qui recherchent la m\u00eame chose que vous. Vous pouvez leur [&hellip;]<\/p>\n","protected":false},"author":1,"featured_media":0,"parent":0,"menu_order":0,"comment_status":"closed","ping_status":"closed","template":"","meta":[],"yoast_head":"<!-- This site is optimized with the Yoast SEO plugin v17.7.1 - https:\/\/yoast.com\/wordpress\/plugins\/seo\/ -->\n<title>Sites de baise locaux - Process Reviews<\/title>\n<meta name=\"robots\" content=\"index, follow, max-snippet:-1, max-image-preview:large, max-video-preview:-1\" \/>\n<link rel=\"canonical\" href=\"https:\/\/fortprocess.co.uk\/fr\/sites-de-baise-locaux\/\" \/>\n<meta property=\"og:locale\" content=\"fr_FR\" \/>\n<meta property=\"og:type\" content=\"article\" \/>\n<meta property=\"og:title\" content=\"Sites de baise locaux - Process Reviews\" \/>\n<meta property=\"og:description\" content=\"Il existe de nombreux sites de baise locaux qui peuvent vous aider \u00e0 trouver quelqu\u2019un avec qui vous connecter dans votre r\u00e9gion. Tout ce que vous avez \u00e0 faire est de cr\u00e9er un compte et de cr\u00e9er un profil. Ensuite, vous pouvez rechercher des membres qui recherchent la m\u00eame chose que vous. Vous pouvez leur [&hellip;]\" \/>\n<meta property=\"og:url\" content=\"https:\/\/fortprocess.co.uk\/fr\/sites-de-baise-locaux\/\" \/>\n<meta property=\"og:site_name\" content=\"Process Reviews\" \/>\n<meta name=\"twitter:card\" content=\"summary_large_image\" \/>\n<meta name=\"twitter:label1\" content=\"Dur\u00e9e de lecture estim\u00e9e\" \/>\n\t<meta name=\"twitter:data1\" content=\"4 minutes\" \/>\n<script type=\"application\/ld+json\" class=\"yoast-schema-graph\">{\"@context\":\"https:\/\/schema.org\",\"@graph\":[{\"@type\":\"WebSite\",\"@id\":\"https:\/\/fortprocess.co.uk\/fr\/#website\",\"url\":\"https:\/\/fortprocess.co.uk\/fr\/\",\"name\":\"Process Reviews\",\"description\":\"Casual Dating\",\"potentialAction\":[{\"@type\":\"SearchAction\",\"target\":{\"@type\":\"EntryPoint\",\"urlTemplate\":\"https:\/\/fortprocess.co.uk\/fr\/?s={search_term_string}\"},\"query-input\":\"required name=search_term_string\"}],\"inLanguage\":\"fr-FR\"},{\"@type\":\"WebPage\",\"@id\":\"https:\/\/fortprocess.co.uk\/fr\/sites-de-baise-locaux\/#webpage\",\"url\":\"https:\/\/fortprocess.co.uk\/fr\/sites-de-baise-locaux\/\",\"name\":\"Sites de baise locaux - Process Reviews\",\"isPartOf\":{\"@id\":\"https:\/\/fortprocess.co.uk\/fr\/#website\"},\"datePublished\":\"2022-10-03T12:34:43+00:00\",\"dateModified\":\"2022-10-03T12:34:43+00:00\",\"breadcrumb\":{\"@id\":\"https:\/\/fortprocess.co.uk\/fr\/sites-de-baise-locaux\/#breadcrumb\"},\"inLanguage\":\"fr-FR\",\"potentialAction\":[{\"@type\":\"ReadAction\",\"target\":[\"https:\/\/fortprocess.co.uk\/fr\/sites-de-baise-locaux\/\"]}]},{\"@type\":\"BreadcrumbList\",\"@id\":\"https:\/\/fortprocess.co.uk\/fr\/sites-de-baise-locaux\/#breadcrumb\",\"itemListElement\":[{\"@type\":\"ListItem\",\"position\":1,\"name\":\"Home\",\"item\":\"https:\/\/fortprocess.co.uk\/fr\/\"},{\"@type\":\"ListItem\",\"position\":2,\"name\":\"Sites de baise locaux\"}]}]}<\/script>\n<!-- \/ Yoast SEO plugin. -->","yoast_head_json":{"title":"Sites de baise locaux - Process Reviews","robots":{"index":"index","follow":"follow","max-snippet":"max-snippet:-1","max-image-preview":"max-image-preview:large","max-video-preview":"max-video-preview:-1"},"canonical":"https:\/\/fortprocess.co.uk\/fr\/sites-de-baise-locaux\/","og_locale":"fr_FR","og_type":"article","og_title":"Sites de baise locaux - Process Reviews","og_description":"Il existe de nombreux sites de baise locaux qui peuvent vous aider \u00e0 trouver quelqu\u2019un avec qui vous connecter dans votre r\u00e9gion. Tout ce que vous avez \u00e0 faire est de cr\u00e9er un compte et de cr\u00e9er un profil. Ensuite, vous pouvez rechercher des membres qui recherchent la m\u00eame chose que vous. Vous pouvez leur [&hellip;]","og_url":"https:\/\/fortprocess.co.uk\/fr\/sites-de-baise-locaux\/","og_site_name":"Process Reviews","twitter_card":"summary_large_image","twitter_misc":{"Dur\u00e9e de lecture estim\u00e9e":"4 minutes"},"schema":{"@context":"https:\/\/schema.org","@graph":[{"@type":"WebSite","@id":"https:\/\/fortprocess.co.uk\/fr\/#website","url":"https:\/\/fortprocess.co.uk\/fr\/","name":"Process Reviews","description":"Casual Dating","potentialAction":[{"@type":"SearchAction","target":{"@type":"EntryPoint","urlTemplate":"https:\/\/fortprocess.co.uk\/fr\/?s={search_term_string}"},"query-input":"required name=search_term_string"}],"inLanguage":"fr-FR"},{"@type":"WebPage","@id":"https:\/\/fortprocess.co.uk\/fr\/sites-de-baise-locaux\/#webpage","url":"https:\/\/fortprocess.co.uk\/fr\/sites-de-baise-locaux\/","name":"Sites de baise locaux - Process Reviews","isPartOf":{"@id":"https:\/\/fortprocess.co.uk\/fr\/#website"},"datePublished":"2022-10-03T12:34:43+00:00","dateModified":"2022-10-03T12:34:43+00:00","breadcrumb":{"@id":"https:\/\/fortprocess.co.uk\/fr\/sites-de-baise-locaux\/#breadcrumb"},"inLanguage":"fr-FR","potentialAction":[{"@type":"ReadAction","target":["https:\/\/fortprocess.co.uk\/fr\/sites-de-baise-locaux\/"]}]},{"@type":"BreadcrumbList","@id":"https:\/\/fortprocess.co.uk\/fr\/sites-de-baise-locaux\/#breadcrumb","itemListElement":[{"@type":"ListItem","position":1,"name":"Home","item":"https:\/\/fortprocess.co.uk\/fr\/"},{"@type":"ListItem","position":2,"name":"Sites de baise locaux"}]}]}},"_links":{"self":[{"href":"https:\/\/fortprocess.co.uk\/fr\/wp-json\/wp\/v2\/pages\/137"}],"collection":[{"href":"https:\/\/fortprocess.co.uk\/fr\/wp-json\/wp\/v2\/pages"}],"about":[{"href":"https:\/\/fortprocess.co.uk\/fr\/wp-json\/wp\/v2\/types\/page"}],"author":[{"embeddable":true,"href":"https:\/\/fortprocess.co.uk\/fr\/wp-json\/wp\/v2\/users\/1"}],"replies":[{"embeddable":true,"href":"https:\/\/fortprocess.co.uk\/fr\/wp-json\/wp\/v2\/comments?post=137"}],"version-history":[{"count":0,"href":"https:\/\/fortprocess.co.uk\/fr\/wp-json\/wp\/v2\/pages\/137\/revisions"}],"wp:attachment":[{"href":"https:\/\/fortprocess.co.uk\/fr\/wp-json\/wp\/v2\/media?parent=137"}],"curies":[{"name":"wp","href":"https:\/\/api.w.org\/{rel}","templated":true}]}}