{"id":141,"date":"2022-10-03T13:35:35","date_gmt":"2022-10-03T12:35:35","guid":{"rendered":"http:\/\/fortprocess.co.uk\/sites-de-rencontres-kink\/"},"modified":"2022-10-03T14:05:29","modified_gmt":"2022-10-03T13:05:29","slug":"sites-de-rencontres-kink","status":"publish","type":"page","link":"https:\/\/fortprocess.co.uk\/fr\/sites-de-rencontres-kink\/","title":{"rendered":"Sites de rencontres Kink"},"content":{"rendered":"<p>Il existe une vari\u00e9t\u00e9 de sites de rencontres kink disponibles si vous \u00eates int\u00e9ress\u00e9 \u00e0 poursuivre une relation plus non conventionnelle. Ces sites s\u2019adressent aux personnes ayant des f\u00e9tiches ou des probl\u00e8mes sp\u00e9cifiques et peuvent vous aider \u00e0 vous connecter avec des partenaires partageant les m\u00eames id\u00e9es. Que vous recherchiez une relation dom \/ sub ou simplement une connexion occasionnelle, les sites de rencontres kink peuvent vous aider \u00e0 trouver ce que vous cherchez. Assurez-vous de lire les termes et conditions du site avant de vous inscrire, pour vous assurer que vous \u00eates \u00e0 l\u2019aise avec leurs pratiques.<\/p>\n<p>La datation de bondage est un type de rencontre o\u00f9 un partenaire est retenu de mani\u00e8re sexuelle par l\u2019autre partenaire. Cela peut \u00eatre fait en utilisant des menottes, de la corde, des bandeaux sur les yeux ou d\u2019autres dispositifs de contention. Cela peut \u00eatre une fa\u00e7on amusante et excitante d\u2019ajouter du piquant \u00e0 votre vie sexuelle. Cependant, il est important de vous assurer que vous faites enti\u00e8rement confiance \u00e0 votre partenaire avant d\u2019essayer ce type de rencontres.<\/p>\n<h2>Rencontrez des gens kinky pr\u00e8s de chez moi<\/h2>\n<p>Il existe de nombreuses fa\u00e7ons de rencontrer des gens pervers pr\u00e8s de chez vous si vous savez o\u00f9 chercher. Une fa\u00e7on est de rejoindre un site de rencontre en ligne qui r\u00e9pond \u00e0 vos int\u00e9r\u00eats sp\u00e9cifiques. De cette fa\u00e7on, vous pouvez \u00eatre s\u00fbr de trouver des gens qui sont dans les m\u00eames choses que vous. Une autre fa\u00e7on de rencontrer des gens pervers est d\u2019assister \u00e0 des \u00e9v\u00e9nements ou des clubs BDSM locaux. C\u2019est un excellent moyen de rencontrer des personnes partageant les m\u00eames id\u00e9es dans un environnement s\u00fbr et consensuel. Vous pouvez \u00e9galement consulter des forums en ligne ou des groupes de m\u00e9dias sociaux d\u00e9di\u00e9s au kink et au BDSM. C\u2019est un excellent moyen de communiquer avec des personnes qui partagent vos int\u00e9r\u00eats et d\u2019obtenir des conseils et des astuces de membres plus exp\u00e9riment\u00e9s.<\/p>\n<h2>Connexion BDSM<\/h2>\n<p>Si vous \u00eates int\u00e9ress\u00e9 \u00e0 explorer le monde du BDSM, il y a quelques choses que vous devez garder \u00e0 l\u2019esprit lorsque vous vous connectez avec un partenaire. Premi\u00e8rement, la communication est la cl\u00e9. Assurez-vous de discuter de vos limites et de vos limites avant de commencer. Il est \u00e9galement important de faire confiance \u00e0 votre partenaire et d\u2019avoir une bonne compr\u00e9hension de ses comp\u00e9tences et de son exp\u00e9rience.<\/p>\n<p>Le BDSM peut \u00eatre un excellent moyen d\u2019ajouter du piquant \u00e0 votre vie sexuelle, mais il est important de vous assurer que vous le faites de mani\u00e8re s\u00fbre et consensuelle. Si vous ne faites que commencer, il y a quelques choses que vous devez garder \u00e0 l\u2019esprit. Premi\u00e8rement, la communication est la cl\u00e9. Assurez-vous de discuter de vos limites et de vos limites avant de commencer. Il est \u00e9galement important de faire confiance \u00e0 votre partenaire et d\u2019avoir une bonne compr\u00e9hension de ses comp\u00e9tences et de son exp\u00e9rience.<\/p>\n<p>Le BDSM peut \u00eatre un excellent moyen d\u2019ajouter du piquant \u00e0 votre vie sexuelle, mais il est important de vous assurer que vous le faites de mani\u00e8re s\u00fbre et consensuelle. Si vous ne faites que commencer, il y a quelques choses que vous devez garder \u00e0 l\u2019esprit. Premi\u00e8rement, la communication est la cl\u00e9. Assurez-vous de discuter de vos limites et de vos limites avant de commencer. Il est \u00e9galement important de faire confiance \u00e0 votre partenaire et d\u2019avoir une bonne compr\u00e9hension de ses comp\u00e9tences et de son exp\u00e9rience.<\/p>\n<h3>Gicler<\/h3>\n<p>Si vous recherchez un site de rencontre kink d\u00e9di\u00e9 \u00e0 vous aider \u00e0 vous connecter avec des personnes partageant les m\u00eames id\u00e9es, alors vous voudrez consulter Squirt. Ce site a \u00e9t\u00e9 sp\u00e9cialement con\u00e7u pour aider les gens \u00e0 trouver des partenaires pour des activit\u00e9s plus kinkier, et il a beaucoup \u00e0 offrir.<\/p>\n<p>La premi\u00e8re chose que vous remarquerez \u00e0 propos de Squirt est qu\u2019il est tr\u00e8s convivial. L\u2019interface est simple et facile \u00e0 naviguer, et la fonction de recherche est tr\u00e8s compl\u00e8te. Vous pouvez rechercher des partenaires par emplacement, int\u00e9r\u00eats et m\u00eame pr\u00e9f\u00e9rences sexuelles.<\/p>\n<p>L\u2019une des meilleures choses \u00e0 propos de Squirt est que c\u2019est un site tr\u00e8s inclusif. Peu importe votre kink, vous serez en mesure de trouver quelqu\u2019un qui est dans ce site. Il y a aussi une grande communaut\u00e9 d\u2019utilisateurs qui sont toujours heureux de s\u2019aider et de se soutenir mutuellement.<\/p>\n<p>Si vous recherchez un site de rencontre kink s\u00fbr, accueillant et plein de fonctionnalit\u00e9s, vous devriez certainement consulter Squirt.<\/p>\n<h3>NaughtyDate<\/h3>\n<p>NaughtyDate est une application de rencontres kink populaire avec une grande base d\u2019utilisateurs et de nombreuses fonctionnalit\u00e9s pour garder les choses int\u00e9ressantes. L\u2019application est gratuite \u00e0 t\u00e9l\u00e9charger et \u00e0 cr\u00e9er un profil, mais vous devrez passer \u00e0 un abonnement premium pour d\u00e9verrouiller toutes les fonctionnalit\u00e9s. Cela inclut la messagerie, la recherche et diverses activit\u00e9s li\u00e9es au kink.<\/p>\n<p>L\u2019application est bien con\u00e7ue et facile \u00e0 utiliser, ce qui rend l\u2019exp\u00e9rience de rencontre kink beaucoup plus agr\u00e9able. Et avec une large base d\u2019utilisateurs, vous \u00eates s\u00fbr de trouver quelqu\u2019un qui partage vos probl\u00e8mes et int\u00e9r\u00eats sp\u00e9cifiques. Donc, si vous recherchez une application de rencontres kink qui peut offrir \u00e0 la fois qualit\u00e9 et quantit\u00e9, NaughtyDate vaut vraiment le d\u00e9tour.<\/p>\n<h3>TinderMeets<\/h3>\n<p>Si vous recherchez un site de rencontre kink qui offre r\u00e9ellement, TinderMeets est la voie \u00e0 suivre. Le site a une tonne de fonctionnalit\u00e9s qui facilitent la recherche et la connexion avec des partenaires potentiels, et la communaut\u00e9 est \u00e0 la fois active et amicale. Que vous recherchiez une relation occasionnelle ou une relation plus s\u00e9rieuse, vous trouverez ce que vous cherchez sur TinderMeets.<\/p>\n","protected":false},"excerpt":{"rendered":"<p>Il existe une vari\u00e9t\u00e9 de sites de rencontres kink disponibles si vous \u00eates int\u00e9ress\u00e9 \u00e0 poursuivre une relation plus non conventionnelle. Ces sites s\u2019adressent aux personnes ayant des f\u00e9tiches ou des probl\u00e8mes sp\u00e9cifiques et peuvent vous aider \u00e0 vous connecter avec des partenaires partageant les m\u00eames id\u00e9es. Que vous recherchiez une relation dom \/ sub [&hellip;]<\/p>\n","protected":false},"author":1,"featured_media":0,"parent":0,"menu_order":0,"comment_status":"closed","ping_status":"closed","template":"","meta":[],"yoast_head":"<!-- This site is optimized with the Yoast SEO plugin v17.7.1 - https:\/\/yoast.com\/wordpress\/plugins\/seo\/ -->\n<title>Sites de rencontres Kink - Process Reviews<\/title>\n<meta name=\"robots\" content=\"index, follow, max-snippet:-1, max-image-preview:large, max-video-preview:-1\" \/>\n<link rel=\"canonical\" href=\"https:\/\/fortprocess.co.uk\/fr\/sites-de-rencontres-kink\/\" \/>\n<meta property=\"og:locale\" content=\"fr_FR\" \/>\n<meta property=\"og:type\" content=\"article\" \/>\n<meta property=\"og:title\" content=\"Sites de rencontres Kink - Process Reviews\" \/>\n<meta property=\"og:description\" content=\"Il existe une vari\u00e9t\u00e9 de sites de rencontres kink disponibles si vous \u00eates int\u00e9ress\u00e9 \u00e0 poursuivre une relation plus non conventionnelle. Ces sites s\u2019adressent aux personnes ayant des f\u00e9tiches ou des probl\u00e8mes sp\u00e9cifiques et peuvent vous aider \u00e0 vous connecter avec des partenaires partageant les m\u00eames id\u00e9es. Que vous recherchiez une relation dom \/ sub [&hellip;]\" \/>\n<meta property=\"og:url\" content=\"https:\/\/fortprocess.co.uk\/fr\/sites-de-rencontres-kink\/\" \/>\n<meta property=\"og:site_name\" content=\"Process Reviews\" \/>\n<meta property=\"article:modified_time\" content=\"2022-10-03T13:05:29+00:00\" \/>\n<meta name=\"twitter:card\" content=\"summary_large_image\" \/>\n<meta name=\"twitter:label1\" content=\"Dur\u00e9e de lecture estim\u00e9e\" \/>\n\t<meta name=\"twitter:data1\" content=\"5 minutes\" \/>\n<script type=\"application\/ld+json\" class=\"yoast-schema-graph\">{\"@context\":\"https:\/\/schema.org\",\"@graph\":[{\"@type\":\"WebSite\",\"@id\":\"https:\/\/fortprocess.co.uk\/fr\/#website\",\"url\":\"https:\/\/fortprocess.co.uk\/fr\/\",\"name\":\"Process Reviews\",\"description\":\"Casual Dating\",\"potentialAction\":[{\"@type\":\"SearchAction\",\"target\":{\"@type\":\"EntryPoint\",\"urlTemplate\":\"https:\/\/fortprocess.co.uk\/fr\/?s={search_term_string}\"},\"query-input\":\"required name=search_term_string\"}],\"inLanguage\":\"fr-FR\"},{\"@type\":\"WebPage\",\"@id\":\"https:\/\/fortprocess.co.uk\/fr\/sites-de-rencontres-kink\/#webpage\",\"url\":\"https:\/\/fortprocess.co.uk\/fr\/sites-de-rencontres-kink\/\",\"name\":\"Sites de rencontres Kink - Process Reviews\",\"isPartOf\":{\"@id\":\"https:\/\/fortprocess.co.uk\/fr\/#website\"},\"datePublished\":\"2022-10-03T12:35:35+00:00\",\"dateModified\":\"2022-10-03T13:05:29+00:00\",\"breadcrumb\":{\"@id\":\"https:\/\/fortprocess.co.uk\/fr\/sites-de-rencontres-kink\/#breadcrumb\"},\"inLanguage\":\"fr-FR\",\"potentialAction\":[{\"@type\":\"ReadAction\",\"target\":[\"https:\/\/fortprocess.co.uk\/fr\/sites-de-rencontres-kink\/\"]}]},{\"@type\":\"BreadcrumbList\",\"@id\":\"https:\/\/fortprocess.co.uk\/fr\/sites-de-rencontres-kink\/#breadcrumb\",\"itemListElement\":[{\"@type\":\"ListItem\",\"position\":1,\"name\":\"Home\",\"item\":\"http:\/\/fortprocess.co.uk\/fr\/\"},{\"@type\":\"ListItem\",\"position\":2,\"name\":\"Sites de rencontres Kink\"}]}]}<\/script>\n<!-- \/ Yoast SEO plugin. -->","yoast_head_json":{"title":"Sites de rencontres Kink - Process Reviews","robots":{"index":"index","follow":"follow","max-snippet":"max-snippet:-1","max-image-preview":"max-image-preview:large","max-video-preview":"max-video-preview:-1"},"canonical":"https:\/\/fortprocess.co.uk\/fr\/sites-de-rencontres-kink\/","og_locale":"fr_FR","og_type":"article","og_title":"Sites de rencontres Kink - Process Reviews","og_description":"Il existe une vari\u00e9t\u00e9 de sites de rencontres kink disponibles si vous \u00eates int\u00e9ress\u00e9 \u00e0 poursuivre une relation plus non conventionnelle. Ces sites s\u2019adressent aux personnes ayant des f\u00e9tiches ou des probl\u00e8mes sp\u00e9cifiques et peuvent vous aider \u00e0 vous connecter avec des partenaires partageant les m\u00eames id\u00e9es. Que vous recherchiez une relation dom \/ sub [&hellip;]","og_url":"https:\/\/fortprocess.co.uk\/fr\/sites-de-rencontres-kink\/","og_site_name":"Process Reviews","article_modified_time":"2022-10-03T13:05:29+00:00","twitter_card":"summary_large_image","twitter_misc":{"Dur\u00e9e de lecture estim\u00e9e":"5 minutes"},"schema":{"@context":"https:\/\/schema.org","@graph":[{"@type":"WebSite","@id":"https:\/\/fortprocess.co.uk\/fr\/#website","url":"https:\/\/fortprocess.co.uk\/fr\/","name":"Process Reviews","description":"Casual Dating","potentialAction":[{"@type":"SearchAction","target":{"@type":"EntryPoint","urlTemplate":"https:\/\/fortprocess.co.uk\/fr\/?s={search_term_string}"},"query-input":"required name=search_term_string"}],"inLanguage":"fr-FR"},{"@type":"WebPage","@id":"https:\/\/fortprocess.co.uk\/fr\/sites-de-rencontres-kink\/#webpage","url":"https:\/\/fortprocess.co.uk\/fr\/sites-de-rencontres-kink\/","name":"Sites de rencontres Kink - Process Reviews","isPartOf":{"@id":"https:\/\/fortprocess.co.uk\/fr\/#website"},"datePublished":"2022-10-03T12:35:35+00:00","dateModified":"2022-10-03T13:05:29+00:00","breadcrumb":{"@id":"https:\/\/fortprocess.co.uk\/fr\/sites-de-rencontres-kink\/#breadcrumb"},"inLanguage":"fr-FR","potentialAction":[{"@type":"ReadAction","target":["https:\/\/fortprocess.co.uk\/fr\/sites-de-rencontres-kink\/"]}]},{"@type":"BreadcrumbList","@id":"https:\/\/fortprocess.co.uk\/fr\/sites-de-rencontres-kink\/#breadcrumb","itemListElement":[{"@type":"ListItem","position":1,"name":"Home","item":"http:\/\/fortprocess.co.uk\/fr\/"},{"@type":"ListItem","position":2,"name":"Sites de rencontres Kink"}]}]}},"_links":{"self":[{"href":"https:\/\/fortprocess.co.uk\/fr\/wp-json\/wp\/v2\/pages\/141"}],"collection":[{"href":"https:\/\/fortprocess.co.uk\/fr\/wp-json\/wp\/v2\/pages"}],"about":[{"href":"https:\/\/fortprocess.co.uk\/fr\/wp-json\/wp\/v2\/types\/page"}],"author":[{"embeddable":true,"href":"https:\/\/fortprocess.co.uk\/fr\/wp-json\/wp\/v2\/users\/1"}],"replies":[{"embeddable":true,"href":"https:\/\/fortprocess.co.uk\/fr\/wp-json\/wp\/v2\/comments?post=141"}],"version-history":[{"count":1,"href":"https:\/\/fortprocess.co.uk\/fr\/wp-json\/wp\/v2\/pages\/141\/revisions"}],"predecessor-version":[{"id":231,"href":"https:\/\/fortprocess.co.uk\/fr\/wp-json\/wp\/v2\/pages\/141\/revisions\/231"}],"wp:attachment":[{"href":"https:\/\/fortprocess.co.uk\/fr\/wp-json\/wp\/v2\/media?parent=141"}],"curies":[{"name":"wp","href":"https:\/\/api.w.org\/{rel}","templated":true}]}}