{"id":158,"date":"2022-10-03T13:34:27","date_gmt":"2022-10-03T12:34:27","guid":{"rendered":"http:\/\/fortprocess.co.uk\/applications-sexuelles-locales\/"},"modified":"2022-10-03T13:34:27","modified_gmt":"2022-10-03T12:34:27","slug":"applications-sexuelles-locales","status":"publish","type":"page","link":"https:\/\/fortprocess.co.uk\/fr\/applications-sexuelles-locales\/","title":{"rendered":"Applications sexuelles locales"},"content":{"rendered":"<p>Il existe quelques applications sexuelles locales qui sont devenues populaires pour les personnes qui veulent se connecter. Ils sont con\u00e7us pour vous aider \u00e0 trouver quelqu\u2019un dans votre r\u00e9gion qui cherche la m\u00eame chose que vous, et ils peuvent \u00eatre un excellent moyen de se faire poser. Cependant, vous devez faire attention \u00e0 l\u2019application que vous utilisez, car certaines d\u2019entre elles sont meilleures que d\u2019autres. La meilleure application \u00e0 utiliser est celle qui a beaucoup de critiques positives, et qui est con\u00e7ue pour vous aider \u00e0 trouver quelqu\u2019un avec qui vous connecter rapidement et facilement.<\/p>\n<h2>Rencontres occasionnelles<\/h2>\n<p>Il n\u2019y a pas besoin d\u2019\u00eatre nerveux \u00e0 l\u2019id\u00e9e d\u2019aller \u00e0 un rendez-vous avec quelqu\u2019un que vous avez rencontr\u00e9 en ligne &#8211; c\u2019est une rencontre occasionnelle! D\u00e9tendez-vous et amusez-vous. La meilleure chose \u00e0 propos des rencontres occasionnelles est que vous pouvez prendre les choses \u00e0 votre propre rythme et voir o\u00f9 elles vont. Si les choses ne fonctionnent pas, alors vous pouvez simplement passer \u00e0 autre chose. Pas de mal, pas de faute.<\/p>\n<p>Il n\u2019est pas n\u00e9cessaire d\u2019\u00eatre timide quand il s\u2019agit de rencontres sexuelles &#8211; tout le monde ici cherche la m\u00eame chose! Cr\u00e9ez simplement un profil, recherchez d\u2019autres membres qui correspondent \u00e0 vos crit\u00e8res et commencez \u00e0 discuter! Vous pourriez bien trouver l\u2019amour de votre vie!<\/p>\n<h2>Trouver du sexe<\/h2>\n<p>Il n\u2019y a pas de r\u00e9ponse unique \u00e0 cette question &#8211; tout le monde est diff\u00e9rent et aura des pr\u00e9f\u00e9rences diff\u00e9rentes quand il s\u2019agit de trouver du sexe dans le contexte des rencontres. Cependant, il existe quelques conseils g\u00e9n\u00e9raux qui peuvent \u00eatre utiles pour vous aider \u00e0 trouver du sexe plus facilement. Tout d\u2019abord, essayez d\u2019\u00eatre ouvert et honn\u00eate avec votre (vos) partenaire (s) au sujet de vos d\u00e9sirs et besoins sexuels &#8211; cela vous aidera \u00e0 vous assurer que vous \u00eates tous les deux sur la m\u00eame longueur d\u2019onde et que tout le monde est \u00e0 l\u2019aise avec ce qui se passe. Deuxi\u00e8mement, n\u2019ayez pas peur d\u2019exp\u00e9rimenter et d\u2019essayer de nouvelles choses &#8211; il s\u2019agit de trouver ce qui fonctionne pour vous et votre (vos) partenaire (s). Enfin, la communication est la cl\u00e9 ! Assurez-vous de parler de toute pr\u00e9occupation ou inqui\u00e9tude que vous avez avant et pendant les rapports sexuels, afin que tout le monde soit \u00e0 l\u2019aise et s\u2019amuse.<\/p>\n<h3>AdultFriendFinder<\/h3>\n<p>Si vous recherchez une application sexuelle locale, AdultFriendFinder est une excellente option. Avec plus de 80 millions de membres dans le monde, c\u2019est l\u2019une des plus grandes applications de rencontres. Et il est particuli\u00e8rement populaire parmi les adultes \u00e0 la recherche de rencontres occasionnelles.<\/p>\n<p>L\u2019application est gratuite \u00e0 t\u00e9l\u00e9charger et \u00e0 utiliser, mais vous aurez besoin d\u2019un abonnement payant pour acc\u00e9der \u00e0 toutes les fonctionnalit\u00e9s. Cela inclut la messagerie des autres membres, l\u2019affichage de leurs profils et l\u2019utilisation de la fonction de recherche de l\u2019application.<\/p>\n<p>Dans l\u2019ensemble, AdultFriendFinder est une excellente option si vous recherchez une application sexuelle locale. La grande base d\u2019utilisateurs signifie que vous \u00eates susceptible de trouver quelqu\u2019un qui est compatible avec vous, et l\u2019application est facile \u00e0 utiliser. Sachez simplement que vous aurez besoin d\u2019un abonnement payant pour en tirer le meilleur parti.<\/p>\n<h3>Badoo<\/h3>\n<p>Badoo est une application de rencontres qui devient de plus en plus populaire parmi les jeunes. Il s\u2019agit d\u2019une application bas\u00e9e sur la localisation qui permet aux utilisateurs de trouver et de discuter avec d\u2019autres utilisateurs de leur r\u00e9gion. L\u2019application dispose \u00e9galement d\u2019une fonctionnalit\u00e9 qui permet aux utilisateurs de trouver et de rencontrer des c\u00e9libataires locaux pour des rencontres.<\/p>\n<p>L\u2019application est facile \u00e0 utiliser et dispose d\u2019une interface simple. Il est gratuit \u00e0 t\u00e9l\u00e9charger et \u00e0 utiliser. Cependant, l\u2019application poss\u00e8de certaines fonctionnalit\u00e9s qui ne sont disponibles que pour les utilisateurs premium. Ces fonctionnalit\u00e9s incluent la possibilit\u00e9 de voir qui a consult\u00e9 votre profil, la possibilit\u00e9 de voir qui a aim\u00e9 vos photos et la possibilit\u00e9 de voir qui se trouve \u00e0 proximit\u00e9.<\/p>\n<p>L\u2019application est un excellent moyen de rencontrer de nouvelles personnes et de trouver des c\u00e9libataires locaux pour des rencontres. Cependant, il est important d\u2019\u00eatre conscient des risques potentiels associ\u00e9s \u00e0 l\u2019utilisation de l\u2019application. Il y a eu des rapports de faux profils et de personnes se faisant p\u00eacher au chat. Il y a aussi la possibilit\u00e9 que les utilisateurs soient traqu\u00e9s ou harcel\u00e9s.<\/p>\n<h3>DateMyAge<\/h3>\n<p>Si vous recherchez une application sexuelle locale, DateMyAge est une excellente option. L\u2019application est facile \u00e0 utiliser et poss\u00e8de de nombreuses fonctionnalit\u00e9s qui en font un excellent choix pour trouver une rencontre occasionnelle. La fonction de recherche est tr\u00e8s conviviale et vous pouvez rechercher des personnes par emplacement, \u00e2ge et int\u00e9r\u00eats. Le syst\u00e8me de messagerie est \u00e9galement tr\u00e8s simple et vous pouvez envoyer et recevoir des messages sans aucun probl\u00e8me. Dans l\u2019ensemble, DateMyAge est une excellente option pour trouver une application sexuelle locale.<\/p>\n","protected":false},"excerpt":{"rendered":"<p>Il existe quelques applications sexuelles locales qui sont devenues populaires pour les personnes qui veulent se connecter. Ils sont con\u00e7us pour vous aider \u00e0 trouver quelqu\u2019un dans votre r\u00e9gion qui cherche la m\u00eame chose que vous, et ils peuvent \u00eatre un excellent moyen de se faire poser. Cependant, vous devez faire attention \u00e0 l\u2019application que [&hellip;]<\/p>\n","protected":false},"author":1,"featured_media":0,"parent":0,"menu_order":0,"comment_status":"closed","ping_status":"closed","template":"","meta":[],"yoast_head":"<!-- This site is optimized with the Yoast SEO plugin v17.7.1 - https:\/\/yoast.com\/wordpress\/plugins\/seo\/ -->\n<title>Applications sexuelles locales - Process Reviews<\/title>\n<meta name=\"robots\" content=\"index, follow, max-snippet:-1, max-image-preview:large, max-video-preview:-1\" \/>\n<link rel=\"canonical\" href=\"https:\/\/fortprocess.co.uk\/fr\/applications-sexuelles-locales\/\" \/>\n<meta property=\"og:locale\" content=\"fr_FR\" \/>\n<meta property=\"og:type\" content=\"article\" \/>\n<meta property=\"og:title\" content=\"Applications sexuelles locales - Process Reviews\" \/>\n<meta property=\"og:description\" content=\"Il existe quelques applications sexuelles locales qui sont devenues populaires pour les personnes qui veulent se connecter. Ils sont con\u00e7us pour vous aider \u00e0 trouver quelqu\u2019un dans votre r\u00e9gion qui cherche la m\u00eame chose que vous, et ils peuvent \u00eatre un excellent moyen de se faire poser. Cependant, vous devez faire attention \u00e0 l\u2019application que [&hellip;]\" \/>\n<meta property=\"og:url\" content=\"https:\/\/fortprocess.co.uk\/fr\/applications-sexuelles-locales\/\" \/>\n<meta property=\"og:site_name\" content=\"Process Reviews\" \/>\n<meta name=\"twitter:card\" content=\"summary_large_image\" \/>\n<meta name=\"twitter:label1\" content=\"Dur\u00e9e de lecture estim\u00e9e\" \/>\n\t<meta name=\"twitter:data1\" content=\"4 minutes\" \/>\n<script type=\"application\/ld+json\" class=\"yoast-schema-graph\">{\"@context\":\"https:\/\/schema.org\",\"@graph\":[{\"@type\":\"WebSite\",\"@id\":\"https:\/\/fortprocess.co.uk\/fr\/#website\",\"url\":\"https:\/\/fortprocess.co.uk\/fr\/\",\"name\":\"Process Reviews\",\"description\":\"Casual Dating\",\"potentialAction\":[{\"@type\":\"SearchAction\",\"target\":{\"@type\":\"EntryPoint\",\"urlTemplate\":\"https:\/\/fortprocess.co.uk\/fr\/?s={search_term_string}\"},\"query-input\":\"required name=search_term_string\"}],\"inLanguage\":\"fr-FR\"},{\"@type\":\"WebPage\",\"@id\":\"https:\/\/fortprocess.co.uk\/fr\/applications-sexuelles-locales\/#webpage\",\"url\":\"https:\/\/fortprocess.co.uk\/fr\/applications-sexuelles-locales\/\",\"name\":\"Applications sexuelles locales - Process Reviews\",\"isPartOf\":{\"@id\":\"https:\/\/fortprocess.co.uk\/fr\/#website\"},\"datePublished\":\"2022-10-03T12:34:27+00:00\",\"dateModified\":\"2022-10-03T12:34:27+00:00\",\"breadcrumb\":{\"@id\":\"https:\/\/fortprocess.co.uk\/fr\/applications-sexuelles-locales\/#breadcrumb\"},\"inLanguage\":\"fr-FR\",\"potentialAction\":[{\"@type\":\"ReadAction\",\"target\":[\"https:\/\/fortprocess.co.uk\/fr\/applications-sexuelles-locales\/\"]}]},{\"@type\":\"BreadcrumbList\",\"@id\":\"https:\/\/fortprocess.co.uk\/fr\/applications-sexuelles-locales\/#breadcrumb\",\"itemListElement\":[{\"@type\":\"ListItem\",\"position\":1,\"name\":\"Home\",\"item\":\"https:\/\/fortprocess.co.uk\/fr\/\"},{\"@type\":\"ListItem\",\"position\":2,\"name\":\"Applications sexuelles locales\"}]}]}<\/script>\n<!-- \/ Yoast SEO plugin. -->","yoast_head_json":{"title":"Applications sexuelles locales - Process Reviews","robots":{"index":"index","follow":"follow","max-snippet":"max-snippet:-1","max-image-preview":"max-image-preview:large","max-video-preview":"max-video-preview:-1"},"canonical":"https:\/\/fortprocess.co.uk\/fr\/applications-sexuelles-locales\/","og_locale":"fr_FR","og_type":"article","og_title":"Applications sexuelles locales - Process Reviews","og_description":"Il existe quelques applications sexuelles locales qui sont devenues populaires pour les personnes qui veulent se connecter. Ils sont con\u00e7us pour vous aider \u00e0 trouver quelqu\u2019un dans votre r\u00e9gion qui cherche la m\u00eame chose que vous, et ils peuvent \u00eatre un excellent moyen de se faire poser. Cependant, vous devez faire attention \u00e0 l\u2019application que [&hellip;]","og_url":"https:\/\/fortprocess.co.uk\/fr\/applications-sexuelles-locales\/","og_site_name":"Process Reviews","twitter_card":"summary_large_image","twitter_misc":{"Dur\u00e9e de lecture estim\u00e9e":"4 minutes"},"schema":{"@context":"https:\/\/schema.org","@graph":[{"@type":"WebSite","@id":"https:\/\/fortprocess.co.uk\/fr\/#website","url":"https:\/\/fortprocess.co.uk\/fr\/","name":"Process Reviews","description":"Casual Dating","potentialAction":[{"@type":"SearchAction","target":{"@type":"EntryPoint","urlTemplate":"https:\/\/fortprocess.co.uk\/fr\/?s={search_term_string}"},"query-input":"required name=search_term_string"}],"inLanguage":"fr-FR"},{"@type":"WebPage","@id":"https:\/\/fortprocess.co.uk\/fr\/applications-sexuelles-locales\/#webpage","url":"https:\/\/fortprocess.co.uk\/fr\/applications-sexuelles-locales\/","name":"Applications sexuelles locales - Process Reviews","isPartOf":{"@id":"https:\/\/fortprocess.co.uk\/fr\/#website"},"datePublished":"2022-10-03T12:34:27+00:00","dateModified":"2022-10-03T12:34:27+00:00","breadcrumb":{"@id":"https:\/\/fortprocess.co.uk\/fr\/applications-sexuelles-locales\/#breadcrumb"},"inLanguage":"fr-FR","potentialAction":[{"@type":"ReadAction","target":["https:\/\/fortprocess.co.uk\/fr\/applications-sexuelles-locales\/"]}]},{"@type":"BreadcrumbList","@id":"https:\/\/fortprocess.co.uk\/fr\/applications-sexuelles-locales\/#breadcrumb","itemListElement":[{"@type":"ListItem","position":1,"name":"Home","item":"https:\/\/fortprocess.co.uk\/fr\/"},{"@type":"ListItem","position":2,"name":"Applications sexuelles locales"}]}]}},"_links":{"self":[{"href":"https:\/\/fortprocess.co.uk\/fr\/wp-json\/wp\/v2\/pages\/158"}],"collection":[{"href":"https:\/\/fortprocess.co.uk\/fr\/wp-json\/wp\/v2\/pages"}],"about":[{"href":"https:\/\/fortprocess.co.uk\/fr\/wp-json\/wp\/v2\/types\/page"}],"author":[{"embeddable":true,"href":"https:\/\/fortprocess.co.uk\/fr\/wp-json\/wp\/v2\/users\/1"}],"replies":[{"embeddable":true,"href":"https:\/\/fortprocess.co.uk\/fr\/wp-json\/wp\/v2\/comments?post=158"}],"version-history":[{"count":0,"href":"https:\/\/fortprocess.co.uk\/fr\/wp-json\/wp\/v2\/pages\/158\/revisions"}],"wp:attachment":[{"href":"https:\/\/fortprocess.co.uk\/fr\/wp-json\/wp\/v2\/media?parent=158"}],"curies":[{"name":"wp","href":"https:\/\/api.w.org\/{rel}","templated":true}]}}