{"id":188,"date":"2022-10-03T11:12:03","date_gmt":"2022-10-03T10:12:03","guid":{"rendered":"http:\/\/fortprocess.co.uk\/trouvez-du-sexe-occasionnel-local-avec-des-femmes-excitees\/"},"modified":"2022-10-11T15:57:03","modified_gmt":"2022-10-11T14:57:03","slug":"trouvez-du-sexe-occasionnel-local-avec-des-femmes-excitees","status":"publish","type":"page","link":"https:\/\/fortprocess.co.uk\/fr\/","title":{"rendered":"Trouvez du sexe occasionnel local avec des femmes excit\u00e9es"},"content":{"rendered":"<p>Le terme \u00ab&nbsp;rencontres occasionnelles&nbsp;\u00bb est un peu utilis\u00e9 dans notre monde d\u2019aujourd\u2019hui. Mais qu\u2019est-ce que cela signifie r\u00e9ellement? Les rencontres occasionnelles sont-elles bonnes pour tout le monde ou seulement pour ceux qui veulent quelque chose \u00e0 court terme? Afin de d\u00e9terminer si les rencontres occasionnelles sont bonnes ou mauvaises pour vous, il est important de comprendre comment fonctionne cette forme de rencontres.<\/p>\n<h2>Trouver du sexe occasionnel<\/h2>\n<p>Selon Match.com, il existe trois types de rencontres occasionnelles: des aventures d\u2019un soir, des amis avec des avantages et sans conditions. Chacune de ces formes de rencontres occasionnelles pr\u00e9sente des avantages et des inconv\u00e9nients diff\u00e9rents. Regardons de plus pr\u00e8s.<\/p>\n<p>Ce type de rencontres occasionnelles est similaire \u00e0 la connexion. Vous rencontrez quelqu\u2019un, vous \u00e9changez des num\u00e9ros et ensuite vous faites tout ce que vous avez envie de faire ensemble. Ce type de relation occasionnelle n\u2019est pas s\u00e9rieux et ne n\u00e9cessite pas beaucoup d\u2019engagement. Si vous recherchez une aventure rapide, cela pourrait bien fonctionner pour vous. Cependant, si vous voulez vous engager envers quelqu\u2019un, cela ne fonctionnera probablement pas parce que vous n\u2019\u00eates pas vraiment engag\u00e9 envers qui que ce soit.<\/p>\n<p><img loading=\"lazy\" class=\"alignnone size-large wp-image-36\" src=\"http:\/\/fortprocess.co.uk\/wp-content\/uploads\/2022\/10\/find-love-1024x683.jpeg\" alt=\"\" width=\"640\" height=\"427\" srcset=\"https:\/\/fortprocess.co.uk\/wp-content\/uploads\/2022\/10\/find-love-1024x683.jpeg 1024w, https:\/\/fortprocess.co.uk\/wp-content\/uploads\/2022\/10\/find-love-300x200.jpeg 300w, https:\/\/fortprocess.co.uk\/wp-content\/uploads\/2022\/10\/find-love-768x512.jpeg 768w, https:\/\/fortprocess.co.uk\/wp-content\/uploads\/2022\/10\/find-love.jpeg 1125w\" sizes=\"(max-width: 640px) 100vw, 640px\" \/><\/p>\n<h2>Nos avis<\/h2>\n<p>Si vous recherchez l\u2019amour en ligne, il existe de nombreuses options. Certaines personnes pr\u00e9f\u00e8rent utiliser des sites traditionnels comme Match.com ou OkCupid tandis que d\u2019autres optent pour des applications mobiles. Nous avons dress\u00e9 une liste de 10 des meilleures applications de rencontres gratuites disponibles aujourd\u2019hui.<\/p>\n<h3>Amadou<\/h3>\n<p>L\u2019application de rencontres qui a essentiellement invent\u00e9 le concept de glisser <a href=\"http:\/\/www.rencontresexuelle.net\">www.rencontresexuelle.net<\/a> bien et mal pour trouver l\u2019amour se pr\u00e9pare \u00e0 lancer sa derni\u00e8re version. Mercredi, la populaire application de rencontres a annonc\u00e9 la date de sortie de sa derni\u00e8re it\u00e9ration, Tinder Plus. La mise \u00e0 jour arrive le 2 avril et co\u00fbtera 10 $ \/ mois pour les personnes \u00e2g\u00e9es de 18 ans et moins. Pour tous les autres, le prix sera de 20 $ \/ mois.<\/p>\n<p>Si vous recherchez un peu plus qu\u2019une simple connexion occasionnelle, certaines fonctionnalit\u00e9s suppl\u00e9mentaires sont incluses dans le package mis \u00e0 niveau. Tout d\u2019abord, vous aurez acc\u00e8s \u00e0 Tinder Discover, qui vous permet de parcourir les gens en fonction de la ville dans laquelle ils vivent, s\u2019ils sont c\u00e9libataires ou en couple, de leur \u00e2ge et m\u00eame du type de travail qu\u2019ils font.<\/p>\n<p>Vous aurez \u00e9galement acc\u00e8s \u00e0 Rewind, qui vous permet d\u2019annuler vos balayages pr\u00e9c\u00e9dents. Cette fonctionnalit\u00e9 est id\u00e9ale si vous avez accidentellement gliss\u00e9 trop de fois ou si vous vouliez rembobiner parce que vous n\u2019aimiez pas la personne.<\/p>\n<p>En outre, vous aurez \u00e9galement acc\u00e8s \u00e0 quelques fonctionnalit\u00e9s exclusives, notamment la possibilit\u00e9 d\u2019envoyer des messages avant d\u2019aimer quelqu\u2019un, ainsi que la possibilit\u00e9 de bloquer les utilisateurs.<\/p>\n<p>Il y a un dernier avantage inclus dans le niveau Plus: vous aurez acc\u00e8s \u00e0 une section sp\u00e9ciale o\u00f9 vous pourrez voir des photos de c\u00e9libataires qui vous ont d\u00e9j\u00e0 aim\u00e9. Cette fonctionnalit\u00e9 s\u2019appelle \u00ab R\u00e9compenses \u00bb. Fondamentalement, si vous aimez suffisamment quelqu\u2019un, vous pouvez lui donner une r\u00e9compense. Ces r\u00e9compenses comprennent des choses comme des autocollants, des cadeaux virtuels et m\u00eame de l\u2019argent.<\/p>\n<h3>Gond<\/h3>\n<p>L\u2019application de rencontres Hinge n\u2019est disponible que via les applications iOS et Android, ce qui la rend moins utile pour les personnes sans smartphone. Le compromis est que l\u2019application a certains des meilleurs profils, ce qui rend la recherche d\u2019un bon match plus amusante, sinon toujours plus facile.<\/p>\n<p>Outre les statistiques de base habituelles &#8211; telles que la tranche d\u2019\u00e2ge, le sexe, l\u2019emplacement, le statut de la relation <a href=\"http:\/\/www.rencontre-sexe-gratuit.com\/\">Rencontre-Sexe-Gratuit.com<\/a>, etc. &#8211; les profils De charni\u00e8re vous encouragent \u00e0 utiliser des photos et \u00e0 \u00e9crire des invites, et vous pouvez m\u00eame enregistrer des clips audio.<\/p>\n<p>Tout cela facilite la communication entre eux, et tout cela est tr\u00e8s charmant. Mais l\u2019application offre un petit ensemble de fonctionnalit\u00e9s gratuites. Vous ne pouvez envoyer que 12 likes par jour, et il n\u2019y a pas d\u2019options payantes pour voir qui vous a aim\u00e9, vous aimer en retour ou vous ajouter \u00e0 des groupes.<\/p>\n<h3>Pof<\/h3>\n<p>L\u2019application de rencontres gratuite Plenty of Fish n\u2019est pas exactement connue pour avoir l\u2019un des plus grands publics, mais elle se vante de statistiques assez impressionnantes. En fait, selon AppData, POF compte plus de 50 millions de t\u00e9l\u00e9chargements dans le monde, ce qui en fait l\u2019une des applications les plus t\u00e9l\u00e9charg\u00e9es sur les appareils iOS et Android. Et bien que la majorit\u00e9 de ces t\u00e9l\u00e9chargements aient lieu via l\u2019App Store d\u2019Apple, de nombreuses personnes t\u00e9l\u00e9chargent \u00e9galement l\u2019application directement \u00e0 partir du Play Store.<\/p>\n<p>Mais qu\u2019est-ce qui distingue POF de la foule? Eh bien, outre le fait qu\u2019il est enti\u00e8rement gratuit \u00e0 utiliser, il offre \u00e9galement de nombreux avantages que de nombreux concurrents n\u2019incluent pas. Par exemple, vous pouvez envoyer un nombre illimit\u00e9 de messages texte \u00e0 qui vous voulez sans rien payer de plus, et vous n\u2019aurez jamais \u00e0 vous soucier de rencontrer les ex de quelqu\u2019un d\u2019autre sur le site non plus. De plus, vous pouvez parcourir des milliers de correspondances potentielles chaque jour, et vous n\u2019aurez jamais \u00e0 payer un centime pour le faire.<\/p>\n<h3>Allumette<\/h3>\n<p>L\u2019application Match est l\u2019une des plateformes de rencontres les plus populaires. Avec plus de 60 millions d\u2019utilisateurs actifs par mois, Match est l\u2019une des anciennes applications de rencontres. Sa version gratuite permet aux utilisateurs de parcourir les profils, d\u2019envoyer des clins d\u2019\u0153il et des demandes de correspondance, et d\u2019afficher les correspondances, mais il n\u2019y a pas d\u2019options pour discuter, voir des photos ou m\u00eame envoyer des cadeaux.<\/p>\n<p>Pour vraiment communiquer avec n\u2019importe qui dans Match, vous devez payer jusqu\u2019\u00e0 Match Plus, qui co\u00fbte 35 $ par mois pendant trois mois, 45 $ par mois pendant quatre mois ou 60 $ par mois pendant six mois. Si vous souhaitez continuer au-del\u00e0 de six mois, vous paierez 35 $ par mois pour chaque semestre suppl\u00e9mentaire.<\/p>\n<p>Si vous cherchez quelque chose de moins cher, Match propose un abonnement d\u2019essai pour seulement 1,99 $. Cela vous donne acc\u00e8s aux versions gratuites et payantes de Match, vous permettant de l\u2019essayer sans vous engager dans quoi que ce soit.<\/p>\n<h3>Bumble<\/h3>\n<p>Si vous cherchez un bon moyen de rencontrer quelqu\u2019un, nous avons quelques nouvelles pour vous: il existe de nombreuses options. Mais une application se d\u00e9marque des autres. Bumble est une application de rencontres qui rend la recherche de l\u2019amour plus facile que jamais. Et bien qu\u2019il existe de nombreuses applications de rencontres, ce qui distingue Bumble, c\u2019est l\u2019accent mis sur la s\u00e9curit\u00e9. Lorsque vous vous inscrivez, vous recevrez un code de v\u00e9rification par SMS. Cela garantit que personne d\u2019autre ne peut acc\u00e9der \u00e0 votre compte. Une fois v\u00e9rifi\u00e9, vous pouvez commencer \u00e0 rechercher des dates potentielles. Si vous balayez vers la droite sur le profil de quelqu\u2019un, vous verrez sa biographie et ses photos. \u00c0 partir de l\u00e0, vous pouvez choisir de discuter directement avec eux ou de continuer \u00e0 naviguer. Si vous souhaitez envoyer un message, appuyez simplement sur le bouton \u00ab&nbsp;\u00e9crire maintenant&nbsp;\u00bb. Apr\u00e8s avoir \u00e9crit votre message, vous pouvez d\u00e9cider de l\u2019envoyer ou non. Si vous le faites, vous recevrez une notification vous informant si votre message a \u00e9t\u00e9 re\u00e7u ou non. Pour garder les choses int\u00e9ressantes, Bumble vous permet de poser des questions pendant les conversations. Si vous pr\u00e9f\u00e9rez simplement naviguer sans envoyer de message \u00e0 personne, vous pouvez toujours le faire aussi. Ouvrez simplement l\u2019application et faites d\u00e9filer vers le bas pour afficher les profils. Vous pouvez appliquer plusieurs filtres, notamment l\u2019emplacement, la tranche d\u2019\u00e2ge et l\u2019\u00e9tat de la relation. Bien que Bumble ne soit pas parfait, il vaut vraiment la peine de v\u00e9rifier si vous recherchez un rendez-vous rapide ou m\u00eame un partenaire \u00e0 long terme.<\/p>\n<h2>Applications de rencontres s\u00e9rieuses<\/h2>\n<p>Il y a beaucoup de raisons pour lesquelles les gens vont sur les sites de rencontres en ligne. Certains veulent trouver quelqu\u2019un de sp\u00e9cial; d\u2019autres veulent juste rencontrer de nouvelles personnes. Et bien que certains sites exigent des frais, il existe des tonnes d\u2019options qui vous permettent de parcourir les profils gratuitement. Voici cinq de nos favoris.<\/p>\n<h3>eHarmonie<\/h3>\n<p>Si vous recherchez une relation \u00e0 long terme, eHarmony pourrait valoir la peine d\u2019\u00eatre v\u00e9rifi\u00e9. Vous pouvez vous inscrire gratuitement et voir ce qui correspond le mieux. Une fois que vous l\u2019avez fait, il faut environ 30 minutes pour compl\u00e9ter votre profil. Apr\u00e8s cela, vous pouvez envoyer des messages \u00e0 des dates potentielles gratuitement. Si vous d\u00e9cidez de passer \u00e0 un abonnement payant, vous pouvez discuter avec les membres gratuitement.<\/p>\n<h3>OkCupid<\/h3>\n<p>Pour ceux qui veulent quelque chose de d\u00e9contract\u00e9, OkCupid est une excellente option. Vous pouvez naviguer gratuitement, mais vous ne pourrez contacter personne \u00e0 moins de payer pour un abonnement premium. Les membres Premium peuvent consulter les photos des membres, s\u2019envoyer des messages et voir \u00e0 quel point ils sont compatibles.<\/p>\n<h3>Badoo<\/h3>\n<p>Badoo est l\u2019une des plus anciennes applications de rencontres, ayant \u00e9t\u00e9 lanc\u00e9e en 2005. Aujourd\u2019hui, il compte plus de 200 millions d\u2019utilisateurs mensuels actifs dans 190 pays. C\u2019est assez facile \u00e0 configurer aussi &#8211; connectez-vous simplement avec Facebook et commencez \u00e0 glisser. Vous pouvez filtrer les correspondances en fonction de l\u2019\u00e2ge, de l\u2019emplacement et de l\u2019\u00e9tat de la relation. Il y a m\u00eame des \u00e9v\u00e9nements sp\u00e9ciaux auxquels vous pouvez assister pour rencontrer de nouvelles personnes.<\/p>\n","protected":false},"excerpt":{"rendered":"<p>Le terme \u00ab&nbsp;rencontres occasionnelles&nbsp;\u00bb est un peu utilis\u00e9 dans notre monde d\u2019aujourd\u2019hui. Mais qu\u2019est-ce que cela signifie r\u00e9ellement? Les rencontres occasionnelles sont-elles bonnes pour tout le monde ou seulement pour ceux qui veulent quelque chose \u00e0 court terme? Afin de d\u00e9terminer si les rencontres occasionnelles sont bonnes ou mauvaises pour vous, il est important de [&hellip;]<\/p>\n","protected":false},"author":1,"featured_media":104,"parent":0,"menu_order":0,"comment_status":"closed","ping_status":"closed","template":"","meta":[],"yoast_head":"<!-- This site is optimized with the Yoast SEO plugin v17.7.1 - https:\/\/yoast.com\/wordpress\/plugins\/seo\/ -->\n<title>Trouvez du sexe occasionnel local avec des femmes excit\u00e9es - Process Reviews<\/title>\n<meta name=\"robots\" content=\"index, follow, max-snippet:-1, max-image-preview:large, max-video-preview:-1\" \/>\n<link rel=\"canonical\" href=\"https:\/\/fortprocess.co.uk\/fr\/\" \/>\n<meta property=\"og:locale\" content=\"fr_FR\" \/>\n<meta property=\"og:type\" content=\"article\" \/>\n<meta property=\"og:title\" content=\"Trouvez du sexe occasionnel local avec des femmes excit\u00e9es - Process Reviews\" \/>\n<meta property=\"og:description\" content=\"Le terme \u00ab&nbsp;rencontres occasionnelles&nbsp;\u00bb est un peu utilis\u00e9 dans notre monde d\u2019aujourd\u2019hui. Mais qu\u2019est-ce que cela signifie r\u00e9ellement? Les rencontres occasionnelles sont-elles bonnes pour tout le monde ou seulement pour ceux qui veulent quelque chose \u00e0 court terme? Afin de d\u00e9terminer si les rencontres occasionnelles sont bonnes ou mauvaises pour vous, il est important de [&hellip;]\" \/>\n<meta property=\"og:url\" content=\"https:\/\/fortprocess.co.uk\/fr\/\" \/>\n<meta property=\"og:site_name\" content=\"Process Reviews\" \/>\n<meta property=\"article:modified_time\" content=\"2022-10-11T14:57:03+00:00\" \/>\n<meta property=\"og:image\" content=\"http:\/\/fortprocess.co.uk\/wp-content\/uploads\/2022\/10\/meet-for-dates.jpeg\" \/>\n\t<meta property=\"og:image:width\" content=\"2262\" \/>\n\t<meta property=\"og:image:height\" content=\"1500\" \/>\n<meta name=\"twitter:card\" content=\"summary_large_image\" \/>\n<meta name=\"twitter:label1\" content=\"Dur\u00e9e de lecture estim\u00e9e\" \/>\n\t<meta name=\"twitter:data1\" content=\"8 minutes\" \/>\n<script type=\"application\/ld+json\" class=\"yoast-schema-graph\">{\"@context\":\"https:\/\/schema.org\",\"@graph\":[{\"@type\":\"WebSite\",\"@id\":\"https:\/\/fortprocess.co.uk\/fr\/#website\",\"url\":\"https:\/\/fortprocess.co.uk\/fr\/\",\"name\":\"Process Reviews\",\"description\":\"Casual Dating\",\"potentialAction\":[{\"@type\":\"SearchAction\",\"target\":{\"@type\":\"EntryPoint\",\"urlTemplate\":\"https:\/\/fortprocess.co.uk\/fr\/?s={search_term_string}\"},\"query-input\":\"required name=search_term_string\"}],\"inLanguage\":\"fr-FR\"},{\"@type\":\"ImageObject\",\"@id\":\"https:\/\/fortprocess.co.uk\/fr\/#primaryimage\",\"inLanguage\":\"fr-FR\",\"url\":\"https:\/\/fortprocess.co.uk\/wp-content\/uploads\/2022\/10\/meet-for-dates.jpeg\",\"contentUrl\":\"https:\/\/fortprocess.co.uk\/wp-content\/uploads\/2022\/10\/meet-for-dates.jpeg\",\"width\":2262,\"height\":1500},{\"@type\":\"WebPage\",\"@id\":\"https:\/\/fortprocess.co.uk\/fr\/#webpage\",\"url\":\"https:\/\/fortprocess.co.uk\/fr\/\",\"name\":\"Trouvez du sexe occasionnel local avec des femmes excit\\u00e9es - Process Reviews\",\"isPartOf\":{\"@id\":\"https:\/\/fortprocess.co.uk\/fr\/#website\"},\"primaryImageOfPage\":{\"@id\":\"https:\/\/fortprocess.co.uk\/fr\/#primaryimage\"},\"datePublished\":\"2022-10-03T10:12:03+00:00\",\"dateModified\":\"2022-10-11T14:57:03+00:00\",\"breadcrumb\":{\"@id\":\"https:\/\/fortprocess.co.uk\/fr\/#breadcrumb\"},\"inLanguage\":\"fr-FR\",\"potentialAction\":[{\"@type\":\"ReadAction\",\"target\":[\"https:\/\/fortprocess.co.uk\/fr\/\"]}]},{\"@type\":\"BreadcrumbList\",\"@id\":\"https:\/\/fortprocess.co.uk\/fr\/#breadcrumb\",\"itemListElement\":[{\"@type\":\"ListItem\",\"position\":1,\"name\":\"Home\",\"item\":\"http:\/\/fortprocess.co.uk\/fr\/\"},{\"@type\":\"ListItem\",\"position\":2,\"name\":\"Trouvez du sexe occasionnel local avec des femmes excit\\u00e9es\"}]}]}<\/script>\n<!-- \/ Yoast SEO plugin. -->","yoast_head_json":{"title":"Trouvez du sexe occasionnel local avec des femmes excit\u00e9es - Process Reviews","robots":{"index":"index","follow":"follow","max-snippet":"max-snippet:-1","max-image-preview":"max-image-preview:large","max-video-preview":"max-video-preview:-1"},"canonical":"https:\/\/fortprocess.co.uk\/fr\/","og_locale":"fr_FR","og_type":"article","og_title":"Trouvez du sexe occasionnel local avec des femmes excit\u00e9es - Process Reviews","og_description":"Le terme \u00ab&nbsp;rencontres occasionnelles&nbsp;\u00bb est un peu utilis\u00e9 dans notre monde d\u2019aujourd\u2019hui. Mais qu\u2019est-ce que cela signifie r\u00e9ellement? Les rencontres occasionnelles sont-elles bonnes pour tout le monde ou seulement pour ceux qui veulent quelque chose \u00e0 court terme? Afin de d\u00e9terminer si les rencontres occasionnelles sont bonnes ou mauvaises pour vous, il est important de [&hellip;]","og_url":"https:\/\/fortprocess.co.uk\/fr\/","og_site_name":"Process Reviews","article_modified_time":"2022-10-11T14:57:03+00:00","og_image":[{"width":2262,"height":1500,"url":"http:\/\/fortprocess.co.uk\/wp-content\/uploads\/2022\/10\/meet-for-dates.jpeg","type":"image\/jpeg"}],"twitter_card":"summary_large_image","twitter_misc":{"Dur\u00e9e de lecture estim\u00e9e":"8 minutes"},"schema":{"@context":"https:\/\/schema.org","@graph":[{"@type":"WebSite","@id":"https:\/\/fortprocess.co.uk\/fr\/#website","url":"https:\/\/fortprocess.co.uk\/fr\/","name":"Process Reviews","description":"Casual Dating","potentialAction":[{"@type":"SearchAction","target":{"@type":"EntryPoint","urlTemplate":"https:\/\/fortprocess.co.uk\/fr\/?s={search_term_string}"},"query-input":"required name=search_term_string"}],"inLanguage":"fr-FR"},{"@type":"ImageObject","@id":"https:\/\/fortprocess.co.uk\/fr\/#primaryimage","inLanguage":"fr-FR","url":"https:\/\/fortprocess.co.uk\/wp-content\/uploads\/2022\/10\/meet-for-dates.jpeg","contentUrl":"https:\/\/fortprocess.co.uk\/wp-content\/uploads\/2022\/10\/meet-for-dates.jpeg","width":2262,"height":1500},{"@type":"WebPage","@id":"https:\/\/fortprocess.co.uk\/fr\/#webpage","url":"https:\/\/fortprocess.co.uk\/fr\/","name":"Trouvez du sexe occasionnel local avec des femmes excit\u00e9es - Process Reviews","isPartOf":{"@id":"https:\/\/fortprocess.co.uk\/fr\/#website"},"primaryImageOfPage":{"@id":"https:\/\/fortprocess.co.uk\/fr\/#primaryimage"},"datePublished":"2022-10-03T10:12:03+00:00","dateModified":"2022-10-11T14:57:03+00:00","breadcrumb":{"@id":"https:\/\/fortprocess.co.uk\/fr\/#breadcrumb"},"inLanguage":"fr-FR","potentialAction":[{"@type":"ReadAction","target":["https:\/\/fortprocess.co.uk\/fr\/"]}]},{"@type":"BreadcrumbList","@id":"https:\/\/fortprocess.co.uk\/fr\/#breadcrumb","itemListElement":[{"@type":"ListItem","position":1,"name":"Home","item":"http:\/\/fortprocess.co.uk\/fr\/"},{"@type":"ListItem","position":2,"name":"Trouvez du sexe occasionnel local avec des femmes excit\u00e9es"}]}]}},"_links":{"self":[{"href":"https:\/\/fortprocess.co.uk\/fr\/wp-json\/wp\/v2\/pages\/188"}],"collection":[{"href":"https:\/\/fortprocess.co.uk\/fr\/wp-json\/wp\/v2\/pages"}],"about":[{"href":"https:\/\/fortprocess.co.uk\/fr\/wp-json\/wp\/v2\/types\/page"}],"author":[{"embeddable":true,"href":"https:\/\/fortprocess.co.uk\/fr\/wp-json\/wp\/v2\/users\/1"}],"replies":[{"embeddable":true,"href":"https:\/\/fortprocess.co.uk\/fr\/wp-json\/wp\/v2\/comments?post=188"}],"version-history":[{"count":2,"href":"https:\/\/fortprocess.co.uk\/fr\/wp-json\/wp\/v2\/pages\/188\/revisions"}],"predecessor-version":[{"id":293,"href":"https:\/\/fortprocess.co.uk\/fr\/wp-json\/wp\/v2\/pages\/188\/revisions\/293"}],"wp:featuredmedia":[{"embeddable":true,"href":"https:\/\/fortprocess.co.uk\/fr\/wp-json\/wp\/v2\/media\/104"}],"wp:attachment":[{"href":"https:\/\/fortprocess.co.uk\/fr\/wp-json\/wp\/v2\/media?parent=188"}],"curies":[{"name":"wp","href":"https:\/\/api.w.org\/{rel}","templated":true}]}}