{"id":129,"date":"2022-10-03T13:34:58","date_gmt":"2022-10-03T12:34:58","guid":{"rendered":"http:\/\/fortprocess.co.uk\/ragazze-in-cerca-di-sesso\/"},"modified":"2022-10-17T11:57:53","modified_gmt":"2022-10-17T10:57:53","slug":"ragazze-in-cerca-di-sesso","status":"publish","type":"page","link":"https:\/\/fortprocess.co.uk\/it\/ragazze-in-cerca-di-sesso\/","title":{"rendered":"Ragazze in cerca di sesso"},"content":{"rendered":"<p>Non c&#8217;\u00e8 dubbio che le ragazze sono sempre alla ricerca di sesso. Vogliono entrare in contatto con qualcuno con cui possono divertirsi e di cui possono fidarsi. Tuttavia, non \u00e8 sempre facile trovare qualcuno di cui ti puoi fidare e con cui puoi divertirti. A volte, pu\u00f2 essere difficile dire se un ragazzo sta solo cercando di collegarsi o se vuole davvero uscire <a href=\"https:\/\/www.onemightydrop.com\/it\/giochi-di-sesso-android\/\">giochi porno per android<\/a> con te. Se stai solo cercando un collegamento, allora \u00e8 importante essere in grado di dire se un ragazzo sta solo cercando di usarti. Ci sono alcune cose che puoi cercare, come ad esempio se sta effettivamente parlando con te o se sta solo cercando di farti andare a letto. Se un ragazzo sta solo cercando di portarti a letto, allora probabilmente non vale il tuo tempo. Tuttavia, se un ragazzo \u00e8 interessato a te e vuole davvero conoscerti, allora vale sicuramente il tuo tempo.<\/p>\n<h2>Donne in cerca di sesso<\/h2>\n<p>Ci sono molte donne l\u00e0 fuori che sono alla ricerca di sesso. Potrebbero essere sposati o in una relazione, ma sono ancora arrapati. E non hanno paura di ammetterlo. Stanno cercando un uomo che possa soddisfare i loro bisogni. E sono disposti ad uscire e trovarlo. Non stanno cercando una relazione. Stanno solo cercando un buon momento.<\/p>\n<p>Ci sono donne che cercano sesso vicino a me tutto il tempo. Non sono sicuro del perch\u00e9, ma sembra che ogni volta che esco, c&#8217;\u00e8 almeno una donna che cerca sesso. Forse sono solo molto arrapati, o forse stanno cercando l&#8217;amore. In ogni caso, \u00e8 sempre una svolta per me.<\/p>\n<h2>Incontra donne cornute vicino a te<\/h2>\n<p>Non c&#8217;\u00e8 bisogno di essere timidi quando si tratta di incontrare donne arrapate vicino a te. Puoi trovarli facilmente <a href=\"http:\/\/www.sextstrangers.com\/it\/siti-web-di-cuckold\/\">siti per cuckold<\/a> online tramite siti di incontri o app. Una volta trovato qualcuno che ti interessa, inviagli un messaggio e fagli sapere cosa stai cercando. Se sono interessati, risponderanno e tu potrai prendere le cose da l\u00ec. Assicurati solo di essere rispettoso e in anticipo su ci\u00f2 che stai cercando per evitare malintesi.<\/p>\n<h3>LuckyCrush<\/h3>\n<p>Se stai cercando sesso, LuckyCrush \u00e8 l&#8217;app di appuntamenti che fa per te. L&#8217;app \u00e8 progettata specificamente per le ragazze che vogliono entrare in contatto con i ragazzi ed \u00e8 assolutamente gratuita. Tutto quello che devi fare \u00e8 creare un profilo e iniziare a scorrere. LuckyCrush ti mostrer\u00e0 ragazzi nella tua zona che stanno cercando la stessa cosa che sei tu e puoi iniziare a chattare con loro immediatamente. La parte migliore \u00e8 che non hai nemmeno bisogno di uscire di casa per trovare un collegamento; puoi fare tutto comodamente dal tuo letto.<\/p>\n<h3>Badoo \u00b7<\/h3>\n<p>Badoo \u00e8 un&#8217;app di appuntamenti popolare tra le ragazze in cerca di sesso. L&#8217;app ha molti profili falsi <a href=\"https:\/\/www.local-fuck.net\/it\/chat-room-bondage\/\">bondage chat<\/a>, il che rende difficile trovare ragazze vere. L&#8217;app \u00e8 anche nota per la sua cultura del collegamento, che rende facile trovare un&#8217;avventura di una notte. Tuttavia, ci sono anche molte ragazze sull&#8217;app che sono alla ricerca di una relazione seria.<\/p>\n<h3>TinderMeets<\/h3>\n<p>Se sei una ragazza in cerca di sesso, TinderMeets \u00e8 l&#8217;app di appuntamenti che fa per te! Con oltre 2 milioni di utenti attivi, \u00e8 facile trovare qualcuno con cui collegarsi. La parte migliore? Puoi fare tutto comodamente da casa tua! TinderMeets \u00e8 l&#8217;app perfetta per le donne impegnate che vogliono essere posate senza dover uscire e incontrare ragazzi alla vecchia maniera. Crea semplicemente un profilo, scorri verso destra su qualcuno che ti piace e incontra per un collegamento!<\/p>\n<p>L&#8217;app \u00e8 scaricabile e utilizzabile gratuitamente e non ci sono costi nascosti o acquisti in-app. Allora, cosa stai aspettando? Scorri e inizia a sdraiarti!<\/p>\n","protected":false},"excerpt":{"rendered":"<p>Non c&#8217;\u00e8 dubbio che le ragazze sono sempre alla ricerca di sesso. Vogliono entrare in contatto con qualcuno con cui possono divertirsi e di cui possono fidarsi. Tuttavia, non \u00e8 sempre facile trovare qualcuno di cui ti puoi fidare e con cui puoi divertirti. A volte, pu\u00f2 essere difficile dire se un ragazzo sta solo [&hellip;]<\/p>\n","protected":false},"author":1,"featured_media":0,"parent":0,"menu_order":0,"comment_status":"closed","ping_status":"closed","template":"","meta":[],"yoast_head":"<!-- This site is optimized with the Yoast SEO plugin v17.7.1 - https:\/\/yoast.com\/wordpress\/plugins\/seo\/ -->\n<title>Ragazze in cerca di sesso - Process Reviews<\/title>\n<meta name=\"robots\" content=\"index, follow, max-snippet:-1, max-image-preview:large, max-video-preview:-1\" \/>\n<link rel=\"canonical\" href=\"https:\/\/fortprocess.co.uk\/it\/ragazze-in-cerca-di-sesso\/\" \/>\n<meta property=\"og:locale\" content=\"it_IT\" \/>\n<meta property=\"og:type\" content=\"article\" \/>\n<meta property=\"og:title\" content=\"Ragazze in cerca di sesso - Process Reviews\" \/>\n<meta property=\"og:description\" content=\"Non c&#8217;\u00e8 dubbio che le ragazze sono sempre alla ricerca di sesso. Vogliono entrare in contatto con qualcuno con cui possono divertirsi e di cui possono fidarsi. Tuttavia, non \u00e8 sempre facile trovare qualcuno di cui ti puoi fidare e con cui puoi divertirti. A volte, pu\u00f2 essere difficile dire se un ragazzo sta solo [&hellip;]\" \/>\n<meta property=\"og:url\" content=\"https:\/\/fortprocess.co.uk\/it\/ragazze-in-cerca-di-sesso\/\" \/>\n<meta property=\"og:site_name\" content=\"Process Reviews\" \/>\n<meta property=\"article:modified_time\" content=\"2022-10-17T10:57:53+00:00\" \/>\n<meta name=\"twitter:card\" content=\"summary_large_image\" \/>\n<meta name=\"twitter:label1\" content=\"Tempo di lettura stimato\" \/>\n\t<meta name=\"twitter:data1\" content=\"3 minuti\" \/>\n<script type=\"application\/ld+json\" class=\"yoast-schema-graph\">{\"@context\":\"https:\/\/schema.org\",\"@graph\":[{\"@type\":\"WebSite\",\"@id\":\"https:\/\/fortprocess.co.uk\/it\/#website\",\"url\":\"https:\/\/fortprocess.co.uk\/it\/\",\"name\":\"Process Reviews\",\"description\":\"Casual Dating\",\"potentialAction\":[{\"@type\":\"SearchAction\",\"target\":{\"@type\":\"EntryPoint\",\"urlTemplate\":\"https:\/\/fortprocess.co.uk\/it\/?s={search_term_string}\"},\"query-input\":\"required name=search_term_string\"}],\"inLanguage\":\"it-IT\"},{\"@type\":\"WebPage\",\"@id\":\"https:\/\/fortprocess.co.uk\/it\/ragazze-in-cerca-di-sesso\/#webpage\",\"url\":\"https:\/\/fortprocess.co.uk\/it\/ragazze-in-cerca-di-sesso\/\",\"name\":\"Ragazze in cerca di sesso - Process Reviews\",\"isPartOf\":{\"@id\":\"https:\/\/fortprocess.co.uk\/it\/#website\"},\"datePublished\":\"2022-10-03T12:34:58+00:00\",\"dateModified\":\"2022-10-17T10:57:53+00:00\",\"breadcrumb\":{\"@id\":\"https:\/\/fortprocess.co.uk\/it\/ragazze-in-cerca-di-sesso\/#breadcrumb\"},\"inLanguage\":\"it-IT\",\"potentialAction\":[{\"@type\":\"ReadAction\",\"target\":[\"https:\/\/fortprocess.co.uk\/it\/ragazze-in-cerca-di-sesso\/\"]}]},{\"@type\":\"BreadcrumbList\",\"@id\":\"https:\/\/fortprocess.co.uk\/it\/ragazze-in-cerca-di-sesso\/#breadcrumb\",\"itemListElement\":[{\"@type\":\"ListItem\",\"position\":1,\"name\":\"Home\",\"item\":\"https:\/\/fortprocess.co.uk\/it\/\"},{\"@type\":\"ListItem\",\"position\":2,\"name\":\"Ragazze in cerca di sesso\"}]}]}<\/script>\n<!-- \/ Yoast SEO plugin. -->","yoast_head_json":{"title":"Ragazze in cerca di sesso - Process Reviews","robots":{"index":"index","follow":"follow","max-snippet":"max-snippet:-1","max-image-preview":"max-image-preview:large","max-video-preview":"max-video-preview:-1"},"canonical":"https:\/\/fortprocess.co.uk\/it\/ragazze-in-cerca-di-sesso\/","og_locale":"it_IT","og_type":"article","og_title":"Ragazze in cerca di sesso - Process Reviews","og_description":"Non c&#8217;\u00e8 dubbio che le ragazze sono sempre alla ricerca di sesso. Vogliono entrare in contatto con qualcuno con cui possono divertirsi e di cui possono fidarsi. Tuttavia, non \u00e8 sempre facile trovare qualcuno di cui ti puoi fidare e con cui puoi divertirti. A volte, pu\u00f2 essere difficile dire se un ragazzo sta solo [&hellip;]","og_url":"https:\/\/fortprocess.co.uk\/it\/ragazze-in-cerca-di-sesso\/","og_site_name":"Process Reviews","article_modified_time":"2022-10-17T10:57:53+00:00","twitter_card":"summary_large_image","twitter_misc":{"Tempo di lettura stimato":"3 minuti"},"schema":{"@context":"https:\/\/schema.org","@graph":[{"@type":"WebSite","@id":"https:\/\/fortprocess.co.uk\/it\/#website","url":"https:\/\/fortprocess.co.uk\/it\/","name":"Process Reviews","description":"Casual Dating","potentialAction":[{"@type":"SearchAction","target":{"@type":"EntryPoint","urlTemplate":"https:\/\/fortprocess.co.uk\/it\/?s={search_term_string}"},"query-input":"required name=search_term_string"}],"inLanguage":"it-IT"},{"@type":"WebPage","@id":"https:\/\/fortprocess.co.uk\/it\/ragazze-in-cerca-di-sesso\/#webpage","url":"https:\/\/fortprocess.co.uk\/it\/ragazze-in-cerca-di-sesso\/","name":"Ragazze in cerca di sesso - Process Reviews","isPartOf":{"@id":"https:\/\/fortprocess.co.uk\/it\/#website"},"datePublished":"2022-10-03T12:34:58+00:00","dateModified":"2022-10-17T10:57:53+00:00","breadcrumb":{"@id":"https:\/\/fortprocess.co.uk\/it\/ragazze-in-cerca-di-sesso\/#breadcrumb"},"inLanguage":"it-IT","potentialAction":[{"@type":"ReadAction","target":["https:\/\/fortprocess.co.uk\/it\/ragazze-in-cerca-di-sesso\/"]}]},{"@type":"BreadcrumbList","@id":"https:\/\/fortprocess.co.uk\/it\/ragazze-in-cerca-di-sesso\/#breadcrumb","itemListElement":[{"@type":"ListItem","position":1,"name":"Home","item":"https:\/\/fortprocess.co.uk\/it\/"},{"@type":"ListItem","position":2,"name":"Ragazze in cerca di sesso"}]}]}},"_links":{"self":[{"href":"https:\/\/fortprocess.co.uk\/it\/wp-json\/wp\/v2\/pages\/129"}],"collection":[{"href":"https:\/\/fortprocess.co.uk\/it\/wp-json\/wp\/v2\/pages"}],"about":[{"href":"https:\/\/fortprocess.co.uk\/it\/wp-json\/wp\/v2\/types\/page"}],"author":[{"embeddable":true,"href":"https:\/\/fortprocess.co.uk\/it\/wp-json\/wp\/v2\/users\/1"}],"replies":[{"embeddable":true,"href":"https:\/\/fortprocess.co.uk\/it\/wp-json\/wp\/v2\/comments?post=129"}],"version-history":[{"count":1,"href":"https:\/\/fortprocess.co.uk\/it\/wp-json\/wp\/v2\/pages\/129\/revisions"}],"predecessor-version":[{"id":300,"href":"https:\/\/fortprocess.co.uk\/it\/wp-json\/wp\/v2\/pages\/129\/revisions\/300"}],"wp:attachment":[{"href":"https:\/\/fortprocess.co.uk\/it\/wp-json\/wp\/v2\/media?parent=129"}],"curies":[{"name":"wp","href":"https:\/\/api.w.org\/{rel}","templated":true}]}}