{"id":147,"date":"2022-10-03T13:35:35","date_gmt":"2022-10-03T12:35:35","guid":{"rendered":"http:\/\/fortprocess.co.uk\/kink-siti-di-incontri\/"},"modified":"2022-10-03T14:05:18","modified_gmt":"2022-10-03T13:05:18","slug":"kink-siti-di-incontri","status":"publish","type":"page","link":"https:\/\/fortprocess.co.uk\/it\/kink-siti-di-incontri\/","title":{"rendered":"Kink Siti di incontri"},"content":{"rendered":"<p>Ci sono una variet\u00e0 di siti di incontri kink disponibili se sei interessato a perseguire una relazione pi\u00f9 non convenzionale. Questi siti si rivolgono a persone con feticci o nodi specifici e possono aiutarti a connetterti con partner che la pensano allo stesso modo. Sia che tu stia cercando una relazione dom \/ sub o solo un collegamento casuale, i siti di incontri kink possono aiutarti a trovare quello che stai cercando. Assicurati di leggere i termini e le condizioni del sito prima di registrarti, per assicurarti di essere a tuo agio con le loro pratiche.<\/p>\n<p>Gli appuntamenti bondage sono un tipo di appuntamenti in cui un partner \u00e8 trattenuto in modo sessuale dall&#8217;altro partner. Questo pu\u00f2 essere fatto usando manette, corda, bende o altre restrizioni. Pu\u00f2 essere un modo divertente ed eccitante per aggiungere un po &#8216;di spezie alla tua vita sessuale. Tuttavia, \u00e8 importante assicurarsi di fidarsi completamente del proprio partner prima di provare questo tipo di appuntamenti.<\/p>\n<h2>Incontra persone kinky vicino a me<\/h2>\n<p>Ci sono molti modi per incontrare persone stravaganti vicino a te se sai dove guardare. Un modo \u00e8 quello di unirsi a un sito di incontri online che si rivolge ai tuoi interessi specifici. In questo modo puoi essere sicuro di trovare persone che sono nelle stesse cose che sei. Un altro modo per incontrare persone stravaganti \u00e8 partecipare a eventi o club BDSM locali. Questo \u00e8 un ottimo modo per incontrare persone che la pensano allo stesso modo in un ambiente sicuro e consensuale. Puoi anche controllare i forum online o i gruppi di social media dedicati a kink e BDSM. Questo \u00e8 un ottimo modo per entrare in contatto con persone che condividono i tuoi interessi e ottenere suggerimenti e consigli da membri pi\u00f9 esperti.<\/p>\n<h2>Collegamento BDSM<\/h2>\n<p>Se sei interessato ad esplorare il mondo del BDSM, ci sono alcune cose che dovresti tenere a mente quando ti colleghi con un partner. In primo luogo, la comunicazione \u00e8 fondamentale. Assicurati di discutere i tuoi limiti e limiti prima di iniziare. \u00c8 anche importante fidarsi del proprio partner e avere una buona comprensione delle sue capacit\u00e0 ed esperienze.<\/p>\n<p>Il BDSM pu\u00f2 essere un ottimo modo per aggiungere un po &#8216;di pepe alla tua vita sessuale, ma \u00e8 importante assicurarsi di farlo in modo sicuro e consensuale. Se hai appena iniziato, ci sono alcune cose che dovresti tenere a mente. In primo luogo, la comunicazione \u00e8 fondamentale. Assicurati di discutere i tuoi limiti e limiti prima di iniziare. \u00c8 anche importante fidarsi del proprio partner e avere una buona comprensione delle sue capacit\u00e0 ed esperienze.<\/p>\n<p>Il BDSM pu\u00f2 essere un ottimo modo per aggiungere un po &#8216;di pepe alla tua vita sessuale, ma \u00e8 importante assicurarsi di farlo in modo sicuro e consensuale. Se hai appena iniziato, ci sono alcune cose che dovresti tenere a mente. In primo luogo, la comunicazione \u00e8 fondamentale. Assicurati di discutere i tuoi limiti e limiti prima di iniziare. \u00c8 anche importante fidarsi del proprio partner e avere una buona comprensione delle sue capacit\u00e0 ed esperienze.<\/p>\n<h3>Schizzare<\/h3>\n<p>Se stai cercando un sito di incontri kink dedicato ad aiutarti a connetterti con persone che la pensano allo stesso modo, allora ti consigliamo di dare un&#8217;occhiata a Squirt. Questo sito \u00e8 stato specificamente progettato per aiutare le persone a trovare partner per attivit\u00e0 pi\u00f9 kinkier e ha molto da offrire.<\/p>\n<p>La prima cosa che noterai di Squirt \u00e8 che \u00e8 molto user-friendly. L&#8217;interfaccia \u00e8 semplice e facile da navigare e la funzione di ricerca \u00e8 molto completa. Puoi cercare partner per posizione, interessi e persino preferenze sessuali.<\/p>\n<p>Una delle cose migliori di Squirt \u00e8 che \u00e8 un sito molto inclusivo. Non importa quale sia il tuo nodo, sarai in grado di trovare qualcuno che \u00e8 coinvolto in questo sito. C&#8217;\u00e8 anche una grande comunit\u00e0 di utenti che sono sempre felici di aiutarsi e sostenersi a vicenda.<\/p>\n<p>Se stai cercando un sito di incontri kink sicuro, accogliente e pieno di funzionalit\u00e0, allora dovresti assolutamente dare un&#8217;occhiata a Squirt.<\/p>\n<h3>NaughtyDate<\/h3>\n<p>NaughtyDate \u00e8 una popolare app di appuntamenti kink con una vasta base di utenti e molte funzionalit\u00e0 per mantenere le cose interessanti. L&#8217;app pu\u00f2 essere scaricata gratuitamente e creare un profilo, ma dovrai passare a un abbonamento premium per sbloccare tutte le funzionalit\u00e0. Ci\u00f2 include messaggistica, ricerca e varie attivit\u00e0 correlate a kink.<\/p>\n<p>L&#8217;app \u00e8 ben progettata e facile da usare, rendendo l&#8217;intera esperienza di appuntamenti kink molto pi\u00f9 piacevole. E con una vasta base di utenti, sei sicuro di trovare qualcuno che condivide i tuoi nodi e interessi specifici. Quindi, se stai cercando un&#8217;app di appuntamenti kink in grado di offrire sia qualit\u00e0 che quantit\u00e0, vale sicuramente la pena dare un&#8217;occhiata a NaughtyDate.<\/p>\n<h3>TinderMeets<\/h3>\n<p>Se stai cercando un sito di incontri kink che offra effettivamente, TinderMeets \u00e8 la strada da percorrere. Il sito ha un sacco di funzionalit\u00e0 che rendono la ricerca e la connessione con potenziali partner un gioco da ragazzi, e la comunit\u00e0 \u00e8 sia attiva che amichevole. Sia che tu stia cercando un collegamento casuale o una relazione pi\u00f9 seria, troverai quello che stai cercando su TinderMeets.<\/p>\n","protected":false},"excerpt":{"rendered":"<p>Ci sono una variet\u00e0 di siti di incontri kink disponibili se sei interessato a perseguire una relazione pi\u00f9 non convenzionale. Questi siti si rivolgono a persone con feticci o nodi specifici e possono aiutarti a connetterti con partner che la pensano allo stesso modo. Sia che tu stia cercando una relazione dom \/ sub o [&hellip;]<\/p>\n","protected":false},"author":1,"featured_media":0,"parent":0,"menu_order":0,"comment_status":"closed","ping_status":"closed","template":"","meta":[],"yoast_head":"<!-- This site is optimized with the Yoast SEO plugin v17.7.1 - https:\/\/yoast.com\/wordpress\/plugins\/seo\/ -->\n<title>Kink Siti di incontri - Process Reviews<\/title>\n<meta name=\"robots\" content=\"index, follow, max-snippet:-1, max-image-preview:large, max-video-preview:-1\" \/>\n<link rel=\"canonical\" href=\"https:\/\/fortprocess.co.uk\/it\/kink-siti-di-incontri\/\" \/>\n<meta property=\"og:locale\" content=\"it_IT\" \/>\n<meta property=\"og:type\" content=\"article\" \/>\n<meta property=\"og:title\" content=\"Kink Siti di incontri - Process Reviews\" \/>\n<meta property=\"og:description\" content=\"Ci sono una variet\u00e0 di siti di incontri kink disponibili se sei interessato a perseguire una relazione pi\u00f9 non convenzionale. Questi siti si rivolgono a persone con feticci o nodi specifici e possono aiutarti a connetterti con partner che la pensano allo stesso modo. Sia che tu stia cercando una relazione dom \/ sub o [&hellip;]\" \/>\n<meta property=\"og:url\" content=\"https:\/\/fortprocess.co.uk\/it\/kink-siti-di-incontri\/\" \/>\n<meta property=\"og:site_name\" content=\"Process Reviews\" \/>\n<meta property=\"article:modified_time\" content=\"2022-10-03T13:05:18+00:00\" \/>\n<meta name=\"twitter:card\" content=\"summary_large_image\" \/>\n<meta name=\"twitter:label1\" content=\"Tempo di lettura stimato\" \/>\n\t<meta name=\"twitter:data1\" content=\"4 minuti\" \/>\n<script type=\"application\/ld+json\" class=\"yoast-schema-graph\">{\"@context\":\"https:\/\/schema.org\",\"@graph\":[{\"@type\":\"WebSite\",\"@id\":\"https:\/\/fortprocess.co.uk\/it\/#website\",\"url\":\"https:\/\/fortprocess.co.uk\/it\/\",\"name\":\"Process Reviews\",\"description\":\"Casual Dating\",\"potentialAction\":[{\"@type\":\"SearchAction\",\"target\":{\"@type\":\"EntryPoint\",\"urlTemplate\":\"https:\/\/fortprocess.co.uk\/it\/?s={search_term_string}\"},\"query-input\":\"required name=search_term_string\"}],\"inLanguage\":\"it-IT\"},{\"@type\":\"WebPage\",\"@id\":\"https:\/\/fortprocess.co.uk\/it\/kink-siti-di-incontri\/#webpage\",\"url\":\"https:\/\/fortprocess.co.uk\/it\/kink-siti-di-incontri\/\",\"name\":\"Kink Siti di incontri - Process Reviews\",\"isPartOf\":{\"@id\":\"https:\/\/fortprocess.co.uk\/it\/#website\"},\"datePublished\":\"2022-10-03T12:35:35+00:00\",\"dateModified\":\"2022-10-03T13:05:18+00:00\",\"breadcrumb\":{\"@id\":\"https:\/\/fortprocess.co.uk\/it\/kink-siti-di-incontri\/#breadcrumb\"},\"inLanguage\":\"it-IT\",\"potentialAction\":[{\"@type\":\"ReadAction\",\"target\":[\"https:\/\/fortprocess.co.uk\/it\/kink-siti-di-incontri\/\"]}]},{\"@type\":\"BreadcrumbList\",\"@id\":\"https:\/\/fortprocess.co.uk\/it\/kink-siti-di-incontri\/#breadcrumb\",\"itemListElement\":[{\"@type\":\"ListItem\",\"position\":1,\"name\":\"Home\",\"item\":\"https:\/\/fortprocess.co.uk\/it\/\"},{\"@type\":\"ListItem\",\"position\":2,\"name\":\"Kink Siti di incontri\"}]}]}<\/script>\n<!-- \/ Yoast SEO plugin. -->","yoast_head_json":{"title":"Kink Siti di incontri - Process Reviews","robots":{"index":"index","follow":"follow","max-snippet":"max-snippet:-1","max-image-preview":"max-image-preview:large","max-video-preview":"max-video-preview:-1"},"canonical":"https:\/\/fortprocess.co.uk\/it\/kink-siti-di-incontri\/","og_locale":"it_IT","og_type":"article","og_title":"Kink Siti di incontri - Process Reviews","og_description":"Ci sono una variet\u00e0 di siti di incontri kink disponibili se sei interessato a perseguire una relazione pi\u00f9 non convenzionale. Questi siti si rivolgono a persone con feticci o nodi specifici e possono aiutarti a connetterti con partner che la pensano allo stesso modo. Sia che tu stia cercando una relazione dom \/ sub o [&hellip;]","og_url":"https:\/\/fortprocess.co.uk\/it\/kink-siti-di-incontri\/","og_site_name":"Process Reviews","article_modified_time":"2022-10-03T13:05:18+00:00","twitter_card":"summary_large_image","twitter_misc":{"Tempo di lettura stimato":"4 minuti"},"schema":{"@context":"https:\/\/schema.org","@graph":[{"@type":"WebSite","@id":"https:\/\/fortprocess.co.uk\/it\/#website","url":"https:\/\/fortprocess.co.uk\/it\/","name":"Process Reviews","description":"Casual Dating","potentialAction":[{"@type":"SearchAction","target":{"@type":"EntryPoint","urlTemplate":"https:\/\/fortprocess.co.uk\/it\/?s={search_term_string}"},"query-input":"required name=search_term_string"}],"inLanguage":"it-IT"},{"@type":"WebPage","@id":"https:\/\/fortprocess.co.uk\/it\/kink-siti-di-incontri\/#webpage","url":"https:\/\/fortprocess.co.uk\/it\/kink-siti-di-incontri\/","name":"Kink Siti di incontri - Process Reviews","isPartOf":{"@id":"https:\/\/fortprocess.co.uk\/it\/#website"},"datePublished":"2022-10-03T12:35:35+00:00","dateModified":"2022-10-03T13:05:18+00:00","breadcrumb":{"@id":"https:\/\/fortprocess.co.uk\/it\/kink-siti-di-incontri\/#breadcrumb"},"inLanguage":"it-IT","potentialAction":[{"@type":"ReadAction","target":["https:\/\/fortprocess.co.uk\/it\/kink-siti-di-incontri\/"]}]},{"@type":"BreadcrumbList","@id":"https:\/\/fortprocess.co.uk\/it\/kink-siti-di-incontri\/#breadcrumb","itemListElement":[{"@type":"ListItem","position":1,"name":"Home","item":"https:\/\/fortprocess.co.uk\/it\/"},{"@type":"ListItem","position":2,"name":"Kink Siti di incontri"}]}]}},"_links":{"self":[{"href":"https:\/\/fortprocess.co.uk\/it\/wp-json\/wp\/v2\/pages\/147"}],"collection":[{"href":"https:\/\/fortprocess.co.uk\/it\/wp-json\/wp\/v2\/pages"}],"about":[{"href":"https:\/\/fortprocess.co.uk\/it\/wp-json\/wp\/v2\/types\/page"}],"author":[{"embeddable":true,"href":"https:\/\/fortprocess.co.uk\/it\/wp-json\/wp\/v2\/users\/1"}],"replies":[{"embeddable":true,"href":"https:\/\/fortprocess.co.uk\/it\/wp-json\/wp\/v2\/comments?post=147"}],"version-history":[{"count":1,"href":"https:\/\/fortprocess.co.uk\/it\/wp-json\/wp\/v2\/pages\/147\/revisions"}],"predecessor-version":[{"id":216,"href":"https:\/\/fortprocess.co.uk\/it\/wp-json\/wp\/v2\/pages\/147\/revisions\/216"}],"wp:attachment":[{"href":"https:\/\/fortprocess.co.uk\/it\/wp-json\/wp\/v2\/media?parent=147"}],"curies":[{"name":"wp","href":"https:\/\/api.w.org\/{rel}","templated":true}]}}