{"id":155,"date":"2022-10-03T13:34:43","date_gmt":"2022-10-03T12:34:43","guid":{"rendered":"http:\/\/fortprocess.co.uk\/siti-fuck-locali\/"},"modified":"2022-10-03T13:34:43","modified_gmt":"2022-10-03T12:34:43","slug":"siti-fuck-locali","status":"publish","type":"page","link":"https:\/\/fortprocess.co.uk\/it\/siti-fuck-locali\/","title":{"rendered":"Siti fuck locali"},"content":{"rendered":"<p>Ci sono molti siti di cazzo locali l\u00e0 fuori che possono aiutarti a trovare qualcuno con cui collegarti nella tua zona. Tutto quello che devi fare \u00e8 registrarti per un account e creare un profilo. Quindi puoi cercare membri che cercano la tua stessa cosa. Puoi inviare loro messaggi, chattare con loro e persino incontrarli di persona, se lo desideri. Ricorda solo di essere al sicuro e di usare la protezione quando ti colleghi con qualcuno che hai incontrato online.<\/p>\n<h2>Siti di cazzo gratuiti<\/h2>\n<p>Ci sono un sacco di grandi siti di cazzo gratuiti l\u00e0 fuori. Devi solo sapere dove guardare. Il posto migliore per iniziare la tua ricerca \u00e8 probabilmente un motore di ricerca come Google. Basta digitare &#8220;siti di cazzo gratuiti&#8221; e dovresti ottenere un sacco di risultati. Una volta trovati alcuni che sembrano promettenti, basta registrarsi e provarli. Non c&#8217;\u00e8 nulla di male nel provarne alcuni diversi finch\u00e9 non trovi quello giusto per te.<\/p>\n<h2>Siti di incontro e scopa gratuiti<\/h2>\n<p>Ci sono molti siti di incontri e scopa gratuiti su Internet, ma non tutti sono creati uguali. Alcuni di loro sono migliori di altri, e alcuni di loro sono solo semplici truffe. \u00c8 importante fare le tue ricerche prima di iscriverti a uno di questi siti, perch\u00e9 non vuoi sprecare il tuo tempo o i tuoi soldi.<\/p>\n<p>I migliori siti di incontro e cazzo gratuiti sono quelli che funzionano davvero. Hanno un ampio database di potenziali corrispondenze e utilizzano una variet\u00e0 di algoritmi per abbinarti a qualcuno che \u00e8 compatibile con te. Hanno anche molte funzionalit\u00e0 che rendono l&#8217;esperienza pi\u00f9 piacevole, come chat room e messaggistica istantanea.<\/p>\n<p>I peggiori siti gratuiti di incontri e cazzo sono quelli che non sono altro che truffe. Questi siti spesso ti chiederanno i dati della tua carta di credito e poi li useranno per addebitarti cose a cui non ti sei nemmeno iscritto. Potrebbero anche provare a venderti altri prodotti o potrebbero persino provare a farti iscrivere al loro servizio a pagamento. In entrambi i casi, \u00e8 meglio evitare del tutto questi siti.<\/p>\n<p>Ci sono molte persone l\u00e0 fuori che pensano che &#8220;scopare gratis&#8221; sia un ottimo modo per uscire con qualcuno. Mentre ci sono sicuramente alcuni vantaggi in questo approccio, ci sono anche alcuni importanti inconvenienti. Uno dei maggiori problemi con &#8220;cazzo gratis&#8221; \u00e8 che spesso \u00e8 semplicemente un modo per le persone di approfittare degli altri. Se non stai attento, potresti facilmente trovarti in una situazione in cui ti stai abituando e approfittando, senza mai ottenere davvero nulla in cambio. Inoltre, &#8220;scopare gratis&#8221; pu\u00f2 anche portare a molti drammi e conflitti, dal momento che le persone sono spesso in competizione per l&#8217;attenzione della stessa persona. Se non sei pronto ad affrontarlo, allora &#8220;cazzo gratis&#8221; probabilmente non \u00e8 l&#8217;approccio migliore per te.<\/p>\n<h3>Pap\u00e0 d&#8217;argento<\/h3>\n<p>Se stai cercando un Silver Daddy, allora ti consigliamo di dare un&#8217;occhiata a Silver Daddy Dating App. Questa app \u00e8 un ottimo modo per connettersi con altri pap\u00e0 d&#8217;argento nella tua zona. L&#8217;app \u00e8 scaricabile e utilizzabile gratuitamente ed \u00e8 facile registrarsi. Puoi creare un profilo, aggiungere foto e iniziare a chattare con altri pap\u00e0 d&#8217;argento nella tua zona. L&#8217;app \u00e8 anche ottima per trovare siti di cazzo locali. Puoi cercare i siti per posizione e puoi anche leggere le recensioni dei siti prima di unirti a loro. Silver Daddy Dating App \u00e8 un ottimo modo per incontrare pap\u00e0 d&#8217;argento nella tua zona.<\/p>\n<h3>Rubmaps<\/h3>\n<p>Ci sono molti siti di cazzo locali l\u00e0 fuori, ma Rubmaps \u00e8 uno dei migliori. \u00c8 un&#8217;app di appuntamenti che ti consente di trovare potenziali corrispondenze nella tua zona e quindi inviare loro messaggi per impostare un momento e un luogo in cui incontrarsi. L&#8217;app \u00e8 davvero facile da usare ed \u00e8 un ottimo modo per incontrare nuove persone per il sesso occasionale. L&#8217;unico aspetto negativo \u00e8 che non \u00e8 gratuito, ma ne vale sicuramente la pena.<\/p>\n<h3>Uberhorny<\/h3>\n<p>Se stai cercando un sito di cazzo locale, Uberhorny \u00e8 un&#8217;ottima opzione. L&#8217;app \u00e8 facile da usare ed \u00e8 gratuita per registrarsi. Puoi sfogliare i profili e trovare corrispondenze nella tua zona. L&#8217;app ha anche una funzione di chat, in modo da poter chattare con le tue partite. L&#8217;app \u00e8 disponibile sia per iOS che per Android.<\/p>\n","protected":false},"excerpt":{"rendered":"<p>Ci sono molti siti di cazzo locali l\u00e0 fuori che possono aiutarti a trovare qualcuno con cui collegarti nella tua zona. Tutto quello che devi fare \u00e8 registrarti per un account e creare un profilo. Quindi puoi cercare membri che cercano la tua stessa cosa. Puoi inviare loro messaggi, chattare con loro e persino incontrarli [&hellip;]<\/p>\n","protected":false},"author":1,"featured_media":0,"parent":0,"menu_order":0,"comment_status":"closed","ping_status":"closed","template":"","meta":[],"yoast_head":"<!-- This site is optimized with the Yoast SEO plugin v17.7.1 - https:\/\/yoast.com\/wordpress\/plugins\/seo\/ -->\n<title>Siti fuck locali - Process Reviews<\/title>\n<meta name=\"robots\" content=\"index, follow, max-snippet:-1, max-image-preview:large, max-video-preview:-1\" \/>\n<link rel=\"canonical\" href=\"https:\/\/fortprocess.co.uk\/it\/siti-fuck-locali\/\" \/>\n<meta property=\"og:locale\" content=\"it_IT\" \/>\n<meta property=\"og:type\" content=\"article\" \/>\n<meta property=\"og:title\" content=\"Siti fuck locali - Process Reviews\" \/>\n<meta property=\"og:description\" content=\"Ci sono molti siti di cazzo locali l\u00e0 fuori che possono aiutarti a trovare qualcuno con cui collegarti nella tua zona. Tutto quello che devi fare \u00e8 registrarti per un account e creare un profilo. Quindi puoi cercare membri che cercano la tua stessa cosa. Puoi inviare loro messaggi, chattare con loro e persino incontrarli [&hellip;]\" \/>\n<meta property=\"og:url\" content=\"https:\/\/fortprocess.co.uk\/it\/siti-fuck-locali\/\" \/>\n<meta property=\"og:site_name\" content=\"Process Reviews\" \/>\n<meta name=\"twitter:card\" content=\"summary_large_image\" \/>\n<meta name=\"twitter:label1\" content=\"Tempo di lettura stimato\" \/>\n\t<meta name=\"twitter:data1\" content=\"3 minuti\" \/>\n<script type=\"application\/ld+json\" class=\"yoast-schema-graph\">{\"@context\":\"https:\/\/schema.org\",\"@graph\":[{\"@type\":\"WebSite\",\"@id\":\"http:\/\/fortprocess.co.uk\/it\/#website\",\"url\":\"http:\/\/fortprocess.co.uk\/it\/\",\"name\":\"Process Reviews\",\"description\":\"Casual Dating\",\"potentialAction\":[{\"@type\":\"SearchAction\",\"target\":{\"@type\":\"EntryPoint\",\"urlTemplate\":\"http:\/\/fortprocess.co.uk\/it\/?s={search_term_string}\"},\"query-input\":\"required name=search_term_string\"}],\"inLanguage\":\"it-IT\"},{\"@type\":\"WebPage\",\"@id\":\"https:\/\/fortprocess.co.uk\/it\/siti-fuck-locali\/#webpage\",\"url\":\"https:\/\/fortprocess.co.uk\/it\/siti-fuck-locali\/\",\"name\":\"Siti fuck locali - Process Reviews\",\"isPartOf\":{\"@id\":\"http:\/\/fortprocess.co.uk\/it\/#website\"},\"datePublished\":\"2022-10-03T12:34:43+00:00\",\"dateModified\":\"2022-10-03T12:34:43+00:00\",\"breadcrumb\":{\"@id\":\"https:\/\/fortprocess.co.uk\/it\/siti-fuck-locali\/#breadcrumb\"},\"inLanguage\":\"it-IT\",\"potentialAction\":[{\"@type\":\"ReadAction\",\"target\":[\"https:\/\/fortprocess.co.uk\/it\/siti-fuck-locali\/\"]}]},{\"@type\":\"BreadcrumbList\",\"@id\":\"https:\/\/fortprocess.co.uk\/it\/siti-fuck-locali\/#breadcrumb\",\"itemListElement\":[{\"@type\":\"ListItem\",\"position\":1,\"name\":\"Home\",\"item\":\"http:\/\/fortprocess.co.uk\/it\/\"},{\"@type\":\"ListItem\",\"position\":2,\"name\":\"Siti fuck locali\"}]}]}<\/script>\n<!-- \/ Yoast SEO plugin. -->","yoast_head_json":{"title":"Siti fuck locali - Process Reviews","robots":{"index":"index","follow":"follow","max-snippet":"max-snippet:-1","max-image-preview":"max-image-preview:large","max-video-preview":"max-video-preview:-1"},"canonical":"https:\/\/fortprocess.co.uk\/it\/siti-fuck-locali\/","og_locale":"it_IT","og_type":"article","og_title":"Siti fuck locali - Process Reviews","og_description":"Ci sono molti siti di cazzo locali l\u00e0 fuori che possono aiutarti a trovare qualcuno con cui collegarti nella tua zona. Tutto quello che devi fare \u00e8 registrarti per un account e creare un profilo. Quindi puoi cercare membri che cercano la tua stessa cosa. Puoi inviare loro messaggi, chattare con loro e persino incontrarli [&hellip;]","og_url":"https:\/\/fortprocess.co.uk\/it\/siti-fuck-locali\/","og_site_name":"Process Reviews","twitter_card":"summary_large_image","twitter_misc":{"Tempo di lettura stimato":"3 minuti"},"schema":{"@context":"https:\/\/schema.org","@graph":[{"@type":"WebSite","@id":"http:\/\/fortprocess.co.uk\/it\/#website","url":"http:\/\/fortprocess.co.uk\/it\/","name":"Process Reviews","description":"Casual Dating","potentialAction":[{"@type":"SearchAction","target":{"@type":"EntryPoint","urlTemplate":"http:\/\/fortprocess.co.uk\/it\/?s={search_term_string}"},"query-input":"required name=search_term_string"}],"inLanguage":"it-IT"},{"@type":"WebPage","@id":"https:\/\/fortprocess.co.uk\/it\/siti-fuck-locali\/#webpage","url":"https:\/\/fortprocess.co.uk\/it\/siti-fuck-locali\/","name":"Siti fuck locali - Process Reviews","isPartOf":{"@id":"http:\/\/fortprocess.co.uk\/it\/#website"},"datePublished":"2022-10-03T12:34:43+00:00","dateModified":"2022-10-03T12:34:43+00:00","breadcrumb":{"@id":"https:\/\/fortprocess.co.uk\/it\/siti-fuck-locali\/#breadcrumb"},"inLanguage":"it-IT","potentialAction":[{"@type":"ReadAction","target":["https:\/\/fortprocess.co.uk\/it\/siti-fuck-locali\/"]}]},{"@type":"BreadcrumbList","@id":"https:\/\/fortprocess.co.uk\/it\/siti-fuck-locali\/#breadcrumb","itemListElement":[{"@type":"ListItem","position":1,"name":"Home","item":"http:\/\/fortprocess.co.uk\/it\/"},{"@type":"ListItem","position":2,"name":"Siti fuck locali"}]}]}},"_links":{"self":[{"href":"https:\/\/fortprocess.co.uk\/it\/wp-json\/wp\/v2\/pages\/155"}],"collection":[{"href":"https:\/\/fortprocess.co.uk\/it\/wp-json\/wp\/v2\/pages"}],"about":[{"href":"https:\/\/fortprocess.co.uk\/it\/wp-json\/wp\/v2\/types\/page"}],"author":[{"embeddable":true,"href":"https:\/\/fortprocess.co.uk\/it\/wp-json\/wp\/v2\/users\/1"}],"replies":[{"embeddable":true,"href":"https:\/\/fortprocess.co.uk\/it\/wp-json\/wp\/v2\/comments?post=155"}],"version-history":[{"count":0,"href":"https:\/\/fortprocess.co.uk\/it\/wp-json\/wp\/v2\/pages\/155\/revisions"}],"wp:attachment":[{"href":"https:\/\/fortprocess.co.uk\/it\/wp-json\/wp\/v2\/media?parent=155"}],"curies":[{"name":"wp","href":"https:\/\/api.w.org\/{rel}","templated":true}]}}