{"id":163,"date":"2022-10-03T13:34:27","date_gmt":"2022-10-03T12:34:27","guid":{"rendered":"http:\/\/fortprocess.co.uk\/app-di-sesso-locale\/"},"modified":"2022-10-17T11:57:24","modified_gmt":"2022-10-17T10:57:24","slug":"app-di-sesso-locale","status":"publish","type":"page","link":"https:\/\/fortprocess.co.uk\/it\/app-di-sesso-locale\/","title":{"rendered":"App di sesso locale"},"content":{"rendered":"<p>Ci sono alcune app di sesso locale che sono diventate popolari per le persone che vogliono collegarsi. Sono progettati per aiutarti a trovare qualcuno nella tua zona che sta cercando la stessa cosa che sei tu e possono essere un ottimo modo per essere posati. Tuttavia, devi stare attento a quale app usi, perch\u00e9 alcune di esse sono migliori di altre. La migliore app da usare \u00e8 quella <a href=\"https:\/\/www.local-horny-women.net\/it\/sito-di-incontri-fetish\/\">fetish incontri<\/a> che ha molte recensioni positive e che \u00e8 progettata per aiutarti a trovare qualcuno con cui collegarti rapidamente e facilmente.<\/p>\n<h2>Incontri casuali<\/h2>\n<p>Non c&#8217;\u00e8 bisogno di essere nervosi all&#8217;idea di andare ad un appuntamento con qualcuno che hai incontrato online &#8211; \u00e8 un appuntamento casuale! Rilassati e divertiti. La cosa migliore degli appuntamenti casuali \u00e8 che puoi prendere le cose al tuo ritmo e vedere dove vanno. Se le cose non funzionano, allora puoi semplicemente andare avanti. Nessun danno, nessun fallo.<\/p>\n<p>Non c&#8217;\u00e8 bisogno di essere timidi quando si tratta di appuntamenti sessuali &#8211; tutti qui stanno cercando la stessa cosa! Basta creare un profilo, cercare altri membri che corrispondono ai tuoi criteri e iniziare a chattare! Potresti semplicemente trovare l&#8217;amore della tua vita!<\/p>\n<h2>Trova sesso<\/h2>\n<p>Non c&#8217;\u00e8 una risposta a questa domanda: ognuno \u00e8 diverso e avr\u00e0 preferenze diverse <a href=\"http:\/\/www.hookup-dating-sites.net\/it\/donne-da-scopare-vicino-a-me\/\">donne da scopare<\/a> quando si tratta di trovare sesso nel contesto degli appuntamenti. Tuttavia, ci sono alcuni suggerimenti generali che possono essere utili per aiutarti a trovare il sesso pi\u00f9 facilmente. In primo luogo, cerca di essere aperto e onesto con i tuoi partner sui tuoi desideri e bisogni sessuali &#8211; questo ti aiuter\u00e0 ad assicurarti di essere entrambi sulla stessa pagina e che tutti siano a proprio agio con ci\u00f2 che sta accadendo. In secondo luogo, non aver paura di sperimentare e provare cose nuove: si tratta di trovare ci\u00f2 che funziona per te e il tuo partner. Infine, la comunicazione \u00e8 fondamentale! Assicurati di parlare di eventuali preoccupazioni o preoccupazioni che hai prima e durante il sesso, in modo che tutti siano a proprio agio e si divertano.<\/p>\n<h3>AdultFriendFinder<\/h3>\n<p>Se stai cercando un&#8217;app di sesso locale, AdultFriendFinder \u00e8 un&#8217;ottima opzione. Con oltre 80 milioni di membri in tutto il mondo, \u00e8 una delle pi\u00f9 grandi app di appuntamenti in circolazione. Ed \u00e8 particolarmente popolare tra gli adulti in cerca di incontri casuali.<\/p>\n<p>L&#8217;app \u00e8 scaricabile e utilizzabile gratuitamente, ma avrai bisogno di un abbonamento a pagamento per accedere a tutte le funzionalit\u00e0. Ci\u00f2 include la messaggistica di altri membri, la visualizzazione dei loro profili e l&#8217;utilizzo della funzione di ricerca dell&#8217;app.<\/p>\n<p>Nel complesso, AdultFriendFinder \u00e8 un&#8217;ottima opzione se stai cercando un&#8217;app di sesso locale. L&#8217;ampia base di utenti significa che \u00e8 probabile che tu trovi qualcuno compatibile con te e l&#8217;app \u00e8 facile da usare. Basta essere consapevoli del fatto che avrai bisogno di un abbonamento a pagamento per ottenere il massimo da esso.<\/p>\n<h3>Badoo \u00b7<\/h3>\n<p>Badoo \u00e8 un&#8217;app di appuntamenti che sta diventando sempre pi\u00f9 popolare tra i giovani. \u00c8 un&#8217;app basata sulla posizione che consente agli utenti di trovare e chattare con altri utenti nella loro zona. L&#8217;app ha anche una funzione che consente agli utenti di trovare e incontrare single locali per i collegamenti.<\/p>\n<p>L&#8217;app \u00e8 facile da usare e ha un&#8217;interfaccia semplice. \u00c8 gratuito da scaricare <a href=\"https:\/\/www.fucksites.net\/it\/siti-jerk-off\/\">chat per masturbarsi<\/a> e utilizzare. Tuttavia, l&#8217;app ha alcune funzionalit\u00e0 che sono disponibili solo per gli utenti premium. Queste funzionalit\u00e0 includono la possibilit\u00e0 di vedere chi ha visualizzato il tuo profilo, la possibilit\u00e0 di vedere a chi sono piaciute le tue foto e la possibilit\u00e0 di vedere chi si trova nelle vicinanze.<\/p>\n<p>L&#8217;app \u00e8 un ottimo modo per incontrare nuove persone e trovare single locali per i collegamenti. Tuttavia, \u00e8 importante essere consapevoli dei potenziali rischi associati all&#8217;utilizzo dell&#8217;app. Ci sono state segnalazioni di profili falsi e di persone pescate dal gatto. C&#8217;\u00e8 anche il potenziale per gli utenti di essere perseguitati o molestati.<\/p>\n<h3>DateMyAge<\/h3>\n<p>Se stai cercando un&#8217;app di sesso locale, DateMyAge \u00e8 un&#8217;ottima opzione. L&#8217;app \u00e8 facile da usare e ha molte funzionalit\u00e0 che la rendono un&#8217;ottima scelta per trovare un incontro casuale. La funzione di ricerca \u00e8 molto user-friendly e puoi cercare persone per posizione, et\u00e0 e interessi. Anche il sistema di messaggistica \u00e8 molto semplice e puoi inviare e ricevere messaggi senza problemi. Nel complesso, DateMyAge \u00e8 un&#8217;ottima opzione per trovare un&#8217;app di sesso locale.<\/p>\n","protected":false},"excerpt":{"rendered":"<p>Ci sono alcune app di sesso locale che sono diventate popolari per le persone che vogliono collegarsi. Sono progettati per aiutarti a trovare qualcuno nella tua zona che sta cercando la stessa cosa che sei tu e possono essere un ottimo modo per essere posati. Tuttavia, devi stare attento a quale app usi, perch\u00e9 alcune [&hellip;]<\/p>\n","protected":false},"author":1,"featured_media":0,"parent":0,"menu_order":0,"comment_status":"closed","ping_status":"closed","template":"","meta":[],"yoast_head":"<!-- This site is optimized with the Yoast SEO plugin v17.7.1 - https:\/\/yoast.com\/wordpress\/plugins\/seo\/ -->\n<title>App di sesso locale - Process Reviews<\/title>\n<meta name=\"robots\" content=\"index, follow, max-snippet:-1, max-image-preview:large, max-video-preview:-1\" \/>\n<link rel=\"canonical\" href=\"https:\/\/fortprocess.co.uk\/it\/app-di-sesso-locale\/\" \/>\n<meta property=\"og:locale\" content=\"it_IT\" \/>\n<meta property=\"og:type\" content=\"article\" \/>\n<meta property=\"og:title\" content=\"App di sesso locale - Process Reviews\" \/>\n<meta property=\"og:description\" content=\"Ci sono alcune app di sesso locale che sono diventate popolari per le persone che vogliono collegarsi. Sono progettati per aiutarti a trovare qualcuno nella tua zona che sta cercando la stessa cosa che sei tu e possono essere un ottimo modo per essere posati. Tuttavia, devi stare attento a quale app usi, perch\u00e9 alcune [&hellip;]\" \/>\n<meta property=\"og:url\" content=\"https:\/\/fortprocess.co.uk\/it\/app-di-sesso-locale\/\" \/>\n<meta property=\"og:site_name\" content=\"Process Reviews\" \/>\n<meta property=\"article:modified_time\" content=\"2022-10-17T10:57:24+00:00\" \/>\n<meta name=\"twitter:card\" content=\"summary_large_image\" \/>\n<meta name=\"twitter:label1\" content=\"Tempo di lettura stimato\" \/>\n\t<meta name=\"twitter:data1\" content=\"3 minuti\" \/>\n<script type=\"application\/ld+json\" class=\"yoast-schema-graph\">{\"@context\":\"https:\/\/schema.org\",\"@graph\":[{\"@type\":\"WebSite\",\"@id\":\"http:\/\/fortprocess.co.uk\/it\/#website\",\"url\":\"http:\/\/fortprocess.co.uk\/it\/\",\"name\":\"Process Reviews\",\"description\":\"Casual Dating\",\"potentialAction\":[{\"@type\":\"SearchAction\",\"target\":{\"@type\":\"EntryPoint\",\"urlTemplate\":\"http:\/\/fortprocess.co.uk\/it\/?s={search_term_string}\"},\"query-input\":\"required name=search_term_string\"}],\"inLanguage\":\"it-IT\"},{\"@type\":\"WebPage\",\"@id\":\"https:\/\/fortprocess.co.uk\/it\/app-di-sesso-locale\/#webpage\",\"url\":\"https:\/\/fortprocess.co.uk\/it\/app-di-sesso-locale\/\",\"name\":\"App di sesso locale - Process Reviews\",\"isPartOf\":{\"@id\":\"http:\/\/fortprocess.co.uk\/it\/#website\"},\"datePublished\":\"2022-10-03T12:34:27+00:00\",\"dateModified\":\"2022-10-17T10:57:24+00:00\",\"breadcrumb\":{\"@id\":\"https:\/\/fortprocess.co.uk\/it\/app-di-sesso-locale\/#breadcrumb\"},\"inLanguage\":\"it-IT\",\"potentialAction\":[{\"@type\":\"ReadAction\",\"target\":[\"https:\/\/fortprocess.co.uk\/it\/app-di-sesso-locale\/\"]}]},{\"@type\":\"BreadcrumbList\",\"@id\":\"https:\/\/fortprocess.co.uk\/it\/app-di-sesso-locale\/#breadcrumb\",\"itemListElement\":[{\"@type\":\"ListItem\",\"position\":1,\"name\":\"Home\",\"item\":\"http:\/\/fortprocess.co.uk\/it\/\"},{\"@type\":\"ListItem\",\"position\":2,\"name\":\"App di sesso locale\"}]}]}<\/script>\n<!-- \/ Yoast SEO plugin. -->","yoast_head_json":{"title":"App di sesso locale - Process Reviews","robots":{"index":"index","follow":"follow","max-snippet":"max-snippet:-1","max-image-preview":"max-image-preview:large","max-video-preview":"max-video-preview:-1"},"canonical":"https:\/\/fortprocess.co.uk\/it\/app-di-sesso-locale\/","og_locale":"it_IT","og_type":"article","og_title":"App di sesso locale - Process Reviews","og_description":"Ci sono alcune app di sesso locale che sono diventate popolari per le persone che vogliono collegarsi. Sono progettati per aiutarti a trovare qualcuno nella tua zona che sta cercando la stessa cosa che sei tu e possono essere un ottimo modo per essere posati. Tuttavia, devi stare attento a quale app usi, perch\u00e9 alcune [&hellip;]","og_url":"https:\/\/fortprocess.co.uk\/it\/app-di-sesso-locale\/","og_site_name":"Process Reviews","article_modified_time":"2022-10-17T10:57:24+00:00","twitter_card":"summary_large_image","twitter_misc":{"Tempo di lettura stimato":"3 minuti"},"schema":{"@context":"https:\/\/schema.org","@graph":[{"@type":"WebSite","@id":"http:\/\/fortprocess.co.uk\/it\/#website","url":"http:\/\/fortprocess.co.uk\/it\/","name":"Process Reviews","description":"Casual Dating","potentialAction":[{"@type":"SearchAction","target":{"@type":"EntryPoint","urlTemplate":"http:\/\/fortprocess.co.uk\/it\/?s={search_term_string}"},"query-input":"required name=search_term_string"}],"inLanguage":"it-IT"},{"@type":"WebPage","@id":"https:\/\/fortprocess.co.uk\/it\/app-di-sesso-locale\/#webpage","url":"https:\/\/fortprocess.co.uk\/it\/app-di-sesso-locale\/","name":"App di sesso locale - Process Reviews","isPartOf":{"@id":"http:\/\/fortprocess.co.uk\/it\/#website"},"datePublished":"2022-10-03T12:34:27+00:00","dateModified":"2022-10-17T10:57:24+00:00","breadcrumb":{"@id":"https:\/\/fortprocess.co.uk\/it\/app-di-sesso-locale\/#breadcrumb"},"inLanguage":"it-IT","potentialAction":[{"@type":"ReadAction","target":["https:\/\/fortprocess.co.uk\/it\/app-di-sesso-locale\/"]}]},{"@type":"BreadcrumbList","@id":"https:\/\/fortprocess.co.uk\/it\/app-di-sesso-locale\/#breadcrumb","itemListElement":[{"@type":"ListItem","position":1,"name":"Home","item":"http:\/\/fortprocess.co.uk\/it\/"},{"@type":"ListItem","position":2,"name":"App di sesso locale"}]}]}},"_links":{"self":[{"href":"https:\/\/fortprocess.co.uk\/it\/wp-json\/wp\/v2\/pages\/163"}],"collection":[{"href":"https:\/\/fortprocess.co.uk\/it\/wp-json\/wp\/v2\/pages"}],"about":[{"href":"https:\/\/fortprocess.co.uk\/it\/wp-json\/wp\/v2\/types\/page"}],"author":[{"embeddable":true,"href":"https:\/\/fortprocess.co.uk\/it\/wp-json\/wp\/v2\/users\/1"}],"replies":[{"embeddable":true,"href":"https:\/\/fortprocess.co.uk\/it\/wp-json\/wp\/v2\/comments?post=163"}],"version-history":[{"count":2,"href":"https:\/\/fortprocess.co.uk\/it\/wp-json\/wp\/v2\/pages\/163\/revisions"}],"predecessor-version":[{"id":299,"href":"https:\/\/fortprocess.co.uk\/it\/wp-json\/wp\/v2\/pages\/163\/revisions\/299"}],"wp:attachment":[{"href":"https:\/\/fortprocess.co.uk\/it\/wp-json\/wp\/v2\/media?parent=163"}],"curies":[{"name":"wp","href":"https:\/\/api.w.org\/{rel}","templated":true}]}}