{"id":193,"date":"2022-10-03T11:12:03","date_gmt":"2022-10-03T10:12:03","guid":{"rendered":"http:\/\/fortprocess.co.uk\/trova-sesso-occasionale-locale-con-donne-arrapate\/"},"modified":"2022-10-29T13:18:41","modified_gmt":"2022-10-29T12:18:41","slug":"trova-sesso-occasionale-locale-con-donne-arrapate","status":"publish","type":"page","link":"https:\/\/fortprocess.co.uk\/it\/","title":{"rendered":"Trova sesso occasionale locale con donne arrapate"},"content":{"rendered":"<p>Il termine &#8220;appuntamenti casuali&#8221; viene gettato un po &#8216;nel nostro mondo di oggi. Ma cosa significa in realt\u00e0? Gli appuntamenti casuali sono buoni per tutti o solo per coloro che vogliono qualcosa a breve termine? Per capire se gli appuntamenti casuali sono giusti o sbagliati per te, \u00e8 importante capire come funziona questa forma di appuntamenti.<\/p>\n<h2>Trovare sesso occasionale<\/h2>\n<p>Secondo Match.com, ci sono tre tipi di appuntamenti casuali: una notte, amici con benefici e senza vincoli. Ognuna di queste forme di appuntamenti casuali ha diversi vantaggi e svantaggi. Diamo un&#8217;occhiata pi\u00f9 da vicino.<\/p>\n<p>Questo tipo di appuntamenti casuali \u00e8 simile al collegamento. Incontri qualcuno, ti scambi numeri e poi fai quello che ti senti di fare insieme. Questo tipo di relazione casuale non \u00e8 seria e non richiede molto impegno. Se stai cercando una fuga veloce, allora questo potrebbe funzionare bene per te. Tuttavia, se vuoi impegnarti con qualcuno, questo probabilmente non funzioner\u00e0 perch\u00e9 non sei davvero impegnato con nessuno.<\/p>\n<p><img loading=\"lazy\" class=\"alignnone size-large wp-image-36\" src=\"http:\/\/fortprocess.co.uk\/wp-content\/uploads\/2022\/10\/find-love-1024x683.jpeg\" alt=\"\" width=\"640\" height=\"427\" srcset=\"https:\/\/fortprocess.co.uk\/wp-content\/uploads\/2022\/10\/find-love-1024x683.jpeg 1024w, https:\/\/fortprocess.co.uk\/wp-content\/uploads\/2022\/10\/find-love-300x200.jpeg 300w, https:\/\/fortprocess.co.uk\/wp-content\/uploads\/2022\/10\/find-love-768x512.jpeg 768w, https:\/\/fortprocess.co.uk\/wp-content\/uploads\/2022\/10\/find-love.jpeg 1125w\" sizes=\"(max-width: 640px) 100vw, 640px\" \/><\/p>\n<h2>Le nostre recensioni<\/h2>\n<p>Se stai cercando l&#8217;amore online, ci sono molte opzioni l\u00e0 fuori. Alcune persone preferiscono utilizzare siti tradizionali come Match.com o OkCupid mentre altri optano per le app mobili. Abbiamo messo insieme un elenco di 10 delle migliori app di appuntamenti gratuite disponibili oggi.<\/p>\n<h3>Esca<\/h3>\n<p>L&#8217;app di appuntamenti che fondamentalmente ha inventato il concetto di scorrere a destra <a href=\"http:\/\/www.sito-per-sesso.com\">sito sesso<\/a> e a mancare per trovare l&#8217;amore si sta preparando a lanciare la sua ultima versione. Mercoled\u00ec, la popolare app di appuntamenti ha annunciato la data di rilascio per la sua ultima iterazione, Tinder Plus. L&#8217;aggiornamento arriver\u00e0 il 2 aprile e coster\u00e0 $ 10 \/ mese per quelli di et\u00e0 pari o inferiore a 18 anni. Per tutti gli altri, il prezzo sar\u00e0 di $ 20 \/ mese.<\/p>\n<p>Se stai cercando un po &#8216;pi\u00f9 di un semplice collegamento casuale, ci sono alcune funzionalit\u00e0 aggiuntive incluse nel pacchetto aggiornato. Prima di tutto, avrai accesso a Tinder Discover, che ti consente di sfogliare le persone in base alla citt\u00e0 in cui vivono, se sono single o in una relazione, quanti anni hanno e persino che tipo di lavoro svolgono.<\/p>\n<p>Avrai anche accesso a Rewind, che ti consente di annullare gli scorrimenti precedenti. Questa funzione \u00e8 ottima se hai accidentalmente fatto scorrere troppe volte o se volevi riavvolgere perch\u00e9 non ti piaceva la persona.<\/p>\n<p>Inoltre, avrai anche accesso ad alcune funzionalit\u00e0 esclusive, tra cui l&#8217;opzione per inviare messaggi prima di mettere mi piace a qualcuno, nonch\u00e9 la possibilit\u00e0 di bloccare gli utenti.<\/p>\n<p>C&#8217;\u00e8 un vantaggio finale incluso nel livello Plus: avrai accesso a una sezione speciale in cui potrai visualizzare le foto dei single che ti hanno gi\u00e0 apprezzato. Questa funzione si chiama &#8220;Ricompense&#8221;. Fondamentalmente, se ti piace abbastanza qualcuno, puoi dargli una ricompensa. Queste ricompense includono cose come adesivi, regali virtuali e persino denaro.<\/p>\n<h3>Cardine<\/h3>\n<p>L&#8217;app di appuntamenti Hinge \u00e8 disponibile solo tramite app iOS e Android, rendendola meno utile per le persone senza smartphone. Il compromesso \u00e8 che l&#8217;app ha alcuni dei migliori profili in circolazione, il che rende pi\u00f9 divertente trovare una buona corrispondenza, se non sempre pi\u00f9 facile.<\/p>\n<p>A parte le solite statistiche di base &#8211; come fascia d&#8217;et\u00e0, sesso, posizione, stato della relazione, ecc. &#8211; I profili a cerniera ti incoraggiano a usare foto e scrivere richieste e puoi persino registrare clip audio.<\/p>\n<p>Tutto ci\u00f2 rende facile comunicare tra loro, ed \u00e8 tutto molto affascinante. Ma l&#8217;app offre <a href=\"https:\/\/www.siti-incontri.net\/\">siti di sesso gratuito<\/a> un piccolo set di funzionalit\u00e0 gratuitamente. Puoi inviare solo 12 Mi piace al giorno e non ci sono opzioni a pagamento per vedere chi ti \u00e8 piaciuto, rimetterti mi piace o aggiungerti ai gruppi.<\/p>\n<h3>Pof<\/h3>\n<p>L&#8217;app di appuntamenti gratuita Plenty of Fish non \u00e8 esattamente nota per avere uno dei pi\u00f9 grandi pubblici l\u00e0 fuori, ma vanta alcune statistiche piuttosto impressionanti. Infatti, secondo AppData, POF ha oltre 50 milioni di download in tutto il mondo, rendendolo una delle app pi\u00f9 scaricate su dispositivi iOS e Android. E mentre la maggior parte di questi download avviene tramite l&#8217;App Store di Apple, molte persone scaricano l&#8217;app direttamente dal Play Store.<\/p>\n<p>Ma cosa distingue POF dalla massa? Bene, oltre al fatto che \u00e8 completamente gratuito da usare, offre anche molti vantaggi che molti concorrenti non includono. Ad esempio, puoi inviare messaggi di testo illimitati a chiunque tu voglia senza pagare nulla in pi\u00f9 e non dovrai mai preoccuparti di imbatterti negli ex di qualcun altro sul sito. Inoltre, puoi sfogliare migliaia di potenziali partite ogni giorno e non dovrai mai pagare un centesimo per farlo.<\/p>\n<h3>Fiammifero<\/h3>\n<p>L&#8217;app Match \u00e8 una delle piattaforme di incontri pi\u00f9 popolari in circolazione. Con oltre 60 milioni di utenti attivi mensilmente, Match \u00e8 una delle app di appuntamenti pi\u00f9 vecchie in circolazione. La sua versione gratuita consente agli utenti di sfogliare i profili, inviare ammiccamenti e richieste di corrispondenza e visualizzare le partite, ma non ci sono opzioni per chattare, vedere foto o persino inviare regali.<\/p>\n<p>Per comunicare davvero con chiunque all&#8217;interno di Match, devi pagare fino al grado di Match Plus, che costa $ 35 al mese per tre mesi, $ 45 al mese per quattro mesi o $ 60 al mese per sei mesi. Se vuoi continuare oltre i sei mesi, pagherai $ 35 al mese per ogni sei mesi aggiuntivi.<\/p>\n<p>Se stai cercando qualcosa di pi\u00f9 economico, Match offre un abbonamento di prova per soli $ 1.99. Questo ti d\u00e0 accesso sia alla versione gratuita che a quella a pagamento di Match, permettendoti di provarlo senza impegnarti in nulla.<\/p>\n<h3>Bumble<\/h3>\n<p>Se stai cercando un buon modo per incontrare qualcuno, abbiamo alcune notizie per te: ci sono molte opzioni l\u00e0 fuori. Ma un&#8217;app si trova sopra le altre. Bumble \u00e8 un&#8217;app di appuntamenti che rende la ricerca dell&#8217;amore pi\u00f9 facile che mai. E mentre ci sono molte app di appuntamenti l\u00e0 fuori, ci\u00f2 che distingue Bumble \u00e8 la sua enfasi sulla sicurezza. Quando ti registri, riceverai un codice di verifica tramite SMS. Ci\u00f2 garantisce che nessun altro possa accedere al tuo account. Una volta verificato, puoi iniziare a cercare potenziali date. Se scorri verso destra sul profilo di qualcuno, vedrai la sua biografia e le sue foto. Da l\u00ec, puoi scegliere di chattare direttamente con loro o continuare a navigare. Se vuoi inviare un messaggio, tocca semplicemente il pulsante &#8220;scrivi ora&#8221;. Dopo aver scritto il tuo messaggio, puoi decidere se inviarlo o meno. In tal caso, riceverai una notifica che ti informa se il messaggio \u00e8 stato ricevuto o meno. Per mantenere le cose interessanti, Bumble ti consente di porre domande durante le conversazioni. Se preferisci semplicemente navigare senza inviare messaggi a nessuno, puoi comunque farlo anche tu. Basta aprire l&#8217;app e scorrere verso il basso per visualizzare i profili. Ci sono diversi filtri che puoi applicare, tra cui posizione, fascia d&#8217;et\u00e0 e stato della relazione. Mentre Bumble non \u00e8 perfetto, vale sicuramente la pena dare un&#8217;occhiata se stai cercando un appuntamento veloce o anche un partner a lungo termine.<\/p>\n<h2>App di appuntamenti seri<\/h2>\n<p>Ci sono molte ragioni per cui le persone vanno su siti di incontri online. Alcuni vogliono trovare qualcuno di speciale; altri vogliono solo incontrare nuove persone. E mentre alcuni siti richiedono una tassa, ci sono tonnellate di opzioni che ti consentono di sfogliare i profili gratuitamente. Ecco cinque dei nostri preferiti.<\/p>\n<h3>eHarmony<\/h3>\n<p>Se stai cercando una relazione a lungo termine, eHarmony potrebbe valere la pena di dare un&#8217;occhiata. Puoi iscriverti gratuitamente e vedere cosa corrisponde meglio. Una volta fatto, ci vogliono circa 30 minuti per completare il tuo profilo. Successivamente, puoi inviare messaggi a potenziali date gratuitamente. Se decidi di passare a un abbonamento a pagamento, puoi chattare con i membri gratuitamente.<\/p>\n<h3>OkCupido<\/h3>\n<p>Per coloro che vogliono qualcosa di casual, OkCupid \u00e8 un&#8217;ottima opzione. Puoi navigare gratuitamente, ma non sarai in grado di contattare nessuno a meno che tu non paghi per l&#8217;abbonamento premium. I membri Premium possono visualizzare le foto dei membri, scambiarsi messaggi e vedere quanto sono compatibili.<\/p>\n<h3>Badoo \u00b7<\/h3>\n<p>Badoo \u00e8 una delle pi\u00f9 antiche app di appuntamenti in circolazione, essendo stata lanciata nel lontano 2005. Oggi vanta oltre 200 milioni di utenti mensili attivi in 190 paesi. \u00c8 anche abbastanza facile da configurare: basta accedere con Facebook e iniziare a scorrere. Puoi filtrare le corrispondenze in base all&#8217;et\u00e0, alla posizione e allo stato della relazione. Ci sono anche eventi speciali a cui puoi partecipare per incontrare nuove persone.<\/p>\n","protected":false},"excerpt":{"rendered":"<p>Il termine &#8220;appuntamenti casuali&#8221; viene gettato un po &#8216;nel nostro mondo di oggi. Ma cosa significa in realt\u00e0? Gli appuntamenti casuali sono buoni per tutti o solo per coloro che vogliono qualcosa a breve termine? Per capire se gli appuntamenti casuali sono giusti o sbagliati per te, \u00e8 importante capire come funziona questa forma di [&hellip;]<\/p>\n","protected":false},"author":1,"featured_media":106,"parent":0,"menu_order":0,"comment_status":"closed","ping_status":"closed","template":"","meta":[],"yoast_head":"<!-- This site is optimized with the Yoast SEO plugin v17.7.1 - https:\/\/yoast.com\/wordpress\/plugins\/seo\/ -->\n<title>Trova sesso occasionale locale con donne arrapate - Process Reviews<\/title>\n<meta name=\"robots\" content=\"index, follow, max-snippet:-1, max-image-preview:large, max-video-preview:-1\" \/>\n<link rel=\"canonical\" href=\"https:\/\/fortprocess.co.uk\/it\/\" \/>\n<meta property=\"og:locale\" content=\"it_IT\" \/>\n<meta property=\"og:type\" content=\"article\" \/>\n<meta property=\"og:title\" content=\"Trova sesso occasionale locale con donne arrapate - Process Reviews\" \/>\n<meta property=\"og:description\" content=\"Il termine &#8220;appuntamenti casuali&#8221; viene gettato un po &#8216;nel nostro mondo di oggi. Ma cosa significa in realt\u00e0? Gli appuntamenti casuali sono buoni per tutti o solo per coloro che vogliono qualcosa a breve termine? Per capire se gli appuntamenti casuali sono giusti o sbagliati per te, \u00e8 importante capire come funziona questa forma di [&hellip;]\" \/>\n<meta property=\"og:url\" content=\"https:\/\/fortprocess.co.uk\/it\/\" \/>\n<meta property=\"og:site_name\" content=\"Process Reviews\" \/>\n<meta property=\"article:modified_time\" content=\"2022-10-29T12:18:41+00:00\" \/>\n<meta property=\"og:image\" content=\"http:\/\/fortprocess.co.uk\/wp-content\/uploads\/2022\/10\/meet-for-dates.jpeg\" \/>\n\t<meta property=\"og:image:width\" content=\"2262\" \/>\n\t<meta property=\"og:image:height\" content=\"1500\" \/>\n<meta name=\"twitter:card\" content=\"summary_large_image\" \/>\n<meta name=\"twitter:label1\" content=\"Tempo di lettura stimato\" \/>\n\t<meta name=\"twitter:data1\" content=\"7 minuti\" \/>\n<script type=\"application\/ld+json\" class=\"yoast-schema-graph\">{\"@context\":\"https:\/\/schema.org\",\"@graph\":[{\"@type\":\"WebSite\",\"@id\":\"https:\/\/fortprocess.co.uk\/it\/#website\",\"url\":\"https:\/\/fortprocess.co.uk\/it\/\",\"name\":\"Process Reviews\",\"description\":\"Casual Dating\",\"potentialAction\":[{\"@type\":\"SearchAction\",\"target\":{\"@type\":\"EntryPoint\",\"urlTemplate\":\"https:\/\/fortprocess.co.uk\/it\/?s={search_term_string}\"},\"query-input\":\"required name=search_term_string\"}],\"inLanguage\":\"it-IT\"},{\"@type\":\"ImageObject\",\"@id\":\"https:\/\/fortprocess.co.uk\/it\/#primaryimage\",\"inLanguage\":\"it-IT\",\"url\":\"https:\/\/fortprocess.co.uk\/wp-content\/uploads\/2022\/10\/meet-for-dates.jpeg\",\"contentUrl\":\"https:\/\/fortprocess.co.uk\/wp-content\/uploads\/2022\/10\/meet-for-dates.jpeg\",\"width\":2262,\"height\":1500},{\"@type\":\"WebPage\",\"@id\":\"https:\/\/fortprocess.co.uk\/it\/#webpage\",\"url\":\"https:\/\/fortprocess.co.uk\/it\/\",\"name\":\"Trova sesso occasionale locale con donne arrapate - Process Reviews\",\"isPartOf\":{\"@id\":\"https:\/\/fortprocess.co.uk\/it\/#website\"},\"primaryImageOfPage\":{\"@id\":\"https:\/\/fortprocess.co.uk\/it\/#primaryimage\"},\"datePublished\":\"2022-10-03T10:12:03+00:00\",\"dateModified\":\"2022-10-29T12:18:41+00:00\",\"breadcrumb\":{\"@id\":\"https:\/\/fortprocess.co.uk\/it\/#breadcrumb\"},\"inLanguage\":\"it-IT\",\"potentialAction\":[{\"@type\":\"ReadAction\",\"target\":[\"https:\/\/fortprocess.co.uk\/it\/\"]}]},{\"@type\":\"BreadcrumbList\",\"@id\":\"https:\/\/fortprocess.co.uk\/it\/#breadcrumb\",\"itemListElement\":[{\"@type\":\"ListItem\",\"position\":1,\"name\":\"Home\",\"item\":\"http:\/\/fortprocess.co.uk\/it\/\"},{\"@type\":\"ListItem\",\"position\":2,\"name\":\"Trova sesso occasionale locale con donne arrapate\"}]}]}<\/script>\n<!-- \/ Yoast SEO plugin. -->","yoast_head_json":{"title":"Trova sesso occasionale locale con donne arrapate - Process Reviews","robots":{"index":"index","follow":"follow","max-snippet":"max-snippet:-1","max-image-preview":"max-image-preview:large","max-video-preview":"max-video-preview:-1"},"canonical":"https:\/\/fortprocess.co.uk\/it\/","og_locale":"it_IT","og_type":"article","og_title":"Trova sesso occasionale locale con donne arrapate - Process Reviews","og_description":"Il termine &#8220;appuntamenti casuali&#8221; viene gettato un po &#8216;nel nostro mondo di oggi. Ma cosa significa in realt\u00e0? Gli appuntamenti casuali sono buoni per tutti o solo per coloro che vogliono qualcosa a breve termine? Per capire se gli appuntamenti casuali sono giusti o sbagliati per te, \u00e8 importante capire come funziona questa forma di [&hellip;]","og_url":"https:\/\/fortprocess.co.uk\/it\/","og_site_name":"Process Reviews","article_modified_time":"2022-10-29T12:18:41+00:00","og_image":[{"width":2262,"height":1500,"url":"http:\/\/fortprocess.co.uk\/wp-content\/uploads\/2022\/10\/meet-for-dates.jpeg","type":"image\/jpeg"}],"twitter_card":"summary_large_image","twitter_misc":{"Tempo di lettura stimato":"7 minuti"},"schema":{"@context":"https:\/\/schema.org","@graph":[{"@type":"WebSite","@id":"https:\/\/fortprocess.co.uk\/it\/#website","url":"https:\/\/fortprocess.co.uk\/it\/","name":"Process Reviews","description":"Casual Dating","potentialAction":[{"@type":"SearchAction","target":{"@type":"EntryPoint","urlTemplate":"https:\/\/fortprocess.co.uk\/it\/?s={search_term_string}"},"query-input":"required name=search_term_string"}],"inLanguage":"it-IT"},{"@type":"ImageObject","@id":"https:\/\/fortprocess.co.uk\/it\/#primaryimage","inLanguage":"it-IT","url":"https:\/\/fortprocess.co.uk\/wp-content\/uploads\/2022\/10\/meet-for-dates.jpeg","contentUrl":"https:\/\/fortprocess.co.uk\/wp-content\/uploads\/2022\/10\/meet-for-dates.jpeg","width":2262,"height":1500},{"@type":"WebPage","@id":"https:\/\/fortprocess.co.uk\/it\/#webpage","url":"https:\/\/fortprocess.co.uk\/it\/","name":"Trova sesso occasionale locale con donne arrapate - Process Reviews","isPartOf":{"@id":"https:\/\/fortprocess.co.uk\/it\/#website"},"primaryImageOfPage":{"@id":"https:\/\/fortprocess.co.uk\/it\/#primaryimage"},"datePublished":"2022-10-03T10:12:03+00:00","dateModified":"2022-10-29T12:18:41+00:00","breadcrumb":{"@id":"https:\/\/fortprocess.co.uk\/it\/#breadcrumb"},"inLanguage":"it-IT","potentialAction":[{"@type":"ReadAction","target":["https:\/\/fortprocess.co.uk\/it\/"]}]},{"@type":"BreadcrumbList","@id":"https:\/\/fortprocess.co.uk\/it\/#breadcrumb","itemListElement":[{"@type":"ListItem","position":1,"name":"Home","item":"http:\/\/fortprocess.co.uk\/it\/"},{"@type":"ListItem","position":2,"name":"Trova sesso occasionale locale con donne arrapate"}]}]}},"_links":{"self":[{"href":"https:\/\/fortprocess.co.uk\/it\/wp-json\/wp\/v2\/pages\/193"}],"collection":[{"href":"https:\/\/fortprocess.co.uk\/it\/wp-json\/wp\/v2\/pages"}],"about":[{"href":"https:\/\/fortprocess.co.uk\/it\/wp-json\/wp\/v2\/types\/page"}],"author":[{"embeddable":true,"href":"https:\/\/fortprocess.co.uk\/it\/wp-json\/wp\/v2\/users\/1"}],"replies":[{"embeddable":true,"href":"https:\/\/fortprocess.co.uk\/it\/wp-json\/wp\/v2\/comments?post=193"}],"version-history":[{"count":2,"href":"https:\/\/fortprocess.co.uk\/it\/wp-json\/wp\/v2\/pages\/193\/revisions"}],"predecessor-version":[{"id":308,"href":"https:\/\/fortprocess.co.uk\/it\/wp-json\/wp\/v2\/pages\/193\/revisions\/308"}],"wp:featuredmedia":[{"embeddable":true,"href":"https:\/\/fortprocess.co.uk\/it\/wp-json\/wp\/v2\/media\/106"}],"wp:attachment":[{"href":"https:\/\/fortprocess.co.uk\/it\/wp-json\/wp\/v2\/media?parent=193"}],"curies":[{"name":"wp","href":"https:\/\/api.w.org\/{rel}","templated":true}]}}