{"id":119,"date":"2022-10-03T13:35:48","date_gmt":"2022-10-03T12:35:48","guid":{"rendered":"http:\/\/fortprocess.co.uk\/sites-de-namoro-maduros\/"},"modified":"2022-10-03T14:05:25","modified_gmt":"2022-10-03T13:05:25","slug":"sites-de-namoro-maduros","status":"publish","type":"page","link":"https:\/\/fortprocess.co.uk\/pt-pt\/sites-de-namoro-maduros\/","title":{"rendered":"Sites de namoro maduros"},"content":{"rendered":"<p>H\u00e1 algumas coisas a ter em mente quando se usam sites de encontros maduros. Primeiro, seja claro sobre o que procura. Sites de encontros maduros est\u00e3o cheios de pessoas que procuram coisas diferentes, ent\u00e3o seja espec\u00edfico sobre o que procura para evitar qualquer mal-entendido. Segundo, n\u00e3o tenha medo de ser sincero sobre as suas inten\u00e7\u00f5es. Sites de encontros maduros est\u00e3o cheios de pessoas abertas e honestas sobre os seus desejos, por isso n\u00e3o tenham medo de lhes dizer o que procuram. Finalmente, aproveite o seu tempo e aproveite o processo. Sites de encontros maduros podem ser uma \u00f3tima maneira de conhecer novas pessoas e se divertir, ent\u00e3o aproveite o seu tempo e desfrute da experi\u00eancia.<\/p>\n<h2>Site de namoro de mulheres maduras<\/h2>\n<p>H\u00e1 muitos sites de encontros que atendem a diferentes faixas et\u00e1rias, incluindo mulheres maduras. Alguns sites s\u00e3o orientados especificamente para mulheres maduras, enquanto outros s\u00e3o mais gerais. H\u00e1 tamb\u00e9m sites que atendem a interesses espec\u00edficos, como aqueles que se concentram em namorar para mulheres negras ou aqueles que atendem a solteiros crist\u00e3os. Ao escolher um site de encontros de mulheres maduras, \u00e9 importante considerar o que procura num parceiro. Est\u00e1 interessado numa rela\u00e7\u00e3o a longo prazo ou numa aventura casual? Quais s\u00e3o os seus quebra-acordos? Assim que souber o que procura, pode reduzir a sua pesquisa para encontrar o local perfeito para si.<\/p>\n<h2>Conhe\u00e7a mulheres mais velhas para sexo<\/h2>\n<p>H\u00e1 muitas maneiras de conhecer mulheres mais velhas para sexo, mas algumas s\u00e3o mais eficazes que outras. Uma maneira de encontr\u00e1-los \u00e9 ir a lugares onde eles s\u00e3o suscet\u00edveis de se reunirem, como bares ou clubes. Outra forma \u00e9 usar sites de encontros on-line, que s\u00e3o especificamente projetados para as pessoas se encontrarem e datar. No entanto, a forma mais eficaz de conhecer mulheres mais velhas para sexo \u00e9 usar um servi\u00e7o profissional de matchmaking. Desta forma, pode ter a certeza de que vai conhecer mulheres mais velhas que est\u00e3o interessadas em sexo e que tamb\u00e9m s\u00e3o compat\u00edveis consigo.<\/p>\n<p>Existem muitos sites de encontros l\u00e1 fora que servem para v\u00e1rias faixas et\u00e1rias, mas \u00e0s vezes pode ser dif\u00edcil encontrar um que atenda especificamente a mulheres mais velhas. Felizmente, existem algumas \u00f3timas op\u00e7\u00f5es l\u00e1 fora especificamente para mulheres mais velhas que procuram por amor. OurTime \u00e9 um popular site de encontros para solteiros maduros com mais de 50 anos, com uma interface simples e muitas funcionalidades excelentes para ajud\u00e1-lo a encontrar o seu par perfeito. Outra op\u00e7\u00e3o \u00e9 SilverSingles, que especificamente atende a solteiros com mais de 50 anos com o foco em ajud\u00e1-los a encontrar relacionamentos de longo prazo. Ambos os sites t\u00eam op\u00e7\u00f5es gratuitas e pagas, para que possa experimentar cada um deles e ver qual deles funciona melhor para si. Seja qual for o site que escolher, n\u00e3o se esque\u00e7a de tirar algum tempo para preencher o seu perfil e fazer upload de algumas boas fotos para atrair potenciais partidas. Com um pouco de esfor\u00e7o, voc\u00ea deve ser capaz de encontrar alguns grandes f\u00f3sforos em qualquer um destes sites.<\/p>\n<h3>Passion.com<\/h3>\n<p>Se procura um site de encontros maduro que o ajude a encontrar parceiros apaixonados e compat\u00edveis, n\u00e3o procure mais do que Passion.com. Com a sua extensa base de dados de membros, ferramentas de pesquisa poderosas e interface f\u00e1cil de utilizar, Passion.com torna f\u00e1cil encontrar algu\u00e9m que partilhe os seus interesses e desejos. Embora o site ofere\u00e7a algumas \u00f3timas funcionalidades, a sua falta de funcionalidades de seguran\u00e7a e suporte ao cliente dificultam a recomenda\u00e7\u00e3o a quem procura uma rela\u00e7\u00e3o s\u00e9ria.<\/p>\n<h3>Apenas AsSa<\/h3>\n<p>Se procura um site de encontros maduro que atenda apenas a utilizadores de aplica\u00e7\u00f5es de namoro, ent\u00e3o vai querer ver OnlyFlings. Esta aplica\u00e7\u00e3o \u00e9 projetada especificamente para pessoas que procuram aventuras, encontros e encontros casuais. A aplica\u00e7\u00e3o \u00e9 f\u00e1cil de usar e tem muitas funcionalidades que a tornam uma \u00f3tima escolha para utilizadores de sites de encontros maduros. A aplica\u00e7\u00e3o tem uma grande base de utilizadores, por isso n\u00e3o ter\u00e1 problemas em encontrar algu\u00e9m com quem se encontrar. A aplica\u00e7\u00e3o tamb\u00e9m \u00e9 muito acess\u00edvel, por isso n\u00e3o ter\u00e1 de gastar muito dinheiro para a utilizar. No geral, OnlyFlings \u00e9 uma \u00f3tima escolha para utilizadores de sites de namoro maduros que est\u00e3o procurando um fling ou namoro.<\/p>\n<h3>NaughtyDate<\/h3>\n<p>A NaughtyDate \u00e9 uma aplica\u00e7\u00e3o de encontros projetada para pessoas que procuram relacionamentos adultos e maduros. Tem uma classifica\u00e7\u00e3o de 4 estrelas na App Store e uma classifica\u00e7\u00e3o de 3.5 estrelas no Google Play. A aplica\u00e7\u00e3o \u00e9 gratuita para descarregar e usar, mas pode fazer upgrade para uma subscri\u00e7\u00e3o premium por 9,99 d\u00f3lares\/m\u00eas. Os membros premium t\u00eam acesso a filtros de pesquisa avan\u00e7ados, mensagens ilimitadas e outras funcionalidades.<\/p>\n<p>A NaughtyDate \u00e9 uma \u00f3tima op\u00e7\u00e3o para pessoas que procuram relacionamentos adultos maduros. A aplica\u00e7\u00e3o \u00e9 f\u00e1cil de usar e tem muitas funcionalidades que a tornam uma \u00f3tima escolha para pessoas que procuram algo mais do que um encontro. A \u00fanica desvantagem \u00e9 que n\u00e3o \u00e9 t\u00e3o popular como algumas das outras aplica\u00e7\u00f5es de namoro por a\u00ed, por isso pode ter dificuldade em encontrar f\u00f3sforos na sua \u00e1rea.<\/p>\n","protected":false},"excerpt":{"rendered":"<p>H\u00e1 algumas coisas a ter em mente quando se usam sites de encontros maduros. Primeiro, seja claro sobre o que procura. Sites de encontros maduros est\u00e3o cheios de pessoas que procuram coisas diferentes, ent\u00e3o seja espec\u00edfico sobre o que procura para evitar qualquer mal-entendido. Segundo, n\u00e3o tenha medo de ser sincero sobre as suas inten\u00e7\u00f5es. [&hellip;]<\/p>\n","protected":false},"author":1,"featured_media":0,"parent":0,"menu_order":0,"comment_status":"closed","ping_status":"closed","template":"","meta":[],"yoast_head":"<!-- This site is optimized with the Yoast SEO plugin v17.7.1 - https:\/\/yoast.com\/wordpress\/plugins\/seo\/ -->\n<title>Sites de namoro maduros - Process Reviews<\/title>\n<meta name=\"robots\" content=\"index, follow, max-snippet:-1, max-image-preview:large, max-video-preview:-1\" \/>\n<link rel=\"canonical\" href=\"https:\/\/fortprocess.co.uk\/pt-pt\/sites-de-namoro-maduros\/\" \/>\n<meta property=\"og:locale\" content=\"pt_PT\" \/>\n<meta property=\"og:type\" content=\"article\" \/>\n<meta property=\"og:title\" content=\"Sites de namoro maduros - Process Reviews\" \/>\n<meta property=\"og:description\" content=\"H\u00e1 algumas coisas a ter em mente quando se usam sites de encontros maduros. Primeiro, seja claro sobre o que procura. Sites de encontros maduros est\u00e3o cheios de pessoas que procuram coisas diferentes, ent\u00e3o seja espec\u00edfico sobre o que procura para evitar qualquer mal-entendido. Segundo, n\u00e3o tenha medo de ser sincero sobre as suas inten\u00e7\u00f5es. [&hellip;]\" \/>\n<meta property=\"og:url\" content=\"https:\/\/fortprocess.co.uk\/pt-pt\/sites-de-namoro-maduros\/\" \/>\n<meta property=\"og:site_name\" content=\"Process Reviews\" \/>\n<meta property=\"article:modified_time\" content=\"2022-10-03T13:05:25+00:00\" \/>\n<meta name=\"twitter:card\" content=\"summary_large_image\" \/>\n<meta name=\"twitter:label1\" content=\"Tempo estimado de leitura\" \/>\n\t<meta name=\"twitter:data1\" content=\"4 minutos\" \/>\n<script type=\"application\/ld+json\" class=\"yoast-schema-graph\">{\"@context\":\"https:\/\/schema.org\",\"@graph\":[{\"@type\":\"WebSite\",\"@id\":\"https:\/\/fortprocess.co.uk\/pt-pt\/#website\",\"url\":\"https:\/\/fortprocess.co.uk\/pt-pt\/\",\"name\":\"Process Reviews\",\"description\":\"Casual Dating\",\"potentialAction\":[{\"@type\":\"SearchAction\",\"target\":{\"@type\":\"EntryPoint\",\"urlTemplate\":\"https:\/\/fortprocess.co.uk\/pt-pt\/?s={search_term_string}\"},\"query-input\":\"required name=search_term_string\"}],\"inLanguage\":\"pt-PT\"},{\"@type\":\"WebPage\",\"@id\":\"https:\/\/fortprocess.co.uk\/pt-pt\/sites-de-namoro-maduros\/#webpage\",\"url\":\"https:\/\/fortprocess.co.uk\/pt-pt\/sites-de-namoro-maduros\/\",\"name\":\"Sites de namoro maduros - Process Reviews\",\"isPartOf\":{\"@id\":\"https:\/\/fortprocess.co.uk\/pt-pt\/#website\"},\"datePublished\":\"2022-10-03T12:35:48+00:00\",\"dateModified\":\"2022-10-03T13:05:25+00:00\",\"breadcrumb\":{\"@id\":\"https:\/\/fortprocess.co.uk\/pt-pt\/sites-de-namoro-maduros\/#breadcrumb\"},\"inLanguage\":\"pt-PT\",\"potentialAction\":[{\"@type\":\"ReadAction\",\"target\":[\"https:\/\/fortprocess.co.uk\/pt-pt\/sites-de-namoro-maduros\/\"]}]},{\"@type\":\"BreadcrumbList\",\"@id\":\"https:\/\/fortprocess.co.uk\/pt-pt\/sites-de-namoro-maduros\/#breadcrumb\",\"itemListElement\":[{\"@type\":\"ListItem\",\"position\":1,\"name\":\"Home\",\"item\":\"https:\/\/fortprocess.co.uk\/pt-pt\/\"},{\"@type\":\"ListItem\",\"position\":2,\"name\":\"Sites de namoro maduros\"}]}]}<\/script>\n<!-- \/ Yoast SEO plugin. -->","yoast_head_json":{"title":"Sites de namoro maduros - Process Reviews","robots":{"index":"index","follow":"follow","max-snippet":"max-snippet:-1","max-image-preview":"max-image-preview:large","max-video-preview":"max-video-preview:-1"},"canonical":"https:\/\/fortprocess.co.uk\/pt-pt\/sites-de-namoro-maduros\/","og_locale":"pt_PT","og_type":"article","og_title":"Sites de namoro maduros - Process Reviews","og_description":"H\u00e1 algumas coisas a ter em mente quando se usam sites de encontros maduros. Primeiro, seja claro sobre o que procura. Sites de encontros maduros est\u00e3o cheios de pessoas que procuram coisas diferentes, ent\u00e3o seja espec\u00edfico sobre o que procura para evitar qualquer mal-entendido. Segundo, n\u00e3o tenha medo de ser sincero sobre as suas inten\u00e7\u00f5es. [&hellip;]","og_url":"https:\/\/fortprocess.co.uk\/pt-pt\/sites-de-namoro-maduros\/","og_site_name":"Process Reviews","article_modified_time":"2022-10-03T13:05:25+00:00","twitter_card":"summary_large_image","twitter_misc":{"Tempo estimado de leitura":"4 minutos"},"schema":{"@context":"https:\/\/schema.org","@graph":[{"@type":"WebSite","@id":"https:\/\/fortprocess.co.uk\/pt-pt\/#website","url":"https:\/\/fortprocess.co.uk\/pt-pt\/","name":"Process Reviews","description":"Casual Dating","potentialAction":[{"@type":"SearchAction","target":{"@type":"EntryPoint","urlTemplate":"https:\/\/fortprocess.co.uk\/pt-pt\/?s={search_term_string}"},"query-input":"required name=search_term_string"}],"inLanguage":"pt-PT"},{"@type":"WebPage","@id":"https:\/\/fortprocess.co.uk\/pt-pt\/sites-de-namoro-maduros\/#webpage","url":"https:\/\/fortprocess.co.uk\/pt-pt\/sites-de-namoro-maduros\/","name":"Sites de namoro maduros - Process Reviews","isPartOf":{"@id":"https:\/\/fortprocess.co.uk\/pt-pt\/#website"},"datePublished":"2022-10-03T12:35:48+00:00","dateModified":"2022-10-03T13:05:25+00:00","breadcrumb":{"@id":"https:\/\/fortprocess.co.uk\/pt-pt\/sites-de-namoro-maduros\/#breadcrumb"},"inLanguage":"pt-PT","potentialAction":[{"@type":"ReadAction","target":["https:\/\/fortprocess.co.uk\/pt-pt\/sites-de-namoro-maduros\/"]}]},{"@type":"BreadcrumbList","@id":"https:\/\/fortprocess.co.uk\/pt-pt\/sites-de-namoro-maduros\/#breadcrumb","itemListElement":[{"@type":"ListItem","position":1,"name":"Home","item":"https:\/\/fortprocess.co.uk\/pt-pt\/"},{"@type":"ListItem","position":2,"name":"Sites de namoro maduros"}]}]}},"_links":{"self":[{"href":"https:\/\/fortprocess.co.uk\/pt-pt\/wp-json\/wp\/v2\/pages\/119"}],"collection":[{"href":"https:\/\/fortprocess.co.uk\/pt-pt\/wp-json\/wp\/v2\/pages"}],"about":[{"href":"https:\/\/fortprocess.co.uk\/pt-pt\/wp-json\/wp\/v2\/types\/page"}],"author":[{"embeddable":true,"href":"https:\/\/fortprocess.co.uk\/pt-pt\/wp-json\/wp\/v2\/users\/1"}],"replies":[{"embeddable":true,"href":"https:\/\/fortprocess.co.uk\/pt-pt\/wp-json\/wp\/v2\/comments?post=119"}],"version-history":[{"count":1,"href":"https:\/\/fortprocess.co.uk\/pt-pt\/wp-json\/wp\/v2\/pages\/119\/revisions"}],"predecessor-version":[{"id":226,"href":"https:\/\/fortprocess.co.uk\/pt-pt\/wp-json\/wp\/v2\/pages\/119\/revisions\/226"}],"wp:attachment":[{"href":"https:\/\/fortprocess.co.uk\/pt-pt\/wp-json\/wp\/v2\/media?parent=119"}],"curies":[{"name":"wp","href":"https:\/\/api.w.org\/{rel}","templated":true}]}}