{"id":130,"date":"2022-10-03T13:34:58","date_gmt":"2022-10-03T12:34:58","guid":{"rendered":"http:\/\/fortprocess.co.uk\/meninas-procurando-sexo\/"},"modified":"2022-10-03T14:05:28","modified_gmt":"2022-10-03T13:05:28","slug":"meninas-procurando-sexo","status":"publish","type":"page","link":"https:\/\/fortprocess.co.uk\/pt-pt\/meninas-procurando-sexo\/","title":{"rendered":"Meninas procurando sexo"},"content":{"rendered":"<p>N\u00e3o h\u00e1 d\u00favida de que as raparigas est\u00e3o sempre \u00e0 procura de sexo. Querem encontrar-se com algu\u00e9m com quem se possam divertir e em quem podem confiar. No entanto, nem sempre \u00e9 f\u00e1cil encontrar algu\u00e9m em quem possa confiar, e com quem se possa divertir. \u00c0s vezes, pode ser dif\u00edcil dizer se um tipo s\u00f3 quer namorar ou se quer mesmo sair contigo. Se est\u00e1s \u00e0 procura de um encontro, ent\u00e3o \u00e9 importante saber se um tipo est\u00e1 apenas a tentar usar-te. H\u00e1 algumas coisas que podes procurar, como se ele est\u00e1 ou n\u00e3o a falar contigo, ou se ele est\u00e1 apenas a tentar levar-te para a cama. Se um tipo est\u00e1 a tentar levar-te para a cama, ent\u00e3o provavelmente n\u00e3o vale o teu tempo. No entanto, se um tipo est\u00e1 interessado em ti e quer conhecer-te, ent\u00e3o vale definitivamente o teu tempo.<\/p>\n<h2>Mulheres procurando por sexo<\/h2>\n<p>H\u00e1 muitas mulheres \u00e0 procura de sexo. Podem estar casados ou numa rela\u00e7\u00e3o, mas ainda est\u00e3o excitados. E n\u00e3o t\u00eam medo de admitir. Est\u00e3o \u00e0 procura de um homem que possa satisfazer as suas necessidades. E est\u00e3o dispostos a encontr\u00e1-lo. N\u00e3o est\u00e3o \u00e0 procura de uma rela\u00e7\u00e3o. S\u00f3 est\u00e3o \u00e0 procura de divers\u00e3o.<\/p>\n<p>H\u00e1 mulheres \u00e0 procura de sexo perto de mim a toda a hora. N\u00e3o sei porqu\u00ea, mas parece que sempre que saio, h\u00e1 pelo menos uma mulher \u00e0 procura de sexo. Talvez estejam muito excitados, ou talvez estejam \u00e0 procura de amor. De qualquer forma, \u00e9 sempre uma excita\u00e7\u00e3o para mim.<\/p>\n<h2>Conhe\u00e7a as mulheres horny perto de voc\u00ea<\/h2>\n<p>N\u00e3o h\u00e1 necessidade de ser t\u00edmido quando se trata de conhecer mulheres excitadas perto de si. Voc\u00ea pode encontr\u00e1-los facilmente on-line atrav\u00e9s de sites de namoro ou aplicativos. Assim que encontrares algu\u00e9m que te interesse, envia-lhe uma mensagem e diz-lhes o que procuras. Se estiverem interessados, responder\u00e3o e podes tirar as coisas da\u00ed. Certifique-se de ser respeitoso e sincero sobre o que procura para evitar mal-entendidos.<\/p>\n<h3>LuckyCrush<\/h3>\n<p>Se est\u00e1s \u00e0 procura de sexo, o LuckyCrush \u00e9 o aplicativo de encontros para ti. A aplica\u00e7\u00e3o \u00e9 projetada especificamente para meninas que querem se juntar com caras, e \u00e9 absolutamente livre de usar. Tudo o que precisa fazer \u00e9 criar um perfil e come\u00e7ar a limpar. LuckyCrush vai mostrar-vos na vossa \u00e1rea que est\u00e3o \u00e0 procura da mesma coisa que voc\u00eas, e podem come\u00e7ar a conversar com eles imediatamente. A melhor parte \u00e9 que nem precisa sair de casa para encontrar um engate; voc\u00ea pode fazer tudo a partir do conforto da sua pr\u00f3pria cama.<\/p>\n<h3>Badoo<\/h3>\n<p>Badoo \u00e9 uma aplica\u00e7\u00e3o de encontros que \u00e9 popular entre as meninas que procuram sexo. A aplica\u00e7\u00e3o tem muitos perfis falsos, o que torna dif\u00edcil encontrar raparigas reais. A aplica\u00e7\u00e3o tamb\u00e9m \u00e9 conhecida pela sua cultura de liga\u00e7\u00e3o, o que torna f\u00e1cil encontrar um caso de uma noite. No entanto, tamb\u00e9m h\u00e1 muitas raparigas na aplica\u00e7\u00e3o que est\u00e3o \u00e0 procura de uma rela\u00e7\u00e3o s\u00e9ria.<\/p>\n<h3>TinderMeets<\/h3>\n<p>Se \u00e9s uma rapariga \u00e0 procura de sexo, o TinderMeets \u00e9 o aplicativo de encontros para ti! Com mais de 2 milh\u00f5es de utilizadores ativos, \u00e9 f\u00e1cil encontrar algu\u00e9m com quem se encontrar. A melhor parte? Voc\u00ea pode fazer tudo a partir do conforto da sua pr\u00f3pria casa! O TinderMeets \u00e9 o aplicativo perfeito para mulheres ocupadas que querem fazer sexo sem terem de sair e conhecer tipos \u00e0 moda antiga. Basta criar um perfil, passar para algu\u00e9m de quem voc\u00ea gosta, e encontrar-se para um encontro!<\/p>\n<p>A aplica\u00e7\u00e3o \u00e9 gratuita para descarregar e usar, e n\u00e3o existem taxas escondidas ou compras na aplica\u00e7\u00e3o. Ent\u00e3o, do que est\u00e1 \u00e0 espera? Vai limpar e come\u00e7a a dar uma queca!<\/p>\n","protected":false},"excerpt":{"rendered":"<p>N\u00e3o h\u00e1 d\u00favida de que as raparigas est\u00e3o sempre \u00e0 procura de sexo. Querem encontrar-se com algu\u00e9m com quem se possam divertir e em quem podem confiar. No entanto, nem sempre \u00e9 f\u00e1cil encontrar algu\u00e9m em quem possa confiar, e com quem se possa divertir. \u00c0s vezes, pode ser dif\u00edcil dizer se um tipo s\u00f3 [&hellip;]<\/p>\n","protected":false},"author":1,"featured_media":0,"parent":0,"menu_order":0,"comment_status":"closed","ping_status":"closed","template":"","meta":[],"yoast_head":"<!-- This site is optimized with the Yoast SEO plugin v17.7.1 - https:\/\/yoast.com\/wordpress\/plugins\/seo\/ -->\n<title>Meninas procurando sexo - Process Reviews<\/title>\n<meta name=\"robots\" content=\"index, follow, max-snippet:-1, max-image-preview:large, max-video-preview:-1\" \/>\n<link rel=\"canonical\" href=\"https:\/\/fortprocess.co.uk\/pt-pt\/meninas-procurando-sexo\/\" \/>\n<meta property=\"og:locale\" content=\"pt_PT\" \/>\n<meta property=\"og:type\" content=\"article\" \/>\n<meta property=\"og:title\" content=\"Meninas procurando sexo - Process Reviews\" \/>\n<meta property=\"og:description\" content=\"N\u00e3o h\u00e1 d\u00favida de que as raparigas est\u00e3o sempre \u00e0 procura de sexo. Querem encontrar-se com algu\u00e9m com quem se possam divertir e em quem podem confiar. No entanto, nem sempre \u00e9 f\u00e1cil encontrar algu\u00e9m em quem possa confiar, e com quem se possa divertir. \u00c0s vezes, pode ser dif\u00edcil dizer se um tipo s\u00f3 [&hellip;]\" \/>\n<meta property=\"og:url\" content=\"https:\/\/fortprocess.co.uk\/pt-pt\/meninas-procurando-sexo\/\" \/>\n<meta property=\"og:site_name\" content=\"Process Reviews\" \/>\n<meta property=\"article:modified_time\" content=\"2022-10-03T13:05:28+00:00\" \/>\n<meta name=\"twitter:card\" content=\"summary_large_image\" \/>\n<meta name=\"twitter:label1\" content=\"Tempo estimado de leitura\" \/>\n\t<meta name=\"twitter:data1\" content=\"3 minutos\" \/>\n<script type=\"application\/ld+json\" class=\"yoast-schema-graph\">{\"@context\":\"https:\/\/schema.org\",\"@graph\":[{\"@type\":\"WebSite\",\"@id\":\"https:\/\/fortprocess.co.uk\/pt-pt\/#website\",\"url\":\"https:\/\/fortprocess.co.uk\/pt-pt\/\",\"name\":\"Process Reviews\",\"description\":\"Casual Dating\",\"potentialAction\":[{\"@type\":\"SearchAction\",\"target\":{\"@type\":\"EntryPoint\",\"urlTemplate\":\"https:\/\/fortprocess.co.uk\/pt-pt\/?s={search_term_string}\"},\"query-input\":\"required name=search_term_string\"}],\"inLanguage\":\"pt-PT\"},{\"@type\":\"WebPage\",\"@id\":\"https:\/\/fortprocess.co.uk\/pt-pt\/meninas-procurando-sexo\/#webpage\",\"url\":\"https:\/\/fortprocess.co.uk\/pt-pt\/meninas-procurando-sexo\/\",\"name\":\"Meninas procurando sexo - Process Reviews\",\"isPartOf\":{\"@id\":\"https:\/\/fortprocess.co.uk\/pt-pt\/#website\"},\"datePublished\":\"2022-10-03T12:34:58+00:00\",\"dateModified\":\"2022-10-03T13:05:28+00:00\",\"breadcrumb\":{\"@id\":\"https:\/\/fortprocess.co.uk\/pt-pt\/meninas-procurando-sexo\/#breadcrumb\"},\"inLanguage\":\"pt-PT\",\"potentialAction\":[{\"@type\":\"ReadAction\",\"target\":[\"https:\/\/fortprocess.co.uk\/pt-pt\/meninas-procurando-sexo\/\"]}]},{\"@type\":\"BreadcrumbList\",\"@id\":\"https:\/\/fortprocess.co.uk\/pt-pt\/meninas-procurando-sexo\/#breadcrumb\",\"itemListElement\":[{\"@type\":\"ListItem\",\"position\":1,\"name\":\"Home\",\"item\":\"https:\/\/fortprocess.co.uk\/pt-pt\/\"},{\"@type\":\"ListItem\",\"position\":2,\"name\":\"Meninas procurando sexo\"}]}]}<\/script>\n<!-- \/ Yoast SEO plugin. -->","yoast_head_json":{"title":"Meninas procurando sexo - Process Reviews","robots":{"index":"index","follow":"follow","max-snippet":"max-snippet:-1","max-image-preview":"max-image-preview:large","max-video-preview":"max-video-preview:-1"},"canonical":"https:\/\/fortprocess.co.uk\/pt-pt\/meninas-procurando-sexo\/","og_locale":"pt_PT","og_type":"article","og_title":"Meninas procurando sexo - Process Reviews","og_description":"N\u00e3o h\u00e1 d\u00favida de que as raparigas est\u00e3o sempre \u00e0 procura de sexo. Querem encontrar-se com algu\u00e9m com quem se possam divertir e em quem podem confiar. No entanto, nem sempre \u00e9 f\u00e1cil encontrar algu\u00e9m em quem possa confiar, e com quem se possa divertir. \u00c0s vezes, pode ser dif\u00edcil dizer se um tipo s\u00f3 [&hellip;]","og_url":"https:\/\/fortprocess.co.uk\/pt-pt\/meninas-procurando-sexo\/","og_site_name":"Process Reviews","article_modified_time":"2022-10-03T13:05:28+00:00","twitter_card":"summary_large_image","twitter_misc":{"Tempo estimado de leitura":"3 minutos"},"schema":{"@context":"https:\/\/schema.org","@graph":[{"@type":"WebSite","@id":"https:\/\/fortprocess.co.uk\/pt-pt\/#website","url":"https:\/\/fortprocess.co.uk\/pt-pt\/","name":"Process Reviews","description":"Casual Dating","potentialAction":[{"@type":"SearchAction","target":{"@type":"EntryPoint","urlTemplate":"https:\/\/fortprocess.co.uk\/pt-pt\/?s={search_term_string}"},"query-input":"required name=search_term_string"}],"inLanguage":"pt-PT"},{"@type":"WebPage","@id":"https:\/\/fortprocess.co.uk\/pt-pt\/meninas-procurando-sexo\/#webpage","url":"https:\/\/fortprocess.co.uk\/pt-pt\/meninas-procurando-sexo\/","name":"Meninas procurando sexo - Process Reviews","isPartOf":{"@id":"https:\/\/fortprocess.co.uk\/pt-pt\/#website"},"datePublished":"2022-10-03T12:34:58+00:00","dateModified":"2022-10-03T13:05:28+00:00","breadcrumb":{"@id":"https:\/\/fortprocess.co.uk\/pt-pt\/meninas-procurando-sexo\/#breadcrumb"},"inLanguage":"pt-PT","potentialAction":[{"@type":"ReadAction","target":["https:\/\/fortprocess.co.uk\/pt-pt\/meninas-procurando-sexo\/"]}]},{"@type":"BreadcrumbList","@id":"https:\/\/fortprocess.co.uk\/pt-pt\/meninas-procurando-sexo\/#breadcrumb","itemListElement":[{"@type":"ListItem","position":1,"name":"Home","item":"https:\/\/fortprocess.co.uk\/pt-pt\/"},{"@type":"ListItem","position":2,"name":"Meninas procurando sexo"}]}]}},"_links":{"self":[{"href":"https:\/\/fortprocess.co.uk\/pt-pt\/wp-json\/wp\/v2\/pages\/130"}],"collection":[{"href":"https:\/\/fortprocess.co.uk\/pt-pt\/wp-json\/wp\/v2\/pages"}],"about":[{"href":"https:\/\/fortprocess.co.uk\/pt-pt\/wp-json\/wp\/v2\/types\/page"}],"author":[{"embeddable":true,"href":"https:\/\/fortprocess.co.uk\/pt-pt\/wp-json\/wp\/v2\/users\/1"}],"replies":[{"embeddable":true,"href":"https:\/\/fortprocess.co.uk\/pt-pt\/wp-json\/wp\/v2\/comments?post=130"}],"version-history":[{"count":1,"href":"https:\/\/fortprocess.co.uk\/pt-pt\/wp-json\/wp\/v2\/pages\/130\/revisions"}],"predecessor-version":[{"id":230,"href":"https:\/\/fortprocess.co.uk\/pt-pt\/wp-json\/wp\/v2\/pages\/130\/revisions\/230"}],"wp:attachment":[{"href":"https:\/\/fortprocess.co.uk\/pt-pt\/wp-json\/wp\/v2\/media?parent=130"}],"curies":[{"name":"wp","href":"https:\/\/api.w.org\/{rel}","templated":true}]}}