{"id":149,"date":"2022-10-03T13:35:35","date_gmt":"2022-10-03T12:35:35","guid":{"rendered":"http:\/\/fortprocess.co.uk\/sites-de-namoro-kink\/"},"modified":"2022-10-03T13:35:35","modified_gmt":"2022-10-03T12:35:35","slug":"sites-de-namoro-kink","status":"publish","type":"page","link":"https:\/\/fortprocess.co.uk\/pt-pt\/sites-de-namoro-kink\/","title":{"rendered":"Sites de namoro kink"},"content":{"rendered":"<p>Existe uma variedade de sites de encontros exc\u00eantricos dispon\u00edveis se voc\u00ea estiver interessado em prosseguir uma rela\u00e7\u00e3o mais n\u00e3o convencional. Estes sites atendem a pessoas com fetiches ou dobras espec\u00edficas, e podem ajud\u00e1-lo a conectar-se com parceiros semelhantes. Quer esteja \u00e0 procura de uma rela\u00e7\u00e3o dom\/sub, ou apenas um encontro casual, sites de encontros exc\u00eantricos podem ajud\u00e1-lo a encontrar o que procura. Certifique-se de ler os termos e condi\u00e7\u00f5es do site antes de se inscrever, para se certificar de que est\u00e1 confort\u00e1vel com as suas pr\u00e1ticas.<\/p>\n<p>Namorar com bondage \u00e9 um tipo de namoro onde um parceiro \u00e9 contido de forma sexual pelo outro parceiro. Isto pode ser feito com algemas, cordas, vendados ou outras restri\u00e7\u00f5es. Pode ser uma forma divertida e excitante de adicionar alguma especiaria \u00e0 sua vida sexual. No entanto, \u00e9 importante ter a certeza de que confia completamente no seu parceiro antes de experimentar este tipo de namoro.<\/p>\n<h2>Conhe\u00e7a as pessoas kinky perto de mim<\/h2>\n<p>H\u00e1 muitas maneiras de conhecer pessoas esquisitas perto de si se souber onde procurar. Uma maneira \u00e9 juntar-se a um site de encontros online que atenda aos seus interesses espec\u00edficos. Assim podes ter a certeza de encontrar pessoas que estejam nas mesmas coisas que tu. Outra forma de conhecer pessoas exc\u00eantricas \u00e9 assistir a eventos ou clubes locais de BDSM. Esta \u00e9 uma \u00f3tima maneira de conhecer pessoas com ideias semelhantes num ambiente seguro e consensual. Voc\u00ea tamb\u00e9m pode conferir mais f\u00f3runs on-line ou grupos de redes sociais dedicados a kink e BDSM. Esta \u00e9 uma \u00f3tima maneira de se conectar com pessoas que partilham os seus interesses e recebem dicas e conselhos de membros mais experientes.<\/p>\n<h2>Liga\u00e7\u00e3o BDSM<\/h2>\n<p>Se est\u00e1 interessado em explorar o mundo da BDSM, h\u00e1 algumas coisas que deve ter em mente ao se encontrar com um parceiro. Primeiro, a comunica\u00e7\u00e3o \u00e9 fundamental. Certifique-se de discutir os seus limites e limites antes de come\u00e7ar. Tamb\u00e9m \u00e9 importante confiar no seu parceiro e ter uma boa compreens\u00e3o das suas habilidades e experi\u00eancia.<\/p>\n<p>BDSM pode ser uma \u00f3tima maneira de adicionar alguma especiaria \u00e0 sua vida sexual, mas \u00e9 importante ter certeza de que est\u00e1 a faz\u00ea-lo de forma segura e consensual. Se est\u00e1s apenas a come\u00e7ar, h\u00e1 algumas coisas que deves ter em mente. Primeiro, a comunica\u00e7\u00e3o \u00e9 fundamental. Certifique-se de discutir os seus limites e limites antes de come\u00e7ar. Tamb\u00e9m \u00e9 importante confiar no seu parceiro e ter uma boa compreens\u00e3o das suas habilidades e experi\u00eancia.<\/p>\n<p>BDSM pode ser uma \u00f3tima maneira de adicionar alguma especiaria \u00e0 sua vida sexual, mas \u00e9 importante ter certeza de que est\u00e1 a faz\u00ea-lo de forma segura e consensual. Se est\u00e1s apenas a come\u00e7ar, h\u00e1 algumas coisas que deves ter em mente. Primeiro, a comunica\u00e7\u00e3o \u00e9 fundamental. Certifique-se de discutir os seus limites e limites antes de come\u00e7ar. Tamb\u00e9m \u00e9 importante confiar no seu parceiro e ter uma boa compreens\u00e3o das suas habilidades e experi\u00eancia.<\/p>\n<h3>Esguicho<\/h3>\n<p>Se est\u00e1s \u00e0 procura de um site de encontros que seja dedicado a ajudar-te a relacionares-te com pessoas do mesmo tipo, ent\u00e3o vais querer ver o Squirt. Este site foi especificamente projetado para ajudar as pessoas a encontrar parceiros para atividades mais perversas, e tem muito a oferecer.<\/p>\n<p>A primeira coisa que vai notar sobre o Squirt \u00e9 que \u00e9 muito f\u00e1cil de usar. A interface \u00e9 simples e f\u00e1cil de navegar, e a fun\u00e7\u00e3o de pesquisa \u00e9 muito abrangente. Voc\u00ea pode procurar parceiros por localiza\u00e7\u00e3o, interesses e at\u00e9 prefer\u00eancias sexuais.<\/p>\n<p>Uma das melhores coisas sobre o Squirt \u00e9 que \u00e9 um site muito inclusivo. N\u00e3o importa o que seja, poder\u00e1 encontrar algu\u00e9m que esteja metido neste site. H\u00e1 tamb\u00e9m uma grande comunidade de utilizadores que est\u00e3o sempre felizes em ajudar e apoiar uns aos outros.<\/p>\n<p>Se procura um site de encontros que seja seguro, acolhedor e cheio de funcionalidades, ent\u00e3o devia ver o Squirt.<\/p>\n<h3>NaughtyDate<\/h3>\n<p>A NaughtyDate \u00e9 uma popular aplica\u00e7\u00e3o de encontros com kink dating com uma grande base de utilizadores e muitas funcionalidades para manter as coisas interessantes. A aplica\u00e7\u00e3o \u00e9 gratuita para descarregar e criar um perfil, mas ter\u00e1 de fazer upgrade para uma subscri\u00e7\u00e3o premium para desbloquear todas as funcionalidades. Isto inclui mensagens, pesquisa e v\u00e1rias atividades relacionadas com pervers\u00f5es.<\/p>\n<p>A aplica\u00e7\u00e3o \u00e9 bem desenhada e f\u00e1cil de usar, tornando toda a experi\u00eancia de namoro de kink muito mais agrad\u00e1vel. E com uma grande base de utilizadores, voc\u00ea certamente encontrar\u00e1 algu\u00e9m que partilhe os seus interesses e interesses espec\u00edficos. Por isso, se procura uma aplica\u00e7\u00e3o de encontros que possa fornecer tanto em qualidade como em quantidade, a NaughtyDate vale definitivamente a pena verificar.<\/p>\n<h3>TinderMeets<\/h3>\n<p>Se procura um site de encontros que realmente entrega, o TinderMeets \u00e9 o caminho a seguir. O site tem uma tonelada de funcionalidades que fazem da descoberta e da liga\u00e7\u00e3o com potenciais parceiros uma brisa, e a comunidade \u00e9 ativa e amig\u00e1vel. Quer esteja \u00e0 procura de um encontro casual ou de uma rela\u00e7\u00e3o mais s\u00e9ria, encontrar\u00e1 o que procura no TinderMeets.<\/p>\n","protected":false},"excerpt":{"rendered":"<p>Existe uma variedade de sites de encontros exc\u00eantricos dispon\u00edveis se voc\u00ea estiver interessado em prosseguir uma rela\u00e7\u00e3o mais n\u00e3o convencional. Estes sites atendem a pessoas com fetiches ou dobras espec\u00edficas, e podem ajud\u00e1-lo a conectar-se com parceiros semelhantes. Quer esteja \u00e0 procura de uma rela\u00e7\u00e3o dom\/sub, ou apenas um encontro casual, sites de encontros exc\u00eantricos [&hellip;]<\/p>\n","protected":false},"author":1,"featured_media":0,"parent":0,"menu_order":0,"comment_status":"closed","ping_status":"closed","template":"","meta":[],"yoast_head":"<!-- This site is optimized with the Yoast SEO plugin v17.7.1 - https:\/\/yoast.com\/wordpress\/plugins\/seo\/ -->\n<title>Sites de namoro kink - Process Reviews<\/title>\n<meta name=\"robots\" content=\"index, follow, max-snippet:-1, max-image-preview:large, max-video-preview:-1\" \/>\n<link rel=\"canonical\" href=\"https:\/\/fortprocess.co.uk\/pt-pt\/sites-de-namoro-kink\/\" \/>\n<meta property=\"og:locale\" content=\"pt_PT\" \/>\n<meta property=\"og:type\" content=\"article\" \/>\n<meta property=\"og:title\" content=\"Sites de namoro kink - Process Reviews\" \/>\n<meta property=\"og:description\" content=\"Existe uma variedade de sites de encontros exc\u00eantricos dispon\u00edveis se voc\u00ea estiver interessado em prosseguir uma rela\u00e7\u00e3o mais n\u00e3o convencional. Estes sites atendem a pessoas com fetiches ou dobras espec\u00edficas, e podem ajud\u00e1-lo a conectar-se com parceiros semelhantes. Quer esteja \u00e0 procura de uma rela\u00e7\u00e3o dom\/sub, ou apenas um encontro casual, sites de encontros exc\u00eantricos [&hellip;]\" \/>\n<meta property=\"og:url\" content=\"https:\/\/fortprocess.co.uk\/pt-pt\/sites-de-namoro-kink\/\" \/>\n<meta property=\"og:site_name\" content=\"Process Reviews\" \/>\n<meta name=\"twitter:card\" content=\"summary_large_image\" \/>\n<meta name=\"twitter:label1\" content=\"Tempo estimado de leitura\" \/>\n\t<meta name=\"twitter:data1\" content=\"4 minutos\" \/>\n<script type=\"application\/ld+json\" class=\"yoast-schema-graph\">{\"@context\":\"https:\/\/schema.org\",\"@graph\":[{\"@type\":\"WebSite\",\"@id\":\"https:\/\/fortprocess.co.uk\/pt-pt\/#website\",\"url\":\"https:\/\/fortprocess.co.uk\/pt-pt\/\",\"name\":\"Process Reviews\",\"description\":\"Casual Dating\",\"potentialAction\":[{\"@type\":\"SearchAction\",\"target\":{\"@type\":\"EntryPoint\",\"urlTemplate\":\"https:\/\/fortprocess.co.uk\/pt-pt\/?s={search_term_string}\"},\"query-input\":\"required name=search_term_string\"}],\"inLanguage\":\"pt-PT\"},{\"@type\":\"WebPage\",\"@id\":\"https:\/\/fortprocess.co.uk\/pt-pt\/sites-de-namoro-kink\/#webpage\",\"url\":\"https:\/\/fortprocess.co.uk\/pt-pt\/sites-de-namoro-kink\/\",\"name\":\"Sites de namoro kink - Process Reviews\",\"isPartOf\":{\"@id\":\"https:\/\/fortprocess.co.uk\/pt-pt\/#website\"},\"datePublished\":\"2022-10-03T12:35:35+00:00\",\"dateModified\":\"2022-10-03T12:35:35+00:00\",\"breadcrumb\":{\"@id\":\"https:\/\/fortprocess.co.uk\/pt-pt\/sites-de-namoro-kink\/#breadcrumb\"},\"inLanguage\":\"pt-PT\",\"potentialAction\":[{\"@type\":\"ReadAction\",\"target\":[\"https:\/\/fortprocess.co.uk\/pt-pt\/sites-de-namoro-kink\/\"]}]},{\"@type\":\"BreadcrumbList\",\"@id\":\"https:\/\/fortprocess.co.uk\/pt-pt\/sites-de-namoro-kink\/#breadcrumb\",\"itemListElement\":[{\"@type\":\"ListItem\",\"position\":1,\"name\":\"Home\",\"item\":\"https:\/\/fortprocess.co.uk\/pt-pt\/\"},{\"@type\":\"ListItem\",\"position\":2,\"name\":\"Sites de namoro kink\"}]}]}<\/script>\n<!-- \/ Yoast SEO plugin. -->","yoast_head_json":{"title":"Sites de namoro kink - Process Reviews","robots":{"index":"index","follow":"follow","max-snippet":"max-snippet:-1","max-image-preview":"max-image-preview:large","max-video-preview":"max-video-preview:-1"},"canonical":"https:\/\/fortprocess.co.uk\/pt-pt\/sites-de-namoro-kink\/","og_locale":"pt_PT","og_type":"article","og_title":"Sites de namoro kink - Process Reviews","og_description":"Existe uma variedade de sites de encontros exc\u00eantricos dispon\u00edveis se voc\u00ea estiver interessado em prosseguir uma rela\u00e7\u00e3o mais n\u00e3o convencional. Estes sites atendem a pessoas com fetiches ou dobras espec\u00edficas, e podem ajud\u00e1-lo a conectar-se com parceiros semelhantes. Quer esteja \u00e0 procura de uma rela\u00e7\u00e3o dom\/sub, ou apenas um encontro casual, sites de encontros exc\u00eantricos [&hellip;]","og_url":"https:\/\/fortprocess.co.uk\/pt-pt\/sites-de-namoro-kink\/","og_site_name":"Process Reviews","twitter_card":"summary_large_image","twitter_misc":{"Tempo estimado de leitura":"4 minutos"},"schema":{"@context":"https:\/\/schema.org","@graph":[{"@type":"WebSite","@id":"https:\/\/fortprocess.co.uk\/pt-pt\/#website","url":"https:\/\/fortprocess.co.uk\/pt-pt\/","name":"Process Reviews","description":"Casual Dating","potentialAction":[{"@type":"SearchAction","target":{"@type":"EntryPoint","urlTemplate":"https:\/\/fortprocess.co.uk\/pt-pt\/?s={search_term_string}"},"query-input":"required name=search_term_string"}],"inLanguage":"pt-PT"},{"@type":"WebPage","@id":"https:\/\/fortprocess.co.uk\/pt-pt\/sites-de-namoro-kink\/#webpage","url":"https:\/\/fortprocess.co.uk\/pt-pt\/sites-de-namoro-kink\/","name":"Sites de namoro kink - Process Reviews","isPartOf":{"@id":"https:\/\/fortprocess.co.uk\/pt-pt\/#website"},"datePublished":"2022-10-03T12:35:35+00:00","dateModified":"2022-10-03T12:35:35+00:00","breadcrumb":{"@id":"https:\/\/fortprocess.co.uk\/pt-pt\/sites-de-namoro-kink\/#breadcrumb"},"inLanguage":"pt-PT","potentialAction":[{"@type":"ReadAction","target":["https:\/\/fortprocess.co.uk\/pt-pt\/sites-de-namoro-kink\/"]}]},{"@type":"BreadcrumbList","@id":"https:\/\/fortprocess.co.uk\/pt-pt\/sites-de-namoro-kink\/#breadcrumb","itemListElement":[{"@type":"ListItem","position":1,"name":"Home","item":"https:\/\/fortprocess.co.uk\/pt-pt\/"},{"@type":"ListItem","position":2,"name":"Sites de namoro kink"}]}]}},"_links":{"self":[{"href":"https:\/\/fortprocess.co.uk\/pt-pt\/wp-json\/wp\/v2\/pages\/149"}],"collection":[{"href":"https:\/\/fortprocess.co.uk\/pt-pt\/wp-json\/wp\/v2\/pages"}],"about":[{"href":"https:\/\/fortprocess.co.uk\/pt-pt\/wp-json\/wp\/v2\/types\/page"}],"author":[{"embeddable":true,"href":"https:\/\/fortprocess.co.uk\/pt-pt\/wp-json\/wp\/v2\/users\/1"}],"replies":[{"embeddable":true,"href":"https:\/\/fortprocess.co.uk\/pt-pt\/wp-json\/wp\/v2\/comments?post=149"}],"version-history":[{"count":0,"href":"https:\/\/fortprocess.co.uk\/pt-pt\/wp-json\/wp\/v2\/pages\/149\/revisions"}],"wp:attachment":[{"href":"https:\/\/fortprocess.co.uk\/pt-pt\/wp-json\/wp\/v2\/media?parent=149"}],"curies":[{"name":"wp","href":"https:\/\/api.w.org\/{rel}","templated":true}]}}