{"id":157,"date":"2022-10-03T13:34:43","date_gmt":"2022-10-03T12:34:43","guid":{"rendered":"http:\/\/fortprocess.co.uk\/sites-locais-de-foda-se\/"},"modified":"2022-10-03T13:34:43","modified_gmt":"2022-10-03T12:34:43","slug":"sites-locais-de-foda-se","status":"publish","type":"page","link":"https:\/\/fortprocess.co.uk\/pt-pt\/sites-locais-de-foda-se\/","title":{"rendered":"Sites locais de foda-se"},"content":{"rendered":"<p>H\u00e1 muitos sites locais que podem ajud\u00e1-lo a encontrar algu\u00e9m com quem se encontrar na sua \u00e1rea. Tudo o que precisa fazer \u00e9 inscrever-se numa conta e criar um perfil. Depois podes procurar membros que estejam \u00e0 procura do mesmo que tu. Podes enviar-lhes uma mensagem, conversar com eles e at\u00e9 encontrar-te com eles pessoalmente, se quiseres. Lembre-se de estar seguro e use prote\u00e7\u00e3o quando se encontrar com algu\u00e9m que conheceu online.<\/p>\n<h2>Sites de foda livre<\/h2>\n<p>H\u00e1 muitos s\u00edtios livres l\u00e1 fora. S\u00f3 precisa saber onde procurar. O melhor lugar para iniciar a sua pesquisa \u00e9 provavelmente um motor de pesquisa como o Google. Escreve em &#8220;sites de merda gr\u00e1tis&#8221; e devias obter um monte de resultados. Quando encontrar alguns que pare\u00e7am promissores, inscreva-se e tente. N\u00e3o h\u00e1 mal nenhum em experimentar alguns diferentes at\u00e9 encontrares o que \u00e9 certo para ti.<\/p>\n<h2>Sites de encontro e foda-se gratuitamente<\/h2>\n<p>H\u00e1 muitos sites gratuitos na internet, mas nem todos s\u00e3o criados iguais. Alguns s\u00e3o melhores que outros, e alguns s\u00e3o apenas esquemas. \u00c9 importante fazer a sua pesquisa antes de se inscrever em qualquer um destes sites, porque voc\u00ea n\u00e3o quer perder o seu tempo ou o seu dinheiro.<\/p>\n<p>Os melhores sites de encontros e foda-se s\u00e3o os que realmente funcionam. Eles t\u00eam uma grande base de dados de potenciais f\u00f3sforos, e usam uma variedade de algoritmos para combinar com algu\u00e9m que \u00e9 compat\u00edvel consigo. Eles tamb\u00e9m t\u00eam um monte de funcionalidades que tornam a experi\u00eancia mais agrad\u00e1vel, como salas de chat e mensagens instant\u00e2neas.<\/p>\n<p>Os piores sites livres e de merda s\u00e3o aqueles que n\u00e3o passam de esquemas. Estes sites muitas vezes pedem informa\u00e7\u00f5es do seu cart\u00e3o de cr\u00e9dito, e depois v\u00e3o us\u00e1-lo para cobrar por coisas que nem sequer se inscreveu. Eles tamb\u00e9m podem tentar vender-lhe outros produtos, ou podem at\u00e9 tentar faz\u00ea-lo se inscrever para o seu servi\u00e7o pago. Seja como for, \u00e9 melhor evitares estes s\u00edtios.<\/p>\n<p>H\u00e1 muitas pessoas l\u00e1 fora que pensam que &#8220;foda-se de gra\u00e7a&#8221; \u00e9 uma \u00f3tima maneira de namorar. Embora haja definitivamente alguns benef\u00edcios para esta abordagem, tamb\u00e9m existem alguns inconvenientes importantes. Um dos maiores problemas com &#8220;foda-se de gra\u00e7a&#8221; \u00e9 que muitas vezes \u00e9 simplesmente uma forma de as pessoas se aproveitarem dos outros. Se n\u00e3o tiveres cuidado, podes facilmente encontrar-te numa situa\u00e7\u00e3o em que te est\u00e1s a usar e a aproveitar, sem nunca receber nada em troca. Al\u00e9m disso, &#8220;foda-se de gra\u00e7a&#8221; tamb\u00e9m pode levar a muito drama e conflito, uma vez que as pessoas est\u00e3o muitas vezes a disputar a aten\u00e7\u00e3o da mesma pessoa. Se n\u00e3o est\u00e1s preparado para lidar com isso, ent\u00e3o &#8220;foda-se de gra\u00e7a&#8221; provavelmente n\u00e3o \u00e9 a melhor abordagem para si.<\/p>\n<h3>Papai Prateado<\/h3>\n<p>Se est\u00e1s \u00e0 procura de um Pai Prateado, ent\u00e3o vais querer ver a Aplica\u00e7\u00e3o de Encontros do Pap\u00e1 Prateado. Esta aplica\u00e7\u00e3o \u00e9 uma \u00f3tima maneira de se conectar com outros pais prateados na sua \u00e1rea. A aplica\u00e7\u00e3o \u00e9 gratuita para descarregar e usar, e \u00e9 f\u00e1cil de se inscrever. Voc\u00ea pode criar um perfil, adicionar fotos, e come\u00e7ar a conversar com outros pais prateados na sua \u00e1rea. A aplica\u00e7\u00e3o tamb\u00e9m \u00e9 \u00f3tima para encontrar sites locais de foda. Pode pesquisar sites por localiza\u00e7\u00e3o e tamb\u00e9m pode ler coment\u00e1rios de sites antes de se juntar a eles. A App de Encontros do Pap\u00e1 Prateado \u00e9 uma \u00f3tima maneira de conhecer os pais prateados na sua \u00e1rea.<\/p>\n<h3>Rubmaps<\/h3>\n<p>H\u00e1 muitos sites locais de merda l\u00e1 fora, mas Rubmaps \u00e9 um dos melhores. \u00c9 uma aplica\u00e7\u00e3o de encontros que lhe permite encontrar potenciais partidas na sua \u00e1rea e depois enviar-lhes uma mensagem para configurar uma hora e um local para se encontrarem. A aplica\u00e7\u00e3o \u00e9 muito f\u00e1cil de usar e \u00e9 uma \u00f3tima maneira de conhecer novas pessoas para sexo casual. A \u00fanica desvantagem \u00e9 que n\u00e3o \u00e9 de gra\u00e7a, mas vale definitivamente o pre\u00e7o.<\/p>\n<h3>Rio Uberhorny<\/h3>\n<p>Se procura um site local, Uberhorny \u00e9 uma \u00f3tima op\u00e7\u00e3o. A aplica\u00e7\u00e3o \u00e9 f\u00e1cil de usar e \u00e9 livre de se inscrever. Pode navegar nos perfis e encontrar f\u00f3sforos na sua \u00e1rea. A aplica\u00e7\u00e3o tamb\u00e9m tem uma funcionalidade de chat, para que possa conversar com os seus jogos. A aplica\u00e7\u00e3o est\u00e1 dispon\u00edvel tanto para iOS como Android.<\/p>\n","protected":false},"excerpt":{"rendered":"<p>H\u00e1 muitos sites locais que podem ajud\u00e1-lo a encontrar algu\u00e9m com quem se encontrar na sua \u00e1rea. Tudo o que precisa fazer \u00e9 inscrever-se numa conta e criar um perfil. Depois podes procurar membros que estejam \u00e0 procura do mesmo que tu. Podes enviar-lhes uma mensagem, conversar com eles e at\u00e9 encontrar-te com eles pessoalmente, [&hellip;]<\/p>\n","protected":false},"author":1,"featured_media":0,"parent":0,"menu_order":0,"comment_status":"closed","ping_status":"closed","template":"","meta":[],"yoast_head":"<!-- This site is optimized with the Yoast SEO plugin v17.7.1 - https:\/\/yoast.com\/wordpress\/plugins\/seo\/ -->\n<title>Sites locais de foda-se - Process Reviews<\/title>\n<meta name=\"robots\" content=\"index, follow, max-snippet:-1, max-image-preview:large, max-video-preview:-1\" \/>\n<link rel=\"canonical\" href=\"https:\/\/fortprocess.co.uk\/pt-pt\/sites-locais-de-foda-se\/\" \/>\n<meta property=\"og:locale\" content=\"pt_PT\" \/>\n<meta property=\"og:type\" content=\"article\" \/>\n<meta property=\"og:title\" content=\"Sites locais de foda-se - Process Reviews\" \/>\n<meta property=\"og:description\" content=\"H\u00e1 muitos sites locais que podem ajud\u00e1-lo a encontrar algu\u00e9m com quem se encontrar na sua \u00e1rea. Tudo o que precisa fazer \u00e9 inscrever-se numa conta e criar um perfil. Depois podes procurar membros que estejam \u00e0 procura do mesmo que tu. Podes enviar-lhes uma mensagem, conversar com eles e at\u00e9 encontrar-te com eles pessoalmente, [&hellip;]\" \/>\n<meta property=\"og:url\" content=\"https:\/\/fortprocess.co.uk\/pt-pt\/sites-locais-de-foda-se\/\" \/>\n<meta property=\"og:site_name\" content=\"Process Reviews\" \/>\n<meta name=\"twitter:card\" content=\"summary_large_image\" \/>\n<meta name=\"twitter:label1\" content=\"Tempo estimado de leitura\" \/>\n\t<meta name=\"twitter:data1\" content=\"4 minutos\" \/>\n<script type=\"application\/ld+json\" class=\"yoast-schema-graph\">{\"@context\":\"https:\/\/schema.org\",\"@graph\":[{\"@type\":\"WebSite\",\"@id\":\"https:\/\/fortprocess.co.uk\/pt-pt\/#website\",\"url\":\"https:\/\/fortprocess.co.uk\/pt-pt\/\",\"name\":\"Process Reviews\",\"description\":\"Casual Dating\",\"potentialAction\":[{\"@type\":\"SearchAction\",\"target\":{\"@type\":\"EntryPoint\",\"urlTemplate\":\"https:\/\/fortprocess.co.uk\/pt-pt\/?s={search_term_string}\"},\"query-input\":\"required name=search_term_string\"}],\"inLanguage\":\"pt-PT\"},{\"@type\":\"WebPage\",\"@id\":\"https:\/\/fortprocess.co.uk\/pt-pt\/sites-locais-de-foda-se\/#webpage\",\"url\":\"https:\/\/fortprocess.co.uk\/pt-pt\/sites-locais-de-foda-se\/\",\"name\":\"Sites locais de foda-se - Process Reviews\",\"isPartOf\":{\"@id\":\"https:\/\/fortprocess.co.uk\/pt-pt\/#website\"},\"datePublished\":\"2022-10-03T12:34:43+00:00\",\"dateModified\":\"2022-10-03T12:34:43+00:00\",\"breadcrumb\":{\"@id\":\"https:\/\/fortprocess.co.uk\/pt-pt\/sites-locais-de-foda-se\/#breadcrumb\"},\"inLanguage\":\"pt-PT\",\"potentialAction\":[{\"@type\":\"ReadAction\",\"target\":[\"https:\/\/fortprocess.co.uk\/pt-pt\/sites-locais-de-foda-se\/\"]}]},{\"@type\":\"BreadcrumbList\",\"@id\":\"https:\/\/fortprocess.co.uk\/pt-pt\/sites-locais-de-foda-se\/#breadcrumb\",\"itemListElement\":[{\"@type\":\"ListItem\",\"position\":1,\"name\":\"Home\",\"item\":\"https:\/\/fortprocess.co.uk\/pt-pt\/\"},{\"@type\":\"ListItem\",\"position\":2,\"name\":\"Sites locais de foda-se\"}]}]}<\/script>\n<!-- \/ Yoast SEO plugin. -->","yoast_head_json":{"title":"Sites locais de foda-se - Process Reviews","robots":{"index":"index","follow":"follow","max-snippet":"max-snippet:-1","max-image-preview":"max-image-preview:large","max-video-preview":"max-video-preview:-1"},"canonical":"https:\/\/fortprocess.co.uk\/pt-pt\/sites-locais-de-foda-se\/","og_locale":"pt_PT","og_type":"article","og_title":"Sites locais de foda-se - Process Reviews","og_description":"H\u00e1 muitos sites locais que podem ajud\u00e1-lo a encontrar algu\u00e9m com quem se encontrar na sua \u00e1rea. Tudo o que precisa fazer \u00e9 inscrever-se numa conta e criar um perfil. Depois podes procurar membros que estejam \u00e0 procura do mesmo que tu. Podes enviar-lhes uma mensagem, conversar com eles e at\u00e9 encontrar-te com eles pessoalmente, [&hellip;]","og_url":"https:\/\/fortprocess.co.uk\/pt-pt\/sites-locais-de-foda-se\/","og_site_name":"Process Reviews","twitter_card":"summary_large_image","twitter_misc":{"Tempo estimado de leitura":"4 minutos"},"schema":{"@context":"https:\/\/schema.org","@graph":[{"@type":"WebSite","@id":"https:\/\/fortprocess.co.uk\/pt-pt\/#website","url":"https:\/\/fortprocess.co.uk\/pt-pt\/","name":"Process Reviews","description":"Casual Dating","potentialAction":[{"@type":"SearchAction","target":{"@type":"EntryPoint","urlTemplate":"https:\/\/fortprocess.co.uk\/pt-pt\/?s={search_term_string}"},"query-input":"required name=search_term_string"}],"inLanguage":"pt-PT"},{"@type":"WebPage","@id":"https:\/\/fortprocess.co.uk\/pt-pt\/sites-locais-de-foda-se\/#webpage","url":"https:\/\/fortprocess.co.uk\/pt-pt\/sites-locais-de-foda-se\/","name":"Sites locais de foda-se - Process Reviews","isPartOf":{"@id":"https:\/\/fortprocess.co.uk\/pt-pt\/#website"},"datePublished":"2022-10-03T12:34:43+00:00","dateModified":"2022-10-03T12:34:43+00:00","breadcrumb":{"@id":"https:\/\/fortprocess.co.uk\/pt-pt\/sites-locais-de-foda-se\/#breadcrumb"},"inLanguage":"pt-PT","potentialAction":[{"@type":"ReadAction","target":["https:\/\/fortprocess.co.uk\/pt-pt\/sites-locais-de-foda-se\/"]}]},{"@type":"BreadcrumbList","@id":"https:\/\/fortprocess.co.uk\/pt-pt\/sites-locais-de-foda-se\/#breadcrumb","itemListElement":[{"@type":"ListItem","position":1,"name":"Home","item":"https:\/\/fortprocess.co.uk\/pt-pt\/"},{"@type":"ListItem","position":2,"name":"Sites locais de foda-se"}]}]}},"_links":{"self":[{"href":"https:\/\/fortprocess.co.uk\/pt-pt\/wp-json\/wp\/v2\/pages\/157"}],"collection":[{"href":"https:\/\/fortprocess.co.uk\/pt-pt\/wp-json\/wp\/v2\/pages"}],"about":[{"href":"https:\/\/fortprocess.co.uk\/pt-pt\/wp-json\/wp\/v2\/types\/page"}],"author":[{"embeddable":true,"href":"https:\/\/fortprocess.co.uk\/pt-pt\/wp-json\/wp\/v2\/users\/1"}],"replies":[{"embeddable":true,"href":"https:\/\/fortprocess.co.uk\/pt-pt\/wp-json\/wp\/v2\/comments?post=157"}],"version-history":[{"count":0,"href":"https:\/\/fortprocess.co.uk\/pt-pt\/wp-json\/wp\/v2\/pages\/157\/revisions"}],"wp:attachment":[{"href":"https:\/\/fortprocess.co.uk\/pt-pt\/wp-json\/wp\/v2\/media?parent=157"}],"curies":[{"name":"wp","href":"https:\/\/api.w.org\/{rel}","templated":true}]}}