{"id":161,"date":"2022-10-03T13:34:27","date_gmt":"2022-10-03T12:34:27","guid":{"rendered":"http:\/\/fortprocess.co.uk\/aplicativos-de-sexo-local\/"},"modified":"2022-10-03T13:34:27","modified_gmt":"2022-10-03T12:34:27","slug":"aplicativos-de-sexo-local","status":"publish","type":"page","link":"https:\/\/fortprocess.co.uk\/pt-pt\/aplicativos-de-sexo-local\/","title":{"rendered":"Aplicativos de sexo local"},"content":{"rendered":"<p>H\u00e1 algumas aplica\u00e7\u00f5es sexuais locais que se tornaram populares para pessoas que querem se juntar. Eles s\u00e3o projetados para ajud\u00e1-lo a encontrar algu\u00e9m na sua \u00e1rea que est\u00e1 procurando a mesma coisa que voc\u00ea \u00e9, e eles podem ser uma \u00f3tima maneira de fazer sexo. No entanto, \u00e9 preciso ter cuidado com a aplica\u00e7\u00e3o que utiliza, porque algumas delas s\u00e3o melhores do que outras. A melhor aplica\u00e7\u00e3o a usar \u00e9 aquela que tem muitas avalia\u00e7\u00f5es positivas, e que \u00e9 projetada para ajud\u00e1-lo a encontrar algu\u00e9m com rapidez e facilidade.<\/p>\n<h2>Namoro Casual<\/h2>\n<p>N\u00e3o h\u00e1 necessidade de ficar nervoso por ter um encontro com algu\u00e9m que conheceu online- \u00e9 um encontro casual! Relaxe e divirta-se. O melhor de namorar casualmente \u00e9 que podes levar as coisas ao teu pr\u00f3prio ritmo e ver para onde v\u00e3o. Se as coisas n\u00e3o derem certo, podes seguir em frente. Sem danos, sem faltas.<\/p>\n<p>N\u00e3o h\u00e1 necessidade de ser t\u00edmido no que toca a encontros sexuais- todos aqui procuram a mesma coisa! Basta criar um perfil, procurar outros membros que correspondam aos seus crit\u00e9rios, e comece a conversar! Pode encontrar o amor da sua vida!<\/p>\n<h2>Encontrar sexo<\/h2>\n<p>N\u00e3o h\u00e1 uma resposta para esta pergunta &#8211; todos s\u00e3o diferentes e ter\u00e3o prefer\u00eancias diferentes quando se trata de encontrar sexo no contexto do namoro. No entanto, existem algumas dicas gerais que podem ser \u00fateis para ajud\u00e1-lo a encontrar sexo mais facilmente. Primeiro, tente ser aberto e honesto com o seu(s) parceiro(s) sobre os seus desejos e necessidades sexuais &#8211; isso ajudar\u00e1 a garantir que ambos est\u00e3o na mesma p\u00e1gina e que todos est\u00e3o confort\u00e1veis com o que est\u00e1 acontecendo. Em segundo lugar, n\u00e3o tenha medo de experimentar e experimentar coisas novas &#8211; trata-se de encontrar o que funciona para si e para os seus parceiros. Por \u00faltimo, a comunica\u00e7\u00e3o \u00e9 fundamental! Certifique-se de falar sobre quaisquer preocupa\u00e7\u00f5es ou preocupa\u00e7\u00f5es que tenha antes e durante o sexo, para que todos estejam confort\u00e1veis e se divirtam.<\/p>\n<h3>AdultFriendFinder<\/h3>\n<p>Se procura uma aplica\u00e7\u00e3o de sexo local, o AdultFriendFinder \u00e9 uma \u00f3tima op\u00e7\u00e3o. Com mais de 80 milh\u00f5es de membros em todo o mundo, \u00e9 uma das maiores aplica\u00e7\u00f5es de encontros ao redor. E \u00e9 especialmente popular entre adultos que procuram encontros casuais.<\/p>\n<p>A aplica\u00e7\u00e3o \u00e9 gratuita para descarregar e usar, mas precisar\u00e1 de uma associa\u00e7\u00e3o paga para aceder a todas as funcionalidades. Isto inclui mensagens a outros membros, visualiza\u00e7\u00e3o dos seus perfis e utiliza\u00e7\u00e3o da fun\u00e7\u00e3o de pesquisa da aplica\u00e7\u00e3o.<\/p>\n<p>No geral, AdultFriendFinder \u00e9 uma \u00f3tima op\u00e7\u00e3o se voc\u00ea estiver procurando uma aplica\u00e7\u00e3o de sexo local. A grande base de utilizadores significa que \u00e9 prov\u00e1vel que encontre algu\u00e9m que seja compat\u00edvel consigo, e a aplica\u00e7\u00e3o \u00e9 f\u00e1cil de usar. Esteja ciente de que vai precisar de um membro pago para tirar o m\u00e1ximo partido disso.<\/p>\n<h3>Badoo<\/h3>\n<p>Badoo \u00e9 uma aplica\u00e7\u00e3o de encontros que se est\u00e1 a tornar cada vez mais popular entre os jovens. Trata-se de uma aplica\u00e7\u00e3o baseada em localiza\u00e7\u00e3o que permite aos utilizadores encontrar e conversar com outros utilizadores na sua \u00e1rea. A aplica\u00e7\u00e3o tamb\u00e9m tem uma funcionalidade que permite aos utilizadores encontrar e encontrar-se com solteiros locais para encontros.<\/p>\n<p>A aplica\u00e7\u00e3o \u00e9 f\u00e1cil de usar e tem uma interface simples. \u00c9 gratuito para descarregar e usar. No entanto, a aplica\u00e7\u00e3o possui algumas funcionalidades que apenas est\u00e3o dispon\u00edveis para utilizadores premium. Estas funcionalidades incluem a capacidade de ver quem viu o seu perfil, a capacidade de ver quem gostou das suas fotos e a capacidade de ver quem est\u00e1 por perto.<\/p>\n<p>A aplica\u00e7\u00e3o \u00e9 uma \u00f3tima maneira de conhecer novas pessoas e encontrar solteiros locais para encontros. No entanto, \u00e9 importante estar atento aos potenciais riscos associados \u00e0 utiliza\u00e7\u00e3o da app. Tem havido relatos de perfis falsos e de pessoas a serem pescadas. Existe tamb\u00e9m o potencial para os utilizadores serem perseguidos ou assediados.<\/p>\n<h3>DataMyAge<\/h3>\n<p>Se procura uma aplica\u00e7\u00e3o de sexo local, a DateMyAge \u00e9 uma \u00f3tima op\u00e7\u00e3o. A aplica\u00e7\u00e3o \u00e9 f\u00e1cil de usar e tem muitas funcionalidades que fazem dela uma \u00f3tima escolha para encontrar um encontro casual. A fun\u00e7\u00e3o de pesquisa \u00e9 muito f\u00e1cil de usar, e voc\u00ea pode procurar por pessoas por localiza\u00e7\u00e3o, idade e interesses. O sistema de mensagens tamb\u00e9m \u00e9 muito simples, e pode enviar e receber mensagens sem qualquer problema. No geral, o DateMyAge \u00e9 uma \u00f3tima op\u00e7\u00e3o para encontrar uma aplica\u00e7\u00e3o de sexo local.<\/p>\n","protected":false},"excerpt":{"rendered":"<p>H\u00e1 algumas aplica\u00e7\u00f5es sexuais locais que se tornaram populares para pessoas que querem se juntar. Eles s\u00e3o projetados para ajud\u00e1-lo a encontrar algu\u00e9m na sua \u00e1rea que est\u00e1 procurando a mesma coisa que voc\u00ea \u00e9, e eles podem ser uma \u00f3tima maneira de fazer sexo. No entanto, \u00e9 preciso ter cuidado com a aplica\u00e7\u00e3o que [&hellip;]<\/p>\n","protected":false},"author":1,"featured_media":0,"parent":0,"menu_order":0,"comment_status":"closed","ping_status":"closed","template":"","meta":[],"yoast_head":"<!-- This site is optimized with the Yoast SEO plugin v17.7.1 - https:\/\/yoast.com\/wordpress\/plugins\/seo\/ -->\n<title>Aplicativos de sexo local - Process Reviews<\/title>\n<meta name=\"robots\" content=\"index, follow, max-snippet:-1, max-image-preview:large, max-video-preview:-1\" \/>\n<link rel=\"canonical\" href=\"https:\/\/fortprocess.co.uk\/pt-pt\/aplicativos-de-sexo-local\/\" \/>\n<meta property=\"og:locale\" content=\"pt_PT\" \/>\n<meta property=\"og:type\" content=\"article\" \/>\n<meta property=\"og:title\" content=\"Aplicativos de sexo local - Process Reviews\" \/>\n<meta property=\"og:description\" content=\"H\u00e1 algumas aplica\u00e7\u00f5es sexuais locais que se tornaram populares para pessoas que querem se juntar. Eles s\u00e3o projetados para ajud\u00e1-lo a encontrar algu\u00e9m na sua \u00e1rea que est\u00e1 procurando a mesma coisa que voc\u00ea \u00e9, e eles podem ser uma \u00f3tima maneira de fazer sexo. No entanto, \u00e9 preciso ter cuidado com a aplica\u00e7\u00e3o que [&hellip;]\" \/>\n<meta property=\"og:url\" content=\"https:\/\/fortprocess.co.uk\/pt-pt\/aplicativos-de-sexo-local\/\" \/>\n<meta property=\"og:site_name\" content=\"Process Reviews\" \/>\n<meta name=\"twitter:card\" content=\"summary_large_image\" \/>\n<meta name=\"twitter:label1\" content=\"Tempo estimado de leitura\" \/>\n\t<meta name=\"twitter:data1\" content=\"4 minutos\" \/>\n<script type=\"application\/ld+json\" class=\"yoast-schema-graph\">{\"@context\":\"https:\/\/schema.org\",\"@graph\":[{\"@type\":\"WebSite\",\"@id\":\"https:\/\/fortprocess.co.uk\/pt-pt\/#website\",\"url\":\"https:\/\/fortprocess.co.uk\/pt-pt\/\",\"name\":\"Process Reviews\",\"description\":\"Casual Dating\",\"potentialAction\":[{\"@type\":\"SearchAction\",\"target\":{\"@type\":\"EntryPoint\",\"urlTemplate\":\"https:\/\/fortprocess.co.uk\/pt-pt\/?s={search_term_string}\"},\"query-input\":\"required name=search_term_string\"}],\"inLanguage\":\"pt-PT\"},{\"@type\":\"WebPage\",\"@id\":\"https:\/\/fortprocess.co.uk\/pt-pt\/aplicativos-de-sexo-local\/#webpage\",\"url\":\"https:\/\/fortprocess.co.uk\/pt-pt\/aplicativos-de-sexo-local\/\",\"name\":\"Aplicativos de sexo local - Process Reviews\",\"isPartOf\":{\"@id\":\"https:\/\/fortprocess.co.uk\/pt-pt\/#website\"},\"datePublished\":\"2022-10-03T12:34:27+00:00\",\"dateModified\":\"2022-10-03T12:34:27+00:00\",\"breadcrumb\":{\"@id\":\"https:\/\/fortprocess.co.uk\/pt-pt\/aplicativos-de-sexo-local\/#breadcrumb\"},\"inLanguage\":\"pt-PT\",\"potentialAction\":[{\"@type\":\"ReadAction\",\"target\":[\"https:\/\/fortprocess.co.uk\/pt-pt\/aplicativos-de-sexo-local\/\"]}]},{\"@type\":\"BreadcrumbList\",\"@id\":\"https:\/\/fortprocess.co.uk\/pt-pt\/aplicativos-de-sexo-local\/#breadcrumb\",\"itemListElement\":[{\"@type\":\"ListItem\",\"position\":1,\"name\":\"Home\",\"item\":\"https:\/\/fortprocess.co.uk\/pt-pt\/\"},{\"@type\":\"ListItem\",\"position\":2,\"name\":\"Aplicativos de sexo local\"}]}]}<\/script>\n<!-- \/ Yoast SEO plugin. -->","yoast_head_json":{"title":"Aplicativos de sexo local - Process Reviews","robots":{"index":"index","follow":"follow","max-snippet":"max-snippet:-1","max-image-preview":"max-image-preview:large","max-video-preview":"max-video-preview:-1"},"canonical":"https:\/\/fortprocess.co.uk\/pt-pt\/aplicativos-de-sexo-local\/","og_locale":"pt_PT","og_type":"article","og_title":"Aplicativos de sexo local - Process Reviews","og_description":"H\u00e1 algumas aplica\u00e7\u00f5es sexuais locais que se tornaram populares para pessoas que querem se juntar. Eles s\u00e3o projetados para ajud\u00e1-lo a encontrar algu\u00e9m na sua \u00e1rea que est\u00e1 procurando a mesma coisa que voc\u00ea \u00e9, e eles podem ser uma \u00f3tima maneira de fazer sexo. No entanto, \u00e9 preciso ter cuidado com a aplica\u00e7\u00e3o que [&hellip;]","og_url":"https:\/\/fortprocess.co.uk\/pt-pt\/aplicativos-de-sexo-local\/","og_site_name":"Process Reviews","twitter_card":"summary_large_image","twitter_misc":{"Tempo estimado de leitura":"4 minutos"},"schema":{"@context":"https:\/\/schema.org","@graph":[{"@type":"WebSite","@id":"https:\/\/fortprocess.co.uk\/pt-pt\/#website","url":"https:\/\/fortprocess.co.uk\/pt-pt\/","name":"Process Reviews","description":"Casual Dating","potentialAction":[{"@type":"SearchAction","target":{"@type":"EntryPoint","urlTemplate":"https:\/\/fortprocess.co.uk\/pt-pt\/?s={search_term_string}"},"query-input":"required name=search_term_string"}],"inLanguage":"pt-PT"},{"@type":"WebPage","@id":"https:\/\/fortprocess.co.uk\/pt-pt\/aplicativos-de-sexo-local\/#webpage","url":"https:\/\/fortprocess.co.uk\/pt-pt\/aplicativos-de-sexo-local\/","name":"Aplicativos de sexo local - Process Reviews","isPartOf":{"@id":"https:\/\/fortprocess.co.uk\/pt-pt\/#website"},"datePublished":"2022-10-03T12:34:27+00:00","dateModified":"2022-10-03T12:34:27+00:00","breadcrumb":{"@id":"https:\/\/fortprocess.co.uk\/pt-pt\/aplicativos-de-sexo-local\/#breadcrumb"},"inLanguage":"pt-PT","potentialAction":[{"@type":"ReadAction","target":["https:\/\/fortprocess.co.uk\/pt-pt\/aplicativos-de-sexo-local\/"]}]},{"@type":"BreadcrumbList","@id":"https:\/\/fortprocess.co.uk\/pt-pt\/aplicativos-de-sexo-local\/#breadcrumb","itemListElement":[{"@type":"ListItem","position":1,"name":"Home","item":"https:\/\/fortprocess.co.uk\/pt-pt\/"},{"@type":"ListItem","position":2,"name":"Aplicativos de sexo local"}]}]}},"_links":{"self":[{"href":"https:\/\/fortprocess.co.uk\/pt-pt\/wp-json\/wp\/v2\/pages\/161"}],"collection":[{"href":"https:\/\/fortprocess.co.uk\/pt-pt\/wp-json\/wp\/v2\/pages"}],"about":[{"href":"https:\/\/fortprocess.co.uk\/pt-pt\/wp-json\/wp\/v2\/types\/page"}],"author":[{"embeddable":true,"href":"https:\/\/fortprocess.co.uk\/pt-pt\/wp-json\/wp\/v2\/users\/1"}],"replies":[{"embeddable":true,"href":"https:\/\/fortprocess.co.uk\/pt-pt\/wp-json\/wp\/v2\/comments?post=161"}],"version-history":[{"count":0,"href":"https:\/\/fortprocess.co.uk\/pt-pt\/wp-json\/wp\/v2\/pages\/161\/revisions"}],"wp:attachment":[{"href":"https:\/\/fortprocess.co.uk\/pt-pt\/wp-json\/wp\/v2\/media?parent=161"}],"curies":[{"name":"wp","href":"https:\/\/api.w.org\/{rel}","templated":true}]}}