{"id":197,"date":"2022-10-03T11:12:03","date_gmt":"2022-10-03T10:12:03","guid":{"rendered":"http:\/\/fortprocess.co.uk\/encontre-sexo-casual-local-com-mulheres-horny\/"},"modified":"2022-10-29T13:33:06","modified_gmt":"2022-10-29T12:33:06","slug":"encontre-sexo-casual-local-com-mulheres-horny","status":"publish","type":"page","link":"https:\/\/fortprocess.co.uk\/pt-pt\/","title":{"rendered":"Encontre sexo casual local com mulheres horny"},"content":{"rendered":"<p>O termo &#8220;namoro casual&#8221; \u00e9 jogado um pouco no nosso mundo hoje. Mas o que significa na verdade? Namorar casualmente \u00e9 bom para todos ou apenas para aqueles que querem algo a curto prazo? Para descobrir se namorar casualmente \u00e9 certo ou errado para voc\u00ea, \u00e9 importante entender como esta forma de namoro funciona.<\/p>\n<h2>Encontrar sexo casual<\/h2>\n<p>De acordo com Match.com, h\u00e1 tr\u00eas tipos de encontros casuais: uma noite de encontros, amigos com benef\u00edcios e sem compromissos. Cada uma destas formas de namoro casual tem diferentes vantagens e desvantagens. Vamos ver mais de perto.<\/p>\n<p>Este tipo de encontros casuais \u00e9 semelhante a namoro. Conheces algu\u00e9m, trocas n\u00fameros e depois fazes o que quiseres juntos. Este tipo de rela\u00e7\u00e3o casual n\u00e3o \u00e9 s\u00e9rio, e n\u00e3o requer muito empenho. Se est\u00e1s \u00e0 procura de uma aventura r\u00e1pida, ent\u00e3o isto pode funcionar bem para ti. No entanto, se queres comprometer-te com algu\u00e9m, provavelmente isto n\u00e3o vai funcionar porque n\u00e3o est\u00e1s comprometido com ningu\u00e9m.<\/p>\n<p><img loading=\"lazy\" class=\"alignnone size-large wp-image-36\" src=\"http:\/\/fortprocess.co.uk\/wp-content\/uploads\/2022\/10\/find-love-1024x683.jpeg\" alt=\"\" width=\"640\" height=\"427\" srcset=\"https:\/\/fortprocess.co.uk\/wp-content\/uploads\/2022\/10\/find-love-1024x683.jpeg 1024w, https:\/\/fortprocess.co.uk\/wp-content\/uploads\/2022\/10\/find-love-300x200.jpeg 300w, https:\/\/fortprocess.co.uk\/wp-content\/uploads\/2022\/10\/find-love-768x512.jpeg 768w, https:\/\/fortprocess.co.uk\/wp-content\/uploads\/2022\/10\/find-love.jpeg 1125w\" sizes=\"(max-width: 640px) 100vw, 640px\" \/><\/p>\n<h2>As nossas opini\u00f5es<\/h2>\n<p>Se procura amor online, h\u00e1 muitas op\u00e7\u00f5es l\u00e1 fora. Algumas pessoas preferem usar sites tradicionais como Match.com ou OkCupid, enquanto outros optam por aplica\u00e7\u00f5es m\u00f3veis. Reunimos uma lista de 10 das melhores aplica\u00e7\u00f5es de encontros gr\u00e1tis dispon\u00edveis hoje.<\/p>\n<h3>Rio Tinder<\/h3>\n<p>A aplica\u00e7\u00e3o de encontros que basicamente inventou o conceito de esfregar o certo e o <a href=\"http:\/\/www.paginas-de-sexo.com\/\">sexo gratis pagina<\/a> o amor est\u00e1 a preparar-se para lan\u00e7ar a sua vers\u00e3o mais recente. Na quarta-feira, a popular app de encontros anunciou a data de lan\u00e7amento para a sua mais recente itera\u00e7\u00e3o, o Tinder Plus. A atualiza\u00e7\u00e3o \u00e9 no pr\u00f3ximo dia 2 de abril, e custar\u00e1 $10\/m\u00eas para quem tem 18 anos ou menos. Para todos os outros, o pre\u00e7o ser\u00e1 $20\/m\u00eas.<\/p>\n<p>Se procura um pouco mais do que apenas uma liga\u00e7\u00e3o casual, existem algumas funcionalidades adicionais inclu\u00eddas no pacote atualizado. Em primeiro lugar, ter\u00e1 acesso ao Tinder Discover, que lhe permite navegar com base na cidade em que vivem, sejam elas solteiras ou numa rela\u00e7\u00e3o, a idade e at\u00e9 o tipo de trabalho que fazem.<\/p>\n<p>Tamb\u00e9m ter\u00e1 acesso ao Rewind, o que lhe permite desfazer os seus toques anteriores. Esta funcionalidade \u00e9 \u00f3tima se acidentalmente roubaste demasiadas vezes ou se querias voltar atr\u00e1s porque n\u00e3o gostavas da pessoa.<\/p>\n<p>Al\u00e9m disso, tamb\u00e9m ter\u00e1 acesso a algumas funcionalidades exclusivas, incluindo a op\u00e7\u00e3o de enviar mensagens antes de gostar de algu\u00e9m, bem como a capacidade de bloquear os utilizadores.<\/p>\n<p>H\u00e1 uma regalia final inclu\u00edda no n\u00edvel Plus: ter\u00e1 acesso a uma sec\u00e7\u00e3o especial onde pode ver fotos de solteiros que j\u00e1 gostaram de si. Esta funcionalidade chama-se &#8220;Recompensas&#8221;. Basicamente, se gostas de algu\u00e9m o suficiente, podes dar-lhe uma recompensa. Estas recompensas incluem coisas como autocolantes, presentes virtuais e at\u00e9 dinheiro.<\/p>\n<h3>Dobradi\u00e7a<\/h3>\n<p>A aplica\u00e7\u00e3o de encontros Hinge s\u00f3 est\u00e1 dispon\u00edvel atrav\u00e9s de aplica\u00e7\u00f5es iOS e Android, tornando-a menos \u00fatil para pessoas sem smartphones. A troca \u00e9 que a app tem alguns dos melhores perfis ao redor, o que torna encontrar um bom par mais divertido, se nem sempre mais f\u00e1cil.<\/p>\n<p>Al\u00e9m das estat\u00edsticas b\u00e1sicas habituais, tais como faixa et\u00e1ria, sexo, localiza\u00e7\u00e3o, estado de relacionamento, etc., os perfis de dobradi\u00e7a incentivam-no a usar fotos e a escrever pedidos, e at\u00e9 pode gravar clips de \u00e1udio.<\/p>\n<p>Tudo isto torna f\u00e1cil comunicar uns com os outros, e \u00e9 tudo muito charmoso. Mas a aplica\u00e7\u00e3o oferece um pequeno conjunto de funcionalidades gratuitamente. Voc\u00ea s\u00f3 pode enviar 12 gostos por dia, e n\u00e3o h\u00e1 op\u00e7\u00f5es pagas para ver quem gostou de voc\u00ea, gostar de voc\u00ea de volta, ou adicion\u00e1-lo a grupos.<\/p>\n<h3>POF<\/h3>\n<p>A aplica\u00e7\u00e3o de encontros gratuito Plenty of Fish n\u00e3o \u00e9 exatamente conhecida por ter um dos maiores p\u00fablicos l\u00e1 fora, mas tem algumas estat\u00edsticas impressionantes. De facto, de acordo com o AppData, o POF tem mais de 50 milh\u00f5es de downloads em todo o mundo, tornando-se uma das aplica\u00e7\u00f5es mais descarregadas tanto em dispositivos iOS como Android. E apesar de a maioria desses downloads estarem a decorrer atrav\u00e9s da App Store da Apple, muitas pessoas tamb\u00e9m est\u00e3o a descarregar a aplica\u00e7\u00e3o diretamente da Play Store.<\/p>\n<p>Mas o que faz o POF destacar-se da multid\u00e3o? Bem, al\u00e9m do facto de ser completamente livre de usar, tamb\u00e9m oferece muitas regalias que muitos concorrentes n\u00e3o incluem. Por exemplo, pode enviar mensagens de texto ilimitadas a quem quiser sem pagar nada extra, e nunca ter\u00e1 de se preocupar em encontrar os ex de outra pessoa no site. Al\u00e9m disso, podes navegar por milhares de potenciais partidas todos os dias, e nunca ter\u00e1s de pagar um c\u00eantimo para o fazeres.<\/p>\n<h3>Correspond\u00eancia<\/h3>\n<p>A aplica\u00e7\u00e3o Match \u00e9 uma das plataformas de namoro mais populares ao redor. Com mais de 60 milh\u00f5es de utilizadores ativos mensais, o Match \u00e9 uma das aplica\u00e7\u00f5es de namoro mais antigas por aqui. A sua vers\u00e3o gratuita permite que os utilizadores naveguem nos perfis, enviem piscadelas e pedidos de correspond\u00eancia e vejam jogos, mas n\u00e3o existem op\u00e7\u00f5es para conversar, ver fotos ou at\u00e9 mesmo enviar presentes.<\/p>\n<p>Para realmente comunicar com qualquer pessoa dentro do Match, voc\u00ea tem que pagar at\u00e9 o grau para Match Plus, que custa $35 por m\u00eas por tr\u00eas meses, $45 por m\u00eas durante quatro meses, ou $60 por m\u00eas durante seis meses. Se quiser continuar para al\u00e9m de seis meses, pagar\u00e1 $35 por m\u00eas por cada seis meses adicionais.<\/p>\n<p>Se procura algo mais barato, a Match oferece uma subscri\u00e7\u00e3o experimental por apenas $1,99. Isto d\u00e1-lhe acesso \u00e0s vers\u00f5es gratuitas e pagas do Match, permitindo-lhe experiment\u00e1-lo sem se comprometer com nada.<\/p>\n<h3>Rio Bumble<\/h3>\n<p>Se procura uma boa maneira de conhecer algu\u00e9m, temos novidades para si: h\u00e1 muitas op\u00e7\u00f5es por a\u00ed. Mas uma aplica\u00e7\u00e3o est\u00e1 acima do resto. Bumble \u00e9 uma aplica\u00e7\u00e3o de encontros que torna o amor mais f\u00e1cil do que nunca. E apesar de existirem muitas aplica\u00e7\u00f5es de namoro por a\u00ed, o que distingue o Bumble \u00e9 a sua \u00eanfase na seguran\u00e7a. Quando se inscreve, receber\u00e1 um c\u00f3digo de verifica\u00e7\u00e3o por mensagem de texto. Isto garante que mais ningu\u00e9m pode aceder \u00e0 sua conta. Uma vez verificado, pode come\u00e7ar a procurar datas potenciais. Se passares diretamente no perfil de algu\u00e9m, ver\u00e1s a biografia e as fotos. A partir da\u00ed, pode optar por conversar diretamente com eles ou continuar a navegar. Se quiser enviar uma mensagem, basta tocar no bot\u00e3o &#8220;escreva agora&#8221;. Depois de escrever a sua mensagem, pode decidir se a envia ou n\u00e3o. Se o fizer, receber\u00e1 uma notifica\u00e7\u00e3o informando-o se a sua mensagem foi recebida ou n\u00e3o. Para manter as coisas interessantes, o Bumble permite-lhe fazer perguntas durante as conversas. Se preferir navegar sem enviar mensagens a ningu\u00e9m, tamb\u00e9m pode faz\u00ea-lo. Basta abrir a aplica\u00e7\u00e3o e deslocar-se para baixo para visualizar perfis. Existem v\u00e1rios filtros que pode aplicar, incluindo localiza\u00e7\u00e3o, faixa et\u00e1ria e estado de relacionamento. Embora o Bumble n\u00e3o seja perfeito, vale a pena verificar se est\u00e1 \u00e0 procura de um encontro r\u00e1pido ou at\u00e9 mesmo de um parceiro a longo prazo.<\/p>\n<h2>Aplicativos de namoro s\u00e9rio<\/h2>\n<p>H\u00e1 muitas raz\u00f5es pelas quais as pessoas v\u00e3o em sites de encontros online. Alguns querem encontrar algu\u00e9m especial; outros s\u00f3 querem conhecer novas pessoas. E enquanto alguns sites requerem uma taxa, existem toneladas de op\u00e7\u00f5es que lhe permitem navegar gratuitamente nos perfis. Aqui est\u00e3o cinco dos nossos favoritos.<\/p>\n<h3>eHarmony<\/h3>\n<p>Se procura uma rela\u00e7\u00e3o a longo prazo, o eHarmony pode valer a pena verificar. Pode inscrever-se gratuitamente e ver quais os jogos que melhor combinam. Uma vez que o fa\u00e7a, leva cerca de 30 minutos para completar o seu perfil. Depois disso, pode enviar mensagens para datas potenciais gratuitamente. Se decidir fazer upgrade para uma associa\u00e7\u00e3o paga, pode conversar gratuitamente com os membros.<\/p>\n<h3>OkCupid<\/h3>\n<p>Para aqueles que querem algo casual, OkCupid \u00e9 uma \u00f3tima op\u00e7\u00e3o. Pode navegar gratuitamente, mas n\u00e3o poder\u00e1 contactar ningu\u00e9m a menos que pague pela ades\u00e3o premium. Os membros premium podem ver as fotos dos membros, enviar mensagens uns aos outros e ver como s\u00e3o compat\u00edveis.<\/p>\n<h3>Badoo<\/h3>\n<p>Badoo \u00e9 uma das aplica\u00e7\u00f5es de namoro mais antigas por aqui, tendo sido lan\u00e7ado em 2005. Atualmente conta com mais de 200 milh\u00f5es de utilizadores mensais ativos em 190 pa\u00edses. \u00c9 muito f\u00e1cil de configurar tamb\u00e9m &#8211; basta entrar no Facebook e come\u00e7ar a limpar. Pode filtrar f\u00f3sforos com base na idade, localiza\u00e7\u00e3o e estado de relacionamento. H\u00e1 at\u00e9 eventos especiais que pode assistir para conhecer novas pessoas.<\/p>\n","protected":false},"excerpt":{"rendered":"<p>O termo &#8220;namoro casual&#8221; \u00e9 jogado um pouco no nosso mundo hoje. Mas o que significa na verdade? Namorar casualmente \u00e9 bom para todos ou apenas para aqueles que querem algo a curto prazo? Para descobrir se namorar casualmente \u00e9 certo ou errado para voc\u00ea, \u00e9 importante entender como esta forma de namoro funciona. Encontrar [&hellip;]<\/p>\n","protected":false},"author":1,"featured_media":107,"parent":0,"menu_order":0,"comment_status":"closed","ping_status":"closed","template":"","meta":[],"yoast_head":"<!-- This site is optimized with the Yoast SEO plugin v17.7.1 - https:\/\/yoast.com\/wordpress\/plugins\/seo\/ -->\n<title>Encontre sexo casual local com mulheres horny - Process Reviews<\/title>\n<meta name=\"robots\" content=\"index, follow, max-snippet:-1, max-image-preview:large, max-video-preview:-1\" \/>\n<link rel=\"canonical\" href=\"https:\/\/fortprocess.co.uk\/pt-pt\/\" \/>\n<meta property=\"og:locale\" content=\"pt_PT\" \/>\n<meta property=\"og:type\" content=\"article\" \/>\n<meta property=\"og:title\" content=\"Encontre sexo casual local com mulheres horny - Process Reviews\" \/>\n<meta property=\"og:description\" content=\"O termo &#8220;namoro casual&#8221; \u00e9 jogado um pouco no nosso mundo hoje. Mas o que significa na verdade? Namorar casualmente \u00e9 bom para todos ou apenas para aqueles que querem algo a curto prazo? Para descobrir se namorar casualmente \u00e9 certo ou errado para voc\u00ea, \u00e9 importante entender como esta forma de namoro funciona. Encontrar [&hellip;]\" \/>\n<meta property=\"og:url\" content=\"https:\/\/fortprocess.co.uk\/pt-pt\/\" \/>\n<meta property=\"og:site_name\" content=\"Process Reviews\" \/>\n<meta property=\"article:modified_time\" content=\"2022-10-29T12:33:06+00:00\" \/>\n<meta property=\"og:image\" content=\"https:\/\/fortprocess.co.uk\/wp-content\/uploads\/2022\/10\/meet-for-dates.jpeg\" \/>\n\t<meta property=\"og:image:width\" content=\"2262\" \/>\n\t<meta property=\"og:image:height\" content=\"1500\" \/>\n<meta name=\"twitter:card\" content=\"summary_large_image\" \/>\n<meta name=\"twitter:label1\" content=\"Tempo estimado de leitura\" \/>\n\t<meta name=\"twitter:data1\" content=\"7 minutos\" \/>\n<script type=\"application\/ld+json\" class=\"yoast-schema-graph\">{\"@context\":\"https:\/\/schema.org\",\"@graph\":[{\"@type\":\"WebSite\",\"@id\":\"https:\/\/fortprocess.co.uk\/pt-pt\/#website\",\"url\":\"https:\/\/fortprocess.co.uk\/pt-pt\/\",\"name\":\"Process Reviews\",\"description\":\"Casual Dating\",\"potentialAction\":[{\"@type\":\"SearchAction\",\"target\":{\"@type\":\"EntryPoint\",\"urlTemplate\":\"https:\/\/fortprocess.co.uk\/pt-pt\/?s={search_term_string}\"},\"query-input\":\"required name=search_term_string\"}],\"inLanguage\":\"pt-PT\"},{\"@type\":\"ImageObject\",\"@id\":\"https:\/\/fortprocess.co.uk\/pt-pt\/#primaryimage\",\"inLanguage\":\"pt-PT\",\"url\":\"https:\/\/fortprocess.co.uk\/wp-content\/uploads\/2022\/10\/meet-for-dates.jpeg\",\"contentUrl\":\"https:\/\/fortprocess.co.uk\/wp-content\/uploads\/2022\/10\/meet-for-dates.jpeg\",\"width\":2262,\"height\":1500},{\"@type\":\"WebPage\",\"@id\":\"https:\/\/fortprocess.co.uk\/pt-pt\/#webpage\",\"url\":\"https:\/\/fortprocess.co.uk\/pt-pt\/\",\"name\":\"Encontre sexo casual local com mulheres horny - Process Reviews\",\"isPartOf\":{\"@id\":\"https:\/\/fortprocess.co.uk\/pt-pt\/#website\"},\"primaryImageOfPage\":{\"@id\":\"https:\/\/fortprocess.co.uk\/pt-pt\/#primaryimage\"},\"datePublished\":\"2022-10-03T10:12:03+00:00\",\"dateModified\":\"2022-10-29T12:33:06+00:00\",\"breadcrumb\":{\"@id\":\"https:\/\/fortprocess.co.uk\/pt-pt\/#breadcrumb\"},\"inLanguage\":\"pt-PT\",\"potentialAction\":[{\"@type\":\"ReadAction\",\"target\":[\"https:\/\/fortprocess.co.uk\/pt-pt\/\"]}]},{\"@type\":\"BreadcrumbList\",\"@id\":\"https:\/\/fortprocess.co.uk\/pt-pt\/#breadcrumb\",\"itemListElement\":[{\"@type\":\"ListItem\",\"position\":1,\"name\":\"Home\",\"item\":\"https:\/\/fortprocess.co.uk\/pt-pt\/\"},{\"@type\":\"ListItem\",\"position\":2,\"name\":\"Encontre sexo casual local com mulheres horny\"}]}]}<\/script>\n<!-- \/ Yoast SEO plugin. -->","yoast_head_json":{"title":"Encontre sexo casual local com mulheres horny - Process Reviews","robots":{"index":"index","follow":"follow","max-snippet":"max-snippet:-1","max-image-preview":"max-image-preview:large","max-video-preview":"max-video-preview:-1"},"canonical":"https:\/\/fortprocess.co.uk\/pt-pt\/","og_locale":"pt_PT","og_type":"article","og_title":"Encontre sexo casual local com mulheres horny - Process Reviews","og_description":"O termo &#8220;namoro casual&#8221; \u00e9 jogado um pouco no nosso mundo hoje. Mas o que significa na verdade? Namorar casualmente \u00e9 bom para todos ou apenas para aqueles que querem algo a curto prazo? Para descobrir se namorar casualmente \u00e9 certo ou errado para voc\u00ea, \u00e9 importante entender como esta forma de namoro funciona. Encontrar [&hellip;]","og_url":"https:\/\/fortprocess.co.uk\/pt-pt\/","og_site_name":"Process Reviews","article_modified_time":"2022-10-29T12:33:06+00:00","og_image":[{"width":2262,"height":1500,"url":"https:\/\/fortprocess.co.uk\/wp-content\/uploads\/2022\/10\/meet-for-dates.jpeg","type":"image\/jpeg"}],"twitter_card":"summary_large_image","twitter_misc":{"Tempo estimado de leitura":"7 minutos"},"schema":{"@context":"https:\/\/schema.org","@graph":[{"@type":"WebSite","@id":"https:\/\/fortprocess.co.uk\/pt-pt\/#website","url":"https:\/\/fortprocess.co.uk\/pt-pt\/","name":"Process Reviews","description":"Casual Dating","potentialAction":[{"@type":"SearchAction","target":{"@type":"EntryPoint","urlTemplate":"https:\/\/fortprocess.co.uk\/pt-pt\/?s={search_term_string}"},"query-input":"required name=search_term_string"}],"inLanguage":"pt-PT"},{"@type":"ImageObject","@id":"https:\/\/fortprocess.co.uk\/pt-pt\/#primaryimage","inLanguage":"pt-PT","url":"https:\/\/fortprocess.co.uk\/wp-content\/uploads\/2022\/10\/meet-for-dates.jpeg","contentUrl":"https:\/\/fortprocess.co.uk\/wp-content\/uploads\/2022\/10\/meet-for-dates.jpeg","width":2262,"height":1500},{"@type":"WebPage","@id":"https:\/\/fortprocess.co.uk\/pt-pt\/#webpage","url":"https:\/\/fortprocess.co.uk\/pt-pt\/","name":"Encontre sexo casual local com mulheres horny - Process Reviews","isPartOf":{"@id":"https:\/\/fortprocess.co.uk\/pt-pt\/#website"},"primaryImageOfPage":{"@id":"https:\/\/fortprocess.co.uk\/pt-pt\/#primaryimage"},"datePublished":"2022-10-03T10:12:03+00:00","dateModified":"2022-10-29T12:33:06+00:00","breadcrumb":{"@id":"https:\/\/fortprocess.co.uk\/pt-pt\/#breadcrumb"},"inLanguage":"pt-PT","potentialAction":[{"@type":"ReadAction","target":["https:\/\/fortprocess.co.uk\/pt-pt\/"]}]},{"@type":"BreadcrumbList","@id":"https:\/\/fortprocess.co.uk\/pt-pt\/#breadcrumb","itemListElement":[{"@type":"ListItem","position":1,"name":"Home","item":"https:\/\/fortprocess.co.uk\/pt-pt\/"},{"@type":"ListItem","position":2,"name":"Encontre sexo casual local com mulheres horny"}]}]}},"_links":{"self":[{"href":"https:\/\/fortprocess.co.uk\/pt-pt\/wp-json\/wp\/v2\/pages\/197"}],"collection":[{"href":"https:\/\/fortprocess.co.uk\/pt-pt\/wp-json\/wp\/v2\/pages"}],"about":[{"href":"https:\/\/fortprocess.co.uk\/pt-pt\/wp-json\/wp\/v2\/types\/page"}],"author":[{"embeddable":true,"href":"https:\/\/fortprocess.co.uk\/pt-pt\/wp-json\/wp\/v2\/users\/1"}],"replies":[{"embeddable":true,"href":"https:\/\/fortprocess.co.uk\/pt-pt\/wp-json\/wp\/v2\/comments?post=197"}],"version-history":[{"count":1,"href":"https:\/\/fortprocess.co.uk\/pt-pt\/wp-json\/wp\/v2\/pages\/197\/revisions"}],"predecessor-version":[{"id":313,"href":"https:\/\/fortprocess.co.uk\/pt-pt\/wp-json\/wp\/v2\/pages\/197\/revisions\/313"}],"wp:featuredmedia":[{"embeddable":true,"href":"https:\/\/fortprocess.co.uk\/pt-pt\/wp-json\/wp\/v2\/media\/107"}],"wp:attachment":[{"href":"https:\/\/fortprocess.co.uk\/pt-pt\/wp-json\/wp\/v2\/media?parent=197"}],"curies":[{"name":"wp","href":"https:\/\/api.w.org\/{rel}","templated":true}]}}