{"id":134,"date":"2022-10-03T13:34:58","date_gmt":"2022-10-03T12:34:58","guid":{"rendered":"http:\/\/fortprocess.co.uk\/flickor-som-letar-efter-sex\/"},"modified":"2022-10-03T14:04:52","modified_gmt":"2022-10-03T13:04:52","slug":"flickor-som-letar-efter-sex","status":"publish","type":"page","link":"https:\/\/fortprocess.co.uk\/sv\/flickor-som-letar-efter-sex\/","title":{"rendered":"Flickor som letar efter sex"},"content":{"rendered":"<p>Det r\u00e5der ingen tvekan om att tjejer alltid letar efter sex. De vill ansluta sig till n\u00e5gon som de kan ha det bra med och som de kan lita p\u00e5. Det \u00e4r dock inte alltid l\u00e4tt att hitta n\u00e5gon som du kan lita p\u00e5 och som du kan ha det bra med. Ibland kan det vara sv\u00e5rt att s\u00e4ga om en kille bara vill ansluta sig eller om han faktiskt vill tr\u00e4ffa dig. Om du bara letar efter en anslutning \u00e4r det viktigt att kunna se om en kille bara f\u00f6rs\u00f6ker anv\u00e4nda dig. Det finns n\u00e5gra saker du kan leta efter, till exempel om han faktiskt pratar med dig eller inte, eller om han bara f\u00f6rs\u00f6ker f\u00e5 dig i s\u00e4ngen. Om en kille bara f\u00f6rs\u00f6ker f\u00e5 dig i s\u00e4ngen, \u00e4r han f\u00f6rmodligen inte v\u00e4rt din tid. Men om en kille \u00e4r intresserad av dig och faktiskt vill l\u00e4ra k\u00e4nna dig, \u00e4r han definitivt v\u00e4rt din tid.<\/p>\n<h2>Kvinnor som letar efter sex<\/h2>\n<p>Det finns m\u00e5nga kvinnor d\u00e4r ute som letar efter sex. De kan vara gifta eller i ett f\u00f6rh\u00e5llande, men de \u00e4r fortfarande k\u00e5ta. Och de \u00e4r inte r\u00e4dda f\u00f6r att erk\u00e4nna det. De letar efter en man som kan tillgodose deras behov. Och de \u00e4r villiga att g\u00e5 ut och hitta honom. De letar inte efter ett f\u00f6rh\u00e5llande. De letar bara efter en bra tid.<\/p>\n<p>Det finns kvinnor som letar efter sex n\u00e4ra mig hela tiden. Jag vet inte varf\u00f6r, men det verkar som att varje g\u00e5ng jag g\u00e5r ut finns det minst en kvinna som letar efter sex. Kanske \u00e4r de bara riktigt k\u00e5ta, eller kanske letar de efter k\u00e4rlek. Hur som helst \u00e4r det alltid en turn-on f\u00f6r mig.<\/p>\n<h2>M\u00f6t k\u00e5ta kvinnor n\u00e4ra dig<\/h2>\n<p>Det finns ingen anledning att vara blyg n\u00e4r det g\u00e4ller att tr\u00e4ffa k\u00e5ta kvinnor n\u00e4ra dig. Du kan enkelt hitta dem online via dejtingsajter eller appar. N\u00e4r du har hittat n\u00e5gon du \u00e4r intresserad av, skicka bara ett meddelande till dem och l\u00e5t dem veta vad du letar efter. Om de \u00e4r intresserade svarar de och du kan ta saker d\u00e4rifr\u00e5n. Se bara till att vara respektfull och uppriktig om vad du letar efter f\u00f6r att undvika missf\u00f6rst\u00e5nd.<\/p>\n<h3>LuckyCrush<\/h3>\n<p>Om du letar efter sex \u00e4r LuckyCrush dejtingsappen f\u00f6r dig. Appen \u00e4r utformad speciellt f\u00f6r tjejer som vill ansluta sig till killar, och den \u00e4r helt gratis att anv\u00e4nda. Allt du beh\u00f6ver g\u00f6ra \u00e4r att skapa en profil och b\u00f6rja svepa. LuckyCrush visar er i ditt omr\u00e5de som letar efter samma sak som du \u00e4r, och du kan b\u00f6rja chatta med dem omedelbart. Det b\u00e4sta \u00e4r att du inte ens beh\u00f6ver l\u00e4mna ditt hus f\u00f6r att hitta en anslutning; du kan g\u00f6ra allt fr\u00e5n din egen s\u00e4ng.<\/p>\n<h3>Badoo<\/h3>\n<p>Badoo \u00e4r en dejtingsapp som \u00e4r popul\u00e4r bland tjejer som letar efter sex. Appen har m\u00e5nga falska profiler, vilket g\u00f6r det sv\u00e5rt att hitta riktiga tjejer. Appen \u00e4r ocks\u00e5 k\u00e4nd f\u00f6r sin anslutningskultur, vilket g\u00f6r det enkelt att hitta ett nattduksbord. Men det finns ocks\u00e5 m\u00e5nga tjejer i appen som letar efter ett seri\u00f6st f\u00f6rh\u00e5llande.<\/p>\n<h3>TinderMeets<\/h3>\n<p>Om du \u00e4r en tjej som letar efter sex \u00e4r TinderMeets dejtingsappen f\u00f6r dig! Med \u00f6ver 2 miljoner aktiva anv\u00e4ndare \u00e4r det l\u00e4tt att hitta n\u00e5gon att ansluta till. Den b\u00e4sta delen? Du kan g\u00f6ra allt fr\u00e5n ditt eget hem! TinderMeets \u00e4r den perfekta appen f\u00f6r upptagna kvinnor som vill l\u00e4gga sig utan att beh\u00f6va g\u00e5 ut och tr\u00e4ffa killar p\u00e5 gammaldags s\u00e4tt. Skapa bara en profil, svep \u00e5t h\u00f6ger p\u00e5 n\u00e5gon du gillar och tr\u00e4ffas f\u00f6r en anslutning!<\/p>\n<p>Appen \u00e4r gratis att ladda ner och anv\u00e4nda, och det finns inga dolda avgifter eller k\u00f6p i appen. S\u00e5 vad v\u00e4ntar du p\u00e5? B\u00f6rja svepa och b\u00f6rja l\u00e4gga dig!<\/p>\n","protected":false},"excerpt":{"rendered":"<p>Det r\u00e5der ingen tvekan om att tjejer alltid letar efter sex. De vill ansluta sig till n\u00e5gon som de kan ha det bra med och som de kan lita p\u00e5. Det \u00e4r dock inte alltid l\u00e4tt att hitta n\u00e5gon som du kan lita p\u00e5 och som du kan ha det bra med. Ibland kan det [&hellip;]<\/p>\n","protected":false},"author":1,"featured_media":0,"parent":0,"menu_order":0,"comment_status":"closed","ping_status":"closed","template":"","meta":[],"yoast_head":"<!-- This site is optimized with the Yoast SEO plugin v17.7.1 - https:\/\/yoast.com\/wordpress\/plugins\/seo\/ -->\n<title>Flickor som letar efter sex - Process Reviews<\/title>\n<meta name=\"robots\" content=\"index, follow, max-snippet:-1, max-image-preview:large, max-video-preview:-1\" \/>\n<link rel=\"canonical\" href=\"https:\/\/fortprocess.co.uk\/sv\/flickor-som-letar-efter-sex\/\" \/>\n<meta property=\"og:locale\" content=\"sv_SE\" \/>\n<meta property=\"og:type\" content=\"article\" \/>\n<meta property=\"og:title\" content=\"Flickor som letar efter sex - Process Reviews\" \/>\n<meta property=\"og:description\" content=\"Det r\u00e5der ingen tvekan om att tjejer alltid letar efter sex. De vill ansluta sig till n\u00e5gon som de kan ha det bra med och som de kan lita p\u00e5. Det \u00e4r dock inte alltid l\u00e4tt att hitta n\u00e5gon som du kan lita p\u00e5 och som du kan ha det bra med. Ibland kan det [&hellip;]\" \/>\n<meta property=\"og:url\" content=\"https:\/\/fortprocess.co.uk\/sv\/flickor-som-letar-efter-sex\/\" \/>\n<meta property=\"og:site_name\" content=\"Process Reviews\" \/>\n<meta property=\"article:modified_time\" content=\"2022-10-03T13:04:52+00:00\" \/>\n<meta name=\"twitter:card\" content=\"summary_large_image\" \/>\n<meta name=\"twitter:label1\" content=\"Ber\u00e4knad l\u00e4stid\" \/>\n\t<meta name=\"twitter:data1\" content=\"4 minuter\" \/>\n<script type=\"application\/ld+json\" class=\"yoast-schema-graph\">{\"@context\":\"https:\/\/schema.org\",\"@graph\":[{\"@type\":\"WebSite\",\"@id\":\"https:\/\/fortprocess.co.uk\/sv\/#website\",\"url\":\"https:\/\/fortprocess.co.uk\/sv\/\",\"name\":\"Process Reviews\",\"description\":\"Casual Dating\",\"potentialAction\":[{\"@type\":\"SearchAction\",\"target\":{\"@type\":\"EntryPoint\",\"urlTemplate\":\"https:\/\/fortprocess.co.uk\/sv\/?s={search_term_string}\"},\"query-input\":\"required name=search_term_string\"}],\"inLanguage\":\"sv-SE\"},{\"@type\":\"WebPage\",\"@id\":\"https:\/\/fortprocess.co.uk\/sv\/flickor-som-letar-efter-sex\/#webpage\",\"url\":\"https:\/\/fortprocess.co.uk\/sv\/flickor-som-letar-efter-sex\/\",\"name\":\"Flickor som letar efter sex - Process Reviews\",\"isPartOf\":{\"@id\":\"https:\/\/fortprocess.co.uk\/sv\/#website\"},\"datePublished\":\"2022-10-03T12:34:58+00:00\",\"dateModified\":\"2022-10-03T13:04:52+00:00\",\"breadcrumb\":{\"@id\":\"https:\/\/fortprocess.co.uk\/sv\/flickor-som-letar-efter-sex\/#breadcrumb\"},\"inLanguage\":\"sv-SE\",\"potentialAction\":[{\"@type\":\"ReadAction\",\"target\":[\"https:\/\/fortprocess.co.uk\/sv\/flickor-som-letar-efter-sex\/\"]}]},{\"@type\":\"BreadcrumbList\",\"@id\":\"https:\/\/fortprocess.co.uk\/sv\/flickor-som-letar-efter-sex\/#breadcrumb\",\"itemListElement\":[{\"@type\":\"ListItem\",\"position\":1,\"name\":\"Home\",\"item\":\"https:\/\/fortprocess.co.uk\/sv\/\"},{\"@type\":\"ListItem\",\"position\":2,\"name\":\"Flickor som letar efter sex\"}]}]}<\/script>\n<!-- \/ Yoast SEO plugin. -->","yoast_head_json":{"title":"Flickor som letar efter sex - Process Reviews","robots":{"index":"index","follow":"follow","max-snippet":"max-snippet:-1","max-image-preview":"max-image-preview:large","max-video-preview":"max-video-preview:-1"},"canonical":"https:\/\/fortprocess.co.uk\/sv\/flickor-som-letar-efter-sex\/","og_locale":"sv_SE","og_type":"article","og_title":"Flickor som letar efter sex - Process Reviews","og_description":"Det r\u00e5der ingen tvekan om att tjejer alltid letar efter sex. De vill ansluta sig till n\u00e5gon som de kan ha det bra med och som de kan lita p\u00e5. Det \u00e4r dock inte alltid l\u00e4tt att hitta n\u00e5gon som du kan lita p\u00e5 och som du kan ha det bra med. Ibland kan det [&hellip;]","og_url":"https:\/\/fortprocess.co.uk\/sv\/flickor-som-letar-efter-sex\/","og_site_name":"Process Reviews","article_modified_time":"2022-10-03T13:04:52+00:00","twitter_card":"summary_large_image","twitter_misc":{"Ber\u00e4knad l\u00e4stid":"4 minuter"},"schema":{"@context":"https:\/\/schema.org","@graph":[{"@type":"WebSite","@id":"https:\/\/fortprocess.co.uk\/sv\/#website","url":"https:\/\/fortprocess.co.uk\/sv\/","name":"Process Reviews","description":"Casual Dating","potentialAction":[{"@type":"SearchAction","target":{"@type":"EntryPoint","urlTemplate":"https:\/\/fortprocess.co.uk\/sv\/?s={search_term_string}"},"query-input":"required name=search_term_string"}],"inLanguage":"sv-SE"},{"@type":"WebPage","@id":"https:\/\/fortprocess.co.uk\/sv\/flickor-som-letar-efter-sex\/#webpage","url":"https:\/\/fortprocess.co.uk\/sv\/flickor-som-letar-efter-sex\/","name":"Flickor som letar efter sex - Process Reviews","isPartOf":{"@id":"https:\/\/fortprocess.co.uk\/sv\/#website"},"datePublished":"2022-10-03T12:34:58+00:00","dateModified":"2022-10-03T13:04:52+00:00","breadcrumb":{"@id":"https:\/\/fortprocess.co.uk\/sv\/flickor-som-letar-efter-sex\/#breadcrumb"},"inLanguage":"sv-SE","potentialAction":[{"@type":"ReadAction","target":["https:\/\/fortprocess.co.uk\/sv\/flickor-som-letar-efter-sex\/"]}]},{"@type":"BreadcrumbList","@id":"https:\/\/fortprocess.co.uk\/sv\/flickor-som-letar-efter-sex\/#breadcrumb","itemListElement":[{"@type":"ListItem","position":1,"name":"Home","item":"https:\/\/fortprocess.co.uk\/sv\/"},{"@type":"ListItem","position":2,"name":"Flickor som letar efter sex"}]}]}},"_links":{"self":[{"href":"https:\/\/fortprocess.co.uk\/sv\/wp-json\/wp\/v2\/pages\/134"}],"collection":[{"href":"https:\/\/fortprocess.co.uk\/sv\/wp-json\/wp\/v2\/pages"}],"about":[{"href":"https:\/\/fortprocess.co.uk\/sv\/wp-json\/wp\/v2\/types\/page"}],"author":[{"embeddable":true,"href":"https:\/\/fortprocess.co.uk\/sv\/wp-json\/wp\/v2\/users\/1"}],"replies":[{"embeddable":true,"href":"https:\/\/fortprocess.co.uk\/sv\/wp-json\/wp\/v2\/comments?post=134"}],"version-history":[{"count":1,"href":"https:\/\/fortprocess.co.uk\/sv\/wp-json\/wp\/v2\/pages\/134\/revisions"}],"predecessor-version":[{"id":199,"href":"https:\/\/fortprocess.co.uk\/sv\/wp-json\/wp\/v2\/pages\/134\/revisions\/199"}],"wp:attachment":[{"href":"https:\/\/fortprocess.co.uk\/sv\/wp-json\/wp\/v2\/media?parent=134"}],"curies":[{"name":"wp","href":"https:\/\/api.w.org\/{rel}","templated":true}]}}