{"id":138,"date":"2022-10-03T13:35:35","date_gmt":"2022-10-03T12:35:35","guid":{"rendered":"http:\/\/fortprocess.co.uk\/kink-dejtingsajter\/"},"modified":"2022-10-03T14:05:18","modified_gmt":"2022-10-03T13:05:18","slug":"kink-dejtingsajter","status":"publish","type":"page","link":"https:\/\/fortprocess.co.uk\/sv\/kink-dejtingsajter\/","title":{"rendered":"Kink Dejtingsajter"},"content":{"rendered":"<p>Det finns en m\u00e4ngd olika kink dejtingsajter tillg\u00e4ngliga om du \u00e4r intresserad av att driva ett mer okonventionellt f\u00f6rh\u00e5llande. Dessa webbplatser tillgodoser personer med specifika fetischer eller kinks och kan hj\u00e4lpa dig att f\u00e5 kontakt med likasinnade partners. Oavsett om du letar efter en dom \/ sub-relation eller bara en avslappnad anslutning, kan kink dejtingsajter hj\u00e4lpa dig att hitta det du letar efter. Var noga med att l\u00e4sa webbplatsens villkor innan du registrerar dig f\u00f6r att se till att du \u00e4r bekv\u00e4m med deras praxis.<\/p>\n<p>Bondage dating \u00e4r en typ av dejting d\u00e4r en partner h\u00e5lls fast p\u00e5 ett sexuellt s\u00e4tt av den andra partnern. Detta kan g\u00f6ras med handbojor, rep, \u00f6gonbindlar eller andra fasth\u00e5llningar. Det kan vara ett roligt och sp\u00e4nnande s\u00e4tt att l\u00e4gga till lite krydda i ditt sexliv. Det \u00e4r dock viktigt att se till att du litar p\u00e5 din partner helt innan du provar denna typ av dejting.<\/p>\n<h2>M\u00f6t Kinky M\u00e4nniskor n\u00e4ra mig<\/h2>\n<p>Det finns m\u00e5nga s\u00e4tt att tr\u00e4ffa kinky m\u00e4nniskor n\u00e4ra dig om du vet var du ska leta. Ett s\u00e4tt \u00e4r att g\u00e5 med i en online dejtingsajt som tillgodoser dina specifika intressen. P\u00e5 s\u00e5 s\u00e4tt kan du vara s\u00e4ker p\u00e5 att hitta m\u00e4nniskor som gillar samma saker som du \u00e4r. Ett annat s\u00e4tt att tr\u00e4ffa kinky m\u00e4nniskor \u00e4r att delta i lokala BDSM-evenemang eller klubbar. Detta \u00e4r ett utm\u00e4rkt s\u00e4tt att tr\u00e4ffa likasinnade i en s\u00e4ker och samf\u00f6rst\u00e5ndsmilj\u00f6. Du kan ocks\u00e5 kolla in onlineforum eller sociala mediegrupper dedikerade till kink och BDSM. Detta \u00e4r ett utm\u00e4rkt s\u00e4tt att f\u00e5 kontakt med personer som delar dina intressen och f\u00e5 tips och r\u00e5d fr\u00e5n mer erfarna medlemmar.<\/p>\n<h2>BDSM-anslutning<\/h2>\n<p>Om du \u00e4r intresserad av att utforska BDSM-v\u00e4rlden finns det n\u00e5gra saker du b\u00f6r t\u00e4nka p\u00e5 n\u00e4r du ansluter dig till en partner. F\u00f6r det f\u00f6rsta \u00e4r kommunikation nyckeln. Se till att du diskuterar dina gr\u00e4nser och gr\u00e4nser innan du b\u00f6rjar. Det \u00e4r ocks\u00e5 viktigt att lita p\u00e5 din partner och ha en god f\u00f6rst\u00e5else f\u00f6r deras f\u00e4rdigheter och erfarenheter.<\/p>\n<p>BDSM kan vara ett bra s\u00e4tt att l\u00e4gga till lite krydda i ditt sexliv, men det \u00e4r viktigt att se till att du g\u00f6r det s\u00e4kert och i samf\u00f6rst\u00e5nd. Om du precis har b\u00f6rjat finns det n\u00e5gra saker du b\u00f6r t\u00e4nka p\u00e5. F\u00f6r det f\u00f6rsta \u00e4r kommunikation nyckeln. Se till att du diskuterar dina gr\u00e4nser och gr\u00e4nser innan du b\u00f6rjar. Det \u00e4r ocks\u00e5 viktigt att lita p\u00e5 din partner och ha en god f\u00f6rst\u00e5else f\u00f6r deras f\u00e4rdigheter och erfarenheter.<\/p>\n<p>BDSM kan vara ett bra s\u00e4tt att l\u00e4gga till lite krydda i ditt sexliv, men det \u00e4r viktigt att se till att du g\u00f6r det s\u00e4kert och i samf\u00f6rst\u00e5nd. Om du precis har b\u00f6rjat finns det n\u00e5gra saker du b\u00f6r t\u00e4nka p\u00e5. F\u00f6r det f\u00f6rsta \u00e4r kommunikation nyckeln. Se till att du diskuterar dina gr\u00e4nser och gr\u00e4nser innan du b\u00f6rjar. Det \u00e4r ocks\u00e5 viktigt att lita p\u00e5 din partner och ha en god f\u00f6rst\u00e5else f\u00f6r deras f\u00e4rdigheter och erfarenheter.<\/p>\n<h3>Spruta<\/h3>\n<p>Om du letar efter en kink dejtingsajt som \u00e4r dedikerad till att hj\u00e4lpa dig att f\u00e5 kontakt med likasinnade m\u00e4nniskor, vill du kolla in Squirt. Denna webbplats har utformats speciellt f\u00f6r att hj\u00e4lpa m\u00e4nniskor att hitta partners f\u00f6r kinkier aktiviteter, och den har mycket att erbjuda.<\/p>\n<p>Det f\u00f6rsta du kommer att m\u00e4rka om Squirt \u00e4r att det \u00e4r v\u00e4ldigt anv\u00e4ndarv\u00e4nligt. Gr\u00e4nssnittet \u00e4r enkelt och l\u00e4tt att navigera, och s\u00f6kfunktionen \u00e4r mycket omfattande. Du kan s\u00f6ka efter partners efter plats, intressen och till och med sexuella preferenser.<\/p>\n<p>En av de b\u00e4sta sakerna med Squirt \u00e4r att det \u00e4r en mycket inkluderande webbplats. Oavsett vad din kink \u00e4r, kommer du att kunna hitta n\u00e5gon som gillar det p\u00e5 den h\u00e4r webbplatsen. Det finns ocks\u00e5 en stor grupp anv\u00e4ndare som alltid g\u00e4rna hj\u00e4lper och st\u00f6ttar varandra.<\/p>\n<p>Om du letar efter en kink dejtingsajt som \u00e4r s\u00e4ker, v\u00e4lkomnande och full av funktioner, b\u00f6r du definitivt kolla in Squirt.<\/p>\n<h3>Styggt datum<\/h3>\n<p>NaughtyDate \u00e4r en popul\u00e4r kink dating app med en stor anv\u00e4ndarbas och massor av funktioner f\u00f6r att h\u00e5lla saker intressanta. Appen \u00e4r gratis att ladda ner och skapa en profil, men du m\u00e5ste uppgradera till ett premiummedlemskap f\u00f6r att l\u00e5sa upp alla funktioner. Detta inkluderar meddelanden, s\u00f6kning och olika kink-relaterade aktiviteter.<\/p>\n<p>Appen \u00e4r v\u00e4l utformad och enkel att anv\u00e4nda, vilket g\u00f6r hela kink dating-upplevelsen s\u00e5 mycket roligare. Och med en stor anv\u00e4ndarbas \u00e4r du s\u00e4ker p\u00e5 att hitta n\u00e5gon som delar dina specifika kinks och intressen. S\u00e5 om du letar efter en kink dating app som kan leverera p\u00e5 b\u00e5de kvalitet och kvantitet, \u00e4r NaughtyDate definitivt v\u00e4rt att kolla in.<\/p>\n<h3>TinderMeets<\/h3>\n<p>Om du letar efter en kink dejtingsajt som faktiskt levererar \u00e4r TinderMeets v\u00e4gen att g\u00e5. Webbplatsen har massor av funktioner som g\u00f6r det enkelt att hitta och f\u00e5 kontakt med potentiella partners, och samh\u00e4llet \u00e4r b\u00e5de aktivt och v\u00e4nligt. Oavsett om du letar efter en avslappnad anslutning eller ett mer seri\u00f6st f\u00f6rh\u00e5llande hittar du det du letar efter p\u00e5 TinderMeets.<\/p>\n","protected":false},"excerpt":{"rendered":"<p>Det finns en m\u00e4ngd olika kink dejtingsajter tillg\u00e4ngliga om du \u00e4r intresserad av att driva ett mer okonventionellt f\u00f6rh\u00e5llande. Dessa webbplatser tillgodoser personer med specifika fetischer eller kinks och kan hj\u00e4lpa dig att f\u00e5 kontakt med likasinnade partners. Oavsett om du letar efter en dom \/ sub-relation eller bara en avslappnad anslutning, kan kink dejtingsajter [&hellip;]<\/p>\n","protected":false},"author":1,"featured_media":0,"parent":0,"menu_order":0,"comment_status":"closed","ping_status":"closed","template":"","meta":[],"yoast_head":"<!-- This site is optimized with the Yoast SEO plugin v17.7.1 - https:\/\/yoast.com\/wordpress\/plugins\/seo\/ -->\n<title>Kink Dejtingsajter - Process Reviews<\/title>\n<meta name=\"robots\" content=\"index, follow, max-snippet:-1, max-image-preview:large, max-video-preview:-1\" \/>\n<link rel=\"canonical\" href=\"https:\/\/fortprocess.co.uk\/sv\/kink-dejtingsajter\/\" \/>\n<meta property=\"og:locale\" content=\"sv_SE\" \/>\n<meta property=\"og:type\" content=\"article\" \/>\n<meta property=\"og:title\" content=\"Kink Dejtingsajter - Process Reviews\" \/>\n<meta property=\"og:description\" content=\"Det finns en m\u00e4ngd olika kink dejtingsajter tillg\u00e4ngliga om du \u00e4r intresserad av att driva ett mer okonventionellt f\u00f6rh\u00e5llande. Dessa webbplatser tillgodoser personer med specifika fetischer eller kinks och kan hj\u00e4lpa dig att f\u00e5 kontakt med likasinnade partners. Oavsett om du letar efter en dom \/ sub-relation eller bara en avslappnad anslutning, kan kink dejtingsajter [&hellip;]\" \/>\n<meta property=\"og:url\" content=\"https:\/\/fortprocess.co.uk\/sv\/kink-dejtingsajter\/\" \/>\n<meta property=\"og:site_name\" content=\"Process Reviews\" \/>\n<meta property=\"article:modified_time\" content=\"2022-10-03T13:05:18+00:00\" \/>\n<meta name=\"twitter:card\" content=\"summary_large_image\" \/>\n<meta name=\"twitter:label1\" content=\"Ber\u00e4knad l\u00e4stid\" \/>\n\t<meta name=\"twitter:data1\" content=\"5 minuter\" \/>\n<script type=\"application\/ld+json\" class=\"yoast-schema-graph\">{\"@context\":\"https:\/\/schema.org\",\"@graph\":[{\"@type\":\"WebSite\",\"@id\":\"https:\/\/fortprocess.co.uk\/sv\/#website\",\"url\":\"https:\/\/fortprocess.co.uk\/sv\/\",\"name\":\"Process Reviews\",\"description\":\"Casual Dating\",\"potentialAction\":[{\"@type\":\"SearchAction\",\"target\":{\"@type\":\"EntryPoint\",\"urlTemplate\":\"https:\/\/fortprocess.co.uk\/sv\/?s={search_term_string}\"},\"query-input\":\"required name=search_term_string\"}],\"inLanguage\":\"sv-SE\"},{\"@type\":\"WebPage\",\"@id\":\"https:\/\/fortprocess.co.uk\/sv\/kink-dejtingsajter\/#webpage\",\"url\":\"https:\/\/fortprocess.co.uk\/sv\/kink-dejtingsajter\/\",\"name\":\"Kink Dejtingsajter - Process Reviews\",\"isPartOf\":{\"@id\":\"https:\/\/fortprocess.co.uk\/sv\/#website\"},\"datePublished\":\"2022-10-03T12:35:35+00:00\",\"dateModified\":\"2022-10-03T13:05:18+00:00\",\"breadcrumb\":{\"@id\":\"https:\/\/fortprocess.co.uk\/sv\/kink-dejtingsajter\/#breadcrumb\"},\"inLanguage\":\"sv-SE\",\"potentialAction\":[{\"@type\":\"ReadAction\",\"target\":[\"https:\/\/fortprocess.co.uk\/sv\/kink-dejtingsajter\/\"]}]},{\"@type\":\"BreadcrumbList\",\"@id\":\"https:\/\/fortprocess.co.uk\/sv\/kink-dejtingsajter\/#breadcrumb\",\"itemListElement\":[{\"@type\":\"ListItem\",\"position\":1,\"name\":\"Home\",\"item\":\"https:\/\/fortprocess.co.uk\/sv\/\"},{\"@type\":\"ListItem\",\"position\":2,\"name\":\"Kink Dejtingsajter\"}]}]}<\/script>\n<!-- \/ Yoast SEO plugin. -->","yoast_head_json":{"title":"Kink Dejtingsajter - Process Reviews","robots":{"index":"index","follow":"follow","max-snippet":"max-snippet:-1","max-image-preview":"max-image-preview:large","max-video-preview":"max-video-preview:-1"},"canonical":"https:\/\/fortprocess.co.uk\/sv\/kink-dejtingsajter\/","og_locale":"sv_SE","og_type":"article","og_title":"Kink Dejtingsajter - Process Reviews","og_description":"Det finns en m\u00e4ngd olika kink dejtingsajter tillg\u00e4ngliga om du \u00e4r intresserad av att driva ett mer okonventionellt f\u00f6rh\u00e5llande. Dessa webbplatser tillgodoser personer med specifika fetischer eller kinks och kan hj\u00e4lpa dig att f\u00e5 kontakt med likasinnade partners. Oavsett om du letar efter en dom \/ sub-relation eller bara en avslappnad anslutning, kan kink dejtingsajter [&hellip;]","og_url":"https:\/\/fortprocess.co.uk\/sv\/kink-dejtingsajter\/","og_site_name":"Process Reviews","article_modified_time":"2022-10-03T13:05:18+00:00","twitter_card":"summary_large_image","twitter_misc":{"Ber\u00e4knad l\u00e4stid":"5 minuter"},"schema":{"@context":"https:\/\/schema.org","@graph":[{"@type":"WebSite","@id":"https:\/\/fortprocess.co.uk\/sv\/#website","url":"https:\/\/fortprocess.co.uk\/sv\/","name":"Process Reviews","description":"Casual Dating","potentialAction":[{"@type":"SearchAction","target":{"@type":"EntryPoint","urlTemplate":"https:\/\/fortprocess.co.uk\/sv\/?s={search_term_string}"},"query-input":"required name=search_term_string"}],"inLanguage":"sv-SE"},{"@type":"WebPage","@id":"https:\/\/fortprocess.co.uk\/sv\/kink-dejtingsajter\/#webpage","url":"https:\/\/fortprocess.co.uk\/sv\/kink-dejtingsajter\/","name":"Kink Dejtingsajter - Process Reviews","isPartOf":{"@id":"https:\/\/fortprocess.co.uk\/sv\/#website"},"datePublished":"2022-10-03T12:35:35+00:00","dateModified":"2022-10-03T13:05:18+00:00","breadcrumb":{"@id":"https:\/\/fortprocess.co.uk\/sv\/kink-dejtingsajter\/#breadcrumb"},"inLanguage":"sv-SE","potentialAction":[{"@type":"ReadAction","target":["https:\/\/fortprocess.co.uk\/sv\/kink-dejtingsajter\/"]}]},{"@type":"BreadcrumbList","@id":"https:\/\/fortprocess.co.uk\/sv\/kink-dejtingsajter\/#breadcrumb","itemListElement":[{"@type":"ListItem","position":1,"name":"Home","item":"https:\/\/fortprocess.co.uk\/sv\/"},{"@type":"ListItem","position":2,"name":"Kink Dejtingsajter"}]}]}},"_links":{"self":[{"href":"https:\/\/fortprocess.co.uk\/sv\/wp-json\/wp\/v2\/pages\/138"}],"collection":[{"href":"https:\/\/fortprocess.co.uk\/sv\/wp-json\/wp\/v2\/pages"}],"about":[{"href":"https:\/\/fortprocess.co.uk\/sv\/wp-json\/wp\/v2\/types\/page"}],"author":[{"embeddable":true,"href":"https:\/\/fortprocess.co.uk\/sv\/wp-json\/wp\/v2\/users\/1"}],"replies":[{"embeddable":true,"href":"https:\/\/fortprocess.co.uk\/sv\/wp-json\/wp\/v2\/comments?post=138"}],"version-history":[{"count":1,"href":"https:\/\/fortprocess.co.uk\/sv\/wp-json\/wp\/v2\/pages\/138\/revisions"}],"predecessor-version":[{"id":222,"href":"https:\/\/fortprocess.co.uk\/sv\/wp-json\/wp\/v2\/pages\/138\/revisions\/222"}],"wp:attachment":[{"href":"https:\/\/fortprocess.co.uk\/sv\/wp-json\/wp\/v2\/media?parent=138"}],"curies":[{"name":"wp","href":"https:\/\/api.w.org\/{rel}","templated":true}]}}