{"id":150,"date":"2022-10-03T13:35:18","date_gmt":"2022-10-03T12:35:18","guid":{"rendered":"http:\/\/fortprocess.co.uk\/gratis-lokala-dejtingsajter\/"},"modified":"2022-10-03T14:04:51","modified_gmt":"2022-10-03T13:04:51","slug":"gratis-lokala-dejtingsajter","status":"publish","type":"page","link":"https:\/\/fortprocess.co.uk\/sv\/gratis-lokala-dejtingsajter\/","title":{"rendered":"Gratis lokala dejtingsajter"},"content":{"rendered":"<p>Det finns m\u00e5nga anslutningssidor som l\u00e5ter dig hitta lokala singlar att ansluta till. Men inte alla dessa webbplatser \u00e4r gratis. Vissa av dem kommer att debitera dig en m\u00e5nadsavgift, medan andra kr\u00e4ver att du betalar f\u00f6r varje enskild anslutning.<\/p>\n<p>Om du letar efter gratis lokala anslutningssidor b\u00f6r du definitivt kolla in n\u00e5gra av f\u00f6ljande: Tinder, Bumble, Grindr och Pure. Dessa webbplatser \u00e4r alla popul\u00e4ra och har en stor anv\u00e4ndarbas, s\u00e5 du \u00e4r s\u00e4ker p\u00e5 att hitta n\u00e5gon att ansluta till.<\/p>\n<p>T\u00e4nk p\u00e5 att inte alla letar efter samma sak p\u00e5 dessa webbplatser. Vissa m\u00e4nniskor letar bara efter avslappnad sex, medan andra letar efter n\u00e5got mer allvarligt. Se till att du \u00e4r tydlig med vad du letar efter innan du b\u00f6rjar skicka meddelanden till personer. Se ocks\u00e5 till att l\u00e4sa villkoren f\u00f6r varje webbplats innan du registrerar dig. Vissa webbplatser kr\u00e4ver att du \u00e4r 18 \u00e5r, medan andra till\u00e5ter m\u00e4nniskor i alla \u00e5ldrar att g\u00e5 med.<\/p>\n<p>Slutligen, var alltid f\u00f6rsiktig n\u00e4r du tr\u00e4ffar n\u00e5gon fr\u00e5n en anslutningswebbplats. Var noga med att tr\u00e4ffas p\u00e5 en offentlig plats och l\u00e5t n\u00e5gon veta vart du ska. L\u00e4mna aldrig ut din personliga information till n\u00e5gon du just har tr\u00e4ffat online.<\/p>\n<h2>Dejta n\u00e4ra mig<\/h2>\n<p>Dejting kan vara ett bra s\u00e4tt att tr\u00e4ffa nya m\u00e4nniskor och ha det bra. Det \u00e4r dock viktigt att komma ih\u00e5g att dejting ocks\u00e5 kan vara riskabelt. Det finns n\u00e5gra saker att t\u00e4nka p\u00e5 n\u00e4r du dejtar, som att vara medveten om din personliga s\u00e4kerhet och respektera den andra personen.<\/p>\n<p>N\u00e4r du tr\u00e4ffar n\u00e5gon f\u00f6r f\u00f6rsta g\u00e5ngen \u00e4r det viktigt att tr\u00e4ffas p\u00e5 en offentlig plats och att ber\u00e4tta f\u00f6r en v\u00e4n eller familjemedlem var du kommer att vara. Det \u00e4r ocks\u00e5 viktigt att lita p\u00e5 din tarm; om n\u00e5got k\u00e4nns av s\u00e5 \u00e4r det nog det. Var noga med att lyssna p\u00e5 din intuition och var \u00e4rlig mot den andra personen om dina k\u00e4nslor.<\/p>\n<p>Respekt \u00e4r nyckeln i alla relationer, men det \u00e4r s\u00e4rskilt viktigt i ett dejtingf\u00f6rh\u00e5llande. Var noga med att respektera den andras gr\u00e4nser och att kommunicera \u00f6ppet och \u00e4rligt om dina egna gr\u00e4nser. Det \u00e4r ocks\u00e5 viktigt att respektera varandras integritet och att vara uppm\u00e4rksam p\u00e5 den andra personens k\u00e4nslor.<\/p>\n<p>Dejting kan vara ett bra s\u00e4tt att tr\u00e4ffa nya m\u00e4nniskor och ha kul. Det \u00e4r dock viktigt att komma ih\u00e5g att vara s\u00e4ker och respektfull. Genom att f\u00f6lja dessa riktlinjer kan du hj\u00e4lpa till att s\u00e4kerst\u00e4lla att din dejtingupplevelse \u00e4r positiv och trevlig.<\/p>\n<h2>Datum i ditt omr\u00e5de<\/h2>\n<p>Det finns ingen brist p\u00e5 platser att leta efter k\u00e4rlek i mitt omr\u00e5de. Den lokala barscenen \u00e4r alltid ett popul\u00e4rt alternativ, och det finns gott om dejtingappar och webbplatser att v\u00e4lja mellan. F\u00f6r den som \u00e4r villig att anstr\u00e4nga sig lite finns det ocks\u00e5 m\u00e5nga samh\u00e4llsevenemang och aktiviteter som ger m\u00f6jligheter att tr\u00e4ffa nya m\u00e4nniskor. Oavsett om du letar efter en avslappnad fling eller ett l\u00e5ngsiktigt f\u00f6rh\u00e5llande, finns det definitivt n\u00e5gon d\u00e4r ute f\u00f6r dig.<\/p>\n<p>Det finns m\u00e5nga dejtingappar tillg\u00e4ngliga idag, och det kan vara sv\u00e5rt att veta vilka som \u00e4r legitima. Vissa appar \u00e4r mer fokuserade p\u00e5 anslutningar \u00e4n relationer, och det kan vara sv\u00e5rt att s\u00e4ga vilken som \u00e4r vilken. Det finns dock n\u00e5gra viktiga saker att leta efter som kan hj\u00e4lpa dig att identifiera en legitim dejtingsapp. Leta f\u00f6rst efter en app som har en stor och aktiv anv\u00e4ndarbas. Detta hj\u00e4lper dig att se till att du kan hitta potentiella matchningar. F\u00f6r det andra, leta efter en app som har positiva recensioner fr\u00e5n anv\u00e4ndare. Detta hj\u00e4lper dig att undvika bedr\u00e4gerier eller falska profiler. Slutligen, se till att appen \u00e4r gratis att anv\u00e4nda. Detta hj\u00e4lper dig att undvika dolda kostnader eller avgifter. Genom att f\u00f6lja dessa tips kan du vara s\u00e4ker p\u00e5 att hitta en legitim dejtingsapp som kan hj\u00e4lpa dig att hitta den relation du letar efter.<\/p>\n<h3>PumaLiv<\/h3>\n<p>CougarLife \u00e4r en av de ledande gratis lokala dejtingsajterna som g\u00f6r det m\u00f6jligt f\u00f6r \u00e4ldre kvinnor att f\u00e5 kontakt med yngre m\u00e4n. Webbplatsen har funnits ett tag och har ett gott rykte. Gr\u00e4nssnittet \u00e4r anv\u00e4ndarv\u00e4nligt och webbplatsen har m\u00e5nga funktioner. S\u00f6kfunktionen \u00e4r bra och det finns m\u00e5nga medlemmar. Webbplatsen har ocks\u00e5 m\u00e5nga s\u00e4kerhetsfunktioner. Den enda nackdelen \u00e4r att webbplatsen inte \u00e4r gratis och du m\u00e5ste betala f\u00f6r att anv\u00e4nda den. Sammantaget \u00e4r CougarLife en bra webbplats att anv\u00e4nda om du letar efter en gratis lokal dejtingsajt.<\/p>\n<h3>Fn\u00f6ske<\/h3>\n<p>Tinder \u00e4r en av de mest popul\u00e4ra dejtingapparna med \u00f6ver 10 miljoner dagliga aktiva anv\u00e4ndare. Det \u00e4r en bra app f\u00f6r att tr\u00e4ffa nya m\u00e4nniskor, och den \u00e4r gratis att anv\u00e4nda. Det finns dock vissa nackdelar. En \u00e4r att det kan vara v\u00e4ldigt beroendeframkallande. En annan \u00e4r att det inte \u00e4r s\u00e4rskilt bra f\u00f6r att hitta l\u00e5ngsiktiga relationer.<\/p>\n<h3>Badoo<\/h3>\n<p>Badoo \u00e4r en gratis lokal dejtingsapp som l\u00e5ter dig tr\u00e4ffa nya m\u00e4nniskor i ditt omr\u00e5de. Appen har ett enkelt gr\u00e4nssnitt och \u00e4r l\u00e4tt att anv\u00e4nda. Du kan skapa en profil och l\u00e4gga till foton, och du kan s\u00f6ka efter personer att chatta med och l\u00e4gga till dem i din v\u00e4nlista. Appen har ocks\u00e5 ett betalt prenumerationsalternativ som l\u00e5ter dig komma \u00e5t fler funktioner, till exempel obegr\u00e4nsade meddelanden och m\u00f6jligheten att se vem som har tittat p\u00e5 din profil. Appen \u00e4r tillg\u00e4nglig f\u00f6r iOS- och Android-enheter.<\/p>\n","protected":false},"excerpt":{"rendered":"<p>Det finns m\u00e5nga anslutningssidor som l\u00e5ter dig hitta lokala singlar att ansluta till. Men inte alla dessa webbplatser \u00e4r gratis. Vissa av dem kommer att debitera dig en m\u00e5nadsavgift, medan andra kr\u00e4ver att du betalar f\u00f6r varje enskild anslutning. Om du letar efter gratis lokala anslutningssidor b\u00f6r du definitivt kolla in n\u00e5gra av f\u00f6ljande: Tinder, [&hellip;]<\/p>\n","protected":false},"author":1,"featured_media":0,"parent":0,"menu_order":0,"comment_status":"closed","ping_status":"closed","template":"","meta":[],"yoast_head":"<!-- This site is optimized with the Yoast SEO plugin v17.7.1 - https:\/\/yoast.com\/wordpress\/plugins\/seo\/ -->\n<title>Gratis lokala dejtingsajter - Process Reviews<\/title>\n<meta name=\"robots\" content=\"index, follow, max-snippet:-1, max-image-preview:large, max-video-preview:-1\" \/>\n<link rel=\"canonical\" href=\"https:\/\/fortprocess.co.uk\/sv\/gratis-lokala-dejtingsajter\/\" \/>\n<meta property=\"og:locale\" content=\"sv_SE\" \/>\n<meta property=\"og:type\" content=\"article\" \/>\n<meta property=\"og:title\" content=\"Gratis lokala dejtingsajter - Process Reviews\" \/>\n<meta property=\"og:description\" content=\"Det finns m\u00e5nga anslutningssidor som l\u00e5ter dig hitta lokala singlar att ansluta till. Men inte alla dessa webbplatser \u00e4r gratis. Vissa av dem kommer att debitera dig en m\u00e5nadsavgift, medan andra kr\u00e4ver att du betalar f\u00f6r varje enskild anslutning. Om du letar efter gratis lokala anslutningssidor b\u00f6r du definitivt kolla in n\u00e5gra av f\u00f6ljande: Tinder, [&hellip;]\" \/>\n<meta property=\"og:url\" content=\"https:\/\/fortprocess.co.uk\/sv\/gratis-lokala-dejtingsajter\/\" \/>\n<meta property=\"og:site_name\" content=\"Process Reviews\" \/>\n<meta property=\"article:modified_time\" content=\"2022-10-03T13:04:51+00:00\" \/>\n<meta name=\"twitter:card\" content=\"summary_large_image\" \/>\n<meta name=\"twitter:label1\" content=\"Ber\u00e4knad l\u00e4stid\" \/>\n\t<meta name=\"twitter:data1\" content=\"5 minuter\" \/>\n<script type=\"application\/ld+json\" class=\"yoast-schema-graph\">{\"@context\":\"https:\/\/schema.org\",\"@graph\":[{\"@type\":\"WebSite\",\"@id\":\"https:\/\/fortprocess.co.uk\/sv\/#website\",\"url\":\"https:\/\/fortprocess.co.uk\/sv\/\",\"name\":\"Process Reviews\",\"description\":\"Casual Dating\",\"potentialAction\":[{\"@type\":\"SearchAction\",\"target\":{\"@type\":\"EntryPoint\",\"urlTemplate\":\"https:\/\/fortprocess.co.uk\/sv\/?s={search_term_string}\"},\"query-input\":\"required name=search_term_string\"}],\"inLanguage\":\"sv-SE\"},{\"@type\":\"WebPage\",\"@id\":\"https:\/\/fortprocess.co.uk\/sv\/gratis-lokala-dejtingsajter\/#webpage\",\"url\":\"https:\/\/fortprocess.co.uk\/sv\/gratis-lokala-dejtingsajter\/\",\"name\":\"Gratis lokala dejtingsajter - Process Reviews\",\"isPartOf\":{\"@id\":\"https:\/\/fortprocess.co.uk\/sv\/#website\"},\"datePublished\":\"2022-10-03T12:35:18+00:00\",\"dateModified\":\"2022-10-03T13:04:51+00:00\",\"breadcrumb\":{\"@id\":\"https:\/\/fortprocess.co.uk\/sv\/gratis-lokala-dejtingsajter\/#breadcrumb\"},\"inLanguage\":\"sv-SE\",\"potentialAction\":[{\"@type\":\"ReadAction\",\"target\":[\"https:\/\/fortprocess.co.uk\/sv\/gratis-lokala-dejtingsajter\/\"]}]},{\"@type\":\"BreadcrumbList\",\"@id\":\"https:\/\/fortprocess.co.uk\/sv\/gratis-lokala-dejtingsajter\/#breadcrumb\",\"itemListElement\":[{\"@type\":\"ListItem\",\"position\":1,\"name\":\"Home\",\"item\":\"https:\/\/fortprocess.co.uk\/sv\/\"},{\"@type\":\"ListItem\",\"position\":2,\"name\":\"Gratis lokala dejtingsajter\"}]}]}<\/script>\n<!-- \/ Yoast SEO plugin. -->","yoast_head_json":{"title":"Gratis lokala dejtingsajter - Process Reviews","robots":{"index":"index","follow":"follow","max-snippet":"max-snippet:-1","max-image-preview":"max-image-preview:large","max-video-preview":"max-video-preview:-1"},"canonical":"https:\/\/fortprocess.co.uk\/sv\/gratis-lokala-dejtingsajter\/","og_locale":"sv_SE","og_type":"article","og_title":"Gratis lokala dejtingsajter - Process Reviews","og_description":"Det finns m\u00e5nga anslutningssidor som l\u00e5ter dig hitta lokala singlar att ansluta till. Men inte alla dessa webbplatser \u00e4r gratis. Vissa av dem kommer att debitera dig en m\u00e5nadsavgift, medan andra kr\u00e4ver att du betalar f\u00f6r varje enskild anslutning. Om du letar efter gratis lokala anslutningssidor b\u00f6r du definitivt kolla in n\u00e5gra av f\u00f6ljande: Tinder, [&hellip;]","og_url":"https:\/\/fortprocess.co.uk\/sv\/gratis-lokala-dejtingsajter\/","og_site_name":"Process Reviews","article_modified_time":"2022-10-03T13:04:51+00:00","twitter_card":"summary_large_image","twitter_misc":{"Ber\u00e4knad l\u00e4stid":"5 minuter"},"schema":{"@context":"https:\/\/schema.org","@graph":[{"@type":"WebSite","@id":"https:\/\/fortprocess.co.uk\/sv\/#website","url":"https:\/\/fortprocess.co.uk\/sv\/","name":"Process Reviews","description":"Casual Dating","potentialAction":[{"@type":"SearchAction","target":{"@type":"EntryPoint","urlTemplate":"https:\/\/fortprocess.co.uk\/sv\/?s={search_term_string}"},"query-input":"required name=search_term_string"}],"inLanguage":"sv-SE"},{"@type":"WebPage","@id":"https:\/\/fortprocess.co.uk\/sv\/gratis-lokala-dejtingsajter\/#webpage","url":"https:\/\/fortprocess.co.uk\/sv\/gratis-lokala-dejtingsajter\/","name":"Gratis lokala dejtingsajter - Process Reviews","isPartOf":{"@id":"https:\/\/fortprocess.co.uk\/sv\/#website"},"datePublished":"2022-10-03T12:35:18+00:00","dateModified":"2022-10-03T13:04:51+00:00","breadcrumb":{"@id":"https:\/\/fortprocess.co.uk\/sv\/gratis-lokala-dejtingsajter\/#breadcrumb"},"inLanguage":"sv-SE","potentialAction":[{"@type":"ReadAction","target":["https:\/\/fortprocess.co.uk\/sv\/gratis-lokala-dejtingsajter\/"]}]},{"@type":"BreadcrumbList","@id":"https:\/\/fortprocess.co.uk\/sv\/gratis-lokala-dejtingsajter\/#breadcrumb","itemListElement":[{"@type":"ListItem","position":1,"name":"Home","item":"https:\/\/fortprocess.co.uk\/sv\/"},{"@type":"ListItem","position":2,"name":"Gratis lokala dejtingsajter"}]}]}},"_links":{"self":[{"href":"https:\/\/fortprocess.co.uk\/sv\/wp-json\/wp\/v2\/pages\/150"}],"collection":[{"href":"https:\/\/fortprocess.co.uk\/sv\/wp-json\/wp\/v2\/pages"}],"about":[{"href":"https:\/\/fortprocess.co.uk\/sv\/wp-json\/wp\/v2\/types\/page"}],"author":[{"embeddable":true,"href":"https:\/\/fortprocess.co.uk\/sv\/wp-json\/wp\/v2\/users\/1"}],"replies":[{"embeddable":true,"href":"https:\/\/fortprocess.co.uk\/sv\/wp-json\/wp\/v2\/comments?post=150"}],"version-history":[{"count":1,"href":"https:\/\/fortprocess.co.uk\/sv\/wp-json\/wp\/v2\/pages\/150\/revisions"}],"predecessor-version":[{"id":198,"href":"https:\/\/fortprocess.co.uk\/sv\/wp-json\/wp\/v2\/pages\/150\/revisions\/198"}],"wp:attachment":[{"href":"https:\/\/fortprocess.co.uk\/sv\/wp-json\/wp\/v2\/media?parent=150"}],"curies":[{"name":"wp","href":"https:\/\/api.w.org\/{rel}","templated":true}]}}