{"id":162,"date":"2022-10-03T13:34:43","date_gmt":"2022-10-03T12:34:43","guid":{"rendered":"http:\/\/fortprocess.co.uk\/lokala-knullsajter\/"},"modified":"2022-10-03T13:34:43","modified_gmt":"2022-10-03T12:34:43","slug":"lokala-knullsajter","status":"publish","type":"page","link":"https:\/\/fortprocess.co.uk\/sv\/lokala-knullsajter\/","title":{"rendered":"Lokala knullsajter"},"content":{"rendered":"<p>Det finns m\u00e5nga lokala knullsajter d\u00e4r ute som kan hj\u00e4lpa dig att hitta n\u00e5gon att ansluta dig till i ditt omr\u00e5de. Allt du beh\u00f6ver g\u00f6ra \u00e4r att registrera dig f\u00f6r ett konto och skapa en profil. D\u00e5 kan du s\u00f6ka efter medlemmar som letar efter samma sak som du. Du kan skicka meddelanden till dem, chatta med dem och till och med tr\u00e4ffa dem personligen om du vill. Kom bara ih\u00e5g att vara s\u00e4ker och anv\u00e4nd skydd n\u00e4r du ansluter dig till n\u00e5gon du tr\u00e4ffade online.<\/p>\n<h2>Gratis Knulla Webbplatser<\/h2>\n<p>Det finns m\u00e5nga bra gratis knullsajter d\u00e4r ute. Du m\u00e5ste bara veta var du ska leta. Det b\u00e4sta st\u00e4llet att b\u00f6rja din s\u00f6kning \u00e4r f\u00f6rmodligen en s\u00f6kmotor som Google. Skriv bara in &#8221;gratis knullsidor&#8221; s\u00e5 ska du f\u00e5 en massa resultat. N\u00e4r du har hittat n\u00e5gra som ser lovande ut, registrera dig bara och prova dem. Det skadar inte att prova n\u00e5gra olika tills du hittar den som passar dig.<\/p>\n<h2>Gratis Meet och Fuck webbplatser<\/h2>\n<p>Det finns m\u00e5nga gratis m\u00f6tes- och knullsidor p\u00e5 internet, men inte alla \u00e4r skapade lika. Vissa av dem \u00e4r b\u00e4ttre \u00e4n andra, och vissa av dem \u00e4r helt enkelt bedr\u00e4gerier. Det \u00e4r viktigt att g\u00f6ra din forskning innan du registrerar dig f\u00f6r n\u00e5gon av dessa webbplatser, eftersom du inte vill sl\u00f6sa bort din tid eller dina pengar.<\/p>\n<p>De b\u00e4sta gratis m\u00f6tes- och knullsajterna \u00e4r de som faktiskt fungerar. De har en stor databas med potentiella matchningar, och de anv\u00e4nder en m\u00e4ngd olika algoritmer f\u00f6r att matcha dig med n\u00e5gon som \u00e4r kompatibel med dig. De har ocks\u00e5 m\u00e5nga funktioner som g\u00f6r upplevelsen roligare, till exempel chattrum och snabbmeddelanden.<\/p>\n<p>De v\u00e4rsta gratis m\u00f6tes- och knullsajterna \u00e4r de som inte \u00e4r mer \u00e4n bedr\u00e4gerier. Dessa webbplatser kommer ofta att be om din kreditkortsinformation, och sedan anv\u00e4nder de den f\u00f6r att debitera dig f\u00f6r saker du inte ens registrerade dig f\u00f6r. De kan ocks\u00e5 f\u00f6rs\u00f6ka s\u00e4lja andra produkter till dig, eller de kan till och med f\u00f6rs\u00f6ka f\u00e5 dig att registrera dig f\u00f6r deras betalda tj\u00e4nst. Hur som helst \u00e4r det b\u00e4ttre att du undviker dessa webbplatser helt och h\u00e5llet.<\/p>\n<p>Det finns m\u00e5nga m\u00e4nniskor d\u00e4r ute som tycker att &#8221;knulla gratis&#8221; \u00e4r ett bra s\u00e4tt att g\u00e5 tillv\u00e4ga f\u00f6r att dejta. \u00c4ven om det definitivt finns n\u00e5gra f\u00f6rdelar med detta tillv\u00e4gag\u00e5ngss\u00e4tt, finns det ocks\u00e5 n\u00e5gra stora nackdelar. Ett av de st\u00f6rsta problemen med &#8221;fuck for free&#8221; \u00e4r att det ofta bara \u00e4r ett s\u00e4tt f\u00f6r m\u00e4nniskor att dra nytta av andra. Om du inte \u00e4r f\u00f6rsiktig kan du l\u00e4tt hamna i en situation d\u00e4r du v\u00e4njer dig och utnyttjas, utan att n\u00e5gonsin riktigt f\u00e5 n\u00e5got tillbaka. Dessutom kan &#8221;knulla gratis&#8221; ocks\u00e5 leda till mycket drama och konflikter, eftersom m\u00e4nniskor ofta t\u00e4vlar om samma persons uppm\u00e4rksamhet. Om du inte \u00e4r beredd att hantera det, \u00e4r &#8221;knulla gratis&#8221; f\u00f6rmodligen inte det b\u00e4sta s\u00e4ttet f\u00f6r dig.<\/p>\n<h3>Silver pappa<\/h3>\n<p>Om du letar efter en Silver Daddy, vill du kolla in Silver Daddy Dating App. Den h\u00e4r appen \u00e4r ett utm\u00e4rkt s\u00e4tt att f\u00e5 kontakt med andra silverpappor i ditt omr\u00e5de. Appen \u00e4r gratis att ladda ner och anv\u00e4nda, och det \u00e4r enkelt att registrera sig. Du kan skapa en profil, l\u00e4gga till foton och b\u00f6rja chatta med andra silverpappor i ditt omr\u00e5de. Appen \u00e4r ocks\u00e5 bra f\u00f6r att hitta lokala knullsajter. Du kan s\u00f6ka efter webbplatser efter plats, och du kan ocks\u00e5 l\u00e4sa recensioner av webbplatser innan du g\u00e5r med i dem. Silver Daddy Dating App \u00e4r ett utm\u00e4rkt s\u00e4tt att tr\u00e4ffa silverpappor i ditt omr\u00e5de.<\/p>\n<h3>Rubmaps<\/h3>\n<p>Det finns m\u00e5nga lokala knullsajter d\u00e4r ute, men Rubmaps \u00e4r en av de b\u00e4sta. Det \u00e4r en dejtingsapp som l\u00e5ter dig hitta potentiella matchningar i ditt omr\u00e5de och sedan meddela dem f\u00f6r att st\u00e4lla in en tid och plats att tr\u00e4ffas. Appen \u00e4r verkligen l\u00e4tt att anv\u00e4nda och det \u00e4r ett utm\u00e4rkt s\u00e4tt att tr\u00e4ffa nya m\u00e4nniskor f\u00f6r avslappnad sex. Den enda nackdelen \u00e4r att det inte \u00e4r gratis, men det \u00e4r definitivt v\u00e4rt priset.<\/p>\n<h3>Uberhorny<\/h3>\n<p>Om du letar efter en lokal knullsida \u00e4r Uberhorny ett bra alternativ. Appen \u00e4r enkel att anv\u00e4nda och det \u00e4r gratis att registrera sig. Du kan bl\u00e4ddra bland profiler och hitta matchningar i ditt omr\u00e5de. Appen har ocks\u00e5 en chattfunktion s\u00e5 att du kan chatta med dina matchningar. Appen \u00e4r tillg\u00e4nglig f\u00f6r b\u00e5de iOS och Android.<\/p>\n","protected":false},"excerpt":{"rendered":"<p>Det finns m\u00e5nga lokala knullsajter d\u00e4r ute som kan hj\u00e4lpa dig att hitta n\u00e5gon att ansluta dig till i ditt omr\u00e5de. Allt du beh\u00f6ver g\u00f6ra \u00e4r att registrera dig f\u00f6r ett konto och skapa en profil. D\u00e5 kan du s\u00f6ka efter medlemmar som letar efter samma sak som du. Du kan skicka meddelanden till dem, [&hellip;]<\/p>\n","protected":false},"author":1,"featured_media":0,"parent":0,"menu_order":0,"comment_status":"closed","ping_status":"closed","template":"","meta":[],"yoast_head":"<!-- This site is optimized with the Yoast SEO plugin v17.7.1 - https:\/\/yoast.com\/wordpress\/plugins\/seo\/ -->\n<title>Lokala knullsajter - Process Reviews<\/title>\n<meta name=\"robots\" content=\"index, follow, max-snippet:-1, max-image-preview:large, max-video-preview:-1\" \/>\n<link rel=\"canonical\" href=\"https:\/\/fortprocess.co.uk\/sv\/lokala-knullsajter\/\" \/>\n<meta property=\"og:locale\" content=\"sv_SE\" \/>\n<meta property=\"og:type\" content=\"article\" \/>\n<meta property=\"og:title\" content=\"Lokala knullsajter - Process Reviews\" \/>\n<meta property=\"og:description\" content=\"Det finns m\u00e5nga lokala knullsajter d\u00e4r ute som kan hj\u00e4lpa dig att hitta n\u00e5gon att ansluta dig till i ditt omr\u00e5de. Allt du beh\u00f6ver g\u00f6ra \u00e4r att registrera dig f\u00f6r ett konto och skapa en profil. D\u00e5 kan du s\u00f6ka efter medlemmar som letar efter samma sak som du. Du kan skicka meddelanden till dem, [&hellip;]\" \/>\n<meta property=\"og:url\" content=\"https:\/\/fortprocess.co.uk\/sv\/lokala-knullsajter\/\" \/>\n<meta property=\"og:site_name\" content=\"Process Reviews\" \/>\n<meta name=\"twitter:card\" content=\"summary_large_image\" \/>\n<meta name=\"twitter:label1\" content=\"Ber\u00e4knad l\u00e4stid\" \/>\n\t<meta name=\"twitter:data1\" content=\"4 minuter\" \/>\n<script type=\"application\/ld+json\" class=\"yoast-schema-graph\">{\"@context\":\"https:\/\/schema.org\",\"@graph\":[{\"@type\":\"WebSite\",\"@id\":\"http:\/\/fortprocess.co.uk\/sv\/#website\",\"url\":\"http:\/\/fortprocess.co.uk\/sv\/\",\"name\":\"Process Reviews\",\"description\":\"Casual Dating\",\"potentialAction\":[{\"@type\":\"SearchAction\",\"target\":{\"@type\":\"EntryPoint\",\"urlTemplate\":\"http:\/\/fortprocess.co.uk\/sv\/?s={search_term_string}\"},\"query-input\":\"required name=search_term_string\"}],\"inLanguage\":\"sv-SE\"},{\"@type\":\"WebPage\",\"@id\":\"https:\/\/fortprocess.co.uk\/sv\/lokala-knullsajter\/#webpage\",\"url\":\"https:\/\/fortprocess.co.uk\/sv\/lokala-knullsajter\/\",\"name\":\"Lokala knullsajter - Process Reviews\",\"isPartOf\":{\"@id\":\"http:\/\/fortprocess.co.uk\/sv\/#website\"},\"datePublished\":\"2022-10-03T12:34:43+00:00\",\"dateModified\":\"2022-10-03T12:34:43+00:00\",\"breadcrumb\":{\"@id\":\"https:\/\/fortprocess.co.uk\/sv\/lokala-knullsajter\/#breadcrumb\"},\"inLanguage\":\"sv-SE\",\"potentialAction\":[{\"@type\":\"ReadAction\",\"target\":[\"https:\/\/fortprocess.co.uk\/sv\/lokala-knullsajter\/\"]}]},{\"@type\":\"BreadcrumbList\",\"@id\":\"https:\/\/fortprocess.co.uk\/sv\/lokala-knullsajter\/#breadcrumb\",\"itemListElement\":[{\"@type\":\"ListItem\",\"position\":1,\"name\":\"Home\",\"item\":\"https:\/\/fortprocess.co.uk\/sv\/\"},{\"@type\":\"ListItem\",\"position\":2,\"name\":\"Lokala knullsajter\"}]}]}<\/script>\n<!-- \/ Yoast SEO plugin. -->","yoast_head_json":{"title":"Lokala knullsajter - Process Reviews","robots":{"index":"index","follow":"follow","max-snippet":"max-snippet:-1","max-image-preview":"max-image-preview:large","max-video-preview":"max-video-preview:-1"},"canonical":"https:\/\/fortprocess.co.uk\/sv\/lokala-knullsajter\/","og_locale":"sv_SE","og_type":"article","og_title":"Lokala knullsajter - Process Reviews","og_description":"Det finns m\u00e5nga lokala knullsajter d\u00e4r ute som kan hj\u00e4lpa dig att hitta n\u00e5gon att ansluta dig till i ditt omr\u00e5de. Allt du beh\u00f6ver g\u00f6ra \u00e4r att registrera dig f\u00f6r ett konto och skapa en profil. D\u00e5 kan du s\u00f6ka efter medlemmar som letar efter samma sak som du. Du kan skicka meddelanden till dem, [&hellip;]","og_url":"https:\/\/fortprocess.co.uk\/sv\/lokala-knullsajter\/","og_site_name":"Process Reviews","twitter_card":"summary_large_image","twitter_misc":{"Ber\u00e4knad l\u00e4stid":"4 minuter"},"schema":{"@context":"https:\/\/schema.org","@graph":[{"@type":"WebSite","@id":"http:\/\/fortprocess.co.uk\/sv\/#website","url":"http:\/\/fortprocess.co.uk\/sv\/","name":"Process Reviews","description":"Casual Dating","potentialAction":[{"@type":"SearchAction","target":{"@type":"EntryPoint","urlTemplate":"http:\/\/fortprocess.co.uk\/sv\/?s={search_term_string}"},"query-input":"required name=search_term_string"}],"inLanguage":"sv-SE"},{"@type":"WebPage","@id":"https:\/\/fortprocess.co.uk\/sv\/lokala-knullsajter\/#webpage","url":"https:\/\/fortprocess.co.uk\/sv\/lokala-knullsajter\/","name":"Lokala knullsajter - Process Reviews","isPartOf":{"@id":"http:\/\/fortprocess.co.uk\/sv\/#website"},"datePublished":"2022-10-03T12:34:43+00:00","dateModified":"2022-10-03T12:34:43+00:00","breadcrumb":{"@id":"https:\/\/fortprocess.co.uk\/sv\/lokala-knullsajter\/#breadcrumb"},"inLanguage":"sv-SE","potentialAction":[{"@type":"ReadAction","target":["https:\/\/fortprocess.co.uk\/sv\/lokala-knullsajter\/"]}]},{"@type":"BreadcrumbList","@id":"https:\/\/fortprocess.co.uk\/sv\/lokala-knullsajter\/#breadcrumb","itemListElement":[{"@type":"ListItem","position":1,"name":"Home","item":"https:\/\/fortprocess.co.uk\/sv\/"},{"@type":"ListItem","position":2,"name":"Lokala knullsajter"}]}]}},"_links":{"self":[{"href":"https:\/\/fortprocess.co.uk\/sv\/wp-json\/wp\/v2\/pages\/162"}],"collection":[{"href":"https:\/\/fortprocess.co.uk\/sv\/wp-json\/wp\/v2\/pages"}],"about":[{"href":"https:\/\/fortprocess.co.uk\/sv\/wp-json\/wp\/v2\/types\/page"}],"author":[{"embeddable":true,"href":"https:\/\/fortprocess.co.uk\/sv\/wp-json\/wp\/v2\/users\/1"}],"replies":[{"embeddable":true,"href":"https:\/\/fortprocess.co.uk\/sv\/wp-json\/wp\/v2\/comments?post=162"}],"version-history":[{"count":0,"href":"https:\/\/fortprocess.co.uk\/sv\/wp-json\/wp\/v2\/pages\/162\/revisions"}],"wp:attachment":[{"href":"https:\/\/fortprocess.co.uk\/sv\/wp-json\/wp\/v2\/media?parent=162"}],"curies":[{"name":"wp","href":"https:\/\/api.w.org\/{rel}","templated":true}]}}