{"id":165,"date":"2022-10-03T13:34:27","date_gmt":"2022-10-03T12:34:27","guid":{"rendered":"http:\/\/fortprocess.co.uk\/lokala-sexappar\/"},"modified":"2022-10-03T13:34:27","modified_gmt":"2022-10-03T12:34:27","slug":"lokala-sexappar","status":"publish","type":"page","link":"https:\/\/fortprocess.co.uk\/sv\/lokala-sexappar\/","title":{"rendered":"Lokala sexappar"},"content":{"rendered":"<p>Det finns n\u00e5gra lokala sexappar som har blivit popul\u00e4ra f\u00f6r m\u00e4nniskor som vill ansluta sig. De \u00e4r utformade f\u00f6r att hj\u00e4lpa dig att hitta n\u00e5gon i ditt omr\u00e5de som letar efter samma sak som du \u00e4r, och de kan vara ett bra s\u00e4tt att l\u00e4gga sig. Du m\u00e5ste dock vara f\u00f6rsiktig med vilken app du anv\u00e4nder, eftersom vissa av dem \u00e4r b\u00e4ttre \u00e4n andra. Den b\u00e4sta appen att anv\u00e4nda \u00e4r en som har m\u00e5nga positiva recensioner, och som \u00e4r utformad f\u00f6r att hj\u00e4lpa dig att hitta n\u00e5gon att ansluta till snabbt och enkelt.<\/p>\n<h2>Avslappnad dejting<\/h2>\n<p>Det finns ingen anledning att vara nerv\u00f6s f\u00f6r att g\u00e5 p\u00e5 dejt med n\u00e5gon du tr\u00e4ffat online &#8211; det \u00e4r avslappnad dejting! Bara slappna av och ha kul. Det b\u00e4sta med avslappnad dejting \u00e4r att du kan ta saker i din egen takt och se vart de g\u00e5r. Om saker inte fungerar kan du bara g\u00e5 vidare. Ingen skada, ingen foul.<\/p>\n<p>Det finns ingen anledning att vara blyg n\u00e4r det g\u00e4ller sexdejting &#8211; alla h\u00e4r letar efter samma sak! Skapa bara en profil, s\u00f6k efter andra medlemmar som matchar dina kriterier och b\u00f6rja chatta! Du kanske bara hittar ditt livs k\u00e4rlek!<\/p>\n<h2>Hitta sex<\/h2>\n<p>Det finns inget svar p\u00e5 den h\u00e4r fr\u00e5gan &#8211; alla \u00e4r olika och kommer att ha olika preferenser n\u00e4r det g\u00e4ller att hitta sex i samband med dejting. Det finns dock n\u00e5gra allm\u00e4nna tips som kan vara anv\u00e4ndbara f\u00f6r att hj\u00e4lpa dig att hitta sex l\u00e4ttare. F\u00f6rs\u00f6k f\u00f6rst att vara \u00f6ppen och \u00e4rlig mot din partner om dina sexuella \u00f6nskningar och behov &#8211; detta hj\u00e4lper till att se till att ni b\u00e5da \u00e4r p\u00e5 samma sida och att alla \u00e4r bekv\u00e4ma med vad som h\u00e4nder. F\u00f6r det andra, var inte r\u00e4dd f\u00f6r att experimentera och prova nya saker &#8211; det handlar om att hitta det som fungerar f\u00f6r dig och din partner ( er). Slutligen \u00e4r kommunikation nyckeln! Se till att prata om eventuella bekymmer eller bekymmer du har f\u00f6re och under sex, s\u00e5 att alla \u00e4r bekv\u00e4ma och njuter.<\/p>\n<h3>AdultFriendFinder<\/h3>\n<p>Om du letar efter en lokal sexapp \u00e4r AdultFriendFinder ett bra alternativ. Med \u00f6ver 80 miljoner medlemmar \u00f6ver hela v\u00e4rlden \u00e4r det en av de st\u00f6rsta dejtingapparna som finns. Och det \u00e4r s\u00e4rskilt popul\u00e4rt bland vuxna som letar efter avslappnade anslutningar.<\/p>\n<p>Appen \u00e4r gratis att ladda ner och anv\u00e4nda, men du beh\u00f6ver ett betalt medlemskap f\u00f6r att f\u00e5 tillg\u00e5ng till alla funktioner. Detta inkluderar meddelanden till andra medlemmar, visning av deras profiler och anv\u00e4ndning av appens s\u00f6kfunktion.<\/p>\n<p>Sammantaget \u00e4r AdultFriendFinder ett bra alternativ om du letar efter en lokal sexapp. Den stora anv\u00e4ndarbasen inneb\u00e4r att du sannolikt kommer att hitta n\u00e5gon som \u00e4r kompatibel med dig, och appen \u00e4r l\u00e4tt att anv\u00e4nda. Var bara medveten om att du beh\u00f6ver ett betalt medlemskap f\u00f6r att f\u00e5 ut det mesta av det.<\/p>\n<h3>Badoo<\/h3>\n<p>Badoo \u00e4r en dejtingapp som blir alltmer popul\u00e4r bland ungdomar. Det \u00e4r en platsbaserad app som l\u00e5ter anv\u00e4ndare hitta och chatta med andra anv\u00e4ndare i deras omr\u00e5de. Appen har ocks\u00e5 en funktion som g\u00f6r det m\u00f6jligt f\u00f6r anv\u00e4ndare att hitta och tr\u00e4ffa lokala singlar f\u00f6r anslutningar.<\/p>\n<p>Appen \u00e4r enkel att anv\u00e4nda och har ett enkelt gr\u00e4nssnitt. Det \u00e4r gratis att ladda ner och anv\u00e4nda. Appen har dock vissa funktioner som endast \u00e4r tillg\u00e4ngliga f\u00f6r premiumanv\u00e4ndare. Dessa funktioner inkluderar m\u00f6jligheten att se vem som har tittat p\u00e5 din profil, m\u00f6jligheten att se vem som har gillat dina foton och m\u00f6jligheten att se vem som \u00e4r i n\u00e4rheten.<\/p>\n<p>Appen \u00e4r ett bra s\u00e4tt att tr\u00e4ffa nya m\u00e4nniskor och att hitta lokala singlar f\u00f6r anslutningar. Det \u00e4r dock viktigt att vara medveten om de potentiella riskerna med att anv\u00e4nda appen. Det har rapporterats om falska profiler och om m\u00e4nniskor som blivit lurade. Det finns ocks\u00e5 potential f\u00f6r anv\u00e4ndare att f\u00f6rf\u00f6ljas eller trakasseras.<\/p>\n<h3>DateMyAge<\/h3>\n<p>Om du letar efter en lokal sexapp \u00e4r DateMyAge ett bra alternativ. Appen \u00e4r enkel att anv\u00e4nda och har m\u00e5nga funktioner som g\u00f6r den till ett utm\u00e4rkt val f\u00f6r att hitta ett avslappnat m\u00f6te. S\u00f6kfunktionen \u00e4r mycket anv\u00e4ndarv\u00e4nlig och du kan s\u00f6ka efter personer efter plats, \u00e5lder och intressen. Meddelandesystemet \u00e4r ocks\u00e5 mycket enkelt och du kan skicka och ta emot meddelanden utan problem. Sammantaget \u00e4r DateMyAge ett utm\u00e4rkt alternativ f\u00f6r att hitta en lokal sexapp.<\/p>\n","protected":false},"excerpt":{"rendered":"<p>Det finns n\u00e5gra lokala sexappar som har blivit popul\u00e4ra f\u00f6r m\u00e4nniskor som vill ansluta sig. De \u00e4r utformade f\u00f6r att hj\u00e4lpa dig att hitta n\u00e5gon i ditt omr\u00e5de som letar efter samma sak som du \u00e4r, och de kan vara ett bra s\u00e4tt att l\u00e4gga sig. Du m\u00e5ste dock vara f\u00f6rsiktig med vilken app du [&hellip;]<\/p>\n","protected":false},"author":1,"featured_media":0,"parent":0,"menu_order":0,"comment_status":"closed","ping_status":"closed","template":"","meta":[],"yoast_head":"<!-- This site is optimized with the Yoast SEO plugin v17.7.1 - https:\/\/yoast.com\/wordpress\/plugins\/seo\/ -->\n<title>Lokala sexappar - Process Reviews<\/title>\n<meta name=\"robots\" content=\"index, follow, max-snippet:-1, max-image-preview:large, max-video-preview:-1\" \/>\n<link rel=\"canonical\" href=\"https:\/\/fortprocess.co.uk\/sv\/lokala-sexappar\/\" \/>\n<meta property=\"og:locale\" content=\"sv_SE\" \/>\n<meta property=\"og:type\" content=\"article\" \/>\n<meta property=\"og:title\" content=\"Lokala sexappar - Process Reviews\" \/>\n<meta property=\"og:description\" content=\"Det finns n\u00e5gra lokala sexappar som har blivit popul\u00e4ra f\u00f6r m\u00e4nniskor som vill ansluta sig. De \u00e4r utformade f\u00f6r att hj\u00e4lpa dig att hitta n\u00e5gon i ditt omr\u00e5de som letar efter samma sak som du \u00e4r, och de kan vara ett bra s\u00e4tt att l\u00e4gga sig. Du m\u00e5ste dock vara f\u00f6rsiktig med vilken app du [&hellip;]\" \/>\n<meta property=\"og:url\" content=\"https:\/\/fortprocess.co.uk\/sv\/lokala-sexappar\/\" \/>\n<meta property=\"og:site_name\" content=\"Process Reviews\" \/>\n<meta name=\"twitter:card\" content=\"summary_large_image\" \/>\n<meta name=\"twitter:label1\" content=\"Ber\u00e4knad l\u00e4stid\" \/>\n\t<meta name=\"twitter:data1\" content=\"4 minuter\" \/>\n<script type=\"application\/ld+json\" class=\"yoast-schema-graph\">{\"@context\":\"https:\/\/schema.org\",\"@graph\":[{\"@type\":\"WebSite\",\"@id\":\"https:\/\/fortprocess.co.uk\/sv\/#website\",\"url\":\"https:\/\/fortprocess.co.uk\/sv\/\",\"name\":\"Process Reviews\",\"description\":\"Casual Dating\",\"potentialAction\":[{\"@type\":\"SearchAction\",\"target\":{\"@type\":\"EntryPoint\",\"urlTemplate\":\"https:\/\/fortprocess.co.uk\/sv\/?s={search_term_string}\"},\"query-input\":\"required name=search_term_string\"}],\"inLanguage\":\"sv-SE\"},{\"@type\":\"WebPage\",\"@id\":\"https:\/\/fortprocess.co.uk\/sv\/lokala-sexappar\/#webpage\",\"url\":\"https:\/\/fortprocess.co.uk\/sv\/lokala-sexappar\/\",\"name\":\"Lokala sexappar - Process Reviews\",\"isPartOf\":{\"@id\":\"https:\/\/fortprocess.co.uk\/sv\/#website\"},\"datePublished\":\"2022-10-03T12:34:27+00:00\",\"dateModified\":\"2022-10-03T12:34:27+00:00\",\"breadcrumb\":{\"@id\":\"https:\/\/fortprocess.co.uk\/sv\/lokala-sexappar\/#breadcrumb\"},\"inLanguage\":\"sv-SE\",\"potentialAction\":[{\"@type\":\"ReadAction\",\"target\":[\"https:\/\/fortprocess.co.uk\/sv\/lokala-sexappar\/\"]}]},{\"@type\":\"BreadcrumbList\",\"@id\":\"https:\/\/fortprocess.co.uk\/sv\/lokala-sexappar\/#breadcrumb\",\"itemListElement\":[{\"@type\":\"ListItem\",\"position\":1,\"name\":\"Home\",\"item\":\"https:\/\/fortprocess.co.uk\/sv\/\"},{\"@type\":\"ListItem\",\"position\":2,\"name\":\"Lokala sexappar\"}]}]}<\/script>\n<!-- \/ Yoast SEO plugin. -->","yoast_head_json":{"title":"Lokala sexappar - Process Reviews","robots":{"index":"index","follow":"follow","max-snippet":"max-snippet:-1","max-image-preview":"max-image-preview:large","max-video-preview":"max-video-preview:-1"},"canonical":"https:\/\/fortprocess.co.uk\/sv\/lokala-sexappar\/","og_locale":"sv_SE","og_type":"article","og_title":"Lokala sexappar - Process Reviews","og_description":"Det finns n\u00e5gra lokala sexappar som har blivit popul\u00e4ra f\u00f6r m\u00e4nniskor som vill ansluta sig. De \u00e4r utformade f\u00f6r att hj\u00e4lpa dig att hitta n\u00e5gon i ditt omr\u00e5de som letar efter samma sak som du \u00e4r, och de kan vara ett bra s\u00e4tt att l\u00e4gga sig. Du m\u00e5ste dock vara f\u00f6rsiktig med vilken app du [&hellip;]","og_url":"https:\/\/fortprocess.co.uk\/sv\/lokala-sexappar\/","og_site_name":"Process Reviews","twitter_card":"summary_large_image","twitter_misc":{"Ber\u00e4knad l\u00e4stid":"4 minuter"},"schema":{"@context":"https:\/\/schema.org","@graph":[{"@type":"WebSite","@id":"https:\/\/fortprocess.co.uk\/sv\/#website","url":"https:\/\/fortprocess.co.uk\/sv\/","name":"Process Reviews","description":"Casual Dating","potentialAction":[{"@type":"SearchAction","target":{"@type":"EntryPoint","urlTemplate":"https:\/\/fortprocess.co.uk\/sv\/?s={search_term_string}"},"query-input":"required name=search_term_string"}],"inLanguage":"sv-SE"},{"@type":"WebPage","@id":"https:\/\/fortprocess.co.uk\/sv\/lokala-sexappar\/#webpage","url":"https:\/\/fortprocess.co.uk\/sv\/lokala-sexappar\/","name":"Lokala sexappar - Process Reviews","isPartOf":{"@id":"https:\/\/fortprocess.co.uk\/sv\/#website"},"datePublished":"2022-10-03T12:34:27+00:00","dateModified":"2022-10-03T12:34:27+00:00","breadcrumb":{"@id":"https:\/\/fortprocess.co.uk\/sv\/lokala-sexappar\/#breadcrumb"},"inLanguage":"sv-SE","potentialAction":[{"@type":"ReadAction","target":["https:\/\/fortprocess.co.uk\/sv\/lokala-sexappar\/"]}]},{"@type":"BreadcrumbList","@id":"https:\/\/fortprocess.co.uk\/sv\/lokala-sexappar\/#breadcrumb","itemListElement":[{"@type":"ListItem","position":1,"name":"Home","item":"https:\/\/fortprocess.co.uk\/sv\/"},{"@type":"ListItem","position":2,"name":"Lokala sexappar"}]}]}},"_links":{"self":[{"href":"https:\/\/fortprocess.co.uk\/sv\/wp-json\/wp\/v2\/pages\/165"}],"collection":[{"href":"https:\/\/fortprocess.co.uk\/sv\/wp-json\/wp\/v2\/pages"}],"about":[{"href":"https:\/\/fortprocess.co.uk\/sv\/wp-json\/wp\/v2\/types\/page"}],"author":[{"embeddable":true,"href":"https:\/\/fortprocess.co.uk\/sv\/wp-json\/wp\/v2\/users\/1"}],"replies":[{"embeddable":true,"href":"https:\/\/fortprocess.co.uk\/sv\/wp-json\/wp\/v2\/comments?post=165"}],"version-history":[{"count":0,"href":"https:\/\/fortprocess.co.uk\/sv\/wp-json\/wp\/v2\/pages\/165\/revisions"}],"wp:attachment":[{"href":"https:\/\/fortprocess.co.uk\/sv\/wp-json\/wp\/v2\/media?parent=165"}],"curies":[{"name":"wp","href":"https:\/\/api.w.org\/{rel}","templated":true}]}}