{"id":182,"date":"2022-10-03T11:12:03","date_gmt":"2022-10-03T10:12:03","guid":{"rendered":"http:\/\/fortprocess.co.uk\/hitta-lokalt-avslappnad-sex-med-kata-kvinnor\/"},"modified":"2023-02-03T15:50:14","modified_gmt":"2023-02-03T15:50:14","slug":"hitta-lokalt-avslappnad-sex-med-kata-kvinnor","status":"publish","type":"page","link":"https:\/\/fortprocess.co.uk\/sv\/","title":{"rendered":"Hitta lokalt avslappnad sex med k\u00e5ta kvinnor"},"content":{"rendered":"<p>Termen &#8221;casual dating&#8221; kastas runt en hel del i v\u00e5r v\u00e4rld idag. Men vad betyder det egentligen? \u00c4r casual dating <a href=\"https:\/\/www.deittisovellus.net\/suomi-seksi\/\">suomiseksi<\/a> bra f\u00f6r alla eller bara de som vill ha n\u00e5got kortsiktigt? F\u00f6r att ta reda p\u00e5 om avslappnad dejting \u00e4r r\u00e4tt eller fel f\u00f6r dig \u00e4r det viktigt att f\u00f6rst\u00e5 hur denna form av dejting fungerar.<\/p>\n<h2>Hitta avslappnad sex<\/h2>\n<p>Enligt Match.com finns det tre typer av avslappnad dejting: one night stands, v\u00e4nner med f\u00f6rdelar och inga str\u00e4ngar bifogade. Var och en av dessa former av avslappnad dejting har olika f\u00f6rdelar och nackdelar. L\u00e5t oss ta en n\u00e4rmare titt.<\/p>\n<p>Denna typ av avslappnad dejting liknar att ansluta sig. Man tr\u00e4ffar n\u00e5gon, man byter nummer och sedan g\u00f6r man vad man k\u00e4nner f\u00f6r att g\u00f6ra tillsammans. Denna typ av avslappnad relation \u00e4r inte seri\u00f6s, och det kr\u00e4ver inte mycket engagemang. Om du letar efter en snabb fling kan det h\u00e4r fungera bra f\u00f6r dig. Men om du vill engagera dig f\u00f6r n\u00e5gon kommer det f\u00f6rmodligen inte att fungera eftersom du inte riktigt \u00e4r engagerad i n\u00e5gon.<\/p>\n<p><img loading=\"lazy\" class=\"alignnone size-large wp-image-36\" src=\"http:\/\/fortprocess.co.uk\/wp-content\/uploads\/2022\/10\/find-love-1024x683.jpeg\" alt=\"\" width=\"640\" height=\"427\" srcset=\"https:\/\/fortprocess.co.uk\/wp-content\/uploads\/2022\/10\/find-love-1024x683.jpeg 1024w, https:\/\/fortprocess.co.uk\/wp-content\/uploads\/2022\/10\/find-love-300x200.jpeg 300w, https:\/\/fortprocess.co.uk\/wp-content\/uploads\/2022\/10\/find-love-768x512.jpeg 768w, https:\/\/fortprocess.co.uk\/wp-content\/uploads\/2022\/10\/find-love.jpeg 1125w\" sizes=\"(max-width: 640px) 100vw, 640px\" \/><\/p>\n<h2>V\u00e5ra recensioner<\/h2>\n<p>Om du letar efter k\u00e4rlek online finns det m\u00e5nga alternativ d\u00e4r ute. Vissa m\u00e4nniskor f\u00f6redrar att anv\u00e4nda traditionella webbplatser som Match.com eller OkCupid medan andra v\u00e4ljer mobilappar. Vi har sammanst\u00e4llt en lista med 10 av de b\u00e4sta gratis dejtingsapparna som finns tillg\u00e4ngliga idag.<\/p>\n<h3>Fn\u00f6ske<\/h3>\n<p>Dejtingappen som i princip uppfann konceptet att svepa r\u00e4tt <a href=\"http:\/\/www.deittisovellus.net\">deitti sovellus<\/a> och fel f\u00f6r att hitta k\u00e4rleken g\u00f6r sig redo att lansera sin senaste version. P\u00e5 onsdagen meddelade den popul\u00e4ra dejtingsappen sl\u00e4ppdatumet f\u00f6r sin senaste iteration, Tinder Plus. Uppdateringen kommer den 2 april och kostar $ 10 \/ m\u00e5nad f\u00f6r dem som \u00e4r 18 \u00e5r och yngre. F\u00f6r alla andra kommer priset att vara $ 20 \/ m\u00e5nad.<\/p>\n<p>Om du letar efter lite mer \u00e4n bara en avslappnad anslutning finns det n\u00e5gra ytterligare funktioner som ing\u00e5r i det uppgraderade paketet. F\u00f6rst och fr\u00e4mst f\u00e5r du tillg\u00e5ng till Tinder Discover, som l\u00e5ter dig bl\u00e4ddra bland m\u00e4nniskor baserat p\u00e5 vilken stad de bor i, om de \u00e4r singlar eller i ett f\u00f6rh\u00e5llande, hur gamla de \u00e4r och till och med vilken typ av jobb de g\u00f6r.<\/p>\n<p>Du f\u00e5r ocks\u00e5 tillg\u00e5ng till Rewind, som l\u00e5ter dig \u00e5ngra dina tidigare svep. Den h\u00e4r funktionen \u00e4r utm\u00e4rkt om du av misstag svepte f\u00f6r m\u00e5nga g\u00e5nger eller om du ville spola tillbaka eftersom du inte gillade personen.<\/p>\n<p>Dessutom f\u00e5r du ocks\u00e5 tillg\u00e5ng till n\u00e5gra exklusiva funktioner, inklusive m\u00f6jligheten att skicka meddelanden innan du gillar n\u00e5gon, samt m\u00f6jligheten att blockera anv\u00e4ndare.<\/p>\n<p>Det finns en sista f\u00f6rdel som ing\u00e5r i Plus-niv\u00e5n: du f\u00e5r tillg\u00e5ng till ett speciellt avsnitt d\u00e4r du kan se foton av singlar som redan har gillat dig. Den h\u00e4r funktionen kallas &#8221;Bel\u00f6ningar&#8221;. I grund och botten, om du gillar n\u00e5gon tillr\u00e4ckligt, kan du ge dem en bel\u00f6ning. Dessa bel\u00f6ningar inkluderar saker som klisterm\u00e4rken, virtuella g\u00e5vor och till och med kontanter.<\/p>\n<h3>G\u00e5ngj\u00e4rn<\/h3>\n<p>Dejtingappen Hinge \u00e4r endast tillg\u00e4nglig via iOS- och Android-appar, vilket g\u00f6r den mindre anv\u00e4ndbar f\u00f6r personer utan smartphones. Avv\u00e4gningen \u00e4r att appen har n\u00e5gra av de b\u00e4sta profilerna runt, vilket g\u00f6r det roligare, om inte alltid l\u00e4ttare, att hitta en bra match.<\/p>\n<p>Bortsett fr\u00e5n den vanliga grundl\u00e4ggande statistiken &#8211; som \u00e5ldersintervall, k\u00f6n, plats, relationsstatus etc. &#8211; g\u00e5ngj\u00e4rnsprofiler uppmuntrar dig att anv\u00e4nda foton och skriva uppmaningar, och du kan till och med spela in ljudklipp.<\/p>\n<p>Allt detta g\u00f6r det enkelt att kommunicera med varandra, och allt \u00e4r v\u00e4ldigt charmigt. Men appen erbjuder <a href=\"http:\/\/www.treffisivusto.com\">treffi sivu<\/a> en liten upps\u00e4ttning funktioner gratis. Du kan bara skicka 12 likes per dag, och det finns inga betalda alternativ f\u00f6r att se vem som har gillat dig, gilla dig tillbaka eller l\u00e4gga till dig i grupper.<\/p>\n<h3>Pof<\/h3>\n<p>Den gratis dejtingsappen Plenty of Fish \u00e4r inte precis k\u00e4nd f\u00f6r att ha en av de st\u00f6rsta m\u00e5lgrupperna d\u00e4r ute, men den har en ganska imponerande statistik. Enligt AppData har POF faktiskt \u00f6ver 50 miljoner nedladdningar \u00f6ver hela v\u00e4rlden, vilket g\u00f6r den till en av de mest nedladdade apparna p\u00e5 b\u00e5de iOS- och Android-enheter. Och medan majoriteten av dessa nedladdningar sker via Apples App Store, laddar m\u00e5nga m\u00e4nniskor ner appen direkt fr\u00e5n Play Store ocks\u00e5.<\/p>\n<p>Men vad \u00e4r det som g\u00f6r att POF sticker ut fr\u00e5n m\u00e4ngden? Tja, f\u00f6rutom att det \u00e4r helt gratis att anv\u00e4nda, erbjuder det ocks\u00e5 m\u00e5nga f\u00f6rm\u00e5ner som m\u00e5nga konkurrenter inte inkluderar. Till exempel kan du skicka obegr\u00e4nsade textmeddelanden till vem du vill utan att betala n\u00e5got extra, och du beh\u00f6ver aldrig oroa dig f\u00f6r att st\u00f6ta p\u00e5 n\u00e5gon annans ex p\u00e5 webbplatsen heller. Dessutom kan du bl\u00e4ddra igenom tusentals potentiella matchningar varje dag, och du beh\u00f6ver aldrig betala en krona f\u00f6r att g\u00f6ra det.<\/p>\n<h3>T\u00e4ndsticka<\/h3>\n<p>Match-appen \u00e4r en av de mest popul\u00e4ra dejtingsplattformarna som finns. Med \u00f6ver 60 miljoner aktiva anv\u00e4ndare varje m\u00e5nad \u00e4r Match en av de \u00e4ldre dejtingapparna runt. Dess gratisversion till\u00e5ter anv\u00e4ndare att bl\u00e4ddra bland profiler, skicka blinkningar och matchf\u00f6rfr\u00e5gningar och visa matchningar, men det finns inga alternativ att chatta, se foton eller ens skicka presenter.<\/p>\n<p>F\u00f6r att verkligen kommunicera med n\u00e5gon inom Match m\u00e5ste du betala f\u00f6r att h\u00f6ja betyget till Match Plus, som kostar $ 35 per m\u00e5nad i tre m\u00e5nader, $ 45 per m\u00e5nad i fyra m\u00e5nader eller $ 60 per m\u00e5nad i sex m\u00e5nader. Om du vill forts\u00e4tta efter sex m\u00e5nader betalar du $ 35 per m\u00e5nad f\u00f6r varje ytterligare sex m\u00e5nader.<\/p>\n<p>Om du letar efter n\u00e5got billigare erbjuder Match ett provmedlemskap f\u00f6r bara $ 1.99. Detta ger dig tillg\u00e5ng till b\u00e5de gratis och betalda versioner av Match, s\u00e5 att du kan prova det utan att f\u00f6rbinda dig till n\u00e5gonting.<\/p>\n<h3>Stappla<\/h3>\n<p>Om du letar efter ett bra s\u00e4tt att tr\u00e4ffa n\u00e5gon har vi n\u00e5gra nyheter f\u00f6r dig: det finns m\u00e5nga alternativ d\u00e4r ute. Men en app st\u00e5r \u00f6ver resten. Bumble \u00e4r en dejtingapp som g\u00f6r det enklare \u00e4n n\u00e5gonsin att hitta k\u00e4rleken. Och \u00e4ven om det finns m\u00e5nga dejtingappar d\u00e4r ute, \u00e4r det som skiljer Bumble fr\u00e5n varandra dess betoning p\u00e5 s\u00e4kerhet. N\u00e4r du registrerar dig f\u00e5r du en verifieringskod via sms. Detta s\u00e4kerst\u00e4ller att ingen annan kan komma \u00e5t ditt konto. N\u00e4r du har verifierat kan du b\u00f6rja s\u00f6ka efter potentiella datum. Om du sveper \u00e5t h\u00f6ger p\u00e5 n\u00e5gons profil ser du deras bio och foton. D\u00e4rifr\u00e5n kan du v\u00e4lja att chatta direkt med dem eller forts\u00e4tta surfa. Om du vill skicka ett meddelande trycker du bara p\u00e5 knappen &#8221;skriv nu&#8221;. N\u00e4r du har skrivit ditt meddelande kan du best\u00e4mma om du vill skicka det eller inte. Om du g\u00f6r det f\u00e5r du ett meddelande om huruvida ditt meddelande har tagits emot eller inte. F\u00f6r att h\u00e5lla saker intressanta l\u00e5ter Bumble dig st\u00e4lla fr\u00e5gor under konversationer. Om du hellre bara vill surfa utan att skicka meddelanden till n\u00e5gon kan du fortfarande g\u00f6ra det ocks\u00e5. \u00d6ppna bara appen och bl\u00e4ddra ner f\u00f6r att visa profiler. Det finns flera filter som du kan anv\u00e4nda, inklusive plats, \u00e5ldersintervall och relationsstatus. \u00c4ven om Bumble inte \u00e4r perfekt, \u00e4r det definitivt v\u00e4rt att kolla in om du letar efter ett snabbt datum eller till och med en l\u00e5ngsiktig partner.<\/p>\n<h2>Seri\u00f6sa dejtingappar<\/h2>\n<p>Det finns m\u00e5nga anledningar till varf\u00f6r m\u00e4nniskor g\u00e5r p\u00e5 online dating webbplatser. Vissa vill hitta n\u00e5gon speciell; andra vill bara tr\u00e4ffa nya m\u00e4nniskor. Och medan vissa webbplatser kr\u00e4ver en avgift, finns det massor av alternativ som l\u00e5ter dig bl\u00e4ddra bland profiler gratis. H\u00e4r \u00e4r fem av v\u00e5ra favoriter.<\/p>\n<h3>eHarmony<\/h3>\n<p>Om du letar efter ett l\u00e5ngsiktigt f\u00f6rh\u00e5llande kan eHarmony vara v\u00e4rt att kolla in. Du kan registrera dig gratis och se vad som matchar b\u00e4st. N\u00e4r du har gjort det tar det cirka 30 minuter att slutf\u00f6ra din profil. D\u00e4refter kan du skicka meddelanden till potentiella datum gratis. Om du best\u00e4mmer dig f\u00f6r att uppgradera till ett betalt medlemskap kan du chatta med medlemmar gratis.<\/p>\n<h3>OkCupid<\/h3>\n<p>F\u00f6r dem som vill ha n\u00e5got avslappnat \u00e4r OkCupid ett bra alternativ. Du kan surfa gratis, men du kommer inte att kunna kontakta n\u00e5gon om du inte betalar f\u00f6r premiummedlemskap. Premiummedlemmar kan visa medlemsfoton, skicka meddelanden till varandra och se hur kompatibla de \u00e4r.<\/p>\n<h3>Badoo<\/h3>\n<p>Badoo \u00e4r en av de \u00e4ldsta dejtingapparna som finns, efter att ha lanserats redan 2005. Idag har den \u00f6ver 200 miljoner aktiva m\u00e5natliga anv\u00e4ndare i 190 l\u00e4nder. Det \u00e4r ganska enkelt att st\u00e4lla in ocks\u00e5 &#8211; logga bara in med Facebook och b\u00f6rja svepa. Du kan filtrera matchningar baserat p\u00e5 \u00e5lder, plats och relationsstatus. Det finns \u00e4ven speciella evenemang du kan delta i f\u00f6r att tr\u00e4ffa nya m\u00e4nniskor.<\/p>\n","protected":false},"excerpt":{"rendered":"<p>Termen &#8221;casual dating&#8221; kastas runt en hel del i v\u00e5r v\u00e4rld idag. Men vad betyder det egentligen? \u00c4r casual dating suomiseksi bra f\u00f6r alla eller bara de som vill ha n\u00e5got kortsiktigt? F\u00f6r att ta reda p\u00e5 om avslappnad dejting \u00e4r r\u00e4tt eller fel f\u00f6r dig \u00e4r det viktigt att f\u00f6rst\u00e5 hur denna form av [&hellip;]<\/p>\n","protected":false},"author":1,"featured_media":109,"parent":0,"menu_order":0,"comment_status":"closed","ping_status":"closed","template":"","meta":[],"yoast_head":"<!-- This site is optimized with the Yoast SEO plugin v17.7.1 - https:\/\/yoast.com\/wordpress\/plugins\/seo\/ -->\n<title>Hitta lokalt avslappnad sex med k\u00e5ta kvinnor - Process Reviews<\/title>\n<meta name=\"robots\" content=\"index, follow, max-snippet:-1, max-image-preview:large, max-video-preview:-1\" \/>\n<link rel=\"canonical\" href=\"https:\/\/fortprocess.co.uk\/sv\/\" \/>\n<meta property=\"og:locale\" content=\"sv_SE\" \/>\n<meta property=\"og:type\" content=\"article\" \/>\n<meta property=\"og:title\" content=\"Hitta lokalt avslappnad sex med k\u00e5ta kvinnor - Process Reviews\" \/>\n<meta property=\"og:description\" content=\"Termen &#8221;casual dating&#8221; kastas runt en hel del i v\u00e5r v\u00e4rld idag. Men vad betyder det egentligen? \u00c4r casual dating suomiseksi bra f\u00f6r alla eller bara de som vill ha n\u00e5got kortsiktigt? F\u00f6r att ta reda p\u00e5 om avslappnad dejting \u00e4r r\u00e4tt eller fel f\u00f6r dig \u00e4r det viktigt att f\u00f6rst\u00e5 hur denna form av [&hellip;]\" \/>\n<meta property=\"og:url\" content=\"https:\/\/fortprocess.co.uk\/sv\/\" \/>\n<meta property=\"og:site_name\" content=\"Process Reviews\" \/>\n<meta property=\"article:modified_time\" content=\"2023-02-03T15:50:14+00:00\" \/>\n<meta property=\"og:image\" content=\"https:\/\/fortprocess.co.uk\/wp-content\/uploads\/2022\/10\/meet-for-dates.jpeg\" \/>\n\t<meta property=\"og:image:width\" content=\"2262\" \/>\n\t<meta property=\"og:image:height\" content=\"1500\" \/>\n<meta name=\"twitter:card\" content=\"summary_large_image\" \/>\n<meta name=\"twitter:label1\" content=\"Ber\u00e4knad l\u00e4stid\" \/>\n\t<meta name=\"twitter:data1\" content=\"8 minuter\" \/>\n<script type=\"application\/ld+json\" class=\"yoast-schema-graph\">{\"@context\":\"https:\/\/schema.org\",\"@graph\":[{\"@type\":\"WebSite\",\"@id\":\"https:\/\/fortprocess.co.uk\/sv\/#website\",\"url\":\"https:\/\/fortprocess.co.uk\/sv\/\",\"name\":\"Process Reviews\",\"description\":\"Casual Dating\",\"potentialAction\":[{\"@type\":\"SearchAction\",\"target\":{\"@type\":\"EntryPoint\",\"urlTemplate\":\"https:\/\/fortprocess.co.uk\/sv\/?s={search_term_string}\"},\"query-input\":\"required name=search_term_string\"}],\"inLanguage\":\"sv-SE\"},{\"@type\":\"ImageObject\",\"@id\":\"https:\/\/fortprocess.co.uk\/sv\/#primaryimage\",\"inLanguage\":\"sv-SE\",\"url\":\"https:\/\/fortprocess.co.uk\/wp-content\/uploads\/2022\/10\/meet-for-dates.jpeg\",\"contentUrl\":\"https:\/\/fortprocess.co.uk\/wp-content\/uploads\/2022\/10\/meet-for-dates.jpeg\",\"width\":2262,\"height\":1500},{\"@type\":\"WebPage\",\"@id\":\"https:\/\/fortprocess.co.uk\/sv\/#webpage\",\"url\":\"https:\/\/fortprocess.co.uk\/sv\/\",\"name\":\"Hitta lokalt avslappnad sex med k\\u00e5ta kvinnor - Process Reviews\",\"isPartOf\":{\"@id\":\"https:\/\/fortprocess.co.uk\/sv\/#website\"},\"primaryImageOfPage\":{\"@id\":\"https:\/\/fortprocess.co.uk\/sv\/#primaryimage\"},\"datePublished\":\"2022-10-03T10:12:03+00:00\",\"dateModified\":\"2023-02-03T15:50:14+00:00\",\"breadcrumb\":{\"@id\":\"https:\/\/fortprocess.co.uk\/sv\/#breadcrumb\"},\"inLanguage\":\"sv-SE\",\"potentialAction\":[{\"@type\":\"ReadAction\",\"target\":[\"https:\/\/fortprocess.co.uk\/sv\/\"]}]},{\"@type\":\"BreadcrumbList\",\"@id\":\"https:\/\/fortprocess.co.uk\/sv\/#breadcrumb\",\"itemListElement\":[{\"@type\":\"ListItem\",\"position\":1,\"name\":\"Home\",\"item\":\"https:\/\/fortprocess.co.uk\/sv\/\"},{\"@type\":\"ListItem\",\"position\":2,\"name\":\"Hitta lokalt avslappnad sex med k\\u00e5ta kvinnor\"}]}]}<\/script>\n<!-- \/ Yoast SEO plugin. -->","yoast_head_json":{"title":"Hitta lokalt avslappnad sex med k\u00e5ta kvinnor - Process Reviews","robots":{"index":"index","follow":"follow","max-snippet":"max-snippet:-1","max-image-preview":"max-image-preview:large","max-video-preview":"max-video-preview:-1"},"canonical":"https:\/\/fortprocess.co.uk\/sv\/","og_locale":"sv_SE","og_type":"article","og_title":"Hitta lokalt avslappnad sex med k\u00e5ta kvinnor - Process Reviews","og_description":"Termen &#8221;casual dating&#8221; kastas runt en hel del i v\u00e5r v\u00e4rld idag. Men vad betyder det egentligen? \u00c4r casual dating suomiseksi bra f\u00f6r alla eller bara de som vill ha n\u00e5got kortsiktigt? F\u00f6r att ta reda p\u00e5 om avslappnad dejting \u00e4r r\u00e4tt eller fel f\u00f6r dig \u00e4r det viktigt att f\u00f6rst\u00e5 hur denna form av [&hellip;]","og_url":"https:\/\/fortprocess.co.uk\/sv\/","og_site_name":"Process Reviews","article_modified_time":"2023-02-03T15:50:14+00:00","og_image":[{"width":2262,"height":1500,"url":"https:\/\/fortprocess.co.uk\/wp-content\/uploads\/2022\/10\/meet-for-dates.jpeg","type":"image\/jpeg"}],"twitter_card":"summary_large_image","twitter_misc":{"Ber\u00e4knad l\u00e4stid":"8 minuter"},"schema":{"@context":"https:\/\/schema.org","@graph":[{"@type":"WebSite","@id":"https:\/\/fortprocess.co.uk\/sv\/#website","url":"https:\/\/fortprocess.co.uk\/sv\/","name":"Process Reviews","description":"Casual Dating","potentialAction":[{"@type":"SearchAction","target":{"@type":"EntryPoint","urlTemplate":"https:\/\/fortprocess.co.uk\/sv\/?s={search_term_string}"},"query-input":"required name=search_term_string"}],"inLanguage":"sv-SE"},{"@type":"ImageObject","@id":"https:\/\/fortprocess.co.uk\/sv\/#primaryimage","inLanguage":"sv-SE","url":"https:\/\/fortprocess.co.uk\/wp-content\/uploads\/2022\/10\/meet-for-dates.jpeg","contentUrl":"https:\/\/fortprocess.co.uk\/wp-content\/uploads\/2022\/10\/meet-for-dates.jpeg","width":2262,"height":1500},{"@type":"WebPage","@id":"https:\/\/fortprocess.co.uk\/sv\/#webpage","url":"https:\/\/fortprocess.co.uk\/sv\/","name":"Hitta lokalt avslappnad sex med k\u00e5ta kvinnor - Process Reviews","isPartOf":{"@id":"https:\/\/fortprocess.co.uk\/sv\/#website"},"primaryImageOfPage":{"@id":"https:\/\/fortprocess.co.uk\/sv\/#primaryimage"},"datePublished":"2022-10-03T10:12:03+00:00","dateModified":"2023-02-03T15:50:14+00:00","breadcrumb":{"@id":"https:\/\/fortprocess.co.uk\/sv\/#breadcrumb"},"inLanguage":"sv-SE","potentialAction":[{"@type":"ReadAction","target":["https:\/\/fortprocess.co.uk\/sv\/"]}]},{"@type":"BreadcrumbList","@id":"https:\/\/fortprocess.co.uk\/sv\/#breadcrumb","itemListElement":[{"@type":"ListItem","position":1,"name":"Home","item":"https:\/\/fortprocess.co.uk\/sv\/"},{"@type":"ListItem","position":2,"name":"Hitta lokalt avslappnad sex med k\u00e5ta kvinnor"}]}]}},"_links":{"self":[{"href":"https:\/\/fortprocess.co.uk\/sv\/wp-json\/wp\/v2\/pages\/182"}],"collection":[{"href":"https:\/\/fortprocess.co.uk\/sv\/wp-json\/wp\/v2\/pages"}],"about":[{"href":"https:\/\/fortprocess.co.uk\/sv\/wp-json\/wp\/v2\/types\/page"}],"author":[{"embeddable":true,"href":"https:\/\/fortprocess.co.uk\/sv\/wp-json\/wp\/v2\/users\/1"}],"replies":[{"embeddable":true,"href":"https:\/\/fortprocess.co.uk\/sv\/wp-json\/wp\/v2\/comments?post=182"}],"version-history":[{"count":2,"href":"https:\/\/fortprocess.co.uk\/sv\/wp-json\/wp\/v2\/pages\/182\/revisions"}],"predecessor-version":[{"id":386,"href":"https:\/\/fortprocess.co.uk\/sv\/wp-json\/wp\/v2\/pages\/182\/revisions\/386"}],"wp:featuredmedia":[{"embeddable":true,"href":"https:\/\/fortprocess.co.uk\/sv\/wp-json\/wp\/v2\/media\/109"}],"wp:attachment":[{"href":"https:\/\/fortprocess.co.uk\/sv\/wp-json\/wp\/v2\/media?parent=182"}],"curies":[{"name":"wp","href":"https:\/\/api.w.org\/{rel}","templated":true}]}}